{"id":17477,"date":"2020-03-31T14:24:30","date_gmt":"2020-03-31T14:24:30","guid":{"rendered":"https:\/\/uai.group\/?page_id=17477"},"modified":"2025-12-17T13:04:03","modified_gmt":"2025-12-17T12:04:03","slug":"contact","status":"publish","type":"page","link":"https:\/\/uai.group\/sk\/contact\/","title":{"rendered":"Kontaktova\u0165"},"content":{"rendered":"<section class=\"l-section wpb_row us_custom_8ed7b9b7 height_medium\"><div class=\"l-section-h i-cf\"><div class=\"g-cols vc_row via_flex valign_top type_default stacking_default\"><div class=\"vc_col-sm-6 wpb_column vc_column_container has_text_color\"><div class=\"vc_column-inner us_custom_6df4bc3a\"><div class=\"wpb_wrapper\"><div class=\"wpb_text_column us_custom_1d684515\"><div class=\"wpb_wrapper\"><h2><strong>T\u00edm UAI SOLUTIONS je pripraven\u00fd poskytn\u00fa\u0165 v\u00e1m profesion\u00e1lnu pomoc<\/strong><\/h2>\n<\/div><\/div><\/div><\/div><\/div><div class=\"vc_col-sm-6 wpb_column vc_column_container write-us-email\"><div class=\"vc_column-inner us_custom_7b16b104\"><div class=\"wpb_wrapper\"><\/div><\/div><\/div><\/div><\/div><\/section><section class=\"l-section wpb_row height_medium\"><div class=\"l-section-h i-cf\"><div class=\"g-cols vc_row via_flex valign_top type_default stacking_default\"><div class=\"vc_col-sm-12 wpb_column vc_column_container\"><div class=\"vc_column-inner\"><div class=\"wpb_wrapper\"><div class=\"wpb_text_column us_custom_1d684515\"><div class=\"wpb_wrapper\"><p><strong>Kontaktujte n\u00e1s na adrese<\/strong><\/p>\n<p>UAI SOLUTIONS GmbH<br \/>\nSchellenbruckplatz 49, D-84307 Eggenfelden, Nemecko<br \/>\nTelef\u00f3n: +421233331478<br \/>\nMail: <a href=\"mailto:cs.sk@sk.uai.group\">cs.sk@sk.uai.group<\/a><br \/>\nTelefonick\u00e1 podpora:<br \/>\nPondelok \u2013 Streda \u2013 Piatok: 8:00 \u2013 12:00<br \/>\nUtorok: 14:00 \u2013 18:00<br \/>\n\u0160tvrtok: 12:00 \u2013 16:00<\/p>\n<\/div><\/div><\/div><\/div><\/div><\/div><\/div><\/section>\n","protected":false},"excerpt":{"rendered":"T\u00edm UAI SOLUTIONS je pripraven\u00fd poskytn\u00fa\u0165 v\u00e1m profesion\u00e1lnu pomoc Kontaktujte n\u00e1s na adrese UAI SOLUTIONS GmbH Schellenbruckplatz 49, D-84307 Eggenfelden, Nemecko Telef\u00f3n: +421233331478 Mail: cs.sk@sk.uai.group Telefonick\u00e1 podpora: Pondelok \u2013 Streda \u2013 Piatok: 8:00 \u2013 12:00 Utorok: 14:00 \u2013 18:00 \u0160tvrtok: 12:00 \u2013 16:00","protected":false},"author":5,"featured_media":0,"parent":0,"menu_order":0,"comment_status":"closed","ping_status":"closed","template":"","meta":{"footnotes":""},"class_list":["post-17477","page","type-page","status-publish","hentry"],"_links":{"self":[{"href":"https:\/\/uai.group\/sk\/wp-json\/wp\/v2\/pages\/17477","targetHints":{"allow":["GET"]}}],"collection":[{"href":"https:\/\/uai.group\/sk\/wp-json\/wp\/v2\/pages"}],"about":[{"href":"https:\/\/uai.group\/sk\/wp-json\/wp\/v2\/types\/page"}],"author":[{"embeddable":true,"href":"https:\/\/uai.group\/sk\/wp-json\/wp\/v2\/users\/5"}],"replies":[{"embeddable":true,"href":"https:\/\/uai.group\/sk\/wp-json\/wp\/v2\/comments?post=17477"}],"version-history":[{"count":6,"href":"https:\/\/uai.group\/sk\/wp-json\/wp\/v2\/pages\/17477\/revisions"}],"predecessor-version":[{"id":18120,"href":"https:\/\/uai.group\/sk\/wp-json\/wp\/v2\/pages\/17477\/revisions\/18120"}],"wp:attachment":[{"href":"https:\/\/uai.group\/sk\/wp-json\/wp\/v2\/media?parent=17477"}],"curies":[{"name":"wp","href":"https:\/\/api.w.org\/{rel}","templated":true}]}}