{"id":2056,"date":"2020-04-03T10:50:33","date_gmt":"2020-04-03T10:50:33","guid":{"rendered":"https:\/\/uai.artwork2sell.com\/receive-a-letter\/"},"modified":"2026-02-23T19:56:00","modified_gmt":"2026-02-23T18:56:00","slug":"scrisoare-uai","status":"publish","type":"page","link":"https:\/\/uai.group\/ro\/scrisoare-uai\/","title":{"rendered":"Scrisoare UAI SOLUTIONS"},"content":{"rendered":"<section class=\"l-section wpb_row height_medium\"><div class=\"l-section-h i-cf\"><div class=\"g-cols vc_row via_flex valign_top type_default stacking_default\"><div class=\"vc_col-sm-6 wpb_column vc_column_container\"><div class=\"vc_column-inner\"><div class=\"wpb_wrapper\"><div class=\"wpb_text_column us_custom_1d684515\"><div class=\"wpb_wrapper\"><h1><strong>Soma\u021bie de plat\u0103<\/strong><\/h1>\n<p>\u00cen soma\u021bia noastr\u0103 de plat\u0103, ve\u021bi g\u0103si informa\u021bii detaliate privind datoria \u0219i procedurile care pot fi utilizate \u00een diferite cazuri. Serviciul nostru Clien\u021bi este disponibil pentru informa\u021bii suplimentare \u0219i s\u0103 r\u0103spund\u0103 la orice \u00eentreb\u0103ri pe care le pute\u021bi avea prin telefon, e-mail sau po\u0219t\u0103 \u00een timpul programului de serviciu pentru clien\u021bi. V\u0103 rug\u0103m s\u0103 ne contacta\u021bi la oricare dintre numerele noastre de contact \u00een termenul limit\u0103 de plat\u0103, astfel \u00eenc\u00e2t s\u0103 putem g\u0103si cea mai potrivit\u0103 solu\u021bie pentru a v\u0103 achita datoria.<\/p>\n<\/div><\/div><\/div><\/div><\/div><div class=\"vc_col-sm-6 wpb_column vc_column_container\"><div class=\"vc_column-inner\"><div class=\"wpb_wrapper\"><div class=\"w-btn-wrapper align_center\"><a class=\"w-btn us-btn-style_4 us_custom_ecf15da9 pay-now icon_atright\" title=\"Payment\" href=\"https:\/\/uai.group\/ro\/metode-de-plata\/\"><span class=\"w-btn-label\">Pl\u0103te\u0219te acum<\/span><i class=\"fas fa-long-arrow-right\"><\/i><\/a><\/div><\/div><\/div><\/div><\/div><\/div><\/section><section class=\"l-section wpb_row us_custom_c872228d height_medium\"><div class=\"l-section-h i-cf\"><div class=\"g-cols vc_row via_flex valign_top type_default stacking_default\"><div class=\"vc_col-sm-6 wpb_column vc_column_container\"><div class=\"vc_column-inner\"><div class=\"wpb_wrapper\"><div class=\"wpb_text_column us_custom_1d684515\"><div class=\"wpb_wrapper\"><h1>De ce am primit soma\u021bie de plat\u0103?<\/h1>\n<div>\n<p>Este posibil s\u0103 primi\u021bi soma\u021bie de plat\u0103 de la firma noastr\u0103 \u00een urm\u0103toarele cazuri:<br \/>\n\u2022 a\u021bi folosit o sec\u021biune de drum cu tax\u0103 f\u0103r\u0103 o autoriza\u021bie valabil\u0103 sau<br \/>\n\u2022 a\u021bi \u00eenc\u0103lcat regulile privind parcarea cu plat\u0103.<\/p>\n<p>Ca urmare, ave\u021bi obliga\u021bia de a pl\u0103ti taxe suplimentare pe baza prevederilor legale sau contractuale aplicabile.<\/p>\n<p>\u00cen baza mandatului \u0219i autoriza\u021biei primite de la de\u021bin\u0103torii de crean\u021be de supratax\u0103, societatea noastr\u0103 este \u00eendrept\u0103\u021bit\u0103 s\u0103 pun\u0103 \u00een executare cererea \u00eempotriva proprietarilor \u0219i operatorilor de autovehicule \u00eenmatriculate \u00een mai multe \u021b\u0103ri ale Uniunii Europene \u0219i \u00een alte \u021b\u0103ri, iar \u00een acest cadru s\u0103 ob\u021bin\u0103 datele autovehiculului \u0219i ale utilizatorul vehiculului acestuia din registrul oficial al autovehiculelor. \u00cen toate cazurile, datele cu caracter personal sunt prelucrate \u00een conformitate cu regulile de protec\u021bie a datelor, \u00een conformitate cu prevederile GDPR.<\/p>\n<\/div>\n<\/div><\/div><\/div><\/div><\/div><div class=\"vc_col-sm-6 wpb_column vc_column_container\"><div class=\"vc_column-inner\"><div class=\"wpb_wrapper\"><div class=\"w-btn-wrapper align_center\"><a class=\"w-btn us-btn-style_4 us_custom_1ba6c8ff read-privacy-policy icon_atright\" title=\"Privacy Policy\" href=\"https:\/\/uai.group\/ro\/confidentialitate\/\"><span class=\"w-btn-label\">Politica de confiden\u021bialitate<\/span><i class=\"fas fa-long-arrow-right\"><\/i><\/a><\/div><div class=\"w-separator size_custom\" style=\"height:90px\"><\/div><div class=\"wpb_text_column us_custom_1d684515\"><div class=\"wpb_wrapper\"><div>\n<p>Politica noastr\u0103 de protec\u021bie a datelor este disponibil\u0103 la urm\u0103torul link: <a href=\"https:\/\/uai.group\/ro\/confidentialitate\/#privacy\">Confiden\u021bialitate<\/a><\/p>\n<p>V\u0103 rug\u0103m s\u0103 re\u021bine\u021bi, c\u0103 informa\u021biile de pe pagina noastr\u0103 web au scop informativ \u0219i nu se aplic\u0103 neap\u0103rat specific cazului dumneavoastr\u0103. Informa\u021biile generale furnizate aici nu \u00eenlocuiesc sfatul profesional cu privire la cazul dumneavoastr\u0103. Pentru informa\u021bii exacte despre cazul dvs., v\u0103 rug\u0103m s\u0103 citi\u021bi cu aten\u021bie scrisoarea noastr\u0103 de soma\u021bie sau s\u0103 contacta\u021bi Serviciul nostru Clien\u021bi \u00eenainte de termenul limit\u0103 de plat\u0103.<\/p>\n<\/div>\n<\/div><\/div><\/div><\/div><\/div><\/div><\/div><\/section><section class=\"l-section wpb_row us_custom_30080bca has_text_color height_medium\"><div class=\"l-section-h i-cf\"><div class=\"g-cols vc_row via_flex valign_top type_default stacking_default\"><div class=\"vc_col-sm-12 wpb_column vc_column_container letter-bottom-links\"><div class=\"vc_column-inner\"><div class=\"wpb_wrapper\"><div class=\"wpb_text_column us_custom_1d684515\"><div class=\"wpb_wrapper\"><h2><a href=\"https:\/\/uai.group\/ro\/e-vinieta-ungaria-invalida\/\">E-viniet\u0103 Ungaria <i class=\"fas fa-arrow-right\"><\/i><\/a><\/h2>\n<\/div><\/div><div class=\"wpb_text_column us_custom_1d684515\"><div class=\"wpb_wrapper\"><h2><a href=\"https:\/\/uai.group\/ro\/suprataxa-parcare\/\">Supratax\u0103 de parcare <i class=\"fas fa-arrow-right\"><\/i><\/a><\/h2>\n<\/div><\/div><div class=\"wpb_text_column us_custom_1d684515\"><div class=\"wpb_wrapper\"><h2><\/h2>\n<\/div><\/div><\/div><\/div><\/div><\/div><\/div><\/section>\n","protected":false},"excerpt":{"rendered":"Soma\u021bie de plat\u0103 \u00cen soma\u021bia noastr\u0103 de plat\u0103, ve\u021bi g\u0103si informa\u021bii detaliate privind datoria \u0219i procedurile care pot fi utilizate \u00een diferite cazuri. Serviciul nostru Clien\u021bi este disponibil pentru informa\u021bii suplimentare \u0219i s\u0103 r\u0103spund\u0103 la orice \u00eentreb\u0103ri pe care le pute\u021bi avea prin telefon, e-mail sau po\u0219t\u0103 \u00een timpul programului de serviciu pentru clien\u021bi. V\u0103...","protected":false},"author":5,"featured_media":0,"parent":0,"menu_order":0,"comment_status":"closed","ping_status":"closed","template":"","meta":{"footnotes":""},"class_list":["post-2056","page","type-page","status-publish","hentry"],"_links":{"self":[{"href":"https:\/\/uai.group\/ro\/wp-json\/wp\/v2\/pages\/2056","targetHints":{"allow":["GET"]}}],"collection":[{"href":"https:\/\/uai.group\/ro\/wp-json\/wp\/v2\/pages"}],"about":[{"href":"https:\/\/uai.group\/ro\/wp-json\/wp\/v2\/types\/page"}],"author":[{"embeddable":true,"href":"https:\/\/uai.group\/ro\/wp-json\/wp\/v2\/users\/5"}],"replies":[{"embeddable":true,"href":"https:\/\/uai.group\/ro\/wp-json\/wp\/v2\/comments?post=2056"}],"version-history":[{"count":6,"href":"https:\/\/uai.group\/ro\/wp-json\/wp\/v2\/pages\/2056\/revisions"}],"predecessor-version":[{"id":18696,"href":"https:\/\/uai.group\/ro\/wp-json\/wp\/v2\/pages\/2056\/revisions\/18696"}],"wp:attachment":[{"href":"https:\/\/uai.group\/ro\/wp-json\/wp\/v2\/media?parent=2056"}],"curies":[{"name":"wp","href":"https:\/\/api.w.org\/{rel}","templated":true}]}}