{"id":2026,"date":"2020-04-03T10:54:52","date_gmt":"2020-04-03T10:54:52","guid":{"rendered":"https:\/\/uai.artwork2sell.com\/italian-vehicle-fines\/"},"modified":"2025-07-16T16:29:06","modified_gmt":"2025-07-16T14:29:06","slug":"amenzi-rutiere-italia","status":"publish","type":"page","link":"https:\/\/uai.group\/ro\/amenzi-rutiere-italia\/","title":{"rendered":"Amenzi rutiere din Italia"},"content":{"rendered":"<section class=\"l-section wpb_row us_custom_c872228d height_medium\"><div class=\"l-section-h i-cf\"><div class=\"g-cols vc_row via_flex valign_top type_default stacking_default\"><div class=\"vc_col-sm-12 wpb_column vc_column_container\"><div class=\"vc_column-inner\"><div class=\"wpb_wrapper\"><div class=\"wpb_text_column us_custom_71370f9e\"><div class=\"wpb_wrapper\"><h1>Amenzi rutiere din Italia<\/h1>\n<\/div><\/div><div class=\"w-separator us_custom_a8116ab5 underline-orange size_small with_line width_default thick_4 style_solid color_text align_center\"><div class=\"w-separator-h\"><\/div><\/div><\/div><\/div><\/div><\/div><\/div><\/section><section class=\"l-section wpb_row height_medium\"><div class=\"l-section-h i-cf\"><div class=\"g-cols vc_row via_flex valign_top type_default stacking_default\"><div class=\"vc_col-sm-7 wpb_column vc_column_container\"><div class=\"vc_column-inner\"><div class=\"wpb_wrapper\"><div class=\"wpb_text_column us_custom_1d684515\"><div class=\"wpb_wrapper\"><p>Amenzile rutiere din Italia reprezint\u0103 consecin\u021ba \u00eenc\u0103lc\u0103rilor prevederilor legale, referitoare la utilizarea corespunz\u0103toare a drumurilor, stabilite prin Decretul Legislativ Italian nr. 285 din 30.04.1992(Noul Cod Rutier Italian). UAI SOLUTIONS a fost contractat\u0103 \u00een vederea colect\u0103rii pe cale amiabil\u0103 a debitelor rezultate \u00een urma nerespect\u0103rii obliga\u021biilor de plat\u0103 impuse prin notific\u0103rile recep\u021bionate anterior trimise de c\u0103tre autorit\u0103\u021bile competente din Italia.<\/p>\n<\/div><\/div><\/div><\/div><\/div><div class=\"vc_col-sm-5 wpb_column vc_column_container\"><div class=\"vc_column-inner\"><div class=\"wpb_wrapper\"><\/div><\/div><\/div><\/div><\/div><\/section><section class=\"l-section wpb_row us_custom_c872228d height_medium\"><div class=\"l-section-h i-cf\"><div class=\"g-cols vc_row via_flex valign_top type_default stacking_default\"><div class=\"vc_col-sm-7 wpb_column vc_column_container\"><div class=\"vc_column-inner\"><div class=\"wpb_wrapper\"><div class=\"wpb_text_column us_custom_1d684515\"><div class=\"wpb_wrapper\"><h2>Cum pl\u0103tesc amenda?<\/h2>\n<p>Pentru mai multe informa\u021bii referitoare la plata suprataxei, v\u0103 rug\u0103m s\u0103 vizita\u021bi sec\u021biunea <a style=\"color: #f7931d;\" href=\"https:\/\/uai.group\/ro\/metode-de-plata\/\">metode de plat\u0103<\/a>.<\/p>\n<h6>Pot pl\u0103ti \u00een rate?<\/h6>\n<p>\u00cen cazul \u00een care nu ave\u021bi posibilitatea de a achita debitul solicitat \u00eentr-o singur\u0103 tran\u0219\u0103 v\u0103 oferim posibilitatea de a achita debitul \u00een rate. Ratele nu con\u021bin dob\u00e2nzi sau alte tipuri de costuri. Daca sunte\u021bi interesa\u021bi de aceast\u0103 modalitate de plat\u0103, pute\u021bi s\u0103 ne contacta\u021bi la nr. tel.: <b>+40 376 44 80 60<\/b>, iar unul dintre colegii no\u0219tri v\u0103 vor oferi toate informa\u021biile necesare referitoare la aceast\u0103 modalitate de plat\u0103.<\/p>\n<p>Dorim s\u0103 v\u0103 atragem aten\u021bia asupra faptului c\u0103 institu\u021biile care ne-au contractat \u00ee\u0219i rezerv\u0103 dreptul de a stabili termenele \u0219i condi\u021biile pentru acordarea posibilit\u0103\u021bii de plat\u0103 \u00een rate \u00een conformitate cu legea.<\/p>\n<\/div><\/div><\/div><\/div><\/div><div class=\"vc_col-sm-5 wpb_column vc_column_container\"><div class=\"vc_column-inner\"><div class=\"wpb_wrapper\"><\/div><\/div><\/div><\/div><\/div><\/section><section class=\"l-section wpb_row height_medium\"><div class=\"l-section-h i-cf\"><div class=\"g-cols vc_row via_flex valign_top type_default stacking_default\"><div class=\"vc_col-sm-7 wpb_column vc_column_container\"><div class=\"vc_column-inner\"><div class=\"wpb_wrapper\"><div class=\"wpb_text_column us_custom_1d684515\"><div class=\"wpb_wrapper\"><h2>Am pl\u0103tit deja amenda<\/h2>\n<p>\u00cen primul r\u00e2nd trebuie s\u0103 v\u0103 asigura\u021bi c\u0103 scrisorile pe care le primi\u021bi nu fac referire la un alt dosar. Pute\u021bi compara scrisorile \u021bin\u00e2nd cont de numerele de referin\u021b\u0103, fotografii, momentul controlului, loca\u021bia, valoarea debitului. Dac\u0103 observa\u021bi diferen\u021be \u00eentre aceste documente, cel mai probabil ave\u021bi mai multe dosare \u00een sistemul nostru despre care a\u021bi fost notificat. \u00cen aceast\u0103 situa\u021bie v\u0103 recomand\u0103m s\u0103 ne contacta\u021bi c\u00e2t mai repede \u0219i s\u0103 v\u0103 asigura\u021bi c\u0103 achita\u021bi debitul \u00eenainte de majorare.<\/p>\n<p>O alt\u0103 posibilitate este c\u0103 \u00een momentul \u00een care a\u021bi efectuat plata, nu a\u021bi specificat la detalii plat\u0103 nici o informa\u021bie specific\u0103 dosarului \u0219i astfel nu putem atribui plata c\u0103tre un caz particular. Daca aceasta este situa\u021bia este necesar s\u0103 treimite\u021bi dovada pl\u0103\u021bii. Dup\u0103, Departamentul Contabil va \u00eencerca s\u0103 identifice plata \u0219i s\u0103 o atribuie dosarului dvs.<\/p>\n<h6>Am pl\u0103tit amenda imediat ce am primit notificarea de plat\u0103 trimis\u0103 de c\u0103tre Autoritatea Italian\u0103. De ce am primi o scrisoare de la UAI SOLUTIONS?<\/h6>\n<p>Exist\u0103 posibilitatea ca la momentul efectu\u0103rii transferului bancar nu a\u021bi men\u021bionat la detalii plat\u0103 informa\u021bii referitoare la dosarul\/dosarele dvs., iar autoritatea competent\u0103 nu a putut aloca plata c\u0103tre un caz particular. Astfel, statutul pl\u0103\u021bi a r\u0103mas ca plat\u0103 neidentificat\u0103.<\/p>\n<p>Solu\u021bionarea acestui tip de situa\u021bie const\u0103 \u00een trimiterea documentului doveditor al efectu\u0103rii pl\u0103\u021bii. Dup\u0103 ce ne ve\u021bi trimite acest document, vom \u00eenainta dosarul dvs. c\u0103tre autoritatea competent\u0103 \u00een vederea efectu\u0103rii unor investiga\u021bii am\u0103nun\u021bite.<\/p>\n<\/div><\/div><\/div><\/div><\/div><div class=\"vc_col-sm-5 wpb_column vc_column_container\"><div class=\"vc_column-inner\"><div class=\"wpb_wrapper\"><\/div><\/div><\/div><\/div><\/div><\/section><section class=\"l-section wpb_row us_custom_f86a26c2 purple-background has_text_color height_medium\"><div class=\"l-section-h i-cf\"><div class=\"g-cols vc_row via_flex valign_top type_default stacking_default\"><div class=\"vc_col-sm-12 wpb_column vc_column_container\"><div class=\"vc_column-inner\"><div class=\"wpb_wrapper\"><div class=\"wpb_text_column us_custom_1d684515\"><div class=\"wpb_wrapper\"><h1>\u00centreb\u0103ri frecvente cazuri din Italia<\/h1>\n<\/div><\/div><div class=\"w-tabs style_default switch_click accordion has_scrolling\" style=\"--sections-title-size:inherit\"><div class=\"w-tabs-sections titles-align_none icon_plus cpos_right\"><div class=\"w-tabs-section\" id=\"1587026369628-70df5ef0-1173\"><button class=\"w-tabs-section-header\" aria-controls=\"content-1587026369628-70df5ef0-1173\" aria-expanded=\"false\"><div class=\"w-tabs-section-title\">Dreptul la apel. Cum pot contesta amenda?<\/div><div class=\"w-tabs-section-control\"><\/div><\/button><div  class=\"w-tabs-section-content\" id=\"content-1587026369628-70df5ef0-1173\"><div class=\"w-tabs-section-content-h i-cf\"><div class=\"wpb_text_column\"><div class=\"wpb_wrapper\"><p>Dreptul la apel trebuie manifestat \u00een termen de 60 de zile, calculat de la data primirii primei scrisori trimise de c\u0103tre autorit\u0103\u021bile italiene. Din moment ce nu a\u021bi utilizat acest drept \u00een termenul legal \u0219i \u00een conformitate cu condi\u021biile procedurale men\u021bionate \u00een scrisoarea ini\u021bial\u0103 trimis\u0103 de c\u0103tre autorit\u0103\u021bi, contesta\u021biile ulterioare vor fi declarate inadmisibile.<\/p>\n<\/div><\/div><\/div><\/div><\/div><div class=\"w-tabs-section\" id=\"1587026369648-76bc1c54-b406\"><button class=\"w-tabs-section-header\" aria-controls=\"content-1587026369648-76bc1c54-b406\" aria-expanded=\"false\"><div class=\"w-tabs-section-title\">Nu am fost \u0219oferul\/utilizatorul vehiculului la momentul controlului. De ce este responsabilitatea mea s\u0103 pl\u0103tesc amenda?<\/div><div class=\"w-tabs-section-control\"><\/div><\/button><div  class=\"w-tabs-section-content\" id=\"content-1587026369648-76bc1c54-b406\"><div class=\"w-tabs-section-content-h i-cf\"><div class=\"wpb_text_column\"><div class=\"wpb_wrapper\"><p>\u00cen conformitate cu Art. 196 din Codul Rutier Italian, pentru \u00eenc\u0103lc\u0103rile sanc\u021bionabile prin amend\u0103 administrativ\u0103 pecuniar\u0103, proprietarul vehiculului sau al remorcii, sau \u00een locul s\u0103u un cump\u0103r\u0103tor, utilizator prin contract de \u00eenchiriere sau leasing este solidar cu contravenientul pentru achitarea debitului solicitat, cu excep\u021bia cazului \u00een care se dovede\u0219te c\u0103 vehiculul a fost utilizat \u00eempotriva voin\u021bei acestuia. Mai mult dec\u00e2t at\u00e2t, subiectul amenzii a avut posibilitatea de a indica \u0219oferul\/utilizatorul \u00een termenul legal dup\u0103 primirea primei notific\u0103ri de plat\u0103 trimis\u0103 de c\u0103tre Autorit\u0103\u021bile Italiene.<\/p>\n<\/div><\/div><\/div><\/div><\/div><div class=\"w-tabs-section\" id=\"1587026433870-19e6fcd4-6149\"><button class=\"w-tabs-section-header\" aria-controls=\"content-1587026433870-19e6fcd4-6149\" aria-expanded=\"false\"><div class=\"w-tabs-section-title\">Nu am fost proprietarul autovehiculului la momentul controlului, chiar \u0219i a\u0219a am primit o notificare de la UAI. Care sunt op\u021biunile mele \u00een aceast\u0103 situa\u021bie?<\/div><div class=\"w-tabs-section-control\"><\/div><\/button><div  class=\"w-tabs-section-content\" id=\"content-1587026433870-19e6fcd4-6149\"><div class=\"w-tabs-section-content-h i-cf\"><div class=\"wpb_text_column\"><div class=\"wpb_wrapper\"><p>Informa\u021biile oficiale referitoare la proprietarul vehiculului la momentul controlului, ne sunt comunicate de c\u0103tre institu\u021biile competente din statul \u00een care a fost \u00eenmatriculat autovehiculul. Dac\u0103 considera\u021bi ca la acel moment nu mai era\u021bi proprietarul de drept al vehiculului, este necesar s\u0103 ne transmite\u021bi copiile documentelor oficiale care atest\u0103 transferul de proprietate(ex. contractul de v\u00e2nzare cump\u0103rare, certificatul de radiere fiscal\u0103 &#8211; <em>sub form\u0103 de \u0219tampile aplicate pe contractul de v\u00e2nzare-cump\u0103rare<\/em> &#8211; \u0219i procesul verbal pentru scoaterea din eviden\u021b\u0103 a unui mijloc de transport emis de c\u0103tre autorit\u0103\u021bile competente).<\/p>\n<\/div><\/div><\/div><\/div><\/div><div class=\"w-tabs-section\" id=\"1587026458100-bfe12673-816a\"><button class=\"w-tabs-section-header\" aria-controls=\"content-1587026458100-bfe12673-816a\" aria-expanded=\"false\"><div class=\"w-tabs-section-title\">De ce am primit scrisoarea emis\u0103 de c\u0103tre Autorit\u0103\u021bile Italiene, la aproape un an de la data controlului?<\/div><div class=\"w-tabs-section-control\"><\/div><\/button><div  class=\"w-tabs-section-content\" id=\"content-1587026458100-bfe12673-816a\"><div class=\"w-tabs-section-content-h i-cf\"><div class=\"wpb_text_column\"><div class=\"wpb_wrapper\"><p>\u00cen conformitate cu legea, autorit\u0103\u021bile competente au la dispozi\u021bie 360 de zile pentru a notifica de\u021bin\u0103torii vehiculelor cu nr. de \u00eenmatriculare str\u0103ine care au \u00eenc\u0103lcat normele de circula\u021bie rutiere din Italia. Acest termen este calculat de la data s\u0103v\u00e2r\u0219irii infrac\u021biunii, sau de la data identific\u0103rii de\u021bin\u0103torului vehiculului cu nr. de \u00eenmatriculare din str\u0103in\u0103tate sau de la data la care compania de \u00eenchirieri sau leasing comunic\u0103 datele personale referitoare la utilizatorul de la momentul controlului.<\/p>\n<\/div><\/div><\/div><\/div><\/div><div class=\"w-tabs-section\" id=\"1587026475676-c70d36d0-67d6\"><button class=\"w-tabs-section-header\" aria-controls=\"content-1587026475676-c70d36d0-67d6\" aria-expanded=\"false\"><div class=\"w-tabs-section-title\">Ma\u0219ina mea a fost furat\u0103. Ce pot face \u00een aceast\u0103 situa\u021bie?<\/div><div class=\"w-tabs-section-control\"><\/div><\/button><div  class=\"w-tabs-section-content\" id=\"content-1587026475676-c70d36d0-67d6\"><div class=\"w-tabs-section-content-h i-cf\"><div class=\"wpb_text_column\"><div class=\"wpb_wrapper\"><p>\u00cen acest caz este necesar s\u0103 ne trimite\u021bi raportul oficial al Poli\u021biei care atest\u0103 faptul c\u0103 le-a\u021bi adus la cuno\u0219tin\u021b\u0103 acest incident. Dup\u0103, vom \u00eenainta documentele autorit\u0103\u021bilor competente \u00een vederea pentru investiga\u021bii am\u0103nun\u021bite.<\/p>\n<\/div><\/div><\/div><\/div><\/div><div class=\"w-tabs-section\" id=\"1587026499897-53a402c7-efd1\"><button class=\"w-tabs-section-header\" aria-controls=\"content-1587026499897-53a402c7-efd1\" aria-expanded=\"false\"><div class=\"w-tabs-section-title\">Nu am de\u021binut niciodat\u0103 un autovehicul precum cel din poza din notificare, cu toate acestea la momentul controlului de\u021bineam acel num\u0103r de \u00eenmatriculare. Cred c\u0103 cineva a abuzat de nr. meu de \u00eenmatriculare. Ce pot face \u00een aceast\u0103 situa\u021bie?<\/div><div class=\"w-tabs-section-control\"><\/div><\/button><div  class=\"w-tabs-section-content\" id=\"content-1587026499897-53a402c7-efd1\"><div class=\"w-tabs-section-content-h i-cf\"><div class=\"wpb_text_column\"><div class=\"wpb_wrapper\"><p>\u00cen aceast\u0103 situa\u021bie este necesar s\u0103 ne trimite\u021bi o copie a certificatului de \u00eenmatriculare \u0219i o copie a raportului oficial al Poli\u021biei care atest\u0103 faptul c\u0103 le-a\u021bi adus la cuno\u0219tin\u021b\u0103 acest incident. Dup\u0103, vom \u00eenainta documentele autorit\u0103\u021bilor competente \u00een vederea pentru investiga\u021bii am\u0103nun\u021bite.<\/p>\n<\/div><\/div><\/div><\/div><\/div><div class=\"w-tabs-section\" id=\"1587026515448-0e3c00e8-0016\"><button class=\"w-tabs-section-header\" aria-controls=\"content-1587026515448-0e3c00e8-0016\" aria-expanded=\"false\"><div class=\"w-tabs-section-title\">Care este termenul de prescrip\u021bie al amenzii?<\/div><div class=\"w-tabs-section-control\"><\/div><\/button><div  class=\"w-tabs-section-content\" id=\"content-1587026515448-0e3c00e8-0016\"><div class=\"w-tabs-section-content-h i-cf\"><div class=\"wpb_text_column\"><div class=\"wpb_wrapper\"><p>Termenul la care fapta se prescrie este de 5 ani, calculat de la momentul constat\u0103rii contraven\u021biei. Dac\u0103 sesiza\u021bi faptul c\u0103 fapta a avut loc la mai bine de 5 ani de la momentul la care v-am trimis scrisoarea va rug\u0103m s\u0103 ne semnala\u021bi acest fapt. Dac\u0103 vom confirma aceast\u0103 constatare, vom \u00eenainta dosarul autorit\u0103\u021bilor \u00een vederea \u00eenchiderii dosarului.<\/p>\n<\/div><\/div><\/div><\/div><\/div><div class=\"w-tabs-section\" id=\"1587026532842-4173c9c8-cac7\"><button class=\"w-tabs-section-header\" aria-controls=\"content-1587026532842-4173c9c8-cac7\" aria-expanded=\"false\"><div class=\"w-tabs-section-title\">Din ce este compus debitul \u0219i de ce este valoarea debitului solicitat at\u00e2t de mare?<\/div><div class=\"w-tabs-section-control\"><\/div><\/button><div  class=\"w-tabs-section-content\" id=\"content-1587026532842-4173c9c8-cac7\"><div class=\"w-tabs-section-content-h i-cf\"><div class=\"wpb_text_column\"><div class=\"wpb_wrapper\"><p>Cuantumul amenzii este determinat de valoarea sanc\u021biunii stabilit\u0103 pentru fiecare \u00eenc\u0103lcare a normelor de circula\u021bie din Codul Rutier Italian. \u00cen cazul neconform\u0103rii la obliga\u021bia de plat\u0103 \u00een termenul legal de 60 de zile solicitat\u0103 \u00een scrisoarea ini\u021bial\u0103 trimis\u0103 de c\u0103tre Autorit\u0103\u021bile din Italia, suma se majoreaz\u0103. Dac\u0103 \u00een continuare nu se d\u0103 curs solicit\u0103rilor, dup\u0103 expirarea termenului de 60 de zile, Autorit\u0103\u021bile pot ad\u0103uga costuri suplimentare care reprezint\u0103 taxe legale \u0219i costuri de externalizare a serviciului de recuperare c\u0103tre companii de recuper\u0103ri crean\u021be. Debitele solicitate \u00een scrisorile trimise de c\u0103tre UAI sunt stabilite dup\u0103 criterii legale de c\u0103tre clientul nostru \u0219i nu con\u021bine costuri adi\u021bionale impuse de c\u0103tre compania noastr\u0103.<\/p>\n<\/div><\/div><\/div><\/div><\/div><div class=\"w-tabs-section\" id=\"1587026560468-54fde0c3-5cff\"><button class=\"w-tabs-section-header\" aria-controls=\"content-1587026560468-54fde0c3-5cff\" aria-expanded=\"false\"><div class=\"w-tabs-section-title\">\u00cen cazul \u00een care nu pl\u0103tesc amenda, are posibilitatea UAI de a ini\u021bia procedurile legale de recuperare a debitului?<\/div><div class=\"w-tabs-section-control\"><\/div><\/button><div  class=\"w-tabs-section-content\" id=\"content-1587026560468-54fde0c3-5cff\"><div class=\"w-tabs-section-content-h i-cf\"><div class=\"wpb_text_column\"><div class=\"wpb_wrapper\"><p>UAI a fost contractat\u0103 strict \u00een vederea \u00eendeplinirii formalit\u0103\u021bilor procedurale de recuperare pe cale amiabil\u0103 a debitelor(non-judiciare). Cu toate acestea, clientul nostru are autoritatea legal\u0103 de a demara astfel de proceduri judiciare \u00een vederea recuper\u0103rii debitelor, \u00een cazul \u00een care, prin procedura amiabil\u0103 nu se ajunge la o solu\u021bionare a dosarului. Aceste proceduri pot genera costuri suplimentare pentru dvs.<\/p>\n<\/div><\/div><\/div><\/div><\/div><\/div><\/div><\/div><\/div><\/div><\/div><\/div><\/section>\n","protected":false},"excerpt":{"rendered":"Amenzi rutiere din Italia Amenzile rutiere din Italia reprezint\u0103 consecin\u021ba \u00eenc\u0103lc\u0103rilor prevederilor legale, referitoare la utilizarea corespunz\u0103toare a drumurilor, stabilite prin Decretul Legislativ Italian nr. 285 din 30.04.1992(Noul Cod Rutier Italian). UAI SOLUTIONS a fost contractat\u0103 \u00een vederea colect\u0103rii pe cale amiabil\u0103 a debitelor rezultate \u00een urma nerespect\u0103rii obliga\u021biilor de plat\u0103 impuse prin notific\u0103rile recep\u021bionate...","protected":false},"author":5,"featured_media":0,"parent":0,"menu_order":0,"comment_status":"closed","ping_status":"closed","template":"","meta":{"footnotes":""},"class_list":["post-2026","page","type-page","status-publish","hentry"],"_links":{"self":[{"href":"https:\/\/uai.group\/ro\/wp-json\/wp\/v2\/pages\/2026","targetHints":{"allow":["GET"]}}],"collection":[{"href":"https:\/\/uai.group\/ro\/wp-json\/wp\/v2\/pages"}],"about":[{"href":"https:\/\/uai.group\/ro\/wp-json\/wp\/v2\/types\/page"}],"author":[{"embeddable":true,"href":"https:\/\/uai.group\/ro\/wp-json\/wp\/v2\/users\/5"}],"replies":[{"embeddable":true,"href":"https:\/\/uai.group\/ro\/wp-json\/wp\/v2\/comments?post=2026"}],"version-history":[{"count":3,"href":"https:\/\/uai.group\/ro\/wp-json\/wp\/v2\/pages\/2026\/revisions"}],"predecessor-version":[{"id":18112,"href":"https:\/\/uai.group\/ro\/wp-json\/wp\/v2\/pages\/2026\/revisions\/18112"}],"wp:attachment":[{"href":"https:\/\/uai.group\/ro\/wp-json\/wp\/v2\/media?parent=2026"}],"curies":[{"name":"wp","href":"https:\/\/api.w.org\/{rel}","templated":true}]}}