{"id":2017,"date":"2020-04-23T06:44:24","date_gmt":"2020-04-23T06:44:24","guid":{"rendered":"https:\/\/uai.artwork2sell.com\/how-we-can-help\/"},"modified":"2025-07-16T19:09:05","modified_gmt":"2025-07-16T17:09:05","slug":"cum-va-putem-ajuta","status":"publish","type":"page","link":"https:\/\/uai.group\/ro\/cum-va-putem-ajuta\/","title":{"rendered":"Cum v\u0103 putem ajuta?"},"content":{"rendered":"<section class=\"l-section wpb_row height_huge with_img\"><div class=\"l-section-img\" style=\"background-image: url(https:\/\/uai.group\/wp-content\/uploads\/2020\/04\/img3-scaled.jpg);background-repeat: no-repeat;\" data-img-width=\"2560\" data-img-height=\"985\"><\/div><div class=\"l-section-overlay\" style=\"background:rgba(21,11,0,0.55)\"><\/div><div class=\"l-section-h i-cf\"><div class=\"g-cols vc_row via_flex valign_top type_default stacking_default\"><div class=\"vc_col-sm-6 wpb_column vc_column_container white-text-on-img\"><div class=\"vc_column-inner\"><div class=\"wpb_wrapper\"><div class=\"wpb_text_column us_custom_1d684515\"><div class=\"wpb_wrapper\"><h1>Solu\u021bii de afaceri<\/h1>\n<p>\u00cen calitate de companie de administrare a crean\u021belor \u00eenregistrat\u0103 \u00een Germania, oferim activit\u0103\u021bi extinse, transfrontaliere de gestionare a crean\u021belor, at\u00e2t pentru institu\u021bii publice, c\u00e2t \u0219i pentru companii.<\/p>\n<\/div><\/div><\/div><\/div><\/div><div class=\"vc_col-sm-6 wpb_column vc_column_container\"><div class=\"vc_column-inner\"><div class=\"wpb_wrapper\"><\/div><\/div><\/div><\/div><\/div><\/section><section class=\"l-section wpb_row us_custom_76aafeb5 height_medium\"><div class=\"l-section-h i-cf\"><div class=\"g-cols vc_row via_flex valign_top type_default stacking_default\"><div class=\"vc_col-sm-6 wpb_column vc_column_container public-sector\"><div class=\"vc_column-inner us_custom_2139492d\"><div class=\"wpb_wrapper\"><div class=\"wpb_text_column us_custom_4a6ae91e\"><div class=\"wpb_wrapper\"><h1>Sector public<\/h1>\n<p>UAI SOLUTIONS GmbH este unul dintre liderii de pia\u021b\u0103 \u00een domeniul execut\u0103rii silite a crean\u021belor transfrontaliere legate de autovehicule.<\/p>\n<\/div><\/div><div class=\"w-btn-wrapper align_none\"><a class=\"w-btn us-btn-style_6 us_custom_78f20075 find-more icon_atright\" title=\"Public sector\" href=\"https:\/\/uai.group\/ro\/sector-public\/\"><span class=\"w-btn-label\">Afl\u0103 mai multe<\/span><i class=\"fas fa-long-arrow-right\"><\/i><\/a><\/div><\/div><\/div><\/div><div class=\"vc_col-sm-6 wpb_column vc_column_container corporate-services has_bg_color stretched\"><div class=\"vc_column-inner us_custom_de7bb931\"><div class=\"wpb_wrapper\"><div class=\"wpb_text_column us_custom_61e65cda\"><div class=\"wpb_wrapper\"><h1>Servicii corporate<\/h1>\n<p>Firma dumneavoastr\u0103 are dreptul la crean\u021be nepl\u0103tite? V\u0103 rug\u0103m s\u0103 examina\u021bi informa\u021biile de mai jos.<\/p>\n<\/div><\/div><div class=\"w-btn-wrapper align_none\"><a class=\"w-btn us-btn-style_7 us_custom_1bdc476f find-more icon_atright\" title=\"Corporate services\" href=\"https:\/\/uai.group\/ro\/servicii-corporate\/\"><span class=\"w-btn-label\">Detalii<\/span><i class=\"fas fa-long-arrow-right\"><\/i><\/a><\/div><\/div><\/div><\/div><\/div><\/div><\/section><section class=\"l-section wpb_row our-location-business height_medium\"><div class=\"l-section-h i-cf\"><div class=\"g-cols vc_row via_flex valign_top type_default stacking_default\"><div class=\"vc_col-sm-12 wpb_column vc_column_container\"><div class=\"vc_column-inner\"><div class=\"wpb_wrapper\"><div class=\"wpb_text_column us_custom_2f781ae3\"><div class=\"wpb_wrapper\"><h1 style=\"text-align: center;\">Prezen\u021b\u0103 pe pia\u021b\u0103<\/h1>\n<\/div><\/div><div class=\"w-separator us_custom_c4578417 underline-orange size_small with_line width_default thick_4 style_solid color_text align_center\"><div class=\"w-separator-h\"><\/div><\/div><div class=\"w-separator size_small\"><\/div><\/div><\/div><\/div><\/div><\/div><\/section><section class=\"l-section wpb_row us_custom_5cd26a65 height_medium\"><div class=\"l-section-h i-cf\"><div class=\"g-cols vc_row via_flex valign_middle type_default stacking_default\"><div class=\"vc_col-sm-12 wpb_column vc_column_container\"><div class=\"vc_column-inner\"><div class=\"wpb_wrapper\"><div class=\"wpb_text_column us_custom_5f6a577b\"><div class=\"wpb_wrapper\"><div id=\"image-map-pro-8531\"><\/div>\n<\/div><\/div><div class=\"g-cols wpb_row map-countries via_flex valign_top type_default stacking_default\"><div class=\"vc_col-sm-4 wpb_column vc_column_container\"><div class=\"vc_column-inner\"><div class=\"wpb_wrapper\"><div class=\"w-iconbox iconpos_left style_default color_custom align_left no_text\"><div class=\"w-iconbox-icon\" style=\"font-size:2rem;color:#f79420;\"><i class=\"fas fa-square\"><\/i><\/div><div class=\"w-iconbox-meta\"><h4 class=\"w-iconbox-title\">\u021a\u0103ri active<\/h4><\/div><\/div><\/div><\/div><\/div><div class=\"vc_col-sm-4 wpb_column vc_column_container\"><div class=\"vc_column-inner\"><div class=\"wpb_wrapper\"><div class=\"w-iconbox us_custom_785c7765 iconpos_left style_default color_custom align_left no_text\"><div class=\"w-iconbox-icon\" style=\"font-size:2rem;color:#f2b981;\"><i class=\"fas fa-square\"><\/i><\/div><div class=\"w-iconbox-meta\"><h4 class=\"w-iconbox-title\">Solicitare date \u2013 Proces \u00een a\u0219teptare<\/h4><\/div><\/div><\/div><\/div><\/div><div class=\"vc_col-sm-4 wpb_column vc_column_container\"><div class=\"vc_column-inner\"><div class=\"wpb_wrapper\"><div class=\"w-iconbox iconpos_left style_default color_custom align_left no_text\"><div class=\"w-iconbox-icon\" style=\"font-size:2rem;color:#fce586;\"><i class=\"fas fa-square\"><\/i><\/div><div class=\"w-iconbox-meta\"><h4 class=\"w-iconbox-title\">\u00cen process de evaluare<\/h4><\/div><\/div><\/div><\/div><\/div><\/div><\/div><\/div><\/div><\/div><\/div><\/section><section class=\"l-section wpb_row height_medium\"><div class=\"l-section-h i-cf\"><div class=\"g-cols vc_row via_flex valign_top type_default stacking_default\"><div class=\"vc_col-sm-12 wpb_column vc_column_container\"><div class=\"vc_column-inner\"><div class=\"wpb_wrapper\"><div class=\"wpb_text_column us_custom_71370f9e\"><div class=\"wpb_wrapper\"><h1>Avantajele de a lucra cu noi<\/h1>\n<\/div><\/div><div class=\"w-separator us_custom_c4578417 underline-orange size_small with_line width_default thick_4 style_solid color_text align_center\"><div class=\"w-separator-h\"><\/div><\/div><div class=\"w-separator size_medium\"><\/div><div class=\"g-cols wpb_row advantages via_flex valign_top type_default stacking_default\"><div class=\"vc_col-sm-4 wpb_column vc_column_container\"><div class=\"vc_column-inner\"><div class=\"wpb_wrapper\"><div class=\"w-iconbox iconpos_top style_default color_custom align_center\"><div class=\"w-iconbox-icon\" style=\"font-size:2rem;color:#ffffff;\"><i class=\"material-icons\">show_chart<\/i><\/div><div class=\"w-iconbox-meta\"><h5 class=\"w-iconbox-title\">Rat\u0103 de succes mare<\/h5><div class=\"w-iconbox-text\"><p>Experien\u021ba noastr\u0103, re\u021beaua interna\u021bional\u0103 de parteneri \u0219i metodologia folosit\u0103, ne permit s\u0103 atingem rate de succes mari \u00een colectarea crean\u021belor din str\u0103in\u0103tate<\/p>\n<\/div><\/div><\/div><\/div><\/div><\/div><div class=\"vc_col-sm-4 wpb_column vc_column_container\"><div class=\"vc_column-inner\"><div class=\"wpb_wrapper\"><div class=\"w-separator size_medium\"><\/div><div class=\"w-iconbox iconpos_top style_default color_custom align_center\"><div class=\"w-iconbox-icon\" style=\"font-size:2rem;color:#ffffff;\"><i class=\"material-icons\">lock<\/i><\/div><div class=\"w-iconbox-meta\"><h5 class=\"w-iconbox-title\">Siguran\u021b\u0103<\/h5><div class=\"w-iconbox-text\"><p>Prin siguran\u021b\u0103 \u00een\u021belegem respectarea tuturor prevederilor legale interna\u021bionale \u0219i na\u021bionale referitoare la protec\u021bia datelor cu caracter personal \u00eencredin\u021bate nou\u0103 de c\u0103tre organiza\u021bia dvs. \u0219i transparen\u021b\u0103 total\u0103 \u00een privin\u021ba fluxurilor monetare.<\/p>\n<\/div><\/div><\/div><\/div><\/div><\/div><div class=\"vc_col-sm-4 wpb_column vc_column_container\"><div class=\"vc_column-inner\"><div class=\"wpb_wrapper\"><div class=\"w-iconbox iconpos_top style_default color_custom align_center\"><div class=\"w-iconbox-icon\" style=\"font-size:2rem;color:#ffffff;\"><i class=\"material-icons\">check_circle<\/i><\/div><div class=\"w-iconbox-meta\"><h5 class=\"w-iconbox-title\">Eficacitate<\/h5><div class=\"w-iconbox-text\"><p>Prin externalizarea acestui serviciu, organiza\u021bia dvs. va fi mai eficient\u0103 \u00een colectarea crean\u021belor interna\u021bionale. Astfel, nu va fi necesar s\u0103 dezvolta\u021bi departamente noi, s\u0103 cre\u0219te\u021bi nr. de angaja\u021bi \u0219i s\u0103 \u00eei specializa\u021bi. L\u0103sa\u021bi-ne pe noi s\u0103 ne facem griji de asta!<\/p>\n<\/div><\/div><\/div><\/div><\/div><\/div><\/div><\/div><\/div><\/div><\/div><\/div><\/section><section class=\"l-section wpb_row us_custom_d6171ab4 height_medium\"><div class=\"l-section-h i-cf\"><div class=\"g-cols vc_row via_flex valign_top type_default stacking_default\"><div class=\"vc_col-sm-12 wpb_column vc_column_container\"><div class=\"vc_column-inner\"><div class=\"wpb_wrapper\"><div class=\"wpb_text_column us_custom_71370f9e\"><div class=\"wpb_wrapper\"><h1>Loca\u021biile noastre:<\/h1>\n<\/div><\/div><div class=\"w-separator us_custom_a8116ab5 underline-orange size_small with_line width_default thick_4 style_solid color_text align_center\"><div class=\"w-separator-h\"><\/div><\/div><div class=\"w-separator size_large\"><\/div><div class=\"g-cols wpb_row countries via_flex valign_top type_default stacking_default\"><div class=\"vc_col-sm-6 wpb_column vc_column_container\"><div class=\"vc_column-inner\"><div class=\"wpb_wrapper\"><div class=\"wpb_text_column\"><div class=\"wpb_wrapper\"><h1 style=\"text-align: center;\">Germania<\/h1>\n<h1 style=\"text-align: center;\">Rom\u00e2nia<\/h1>\n<h1 style=\"text-align: center;\">Cehia<\/h1>\n<\/div><\/div><\/div><\/div><\/div><div class=\"vc_col-sm-6 wpb_column vc_column_container\"><div class=\"vc_column-inner\"><div class=\"wpb_wrapper\"><div class=\"wpb_text_column\"><div class=\"wpb_wrapper\"><h1 style=\"text-align: center;\">Ungaria<\/h1>\n<h1 style=\"text-align: center;\">Polonia<\/h1>\n<h1 style=\"text-align: center;\">Bulgaria<\/h1>\n<\/div><\/div><\/div><\/div><\/div><\/div><\/div><\/div><\/div><\/div><\/div><\/section>\n","protected":false},"excerpt":{"rendered":"Solu\u021bii de afaceri \u00cen calitate de companie de administrare a crean\u021belor \u00eenregistrat\u0103 \u00een Germania, oferim activit\u0103\u021bi extinse, transfrontaliere de gestionare a crean\u021belor, at\u00e2t pentru institu\u021bii publice, c\u00e2t \u0219i pentru companii. Sector public UAI SOLUTIONS GmbH este unul dintre liderii de pia\u021b\u0103 \u00een domeniul execut\u0103rii silite a crean\u021belor transfrontaliere legate de autovehicule. Afl\u0103 mai multeServicii corporate...","protected":false},"author":5,"featured_media":0,"parent":0,"menu_order":0,"comment_status":"closed","ping_status":"closed","template":"","meta":{"footnotes":""},"class_list":["post-2017","page","type-page","status-publish","hentry"],"_links":{"self":[{"href":"https:\/\/uai.group\/ro\/wp-json\/wp\/v2\/pages\/2017","targetHints":{"allow":["GET"]}}],"collection":[{"href":"https:\/\/uai.group\/ro\/wp-json\/wp\/v2\/pages"}],"about":[{"href":"https:\/\/uai.group\/ro\/wp-json\/wp\/v2\/types\/page"}],"author":[{"embeddable":true,"href":"https:\/\/uai.group\/ro\/wp-json\/wp\/v2\/users\/5"}],"replies":[{"embeddable":true,"href":"https:\/\/uai.group\/ro\/wp-json\/wp\/v2\/comments?post=2017"}],"version-history":[{"count":4,"href":"https:\/\/uai.group\/ro\/wp-json\/wp\/v2\/pages\/2017\/revisions"}],"predecessor-version":[{"id":18053,"href":"https:\/\/uai.group\/ro\/wp-json\/wp\/v2\/pages\/2017\/revisions\/18053"}],"wp:attachment":[{"href":"https:\/\/uai.group\/ro\/wp-json\/wp\/v2\/media?parent=2017"}],"curies":[{"name":"wp","href":"https:\/\/api.w.org\/{rel}","templated":true}]}}