{"id":1998,"date":"2020-04-23T06:45:40","date_gmt":"2020-04-23T06:45:40","guid":{"rendered":"https:\/\/uai.artwork2sell.com\/corporate-services\/"},"modified":"2025-07-16T18:36:13","modified_gmt":"2025-07-16T16:36:13","slug":"servicii-corporate","status":"publish","type":"page","link":"https:\/\/uai.group\/ro\/servicii-corporate\/","title":{"rendered":"Servicii corporate"},"content":{"rendered":"<section class=\"l-section wpb_row height_medium with_img\" id=\"international\"><div class=\"l-section-img\" style=\"background-image: url(https:\/\/uai.group\/wp-content\/uploads\/2020\/04\/uia-international-dept-header.jpg);background-repeat: no-repeat;\" data-img-width=\"2400\" data-img-height=\"1000\"><\/div><div class=\"l-section-overlay\" style=\"background:rgba(21,11,0,0.55)\"><\/div><div class=\"l-section-h i-cf\"><div class=\"g-cols vc_row via_flex valign_middle type_default stacking_default\"><div class=\"vc_col-sm-11 vc_col-lg-offset-1 vc_col-lg-5 vc_col-md-offset-0 vc_col-md-6 vc_col-xs-12 wpb_column vc_column_container white-text-on-img\"><div class=\"vc_column-inner us_custom_770d8848\"><div class=\"wpb_wrapper\"><div class=\"wpb_text_column\"><div class=\"wpb_wrapper\"><h1>Colectare debite transfrontaliere inter-companii<\/h1>\n<p>Firma dumneavoastr\u0103 are dreptul la crean\u021be nepl\u0103tite? V\u0103 rug\u0103m s\u0103 examina\u021bi informa\u021biile de mai jos.<\/p>\n<\/div><\/div><\/div><\/div><\/div><\/div><\/div><\/section><section class=\"l-section wpb_row us_custom_c872228d height_medium\" id=\"international-text\"><div class=\"l-section-h i-cf\"><div class=\"g-cols vc_row via_flex valign_top type_default stacking_default\"><div class=\"vc_col-sm-7 vc_col-lg-offset-1 wpb_column vc_column_container\"><div class=\"vc_column-inner\"><div class=\"wpb_wrapper\"><div class=\"wpb_text_column\"><div class=\"wpb_wrapper\"><p>Societatea noastr\u0103 ofer\u0103 o solu\u021bie eficient\u0103 pentru executarea crean\u021belor transfrontaliere care decurg din serviciile societ\u0103\u021bii dumneavoastr\u0103.<\/p>\n<p>Ce tip de activit\u0103\u021bi de \u00eencasare putem oferi?<\/p>\n<\/div><\/div><\/div><\/div><\/div><div class=\"vc_col-sm-4 wpb_column vc_column_container\"><div class=\"vc_column-inner\"><div class=\"wpb_wrapper\"><\/div><\/div><\/div><\/div><\/div><\/section><section class=\"l-section wpb_row us_custom_20f09883 height_medium width_full\" id=\"judicial\"><div class=\"l-section-h i-cf\"><div class=\"g-cols vc_row via_flex valign_top type_default stacking_default\"><div class=\"vc_col-sm-4 wpb_column vc_column_container has_bg_color\"><div class=\"vc_column-inner us_custom_29c29dbd\"><div class=\"wpb_wrapper\"><div class=\"w-separator size_medium\"><\/div><\/div><\/div><\/div><div class=\"vc_col-sm-8 wpb_column vc_column_container bullet-list\"><div class=\"vc_column-inner us_custom_dd80885a\"><div class=\"wpb_wrapper\"><div class=\"wpb_text_column us_custom_1fd57248\"><div class=\"wpb_wrapper\"><h2><strong>Activitate de \u00eencasare extrajudiciar\u0103, necontencioas\u0103<\/strong><\/h2>\n<ul>\n<li>Evaluarea prealabil\u0103 a datoriilor, examinarea solvabilit\u0103\u021bii debitorului.<\/li>\n<li>Analiza documentelor depuse de titular, \u00eentocmirea unui plan de ac\u021biune \u0219i raport.<br \/>\n\u2022 Ini\u021bierea unei proceduri de colectare necontencios, \u00een cadrul c\u0103reia, emiterea de soma\u021bii, reamintiri de plat\u0103, contactarea debitorului, negocierea \u00eentre p\u0103r\u021bi, desf\u0103\u0219urarea negocierilor cu debitorul, monitorizarea pl\u0103\u021bilor.<\/li>\n<li>Raportarea c\u0103tre titularul crean\u021bei.<\/li>\n<\/ul>\n<\/div><\/div><\/div><\/div><\/div><\/div><\/div><\/section><section class=\"l-section wpb_row us_custom_8535c5f4 judicial-debt height_medium width_full\"><div class=\"l-section-h i-cf\"><div class=\"g-cols vc_row via_flex valign_top type_default stacking_default\"><div class=\"vc_col-sm-8 wpb_column vc_column_container\"><div class=\"vc_column-inner us_custom_71a8a418\"><div class=\"wpb_wrapper\"><div class=\"wpb_text_column us_custom_28817faa judicial-debt-text\"><div class=\"wpb_wrapper\"><h2><strong>Executarea cererii \u00een instan\u021b\u0103 (litigii judiciare)<\/strong><\/h2>\n<p>\u00cen cazurile \u00een care activit\u0103\u021bile noastre extrajudiciare nu au condus la rezultate, oferim asisten\u021b\u0103 \u00een executarea cererii prin instan\u021b\u0103. Partenerii no\u0219tri de consultan\u021b\u0103 juridic\u0103 cu experien\u021b\u0103 \u00een legile diferitelor state membre ne permit s\u0103 facem reclama\u021bii \u00een fa\u021ba instan\u021belor din diferite state membre.<\/p>\n<p>&nbsp;<\/p>\n<p>Pentru mai multe informa\u021bii, v\u0103 rug\u0103m s\u0103 ne contacta\u021bi. Un reprezentant al departamentului nostru de v\u00e2nz\u0103ri v\u0103 va contacta \u00een cel mai scurt timp pentru a g\u0103si o solu\u021bie potrivita \u0219i eficient\u0103 pentru organiza\u021bia pe care o reprezenta\u021bi.<\/p>\n<\/div><\/div><div class=\"w-separator size_large\"><\/div><\/div><\/div><\/div><div class=\"vc_col-sm-4 wpb_column vc_column_container has_bg_color\"><div class=\"vc_column-inner us_custom_15729625\"><div class=\"wpb_wrapper\"><\/div><\/div><\/div><\/div><\/div><\/section>\n","protected":false},"excerpt":{"rendered":"Colectare debite transfrontaliere inter-companii Firma dumneavoastr\u0103 are dreptul la crean\u021be nepl\u0103tite? V\u0103 rug\u0103m s\u0103 examina\u021bi informa\u021biile de mai jos. Societatea noastr\u0103 ofer\u0103 o solu\u021bie eficient\u0103 pentru executarea crean\u021belor transfrontaliere care decurg din serviciile societ\u0103\u021bii dumneavoastr\u0103. Ce tip de activit\u0103\u021bi de \u00eencasare putem oferi? Activitate de \u00eencasare extrajudiciar\u0103, necontencioas\u0103 Evaluarea prealabil\u0103 a datoriilor, examinarea solvabilit\u0103\u021bii debitorului....","protected":false},"author":5,"featured_media":0,"parent":0,"menu_order":0,"comment_status":"closed","ping_status":"closed","template":"","meta":{"footnotes":""},"class_list":["post-1998","page","type-page","status-publish","hentry"],"_links":{"self":[{"href":"https:\/\/uai.group\/ro\/wp-json\/wp\/v2\/pages\/1998","targetHints":{"allow":["GET"]}}],"collection":[{"href":"https:\/\/uai.group\/ro\/wp-json\/wp\/v2\/pages"}],"about":[{"href":"https:\/\/uai.group\/ro\/wp-json\/wp\/v2\/types\/page"}],"author":[{"embeddable":true,"href":"https:\/\/uai.group\/ro\/wp-json\/wp\/v2\/users\/5"}],"replies":[{"embeddable":true,"href":"https:\/\/uai.group\/ro\/wp-json\/wp\/v2\/comments?post=1998"}],"version-history":[{"count":2,"href":"https:\/\/uai.group\/ro\/wp-json\/wp\/v2\/pages\/1998\/revisions"}],"predecessor-version":[{"id":14249,"href":"https:\/\/uai.group\/ro\/wp-json\/wp\/v2\/pages\/1998\/revisions\/14249"}],"wp:attachment":[{"href":"https:\/\/uai.group\/ro\/wp-json\/wp\/v2\/media?parent=1998"}],"curies":[{"name":"wp","href":"https:\/\/api.w.org\/{rel}","templated":true}]}}