{"id":4997,"date":"2020-04-03T10:54:52","date_gmt":"2020-04-03T10:54:52","guid":{"rendered":"https:\/\/uai.group\/italian-vehicle-fines\/"},"modified":"2025-07-16T16:26:44","modified_gmt":"2025-07-16T14:26:44","slug":"wloskie-wykroczenia-drogowe","status":"publish","type":"page","link":"https:\/\/uai.group\/pl\/wloskie-wykroczenia-drogowe\/","title":{"rendered":"W\u0142oskie wykroczenia drogowe"},"content":{"rendered":"<section class=\"l-section wpb_row us_custom_c872228d height_medium\"><div class=\"l-section-h i-cf\"><div class=\"g-cols vc_row via_flex valign_top type_default stacking_default\"><div class=\"vc_col-sm-12 wpb_column vc_column_container\"><div class=\"vc_column-inner\"><div class=\"wpb_wrapper\"><div class=\"wpb_text_column us_custom_71370f9e\"><div class=\"wpb_wrapper\"><h1>W\u0142oskie wykroczenia drogowe<\/h1>\n<\/div><\/div><div class=\"w-separator us_custom_a8116ab5 underline-orange size_small with_line width_default thick_4 style_solid color_text align_center\"><div class=\"w-separator-h\"><\/div><\/div><\/div><\/div><\/div><\/div><\/div><\/section><section class=\"l-section wpb_row height_medium\"><div class=\"l-section-h i-cf\"><div class=\"g-cols vc_row via_flex valign_top type_default stacking_default\"><div class=\"vc_col-sm-7 wpb_column vc_column_container\"><div class=\"vc_column-inner\"><div class=\"wpb_wrapper\"><div class=\"wpb_text_column us_custom_1d684515\"><div class=\"wpb_wrapper\"><p>W\u0142oskie nale\u017cno\u015bci dotycz\u0105ce pojazd\u00f3w stanowi\u0105 konsekwencj\u0119 naruszenia przepis\u00f3w ruchu drogowego ustanowionych we w\u0142oskim dekrecie ustawodawczym nr 285 z dnia 30.04.1992 r. (Nowy kodeks drogowy). UAI SOLUTIONS zosta\u0142o zobowi\u0105zane do polubownej \u00a0windykacji tych nale\u017cno\u015bci w wyniku nieprzestrzegania przez Pa\u0144stwa obowi\u0105zk\u00f3w prawnych na\u0142o\u017conych w powiadomieniach o p\u0142atno\u015bciach otrzymanych wcze\u015bniej od w\u0142adz w\u0142oskich.<\/p>\n<\/div><\/div><\/div><\/div><\/div><div class=\"vc_col-sm-5 wpb_column vc_column_container\"><div class=\"vc_column-inner\"><div class=\"wpb_wrapper\"><\/div><\/div><\/div><\/div><\/div><\/section><section class=\"l-section wpb_row us_custom_c872228d height_medium\"><div class=\"l-section-h i-cf\"><div class=\"g-cols vc_row via_flex valign_top type_default stacking_default\"><div class=\"vc_col-sm-7 wpb_column vc_column_container\"><div class=\"vc_column-inner\"><div class=\"wpb_wrapper\"><div class=\"wpb_text_column us_custom_1d684515\"><div class=\"wpb_wrapper\"><h2>Jak mog\u0119 ui\u015bci\u0107 op\u0142at\u0119?<\/h2>\n<p>Informacje na temat p\u0142atno\u015bci znajduj\u0105 si\u0119 w sekcji <a href=\"https:\/\/uai.group\/pl\/metody-platnosci\/\">Metody p\u0142atno\u015bci<\/a><\/p>\n<h6>Czy mog\u0119 zap\u0142aci\u0107 w ratach?<\/h6>\n<p>W przypadku, gdy nie jeste\u015b w stanie zap\u0142aci\u0107 ca\u0142ej kwoty od razu, masz mo\u017cliwo\u015b\u0107 sp\u0142aty pozosta\u0142ej kwoty w ratach. Raty s\u0105 wolne od odsetek i innych prowizji. Je\u015bli jeste\u015b zainteresowany t\u0105 form\u0105 p\u0142atno\u015bci, napisz do nas zapytanie za pomoc\u0105 formularza kontaktowego przed up\u0142ywem terminu p\u0142atno\u015bci podanego w naszym li\u015bcie.\u00a0 Operator odpowie na Twoje zapytanie tak szybko, jak to mo\u017cliwe.<\/p>\n<p>Pragniemy zwr\u00f3ci\u0107 uwag\u0119, \u017ce nasz Zleceniodawca zastrzeg\u0142 sobie prawo do ustalania warunk\u00f3w i termin\u00f3w p\u0142atno\u015bci ratalnej zgodnie z obowi\u0105zuj\u0105cym prawem.<\/p>\n<\/div><\/div><\/div><\/div><\/div><div class=\"vc_col-sm-5 wpb_column vc_column_container\"><div class=\"vc_column-inner\"><div class=\"wpb_wrapper\"><\/div><\/div><\/div><\/div><\/div><\/section><section class=\"l-section wpb_row height_medium\"><div class=\"l-section-h i-cf\"><div class=\"g-cols vc_row via_flex valign_top type_default stacking_default\"><div class=\"vc_col-sm-7 wpb_column vc_column_container\"><div class=\"vc_column-inner\"><div class=\"wpb_wrapper\"><div class=\"wpb_text_column us_custom_1d684515\"><div class=\"wpb_wrapper\"><h2>Ju\u017c zap\u0142aci\u0142em mandat<\/h2>\n<p>Najpierw musisz upewni\u0107 si\u0119, \u017ce otrzymane listy nie s\u0105 zwi\u0105zane z inn\u0105 spraw\u0105. Mo\u017cesz por\u00f3wna\u0107 listy bior\u0105c pod uwag\u0119 numery referencyjne UAI SOLUTIONS, zdj\u0119cia, moment kontroli, lokalizacj\u0119, ilo\u015b\u0107 itp. Je\u015bli zauwa\u017cysz r\u00f3\u017cnice mi\u0119dzy tymi dokumentami, najprawdopodobniej masz wi\u0119cej otwartych spraw w naszym systemie. W takiej sytuacji zalecamy jak najszybsze skontaktowanie si\u0119 z nami i upewnienie si\u0119, \u017ce dokonasz p\u0142atno\u015bci przed up\u0142ywem terminu.<\/p>\n<p>Inn\u0105 mo\u017cliwo\u015bci\u0105 jest to, \u017ce dokona\u0142e\u015b p\u0142atno\u015bci, ale nie poda\u0142e\u015b \u017cadnych informacji w szczeg\u00f3\u0142ach p\u0142atno\u015bci, wi\u0119c nie mo\u017cemy przypisa\u0107 Twojej p\u0142atno\u015bci do konkretnego przypadku. W takiej sytuacji musisz dostarczy\u0107 nam dow\u00f3d wp\u0142aty. Nast\u0119pnie nasz dzia\u0142 ksi\u0119gowo\u015bci spr\u00f3buje zidentyfikowa\u0107 p\u0142atno\u015b\u0107 i zaksi\u0119gowa\u0107 j\u0105 w Twojej sprawie.<\/p>\n<h6>Zap\u0142aci\u0142em grzywn\u0119 zaraz po otrzymaniu powiadomienia o p\u0142atno\u015bci od w\u0142adz w\u0142oskich.<br \/>\nDlaczego dosta\u0142em list od UAI SOLUTIONS?<\/h6>\n<p>Istnieje niewielkie prawdopodobie\u0144stwo, \u017ce w momencie wykonywania przelewu nie poda\u0142e\u015b w szczeg\u00f3\u0142ach p\u0142atno\u015bci informacji zwi\u0105zanych z Twoj\u0105 spraw\u0105, wi\u0119c w\u0142adze w\u0142oskie nie mog\u0142y przypisa\u0107 p\u0142atno\u015bci do konkretnego przypadku. Tym samym status p\u0142atno\u015bci pozosta\u0142 niezidentyfikowany.<\/p>\n<p>W takim przypadku prze\u015blij nam dow\u00f3d wp\u0142aty, a my skontaktujemy si\u0119 z w\u0142a\u015bciwym organem w celu dalszej analizy.<\/p>\n<\/div><\/div><\/div><\/div><\/div><div class=\"vc_col-sm-5 wpb_column vc_column_container\"><div class=\"vc_column-inner\"><div class=\"wpb_wrapper\"><\/div><\/div><\/div><\/div><\/div><\/section><section class=\"l-section wpb_row us_custom_f86a26c2 purple-background has_text_color height_medium\"><div class=\"l-section-h i-cf\"><div class=\"g-cols vc_row via_flex valign_top type_default stacking_default\"><div class=\"vc_col-sm-12 wpb_column vc_column_container\"><div class=\"vc_column-inner\"><div class=\"wpb_wrapper\"><div class=\"wpb_text_column us_custom_1d684515\"><div class=\"wpb_wrapper\"><h1>Najcz\u0119\u015bciej zadawane pytania<\/h1>\n<\/div><\/div><div class=\"w-tabs style_default switch_click accordion has_scrolling\" style=\"--sections-title-size:inherit\"><div class=\"w-tabs-sections titles-align_none icon_plus cpos_right\"><div class=\"w-tabs-section\" id=\"1587026369628-70df5ef0-1173\"><button class=\"w-tabs-section-header\" aria-controls=\"content-1587026369628-70df5ef0-1173\" aria-expanded=\"false\"><div class=\"w-tabs-section-title\">Wniesienie odwo\u0142ania. Jak mog\u0119 zakwestionowa\u0107 otrzymany mandat?<\/div><div class=\"w-tabs-section-control\"><\/div><\/button><div  class=\"w-tabs-section-content\" id=\"content-1587026369628-70df5ef0-1173\"><div class=\"w-tabs-section-content-h i-cf\"><div class=\"wpb_text_column\"><div class=\"wpb_wrapper\"><p>Prawo do odwo\u0142ania przys\u0142uguje w ci\u0105gu 60 dni od otrzymania pierwszego powiadomienia wys\u0142anego przez w\u0142adze w\u0142oskie. Poniewa\u017c nie skorzysta\u0142e\u015b z prawa do odwo\u0142ania w przewidzianym prawem terminie i na warunkach okre\u015blonych w pi\u015bmie wst\u0119pnym, wszelkie dalsze skargi zostan\u0105 uznane za nieuzasadnione.<\/p>\n<\/div><\/div><\/div><\/div><\/div><div class=\"w-tabs-section\" id=\"1587026369648-76bc1c54-b406\"><button class=\"w-tabs-section-header\" aria-controls=\"content-1587026369648-76bc1c54-b406\" aria-expanded=\"false\"><div class=\"w-tabs-section-title\">Nie by\u0142em kierowc\u0105 \/ u\u017cytkownikiem pojazdu w momencie kontroli. Dlaczego mam obowi\u0105zek zap\u0142aci\u0107 mandat?<\/div><div class=\"w-tabs-section-control\"><\/div><\/button><div  class=\"w-tabs-section-content\" id=\"content-1587026369648-76bc1c54-b406\"><div class=\"w-tabs-section-content-h i-cf\"><div class=\"wpb_text_column\"><div class=\"wpb_wrapper\"><p>Zgodnie z art. 196 z w\u0142oskiego kodeksu ruchu drogowego za naruszenia zagro\u017cone kar\u0105 pieni\u0119\u017cn\u0105 administracyjn\u0105, w\u0142a\u015bciciel pojazdu lub przyczepy, w przypadku zespo\u0142u pojazd\u00f3w (pojazd ci\u0105gn\u0105cy z przyczep\u0105) lub w jego miejsce nieop\u0142acaj\u0105cy najemca, Nabywca lub u\u017cytkownik leasingu finansowego odpowiada solidarnie ze sprawc\u0105 za zap\u0142at\u0119 nale\u017cnej mu kwoty, chyba \u017ce udowodni, \u017ce pojazd zosta\u0142 zabrany wbrew jego woli. Poza tym mia\u0142e\u015b mo\u017cliwo\u015b\u0107 wskazania kierowcy w przewidzianym prawem terminie po otrzymaniu pierwszego powiadomienia wys\u0142anego przez w\u0142adze w\u0142oskie.<\/p>\n<\/div><\/div><\/div><\/div><\/div><div class=\"w-tabs-section\" id=\"1587026433870-19e6fcd4-6149\"><button class=\"w-tabs-section-header\" aria-controls=\"content-1587026433870-19e6fcd4-6149\" aria-expanded=\"false\"><div class=\"w-tabs-section-title\">Dlaczego otrzyma\u0142em zawiadomienie wydane przez w\u0142oskie w\u0142adze po prawie roku od momentu kontroli?<\/div><div class=\"w-tabs-section-control\"><\/div><\/button><div  class=\"w-tabs-section-content\" id=\"content-1587026433870-19e6fcd4-6149\"><div class=\"w-tabs-section-content-h i-cf\"><div class=\"wpb_text_column\"><div class=\"wpb_wrapper\"><p>Zgodnie z w\u0142oskim kodeksem drogowym policja ma 360 dni od daty naruszenia prawa lub od identyfikacji posiadacza pojazdu na powiadomienie cudzoziemc\u00f3w o mandatach. W przypadku wynajmowanych pojazd\u00f3w okres 360 dni liczony jest od dnia otrzymania danych osobowych przes\u0142anych przez wypo\u017cyczalni\u0119 samochodow\u0105.<\/p>\n<\/div><\/div><\/div><\/div><\/div><div class=\"w-tabs-section\" id=\"1587026475676-c70d36d0-67d6\"><button class=\"w-tabs-section-header\" aria-controls=\"content-1587026475676-c70d36d0-67d6\" aria-expanded=\"false\"><div class=\"w-tabs-section-title\">M\u00f3j samoch\u00f3d zosta\u0142 skradziony w momencie, gdy mia\u0142o miejsce wykroczenie. Jakie mam mo\u017cliwo\u015bci w tej sytuacji?<\/div><div class=\"w-tabs-section-control\"><\/div><\/button><div  class=\"w-tabs-section-content\" id=\"content-1587026475676-c70d36d0-67d6\"><div class=\"w-tabs-section-content-h i-cf\"><div class=\"wpb_text_column\"><div class=\"wpb_wrapper\"><p>Musisz przes\u0142a\u0107 nam kopi\u0119 oficjalnego raportu policyjnego o zdarzeniu. Nast\u0119pnie przeka\u017cemy dokumentacj\u0119 w\u0142a\u015bciwemu organowi do dalszej analizy.<\/p>\n<\/div><\/div><\/div><\/div><\/div><div class=\"w-tabs-section\" id=\"1587026499897-53a402c7-efd1\"><button class=\"w-tabs-section-header\" aria-controls=\"content-1587026499897-53a402c7-efd1\" aria-expanded=\"false\"><div class=\"w-tabs-section-title\">Nigdy nie mia\u0142em samochodu takiego jak ten ze zdj\u0119cia, ale numer rejestracyjny wydaje si\u0119 m\u00f3j. My\u015bl\u0119, \u017ce kto\u015b go przyw\u0142aszczy\u0142. Co mog\u0119 zrobi\u0107 w tej sytuacji?<\/div><div class=\"w-tabs-section-control\"><\/div><\/button><div  class=\"w-tabs-section-content\" id=\"content-1587026499897-53a402c7-efd1\"><div class=\"w-tabs-section-content-h i-cf\"><div class=\"wpb_text_column\"><div class=\"wpb_wrapper\"><p>W takiej sytuacji nale\u017cy przes\u0142a\u0107 nam kopi\u0119 dowodu rejestracyjnego samochodu oraz oficjalny raport policyjny o zdarzeniu. Nast\u0119pnie przeka\u017cemy dokumentacj\u0119 w\u0142a\u015bciwemu organowi do dalszego rozpatrzenia.<\/p>\n<\/div><\/div><\/div><\/div><\/div><div class=\"w-tabs-section\" id=\"1587026515448-0e3c00e8-0016\"><button class=\"w-tabs-section-header\" aria-controls=\"content-1587026515448-0e3c00e8-0016\" aria-expanded=\"false\"><div class=\"w-tabs-section-title\">Jaki jest termin przedawnienia grzywny?<\/div><div class=\"w-tabs-section-control\"><\/div><\/button><div  class=\"w-tabs-section-content\" id=\"content-1587026515448-0e3c00e8-0016\"><div class=\"w-tabs-section-content-h i-cf\"><div class=\"wpb_text_column\"><div class=\"wpb_wrapper\"><p>Okres przedawnienia wynosi pi\u0119\u0107 lat, licz\u0105c od dnia ustalenia naruszenia. Je\u015bli zauwa\u017cysz przedawnienie wykroczenia, poinformuj nas o tym. Je\u015bli potwierdzimy przedawnienie wykroczenia, przeka\u017cemy spraw\u0119 do w\u0142a\u015bciwego organu w celu jej zamkni\u0119cia.<\/p>\n<\/div><\/div><\/div><\/div><\/div><div class=\"w-tabs-section\" id=\"1587026560468-54fde0c3-5cff\"><button class=\"w-tabs-section-header\" aria-controls=\"content-1587026560468-54fde0c3-5cff\" aria-expanded=\"false\"><div class=\"w-tabs-section-title\">Je\u015bli nie zap\u0142ac\u0119 nale\u017cno\u015bci, czy UAI SOLUTIONS mo\u017ce wszcz\u0105\u0107 post\u0119powanie s\u0105dowe w celu odzyskania nale\u017cno\u015bci?<\/div><div class=\"w-tabs-section-control\"><\/div><\/button><div  class=\"w-tabs-section-content\" id=\"content-1587026560468-54fde0c3-5cff\"><div class=\"w-tabs-section-content-h i-cf\"><div class=\"wpb_text_column\"><div class=\"wpb_wrapper\"><p>Z UAI SOLUTIONS zosta\u0142a zawarta umowa w celu \u015bcis\u0142ego dope\u0142nienia formalno\u015bci zwi\u0105zanych z pozas\u0105dow\u0105 windykacj\u0105 nale\u017cno\u015bci. Mimo to, je\u015bli wymagania dotycz\u0105ce p\u0142atno\u015bci nie zostan\u0105 spe\u0142nione, nasz zleceniodawca ma prawo do wszcz\u0119cia takich procedur, kt\u00f3re mog\u0105 generowa\u0107 dodatkowe koszta prawne.<\/p>\n<\/div><\/div><\/div><\/div><\/div><\/div><\/div><\/div><\/div><\/div><\/div><\/div><\/section>\n","protected":false},"excerpt":{"rendered":"W\u0142oskie wykroczenia drogowe W\u0142oskie nale\u017cno\u015bci dotycz\u0105ce pojazd\u00f3w stanowi\u0105 konsekwencj\u0119 naruszenia przepis\u00f3w ruchu drogowego ustanowionych we w\u0142oskim dekrecie ustawodawczym nr 285 z dnia 30.04.1992 r. (Nowy kodeks drogowy). UAI SOLUTIONS zosta\u0142o zobowi\u0105zane do polubownej \u00a0windykacji tych nale\u017cno\u015bci w wyniku nieprzestrzegania przez Pa\u0144stwa obowi\u0105zk\u00f3w prawnych na\u0142o\u017conych w powiadomieniach o p\u0142atno\u015bciach otrzymanych wcze\u015bniej od w\u0142adz w\u0142oskich. Jak mog\u0119...","protected":false},"author":5,"featured_media":0,"parent":0,"menu_order":0,"comment_status":"closed","ping_status":"closed","template":"","meta":{"footnotes":""},"class_list":["post-4997","page","type-page","status-publish","hentry"],"_links":{"self":[{"href":"https:\/\/uai.group\/pl\/wp-json\/wp\/v2\/pages\/4997","targetHints":{"allow":["GET"]}}],"collection":[{"href":"https:\/\/uai.group\/pl\/wp-json\/wp\/v2\/pages"}],"about":[{"href":"https:\/\/uai.group\/pl\/wp-json\/wp\/v2\/types\/page"}],"author":[{"embeddable":true,"href":"https:\/\/uai.group\/pl\/wp-json\/wp\/v2\/users\/5"}],"replies":[{"embeddable":true,"href":"https:\/\/uai.group\/pl\/wp-json\/wp\/v2\/comments?post=4997"}],"version-history":[{"count":6,"href":"https:\/\/uai.group\/pl\/wp-json\/wp\/v2\/pages\/4997\/revisions"}],"predecessor-version":[{"id":17995,"href":"https:\/\/uai.group\/pl\/wp-json\/wp\/v2\/pages\/4997\/revisions\/17995"}],"wp:attachment":[{"href":"https:\/\/uai.group\/pl\/wp-json\/wp\/v2\/media?parent=4997"}],"curies":[{"name":"wp","href":"https:\/\/api.w.org\/{rel}","templated":true}]}}