{"id":4989,"date":"2020-04-23T06:44:24","date_gmt":"2020-04-23T06:44:24","guid":{"rendered":"https:\/\/uai.group\/how-we-can-help\/"},"modified":"2026-04-23T10:32:00","modified_gmt":"2026-04-23T08:32:00","slug":"how-we-can-help","status":"publish","type":"page","link":"https:\/\/uai.group\/pl\/how-we-can-help\/","title":{"rendered":"Jak mo\u017cemy pom\u00f3c?"},"content":{"rendered":"<section class=\"l-section wpb_row height_huge with_img\"><div class=\"l-section-img\" style=\"background-image: url(https:\/\/uai.group\/wp-content\/uploads\/2020\/04\/img3-scaled.jpg);background-repeat: no-repeat;\" data-img-width=\"2560\" data-img-height=\"985\"><\/div><div class=\"l-section-overlay\" style=\"background:rgba(21,11,0,0.55)\"><\/div><div class=\"l-section-h i-cf\"><div class=\"g-cols vc_row via_flex valign_top type_default stacking_default\"><div class=\"vc_col-sm-6 wpb_column vc_column_container white-text-on-img\"><div class=\"vc_column-inner\"><div class=\"wpb_wrapper\"><div class=\"wpb_text_column us_custom_1d684515\"><div class=\"wpb_wrapper\"><h1>Rozwi\u0105zania biznesowe<\/h1>\n<p>Jako zarejestrowana w Niemczech firma zarz\u0105dzaj\u0105ca wierzytelno\u015bciami oferujemy szerokie, transgraniczne dzia\u0142ania w zakresie zarz\u0105dzania wierzytelno\u015bciami zar\u00f3wno dla instytucji publicznych, jak i przedsi\u0119biorstw.<\/p>\n<\/div><\/div><\/div><\/div><\/div><div class=\"vc_col-sm-6 wpb_column vc_column_container\"><div class=\"vc_column-inner\"><div class=\"wpb_wrapper\"><\/div><\/div><\/div><\/div><\/div><\/section><section class=\"l-section wpb_row us_custom_76aafeb5 height_medium\"><div class=\"l-section-h i-cf\"><div class=\"g-cols vc_row via_flex valign_top type_default stacking_default\"><div class=\"vc_col-sm-6 wpb_column vc_column_container public-sector\"><div class=\"vc_column-inner us_custom_2139492d\"><div class=\"wpb_wrapper\"><div class=\"wpb_text_column us_custom_4a6ae91e\"><div class=\"wpb_wrapper\"><h1><strong>Sektor publiczny<\/strong><\/h1>\n<div><span lang=\"PL\">UAI SOLUTIONS GmbH jest jednym z lider\u00f3w rynku w dziedzinie windykacji roszcze\u0144 transgranicznych zwi\u0105zanych z pojazdami. samochodowymi<\/span><\/div>\n<\/div><\/div><div class=\"w-btn-wrapper align_none\"><a class=\"w-btn us-btn-style_6 us_custom_81d9d22e find-more icon_atright\" title=\"Public sector\" href=\"https:\/\/uai.group\/pl\/public-sector\/\"><span class=\"w-btn-label\">Wi\u0119cej informacji<\/span><i class=\"fas fa-long-arrow-right\"><\/i><\/a><\/div><\/div><\/div><\/div><div class=\"vc_col-sm-6 wpb_column vc_column_container corporate-services has_bg_color stretched\"><div class=\"vc_column-inner us_custom_de7bb931\"><div class=\"wpb_wrapper\"><div class=\"wpb_text_column us_custom_61e65cda\"><div class=\"wpb_wrapper\"><h1>Us\u0142ugi korporacyjne<\/h1>\n<p>Czy Twoja firma ma prawo do niezap\u0142aconych roszcze\u0144? Prosimy o zapoznanie si\u0119 z poni\u017cszymi informacjami.<\/p>\n<\/div><\/div><div class=\"w-btn-wrapper align_none\"><a class=\"w-btn us-btn-style_7 us_custom_1bdc476f find-more icon_atright\" title=\"Corporate services\" href=\"https:\/\/uai.group\/pl\/corporate-services\/\"><span class=\"w-btn-label\">Wi\u0119cej informacji<\/span><i class=\"fas fa-long-arrow-right\"><\/i><\/a><\/div><\/div><\/div><\/div><\/div><\/div><\/section>\n","protected":false},"excerpt":{"rendered":"Rozwi\u0105zania biznesowe Jako zarejestrowana w Niemczech firma zarz\u0105dzaj\u0105ca wierzytelno\u015bciami oferujemy szerokie, transgraniczne dzia\u0142ania w zakresie zarz\u0105dzania wierzytelno\u015bciami zar\u00f3wno dla instytucji publicznych, jak i przedsi\u0119biorstw. Sektor publiczny UAI SOLUTIONS GmbH jest jednym z lider\u00f3w rynku w dziedzinie windykacji roszcze\u0144 transgranicznych zwi\u0105zanych z pojazdami. samochodowymi Wi\u0119cej informacjiUs\u0142ugi korporacyjne Czy Twoja firma ma prawo do niezap\u0142aconych roszcze\u0144? Prosimy...","protected":false},"author":5,"featured_media":0,"parent":0,"menu_order":0,"comment_status":"closed","ping_status":"closed","template":"","meta":{"footnotes":""},"class_list":["post-4989","page","type-page","status-publish","hentry"],"_links":{"self":[{"href":"https:\/\/uai.group\/pl\/wp-json\/wp\/v2\/pages\/4989","targetHints":{"allow":["GET"]}}],"collection":[{"href":"https:\/\/uai.group\/pl\/wp-json\/wp\/v2\/pages"}],"about":[{"href":"https:\/\/uai.group\/pl\/wp-json\/wp\/v2\/types\/page"}],"author":[{"embeddable":true,"href":"https:\/\/uai.group\/pl\/wp-json\/wp\/v2\/users\/5"}],"replies":[{"embeddable":true,"href":"https:\/\/uai.group\/pl\/wp-json\/wp\/v2\/comments?post=4989"}],"version-history":[{"count":5,"href":"https:\/\/uai.group\/pl\/wp-json\/wp\/v2\/pages\/4989\/revisions"}],"predecessor-version":[{"id":19048,"href":"https:\/\/uai.group\/pl\/wp-json\/wp\/v2\/pages\/4989\/revisions\/19048"}],"wp:attachment":[{"href":"https:\/\/uai.group\/pl\/wp-json\/wp\/v2\/media?parent=4989"}],"curies":[{"name":"wp","href":"https:\/\/api.w.org\/{rel}","templated":true}]}}