{"id":4985,"date":"2020-04-23T06:46:22","date_gmt":"2020-04-23T06:46:22","guid":{"rendered":"https:\/\/uai.group\/business-contact\/"},"modified":"2025-07-16T14:17:27","modified_gmt":"2025-07-16T12:17:27","slug":"business-contact","status":"publish","type":"page","link":"https:\/\/uai.group\/pl\/business-contact\/","title":{"rendered":"Business Contact"},"content":{"rendered":"<section class=\"l-section wpb_row height_medium\"><div class=\"l-section-h i-cf\"><div class=\"g-cols vc_row via_flex valign_top type_default stacking_default\"><div class=\"vc_col-sm-6 wpb_column vc_column_container\"><div class=\"vc_column-inner\"><div class=\"wpb_wrapper\"><\/div><\/div><\/div><div class=\"vc_col-sm-6 wpb_column vc_column_container\"><div class=\"vc_column-inner\"><div class=\"wpb_wrapper\"><div class=\"wpb_text_column us_custom_1d684515\"><div class=\"wpb_wrapper\"><h1 style=\"text-align: left;\">Kontakt<\/h1>\n<\/div><\/div><\/div><\/div><\/div><\/div><\/div><\/section><section class=\"l-section wpb_row height_medium\"><div class=\"l-section-h i-cf\"><div class=\"g-cols vc_row via_flex valign_top type_default stacking_default\"><div class=\"vc_col-sm-6 wpb_column vc_column_container\"><div class=\"vc_column-inner\"><div class=\"wpb_wrapper\"><div class=\"wpb_text_column us_custom_1d684515 write-email-description\"><div class=\"wpb_wrapper\"><p>Je\u015bli jeste\u015b zainteresowany jedn\u0105 z naszych us\u0142ug, prze\u015blij nam swoje zapytanie za pomoc\u0105 formularza kontaktowego, podaj\u0105c swoje dane kontaktowe, a nasz kompetentny wsp\u00f3\u0142pracownik skontaktuje si\u0119 z Tob\u0105 tak szybko, jak to mo\u017cliwe.<\/p>\n<\/div><\/div><div class=\"wpb_text_column\"><div class=\"wpb_wrapper\"><p><iframe loading=\"lazy\" style=\"border: 0;\" src=\"https:\/\/www.google.com\/maps\/embed?pb=!1m18!1m12!1m3!1d1530.207515642447!2d12.747432858719113!3d48.4008385155329!2m3!1f0!2f0!3f0!3m2!1i1024!2i768!4f13.1!3m3!1m2!1s0x4775b94506907873%3A0x4cb35d6e86cd27ac!2sSchellenbruckpl.%2049%2C%2084307%20Eggenfelden%2C%20Germany!5e0!3m2!1sen!2snl!4v1679010873484!5m2!1sen!2snl\" width=\"600\" height=\"450\" allowfullscreen=\"allowfullscreen\"><\/iframe><\/p>\n<\/div><\/div><div class=\"w-separator size_small\"><\/div><div class=\"wpb_text_column us_custom_c4fb4172\"><div class=\"wpb_wrapper\"><h6>UAI SOLUTIONS GmbH<\/h6>\n<p>Adres:<br \/>\nSchellenbruckplatz 49, D-84307 Eggenfelden, GERMANY<br \/>\nGodziny otwarcia:<br \/>\nPoniedzia\u0142ek &#8211; Pi\u0105tek: 08:00 \u2013 16:00<\/p>\n<\/div><\/div><\/div><\/div><\/div><div class=\"vc_col-sm-6 wpb_column vc_column_container contact-form\"><div class=\"vc_column-inner\"><div class=\"wpb_wrapper\"><div class=\"wpb_text_column\"><div class=\"wpb_wrapper\"><p><label id=\"nf-label-class-field-112-0\" class=\"\" for=\"nf-field-112-0\">Instytucja publiczna email: <a href=\"mailto:sales@uai.group\">sales@uai.group<\/a><\/label><\/p>\n<p><label id=\"nf-label-class-field-112-1\" class=\"\" for=\"nf-field-112-1\">Firma email: <a href=\"mailto:corporate@uai.group\">corporate@uai.group<\/a><\/label><\/p>\n<\/div><\/div><\/div><\/div><\/div><\/div><\/div><\/section>\n","protected":false},"excerpt":{"rendered":"Kontakt Je\u015bli jeste\u015b zainteresowany jedn\u0105 z naszych us\u0142ug, prze\u015blij nam swoje zapytanie za pomoc\u0105 formularza kontaktowego, podaj\u0105c swoje dane kontaktowe, a nasz kompetentny wsp\u00f3\u0142pracownik skontaktuje si\u0119 z Tob\u0105 tak szybko, jak to mo\u017cliwe. UAI SOLUTIONS GmbH Adres: Schellenbruckplatz 49, D-84307 Eggenfelden, GERMANY Godziny otwarcia: Poniedzia\u0142ek &#8211; Pi\u0105tek: 08:00 \u2013 16:00 Instytucja publiczna email: sales@uai.group Firma...","protected":false},"author":5,"featured_media":0,"parent":0,"menu_order":0,"comment_status":"closed","ping_status":"closed","template":"","meta":{"footnotes":""},"class_list":["post-4985","page","type-page","status-publish","hentry"],"_links":{"self":[{"href":"https:\/\/uai.group\/pl\/wp-json\/wp\/v2\/pages\/4985","targetHints":{"allow":["GET"]}}],"collection":[{"href":"https:\/\/uai.group\/pl\/wp-json\/wp\/v2\/pages"}],"about":[{"href":"https:\/\/uai.group\/pl\/wp-json\/wp\/v2\/types\/page"}],"author":[{"embeddable":true,"href":"https:\/\/uai.group\/pl\/wp-json\/wp\/v2\/users\/5"}],"replies":[{"embeddable":true,"href":"https:\/\/uai.group\/pl\/wp-json\/wp\/v2\/comments?post=4985"}],"version-history":[{"count":5,"href":"https:\/\/uai.group\/pl\/wp-json\/wp\/v2\/pages\/4985\/revisions"}],"predecessor-version":[{"id":17920,"href":"https:\/\/uai.group\/pl\/wp-json\/wp\/v2\/pages\/4985\/revisions\/17920"}],"wp:attachment":[{"href":"https:\/\/uai.group\/pl\/wp-json\/wp\/v2\/media?parent=4985"}],"curies":[{"name":"wp","href":"https:\/\/api.w.org\/{rel}","templated":true}]}}