{"id":4980,"date":"2020-04-03T10:54:08","date_gmt":"2020-04-03T10:54:08","guid":{"rendered":"https:\/\/uai.group\/parking-surcharge\/"},"modified":"2026-04-23T10:27:36","modified_gmt":"2026-04-23T08:27:36","slug":"oplata-za-parking","status":"publish","type":"page","link":"https:\/\/uai.group\/pl\/oplata-za-parking\/","title":{"rendered":"Op\u0142ata za parking"},"content":{"rendered":"<section class=\"l-section wpb_row us_custom_65f91b67 height_medium\"><div class=\"l-section-h i-cf\"><div class=\"g-cols vc_row via_flex valign_middle type_default stacking_default\"><div class=\"vc_col-sm-12 wpb_column vc_column_container\"><div class=\"vc_column-inner\"><div class=\"wpb_wrapper\"><div class=\"w-separator us_custom_a8116ab5 underline-orange size_medium\"><\/div><div class=\"wpb_text_column us_custom_ec8eaee3 has_text_color\"><div class=\"wpb_wrapper\"><h1>Op\u0142ata za parking<\/h1>\n<\/div><\/div><div class=\"w-separator us_custom_a8116ab5 underline-orange size_medium\"><\/div><\/div><\/div><\/div><\/div><\/div><\/section><section class=\"l-section wpb_row height_medium\"><div class=\"l-section-h i-cf\"><div class=\"g-cols vc_row via_flex valign_top type_default stacking_default\"><div class=\"vc_col-sm-7 wpb_column vc_column_container\"><div class=\"vc_column-inner\"><div class=\"wpb_wrapper\"><div class=\"wpb_text_column us_custom_1d684515\"><div class=\"wpb_wrapper\"><p>Dop\u0142ata za parkowanie obowi\u0105zuje, je\u015bli nie kupi\u0142e\u015b biletu parkingowego na p\u0142atnym parkingu, bilet parkingowy straci\u0142 wa\u017cno\u015b\u0107 lub niew\u0142a\u015bciwie umie\u015bci\u0142e\u015b go za przedni\u0105 szyb\u0105 pojazdu.<\/p>\n<\/div><\/div><\/div><\/div><\/div><div class=\"vc_col-sm-5 wpb_column vc_column_container\"><div class=\"vc_column-inner\"><div class=\"wpb_wrapper\"><\/div><\/div><\/div><\/div><\/div><\/section><section class=\"l-section wpb_row us_custom_c872228d height_medium\"><div class=\"l-section-h i-cf\"><div class=\"g-cols vc_row via_flex valign_top type_default stacking_default\"><div class=\"vc_col-sm-7 wpb_column vc_column_container\"><div class=\"vc_column-inner\"><div class=\"wpb_wrapper\"><div class=\"wpb_text_column us_custom_1d684515\"><div class=\"wpb_wrapper\"><h2>Informacje dotycz\u0105ce p\u0142atno\u015bci<\/h2>\n<p>Aby uzyska\u0107 informacje o tym, jak sp\u0142aci\u0107 swoj\u0105 nale\u017cno\u015b\u0107, odwied\u017a sekcj\u0119 <a href=\"https:\/\/uai.group\/pl\/metody-platnosci\/\">Metody p\u0142atno\u015bci<\/a>.<\/p>\n<\/div><\/div><\/div><\/div><\/div><div class=\"vc_col-sm-5 wpb_column vc_column_container\"><div class=\"vc_column-inner\"><div class=\"wpb_wrapper\"><\/div><\/div><\/div><\/div><\/div><\/section><section class=\"l-section wpb_row height_medium\"><div class=\"l-section-h i-cf\"><div class=\"g-cols vc_row via_flex valign_top type_default stacking_default\"><div class=\"vc_col-sm-7 wpb_column vc_column_container\"><div class=\"vc_column-inner\"><div class=\"wpb_wrapper\"><div class=\"wpb_text_column us_custom_1d684515\"><div class=\"wpb_wrapper\"><h2><strong>Zap\u0142aci\u0142em ju\u017c za dop\u0142at\u0119<\/strong><\/h2>\n<h6><strong>Zap\u0142aci\u0142em ju\u017c dop\u0142at\u0119 za parkowanie po otrzymaniu pierwszego wezwania do zap\u0142aty. Dlaczego otrzymuj\u0119 nowe wezwania z UAI<\/strong>?<\/h6>\n<p>Je\u015bli zaparkowa\u0142e\u015b na p\u0142atnym miejscu parkingowym wi\u0119cej ni\u017c jeden raz bez wa\u017cnego biletu parkingowego, zostaniesz obci\u0105\u017cony dodatkow\u0105 op\u0142at\u0105 parkingow\u0105 wi\u0119cej ni\u017c jeden raz. Prosimy o sprawdzenie tre\u015bci wezwa\u0144 do zap\u0142aty, w szczeg\u00f3lno\u015bci daty kontroli, miejsca i numery dokument\u00f3w. Sprawy zarejestrowane pod r\u00f3\u017cnymi numerami dokument\u00f3w nale\u017c\u0105 do r\u00f3\u017cnych dat kontroli.<\/p>\n<p>Prosimy r\u00f3wnie\u017c o sprawdzenie szczeg\u00f3\u0142\u00f3w p\u0142atno\u015bci, poprawno\u015bci numeru rachunku bankowego odbiorcy oraz czy numer dokumentu i numer rejestracyjny pojazdu zosta\u0142y prawid\u0142owo wskazane w kolumnie wezwania. Prze\u015blij do naszego Biura Obs\u0142ugi Klienta do wgl\u0105du potwierdzenie banku potwierdzaj\u0105ce p\u0142atno\u015b\u0107.<\/p>\n<\/div><\/div><\/div><\/div><\/div><div class=\"vc_col-sm-5 wpb_column vc_column_container\"><div class=\"vc_column-inner\"><div class=\"wpb_wrapper\"><\/div><\/div><\/div><\/div><\/div><\/section><section class=\"l-section wpb_row us_custom_f86a26c2 purple-background has_text_color height_medium\"><div class=\"l-section-h i-cf\"><div class=\"g-cols vc_row via_flex valign_top type_default stacking_default\"><div class=\"vc_col-sm-12 wpb_column vc_column_container\"><div class=\"vc_column-inner\"><div class=\"wpb_wrapper\"><div class=\"wpb_text_column us_custom_1d684515\"><div class=\"wpb_wrapper\"><h1>Najcz\u0119\u015bciej zadawane pytania<\/h1>\n<\/div><\/div><div class=\"w-tabs purple-background style_default switch_click accordion has_scrolling\" style=\"--sections-title-size:inherit\"><div class=\"w-tabs-sections titles-align_none icon_plus cpos_right\"><div class=\"w-tabs-section\" id=\"1586442649303-c85b34fe-5347\"><button class=\"w-tabs-section-header\" aria-controls=\"content-1586442649303-c85b34fe-5347\" aria-expanded=\"false\"><div class=\"w-tabs-section-title\">Na przedniej szybie mojego pojazdu nie umieszczono wezwania do zap\u0142aty, dlaczego teraz otrzymuj\u0119 wezwanie do zap\u0142aty?<\/div><div class=\"w-tabs-section-control\"><\/div><\/button><div  class=\"w-tabs-section-content\" id=\"content-1586442649303-c85b34fe-5347\"><div class=\"w-tabs-section-content-h i-cf\"><div class=\"wpb_text_column\"><div class=\"wpb_wrapper\"><p>Wszystkie nasze wezwania do zap\u0142aty zawieraj\u0105 zdj\u0119cie potwierdzaj\u0105ce, \u017ce wezwanie do uiszczenia dop\u0142at wystawiony przez inspektora zosta\u0142 umieszczony na przedniej szybie pojazdu.<\/p>\n<\/div><\/div><\/div><\/div><\/div><div class=\"w-tabs-section\" id=\"1586442649337-80aaa8e7-46d7\"><button class=\"w-tabs-section-header\" aria-controls=\"content-1586442649337-80aaa8e7-46d7\" aria-expanded=\"false\"><div class=\"w-tabs-section-title\">W momencie kontroli to nie ja prowadzi\u0142em pojazd. Czy musz\u0119 poda\u0107 dane u\u017cytkownika pojazdu?<\/div><div class=\"w-tabs-section-control\"><\/div><\/button><div  class=\"w-tabs-section-content\" id=\"content-1586442649337-80aaa8e7-46d7\"><div class=\"w-tabs-section-content-h i-cf\"><div class=\"wpb_text_column\"><div class=\"wpb_wrapper\"><div><span lang=\"PL\">Przez korzystanie z p\u0142atnego parkowania powstaje stosunek cywilnoprawny. Dop\u0142ata na\u0142o\u017cona z tytu\u0142u niezap\u0142acenia op\u0142aty jest pozwem cywilnym. Na podstawie obowi\u0105zuj\u0105cych przepis\u00f3w w\u0142a\u015bciciel pojazdu zobowi\u0105zany jest do uiszczenia op\u0142aty dodatkowej, do kt\u00f3rej nie jest wymagane podanie imienia i nazwiska u\u017cytkownika pojazdu<\/span><\/div>\n<\/div><\/div><\/div><\/div><\/div><div class=\"w-tabs-section\" id=\"1586443075452-36b3b1b4-6e29\"><button class=\"w-tabs-section-header\" aria-controls=\"content-1586443075452-36b3b1b4-6e29\" aria-expanded=\"false\"><div class=\"w-tabs-section-title\">W momencie kontroli nie by\u0142em w\u0142a\u015bcicielem pojazdu, ale otrzyma\u0142em wezwanie do zap\u0142aty. Co mog\u0119 zrobi\u0107?<\/div><div class=\"w-tabs-section-control\"><\/div><\/button><div  class=\"w-tabs-section-content\" id=\"content-1586443075452-36b3b1b4-6e29\"><div class=\"w-tabs-section-content-h i-cf\"><div class=\"wpb_text_column\"><div class=\"wpb_wrapper\"><p>W momencie kontroli otrzymujemy oficjalne dane o u\u017cytkowniku pojazdu od organu rejestruj\u0105cego, w kt\u00f3rym pojazd zosta\u0142 zarejestrowany. Je\u015bli w momencie kontroli nie by\u0142e\u015b ju\u017c w\u0142a\u015bcicielem pojazdu, prze\u015blij nam do wgl\u0105du kopi\u0119 oficjalnych dokument\u00f3w potwierdzaj\u0105cych zmian\u0119 w\u0142a\u015bciciela (np. umowa sprzeda\u017cy, formularz rejestracyjny pojazdu).<\/p>\n<\/div><\/div><\/div><\/div><\/div><div class=\"w-tabs-section\" id=\"1586443107014-23a37432-8e86\"><button class=\"w-tabs-section-header\" aria-controls=\"content-1586443107014-23a37432-8e86\" aria-expanded=\"false\"><div class=\"w-tabs-section-title\">Zap\u0142aci\u0142em nale\u017cn\u0105 kwot\u0119 bezpo\u015brednio organowi wydaj\u0105cemu. Dlaczego otrzymuj\u0119 kolejne wezwanie do zap\u0142aty?<\/div><div class=\"w-tabs-section-control\"><\/div><\/button><div  class=\"w-tabs-section-content\" id=\"content-1586443107014-23a37432-8e86\"><div class=\"w-tabs-section-content-h i-cf\"><div class=\"wpb_text_column\"><div class=\"wpb_wrapper\"><p>Je\u015bli kwot\u0119 dop\u0142aty wp\u0142aci\u0142e\u015b bezpo\u015brednio do organu wydaj\u0105cego przed otrzymaniem naszego listu, prze\u015blij nam dow\u00f3d wp\u0142aty w celu rozpatrzenia sprawy.<\/p>\n<p>Je\u015bli po otrzymaniu naszego wezwania do zap\u0142aty ui\u015bci\u0142e\u015b dop\u0142at\u0119 bezpo\u015brednio na rzecz organu wydaj\u0105cego, musisz ui\u015bci\u0107 op\u0142at\u0119 administracyjn\u0105 za potwierdzenie dop\u0142aty, kt\u00f3ra obejmuje koszty identyfikacji u\u017cytkownika pojazdu, przetwarzania danych i us\u0142ug pocztowych.<\/p>\n<\/div><\/div><\/div><\/div><\/div><div class=\"w-tabs-section\" id=\"1586443126979-c923601d-8de0\"><button class=\"w-tabs-section-header\" aria-controls=\"content-1586443126979-c923601d-8de0\" aria-expanded=\"false\"><div class=\"w-tabs-section-title\">Skradziono mi samoch\u00f3d lub tablic\u0119 rejestracyjn\u0105. Co mog\u0119 zrobi\u0107?<\/div><div class=\"w-tabs-section-control\"><\/div><\/button><div  class=\"w-tabs-section-content\" id=\"content-1586443126979-c923601d-8de0\"><div class=\"w-tabs-section-content-h i-cf\"><div class=\"wpb_text_column\"><div class=\"wpb_wrapper\"><p>Prosimy o przes\u0142anie raportu policyjnego dotycz\u0105cego kradzie\u017cy w celu rozpoznania sptrawy.<\/p>\n<\/div><\/div><\/div><\/div><\/div><\/div><\/div><\/div><\/div><\/div><\/div><\/div><\/section><section class=\"l-section wpb_row height_medium\"><div class=\"l-section-h i-cf\"><div class=\"g-cols vc_row via_flex valign_top type_default stacking_default\"><div class=\"vc_col-sm-12 wpb_column vc_column_container\"><div class=\"vc_column-inner\"><div class=\"wpb_wrapper\"><div class=\"wpb_text_column us_custom_1d684515\"><div class=\"wpb_wrapper\"><h2>Organy wydaj\u0105ce<\/h2>\n<\/div><\/div><div class=\"w-separator size_small\"><\/div><div class=\"w-map provider_google issuing-bodies-map\" id=\"us_map_1\"><div class=\"w-map-json\" onclick='return {&quot;address&quot;:&quot;1011 Budapest, Iskola utca 33&quot;,&quot;zoom&quot;:12,&quot;hideControls&quot;:0,&quot;disableZoom&quot;:0,&quot;disableDragging&quot;:0,&quot;markers&quot;:[{&quot;address&quot;:&quot;1011 Budapest, Iskola utca 33&quot;,&quot;html&quot;:&quot;&lt;p&gt;&lt;img src=\\&quot;https:\\\/\\\/uai.artwork2sell.com\\\/wp-content\\\/uploads\\\/2020\\\/04\\\/city.svg\\&quot;&gt;City: &lt;b&gt;Budapest, District I&lt;\\\/b&gt;&lt;\\\/p&gt;\\n&lt;p&gt;&lt;img src=\\&quot;https:\\\/\\\/uai.artwork2sell.com\\\/wp-content\\\/uploads\\\/2020\\\/04\\\/parking.svg\\&quot;&gt;Parking administrator: &lt;b&gt;Budav\\u00e1ri Kapu&lt;\\\/b&gt;&lt;\\\/p&gt;\\n&lt;p&gt;&lt;img src=\\&quot;https:\\\/\\\/uai.artwork2sell.com\\\/wp-content\\\/uploads\\\/2020\\\/04\\\/point-2.svg\\&quot;&gt;&lt;b&gt;Address: 1011 Budapest, Iskola utca 33&lt;\\\/b&gt;&lt;\\\/p&gt;\\n&lt;p&gt;&lt;img src=\\&quot;https:\\\/\\\/uai.artwork2sell.com\\\/wp-content\\\/uploads\\\/2020\\\/04\\\/envelope.svg\\&quot;&gt;Email: &lt;b&gt;ugyfelszolgalat@budavarikapu.hu&lt;\\\/b&gt;&lt;\\\/p&gt;\\n&lt;p&gt;&lt;img src=\\&quot;https:\\\/\\\/uai.artwork2sell.com\\\/wp-content\\\/uploads\\\/2020\\\/04\\\/phone.svg\\&quot;&gt;Telephone: &lt;b&gt;0036 1 303-3220&lt;\\\/b&gt;&lt;\\\/p&gt;\\n&lt;p&gt;&lt;img src=\\&quot;https:\\\/\\\/uai.artwork2sell.com\\\/wp-content\\\/uploads\\\/2020\\\/04\\\/www.svg\\&quot;&gt;Website: &lt;b&gt;&lt;a href=\\&quot;http:\\\/\\\/www.budavarikapu.hu\\\/\\&quot;&gt;http:\\\/\\\/www.budavarikapu.hu\\\/&lt;\\\/a&gt;&lt;\\\/b&gt;&lt;\\\/p&gt;&quot;,&quot;infowindow&quot;:0},{&quot;address&quot;:&quot;1054 Budapest, Podmaniczky Frigyes t\\u00e9r 6&quot;,&quot;html&quot;:&quot;&lt;p&gt;&lt;img src=\\&quot;https:\\\/\\\/uai.group\\\/wp-content\\\/uploads\\\/2020\\\/04\\\/city.svg\\&quot;&gt;City: &lt;b&gt;Budapest, District V&lt;\\\/b&gt;&lt;\\\/p&gt;\\n&lt;p&gt;&lt;img src=\\&quot;https:\\\/\\\/uai.group\\\/wp-content\\\/uploads\\\/2020\\\/04\\\/parking.svg\\&quot;&gt;Parking administrator: &lt;b&gt;Belv\\u00e1ros-Lip\\u00f3tv\\u00e1ros&lt;\\\/b&gt;&lt;\\\/p&gt;\\n&lt;p&gt;&lt;img src=\\&quot;https:\\\/\\\/uai.group\\\/wp-content\\\/uploads\\\/2020\\\/04\\\/point-2.svg\\&quot;&gt;&lt;b&gt;1054 Budapest, Podmaniczky Frigyes t\\u00e9r 6&lt;\\\/b&gt;&lt;\\\/p&gt;\\n&lt;p&gt;&lt;img src=\\&quot;https:\\\/\\\/uai.group\\\/wp-content\\\/uploads\\\/2020\\\/04\\\/envelope.svg\\&quot;&gt;Email: &lt;b&gt;parkolasellenorzes@belvaros-lipotvaros.hu&lt;\\\/b&gt;&lt;\\\/p&gt;\\n&lt;p&gt;&lt;img src=\\&quot;https:\\\/\\\/uai.group\\\/wp-content\\\/uploads\\\/2020\\\/04\\\/phone.svg\\&quot;&gt;Telephone: &lt;b&gt;0036 1 872-7593&lt;\\\/b&gt;&lt;\\\/p&gt;\\n&lt;p&gt;&lt;img src=\\&quot;https:\\\/\\\/uai.group\\\/wp-content\\\/uploads\\\/2020\\\/04\\\/www.svg\\&quot;&gt;Website: &lt;b&gt;&lt;a href=\\&quot;http:\\\/\\\/www.blkf.hu\\\/\\&quot;&gt;http:\\\/\\\/www.blkf.hu\\\/&lt;\\\/a&gt;&lt;\\\/b&gt;&lt;\\\/p&gt;&quot;,&quot;marker_img&quot;:[&quot;https:\\\/\\\/uai.group\\\/wp-content\\\/uploads\\\/2020\\\/04\\\/point-1.svg&quot;,22,22,false],&quot;marker_size&quot;:[&quot;40&quot;,&quot;40&quot;]},{&quot;address&quot;:&quot;1071 Budapest, Peterdy utca 6&quot;,&quot;html&quot;:&quot;&lt;p&gt;&lt;img src=\\&quot;https:\\\/\\\/uai.group\\\/wp-content\\\/uploads\\\/2020\\\/04\\\/city.svg\\&quot;&gt;City: &lt;b&gt;Budapest, District VII&lt;\\\/b&gt;&lt;\\\/p&gt;\\n&lt;p&gt;&lt;img src=\\&quot;https:\\\/\\\/uai.group\\\/wp-content\\\/uploads\\\/2020\\\/04\\\/parking.svg\\&quot;&gt;Parking administrator: &lt;b&gt;Er-Park Kft.&lt;\\\/b&gt;&lt;\\\/p&gt;\\n&lt;p&gt;&lt;img src=\\&quot;https:\\\/\\\/uai.group\\\/wp-content\\\/uploads\\\/2020\\\/04\\\/point-2.svg\\&quot;&gt;&lt;b&gt;1071 Budapest, Peterdy utca 6.&lt;\\\/b&gt;&lt;\\\/p&gt;\\n&lt;p&gt;&lt;img src=\\&quot;https:\\\/\\\/uai.group\\\/wp-content\\\/uploads\\\/2020\\\/04\\\/envelope.svg\\&quot;&gt;Email: &lt;b&gt;ugyfelszolgalat@erpark.hu&lt;\\\/b&gt;&lt;\\\/p&gt;\\n&lt;p&gt;&lt;img src=\\&quot;https:\\\/\\\/uai.group\\\/wp-content\\\/uploads\\\/2020\\\/04\\\/phone.svg\\&quot;&gt;Telephone: &lt;b&gt;0036 1413 49 36&lt;\\\/b&gt;&lt;\\\/p&gt;\\n&lt;p&gt;&lt;img src=\\&quot;https:\\\/\\\/uai.group\\\/wp-content\\\/uploads\\\/2020\\\/04\\\/www.svg\\&quot;&gt;Website: &lt;b&gt;&lt;a href=\\&quot;http:\\\/\\\/www.erpark.hu\\\/\\&quot;&gt;http:\\\/\\\/www.erpark.hu\\\/&lt;\\\/a&gt;&lt;\\\/b&gt;&lt;\\\/p&gt;&quot;,&quot;marker_img&quot;:[&quot;https:\\\/\\\/uai.group\\\/wp-content\\\/uploads\\\/2020\\\/04\\\/point-1.svg&quot;,22,22,false],&quot;marker_size&quot;:[&quot;40&quot;,&quot;40&quot;]},{&quot;address&quot;:&quot;1093 Budapest, L\\u00f3nyay utca 13\\\/a&quot;,&quot;html&quot;:&quot;&lt;p&gt;&lt;img src=\\&quot;https:\\\/\\\/uai.group\\\/wp-content\\\/uploads\\\/2020\\\/04\\\/city.svg\\&quot;&gt;City: &lt;b&gt;Budapest, District IX&lt;\\\/b&gt;&lt;\\\/p&gt;\\n&lt;p&gt;&lt;img src=\\&quot;https:\\\/\\\/uai.group\\\/wp-content\\\/uploads\\\/2020\\\/04\\\/parking.svg\\&quot;&gt;Parking administrator: &lt;b&gt;Ferencv\\u00e1rosi Vagyonkezel\\u0151 \\u00e9s V\\u00e1rosfejleszt\\u00f3 Zrt.&lt;\\\/b&gt;&lt;\\\/p&gt;\\n&lt;p&gt;&lt;img src=\\&quot;https:\\\/\\\/uai.group\\\/wp-content\\\/uploads\\\/2020\\\/04\\\/point-2.svg\\&quot;&gt;&lt;b&gt;1093 Budapest, L\\u00f3nyay utca 13\\\/a.&lt;\\\/b&gt;&lt;\\\/p&gt;\\n&lt;p&gt;&lt;img src=\\&quot;https:\\\/\\\/uai.group\\\/wp-content\\\/uploads\\\/2020\\\/04\\\/envelope.svg\\&quot;&gt;Email: &lt;b&gt;ugyfelszolgalat@ferencvarosiparkolas.hu&lt;\\\/b&gt;&lt;\\\/p&gt;\\n&lt;p&gt;&lt;img src=\\&quot;https:\\\/\\\/uai.group\\\/wp-content\\\/uploads\\\/2020\\\/04\\\/phone.svg\\&quot;&gt;Telephone: &lt;b&gt;0036 16 777 295&lt;\\\/b&gt;&lt;\\\/p&gt;\\n&lt;p&gt;&lt;img src=\\&quot;https:\\\/\\\/uai.group\\\/wp-content\\\/uploads\\\/2020\\\/04\\\/www.svg\\&quot;&gt;Website: &lt;b&gt;&lt;a href=\\&quot;http:\\\/\\\/www.ferencvarosiparkolas.hu\\\/\\&quot;&gt;http:\\\/\\\/www.ferencvarosiparkolas.hu\\\/&lt;\\\/a&gt;&lt;\\\/b&gt;&lt;\\\/p&gt;&quot;,&quot;marker_img&quot;:[&quot;https:\\\/\\\/uai.group\\\/wp-content\\\/uploads\\\/2020\\\/04\\\/point-1.svg&quot;,22,22,false],&quot;marker_size&quot;:[&quot;40&quot;,&quot;40&quot;]},{&quot;address&quot;:&quot;Budapest XII., B\\u00f6sz\\u00f6rm\\u00e9nyi \\u00fat 23-25&quot;,&quot;html&quot;:&quot;&lt;p&gt;&lt;img src=\\&quot;https:\\\/\\\/uai.group\\\/wp-content\\\/uploads\\\/2020\\\/04\\\/city.svg\\&quot;&gt;City: &lt;b&gt;Budapest, District XII&lt;\\\/b&gt;&lt;\\\/p&gt;\\n&lt;p&gt;&lt;img src=\\&quot;https:\\\/\\\/uai.group\\\/wp-content\\\/uploads\\\/2020\\\/04\\\/parking.svg\\&quot;&gt;Parking administrator: &lt;b&gt;Hegyvid\\u00e9ki \\u00d6nkorm\\u00e1nyzat&lt;\\\/b&gt;&lt;\\\/p&gt;\\n&lt;p&gt;&lt;img src=\\&quot;https:\\\/\\\/uai.group\\\/wp-content\\\/uploads\\\/2020\\\/04\\\/point-2.svg\\&quot;&gt;&lt;b&gt;Budapest XII., B\\u00f6sz\\u00f6rm\\u00e9nyi \\u00fat 23-25.&lt;\\\/b&gt;&lt;\\\/p&gt;\\n&lt;p&gt;&lt;img src=\\&quot;https:\\\/\\\/uai.group\\\/wp-content\\\/uploads\\\/2020\\\/04\\\/envelope.svg\\&quot;&gt;Email: &lt;b&gt;onkormanyzat@hegyvidek.hu&lt;\\\/b&gt;&lt;\\\/p&gt;\\n&lt;p&gt;&lt;img src=\\&quot;https:\\\/\\\/uai.group\\\/wp-content\\\/uploads\\\/2020\\\/04\\\/phone.svg\\&quot;&gt;Telephone: &lt;b&gt;0036 1 224 5900&lt;\\\/b&gt;&lt;\\\/p&gt;\\n&lt;p&gt;&lt;img src=\\&quot;https:\\\/\\\/uai.group\\\/wp-content\\\/uploads\\\/2020\\\/04\\\/www.svg\\&quot;&gt;Website: &lt;b&gt;&lt;a href=\\&quot;https:\\\/\\\/www.hegyvidek.hu\\&quot;&gt;https:\\\/\\\/www.hegyvidek.hu&lt;\\\/a&gt;&lt;\\\/b&gt;&lt;\\\/p&gt;&quot;,&quot;marker_img&quot;:[&quot;https:\\\/\\\/uai.group\\\/wp-content\\\/uploads\\\/2020\\\/04\\\/point-1.svg&quot;,22,22,false],&quot;marker_size&quot;:[&quot;40&quot;,&quot;40&quot;]},{&quot;address&quot;:&quot;1131 Budapest, Hajd\\u00fa u. 29&quot;,&quot;html&quot;:&quot;&lt;p&gt;&lt;img src=\\&quot;https:\\\/\\\/uai.group\\\/wp-content\\\/uploads\\\/2020\\\/04\\\/city.svg\\&quot;&gt;City: &lt;b&gt;Budapest, District XIII&lt;\\\/b&gt;&lt;\\\/p&gt;\\n&lt;p&gt;&lt;img src=\\&quot;https:\\\/\\\/uai.group\\\/wp-content\\\/uploads\\\/2020\\\/04\\\/parking.svg\\&quot;&gt;Parking administrator: &lt;b&gt;Ker\\u00fcleti K\\u00f6zszolg\\u00e1ltat\\u00f3 Zrt.&lt;\\\/b&gt;&lt;\\\/p&gt;\\n&lt;p&gt;&lt;img src=\\&quot;https:\\\/\\\/uai.group\\\/wp-content\\\/uploads\\\/2020\\\/04\\\/point-2.svg\\&quot;&gt;&lt;b&gt;1131 Budapest, Hajd\\u00fa u. 29.&lt;\\\/b&gt;&lt;\\\/p&gt;\\n&lt;p&gt;&lt;img src=\\&quot;https:\\\/\\\/uai.group\\\/wp-content\\\/uploads\\\/2020\\\/04\\\/envelope.svg\\&quot;&gt;Email: &lt;b&gt;parkolas@kozszolgaltato.bp13.hu &lt;\\\/b&gt;&lt;\\\/p&gt;\\n&lt;p&gt;&lt;img src=\\&quot;https:\\\/\\\/uai.group\\\/wp-content\\\/uploads\\\/2020\\\/04\\\/phone.svg\\&quot;&gt;Telephone: &lt;b&gt;0036 1 478 5050; 0036 1 478 5000&lt;\\\/b&gt;&lt;\\\/p&gt;\\n&lt;p&gt;&lt;img src=\\&quot;https:\\\/\\\/uai.group\\\/wp-content\\\/uploads\\\/2020\\\/04\\\/www.svg\\&quot;&gt;Website: &lt;b&gt;&lt;a href=\\&quot; https:\\\/\\\/www.kozszolgaltato.bp13.hu\\&quot;&gt; https:\\\/\\\/www.kozszolgaltato.bp13.hu&lt;\\\/a&gt;&lt;\\\/b&gt;&lt;\\\/p&gt;&quot;,&quot;marker_img&quot;:[&quot;https:\\\/\\\/uai.group\\\/wp-content\\\/uploads\\\/2020\\\/04\\\/point-1.svg&quot;,22,22,false],&quot;marker_size&quot;:[&quot;40&quot;,&quot;40&quot;]},{&quot;address&quot;:&quot;Budapest XIV. ker\\u00fclet, Nagy Lajos kir\\u00e1ly \\u00fatja 73.-77&quot;,&quot;html&quot;:&quot;&lt;p&gt;&lt;img src=\\&quot;https:\\\/\\\/uai.group\\\/wp-content\\\/uploads\\\/2020\\\/04\\\/city.svg\\&quot;&gt;City: &lt;b&gt;Budapest, District XIV&lt;\\\/b&gt;&lt;\\\/p&gt;\\n&lt;p&gt;&lt;img src=\\&quot;https:\\\/\\\/uai.group\\\/wp-content\\\/uploads\\\/2020\\\/04\\\/parking.svg\\&quot;&gt;Parking administrator: &lt;b&gt;Zugl\\u00f3i K\\u00f6zbiztons\\u00e1gi Non-Profit Kft&lt;\\\/b&gt;&lt;\\\/p&gt;\\n&lt;p&gt;&lt;img src=\\&quot;https:\\\/\\\/uai.group\\\/wp-content\\\/uploads\\\/2020\\\/04\\\/point-2.svg\\&quot;&gt;&lt;b&gt;Budapest XIV. ker\\u00fclet, Nagy Lajos kir\\u00e1ly \\u00fatja 73.-77&lt;\\\/b&gt;&lt;\\\/p&gt;\\n&lt;p&gt;&lt;img src=\\&quot;https:\\\/\\\/uai.group\\\/wp-content\\\/uploads\\\/2020\\\/04\\\/envelope.svg\\&quot;&gt;Email: &lt;b&gt;parkolas@zugloiparkolas.hu&lt;\\\/b&gt;&lt;\\\/p&gt;\\n&lt;p&gt;&lt;img src=\\&quot;https:\\\/\\\/uai.group\\\/wp-content\\\/uploads\\\/2020\\\/04\\\/phone.svg\\&quot;&gt;Telephone: &lt;b&gt;0036 1 999 5090&lt;\\\/b&gt;&lt;\\\/p&gt;\\n&lt;p&gt;&lt;img src=\\&quot;https:\\\/\\\/uai.group\\\/wp-content\\\/uploads\\\/2020\\\/04\\\/www.svg\\&quot;&gt;Website: &lt;b&gt;&lt;a href=\\&quot;https:\\\/\\\/www.zugloiparkolas.hu\\\/\\&quot;&gt;https:\\\/\\\/www.zugloiparkolas.hu\\\/&lt;\\\/a&gt;&lt;\\\/b&gt;&lt;\\\/p&gt;&quot;,&quot;marker_img&quot;:[&quot;https:\\\/\\\/uai.group\\\/wp-content\\\/uploads\\\/2020\\\/04\\\/point-1.svg&quot;,22,22,false],&quot;marker_size&quot;:[&quot;40&quot;,&quot;40&quot;]},{&quot;address&quot;:&quot;9700 Szombathely, K\\u0151szegi utca 11-17.&quot;,&quot;html&quot;:&quot;&lt;p&gt;&lt;img src=\\&quot;https:\\\/\\\/uai.group\\\/wp-content\\\/uploads\\\/2020\\\/04\\\/city.svg\\&quot;&gt;City: &lt;b&gt;Szombathely&lt;\\\/b&gt;&lt;\\\/p&gt;\\n&lt;p&gt;&lt;img src=\\&quot;https:\\\/\\\/uai.group\\\/wp-content\\\/uploads\\\/2020\\\/04\\\/parking.svg\\&quot;&gt;Parking administrator: &lt;b&gt;SZOVA Szombathelyi Vagyonhasznos\\u00edt\\u00f3 \\u00e9s V\\u00e1rosgazd\\u00e1lkod\\u00e1si Zrt.&lt;\\\/b&gt;&lt;\\\/p&gt;\\n&lt;p&gt;&lt;img src=\\&quot;https:\\\/\\\/uai.group\\\/wp-content\\\/uploads\\\/2020\\\/04\\\/point-2.svg\\&quot;&gt;&lt;b&gt;9700 Szombathely, K\\u0151szegi utca 11-17.&lt;\\\/b&gt;&lt;\\\/p&gt;\\n&lt;p&gt;&lt;img src=\\&quot;https:\\\/\\\/uai.group\\\/wp-content\\\/uploads\\\/2020\\\/04\\\/envelope.svg\\&quot;&gt;Email: &lt;b&gt;titkarsag@szova.hu&lt;\\\/b&gt;&lt;\\\/p&gt;\\n&lt;p&gt;&lt;img src=\\&quot;https:\\\/\\\/uai.group\\\/wp-content\\\/uploads\\\/2020\\\/04\\\/phone.svg\\&quot;&gt;Telephone: &lt;b&gt;0036 94 339 889&lt;\\\/b&gt;&lt;\\\/p&gt;\\n&lt;p&gt;&lt;img src=\\&quot;https:\\\/\\\/uai.group\\\/wp-content\\\/uploads\\\/2020\\\/04\\\/www.svg\\&quot;&gt;Website: &lt;b&gt;&lt;a href=\\&quot;http:\\\/\\\/szova.hu\\\/\\&quot;&gt;http:\\\/\\\/szova.hu\\\/&lt;\\\/a&gt;&lt;\\\/b&gt;&lt;\\\/p&gt;&quot;,&quot;marker_img&quot;:[&quot;https:\\\/\\\/uai.group\\\/wp-content\\\/uploads\\\/2020\\\/04\\\/point-1.svg&quot;,22,22,false],&quot;marker_size&quot;:[&quot;40&quot;,&quot;40&quot;]},{&quot;address&quot;:&quot;9970 Szentgotth\\u00e1rd, Sz\\u00e9ll K. t\\u00e9r 11.&quot;,&quot;html&quot;:&quot;&lt;p&gt;&lt;img src=\\&quot;https:\\\/\\\/uai.group\\\/wp-content\\\/uploads\\\/2020\\\/04\\\/city.svg\\&quot;&gt;City: &lt;b&gt;Szentgotth\\u00e1rd&lt;\\\/b&gt;&lt;\\\/p&gt;\\n&lt;p&gt;&lt;img src=\\&quot;https:\\\/\\\/uai.group\\\/wp-content\\\/uploads\\\/2020\\\/04\\\/parking.svg\\&quot;&gt;Parking administrator: &lt;b&gt;Szentgotth\\u00e1rdni Eszk\\u00f6zkezel\\u0151 \\u00e9s Telep\\u00fcl\\u00e9sfejleszt\\u0151 Kft.&lt;\\\/b&gt;&lt;\\\/p&gt;\\n&lt;p&gt;&lt;img src=\\&quot;https:\\\/\\\/uai.group\\\/wp-content\\\/uploads\\\/2020\\\/04\\\/point-2.svg\\&quot;&gt;&lt;b&gt;9970 Szentgotth\\u00e1rd, Sz\\u00e9ll K. t\\u00e9r 11.&lt;\\\/b&gt;&lt;\\\/p&gt;\\n&lt;p&gt;&lt;img src=\\&quot;https:\\\/\\\/uai.group\\\/wp-content\\\/uploads\\\/2020\\\/04\\\/envelope.svg\\&quot;&gt;Email: &lt;b&gt;info@szetszentgotthard.hu&lt;\\\/b&gt;&lt;\\\/p&gt;\\n&lt;p&gt;&lt;img src=\\&quot;https:\\\/\\\/uai.group\\\/wp-content\\\/uploads\\\/2020\\\/04\\\/phone.svg\\&quot;&gt;Telephone: &lt;b&gt;0036 94 553 023&lt;\\\/b&gt;&lt;\\\/p&gt;\\n&lt;p&gt;&lt;img src=\\&quot;https:\\\/\\\/uai.group\\\/wp-content\\\/uploads\\\/2020\\\/04\\\/www.svg\\&quot;&gt;Website: &lt;b&gt;&lt;a href=\\&quot;http:\\\/\\\/www.szet-kft.hu\\&quot;&gt;http:\\\/\\\/www.szet-kft.hu&lt;\\\/a&gt;&lt;\\\/b&gt;&lt;\\\/p&gt;&quot;,&quot;marker_img&quot;:[&quot;https:\\\/\\\/uai.group\\\/wp-content\\\/uploads\\\/2020\\\/04\\\/point-1.svg&quot;,22,22,false],&quot;marker_size&quot;:[&quot;40&quot;,&quot;40&quot;]}],&quot;icon&quot;:{&quot;url&quot;:&quot;https:\\\/\\\/uai.group\\\/wp-content\\\/uploads\\\/2020\\\/04\\\/point-1.svg&quot;,&quot;size&quot;:[40,40]},&quot;maptype&quot;:&quot;ROADMAP&quot;}'><\/div><\/div><\/div><\/div><\/div><\/div><\/div><\/section>\n","protected":false},"excerpt":{"rendered":"Op\u0142ata za parking Dop\u0142ata za parkowanie obowi\u0105zuje, je\u015bli nie kupi\u0142e\u015b biletu parkingowego na p\u0142atnym parkingu, bilet parkingowy straci\u0142 wa\u017cno\u015b\u0107 lub niew\u0142a\u015bciwie umie\u015bci\u0142e\u015b go za przedni\u0105 szyb\u0105 pojazdu. Informacje dotycz\u0105ce p\u0142atno\u015bci Aby uzyska\u0107 informacje o tym, jak sp\u0142aci\u0107 swoj\u0105 nale\u017cno\u015b\u0107, odwied\u017a sekcj\u0119 Metody p\u0142atno\u015bci. Zap\u0142aci\u0142em ju\u017c za dop\u0142at\u0119 Zap\u0142aci\u0142em ju\u017c dop\u0142at\u0119 za parkowanie po otrzymaniu pierwszego...","protected":false},"author":5,"featured_media":0,"parent":0,"menu_order":0,"comment_status":"closed","ping_status":"closed","template":"","meta":{"footnotes":""},"class_list":["post-4980","page","type-page","status-publish","hentry"],"_links":{"self":[{"href":"https:\/\/uai.group\/pl\/wp-json\/wp\/v2\/pages\/4980","targetHints":{"allow":["GET"]}}],"collection":[{"href":"https:\/\/uai.group\/pl\/wp-json\/wp\/v2\/pages"}],"about":[{"href":"https:\/\/uai.group\/pl\/wp-json\/wp\/v2\/types\/page"}],"author":[{"embeddable":true,"href":"https:\/\/uai.group\/pl\/wp-json\/wp\/v2\/users\/5"}],"replies":[{"embeddable":true,"href":"https:\/\/uai.group\/pl\/wp-json\/wp\/v2\/comments?post=4980"}],"version-history":[{"count":7,"href":"https:\/\/uai.group\/pl\/wp-json\/wp\/v2\/pages\/4980\/revisions"}],"predecessor-version":[{"id":19045,"href":"https:\/\/uai.group\/pl\/wp-json\/wp\/v2\/pages\/4980\/revisions\/19045"}],"wp:attachment":[{"href":"https:\/\/uai.group\/pl\/wp-json\/wp\/v2\/media?parent=4980"}],"curies":[{"name":"wp","href":"https:\/\/api.w.org\/{rel}","templated":true}]}}