{"id":4978,"date":"2020-04-06T14:03:54","date_gmt":"2020-04-06T14:03:54","guid":{"rendered":"https:\/\/uai.group\/public-sector\/"},"modified":"2026-04-23T10:35:20","modified_gmt":"2026-04-23T08:35:20","slug":"public-sector","status":"publish","type":"page","link":"https:\/\/uai.group\/pl\/public-sector\/","title":{"rendered":"Sektor publiczny"},"content":{"rendered":"<section class=\"l-section wpb_row us_custom_0fdda357 height_medium with_img\" id=\"public-sector\"><div class=\"l-section-img\" style=\"background-image: url(https:\/\/uai.group\/wp-content\/uploads\/2020\/04\/uai-public-sector-header-01-scaled.jpg);background-repeat: no-repeat;\" data-img-width=\"2560\" data-img-height=\"1097\"><\/div><div class=\"l-section-overlay\" style=\"background:rgba(21,11,0,0.35)\"><\/div><div class=\"l-section-h i-cf\"><div class=\"g-cols vc_row via_flex valign_middle type_default stacking_default\"><div class=\"vc_col-sm-12 vc_col-lg-offset-0 vc_col-md-offset-0 wpb_column vc_column_container white-text-on-img\"><div class=\"vc_column-inner us_custom_770d8848\"><div class=\"wpb_wrapper\"><div class=\"wpb_text_column us_custom_d98eb4eb\"><div class=\"wpb_wrapper\"><h1 class=\"p1\"><strong>Sektor publiczny<\/strong><\/h1>\n<p>UAI SOLUTIONS GmbH jest jednym z lider\u00f3w rynku w dziedzinie windykacji roszcze\u0144 transgranicznych zwi\u0105zanych z pojazdami. samochodowymi.<\/p>\n<\/div><\/div><\/div><\/div><\/div><\/div><\/div><\/section><section class=\"l-section wpb_row us_custom_ef8c6c30 height_medium\" id=\"public-text\"><div class=\"l-section-h i-cf\"><div class=\"g-cols vc_row via_flex valign_top type_default stacking_default\"><div class=\"vc_col-sm-12 vc_col-lg-offset-0 wpb_column vc_column_container\"><div class=\"vc_column-inner\"><div class=\"wpb_wrapper\"><div class=\"wpb_text_column us_custom_59308b53\"><div class=\"wpb_wrapper\"><p>Naszym g\u0142\u00f3wnym punktem odniesienia jest kilkuletnia udana strategiczna wsp\u00f3\u0142praca z Magyar K\u00f6z\u00fat Nonprofit Zrt \u2013 Op\u0142aty drogowe Dzia\u0142, a tak\u017ce efektywne relacje z innymi naszymi partnerami. Nasze kilkudziesi\u0119cioletnie do\u015bwiadczenie, mi\u0119dzynarodowa sie\u0107 korporacyjna, pracownicy wyspecjalizowani w rozwi\u0105zywaniu roszcze\u0144 transgranicznych oraz nowoczesna wiedza technologiczna umo\u017cliwiaj\u0105 nam profesjonaln\u0105 obs\u0142ug\u0119 roszcze\u0144 wynikaj\u0105cych z naruszenia przepis\u00f3w reguluj\u0105cych korzystanie z dr\u00f3g publicznych.<\/p>\n<\/div><\/div><\/div><\/div><\/div><\/div><\/div><\/section><section class=\"l-section wpb_row judicial-debt height_medium width_full\"><div class=\"l-section-h i-cf\"><div class=\"g-cols vc_row via_flex valign_top type_default stacking_default\"><div class=\"vc_col-sm-12 wpb_column vc_column_container\"><div class=\"vc_column-inner\"><div class=\"wpb_wrapper\"><div class=\"wpb_text_column us_custom_35d2902d\"><div class=\"wpb_wrapper\"><h1><strong>Sektor publiczny<\/strong><\/h1>\n<\/div><\/div><div class=\"w-separator us_custom_d500af78 underline-orange size_small with_line width_default thick_4 style_solid color_text align_center\"><div class=\"w-separator-h\"><\/div><\/div><div class=\"w-separator size_large\"><\/div><\/div><\/div><\/div><div class=\"vc_col-sm-8 wpb_column vc_column_container\"><div class=\"vc_column-inner\"><div class=\"wpb_wrapper\"><div class=\"wpb_text_column us_custom_08b9d3a4 judicial-debt-text\"><div class=\"wpb_wrapper\"><h5>Dodatkowe op\u0142aty zwi\u0105zane z u\u017cytkowaniem drogi<\/h5>\n<p>Stabiln\u0105 podstaw\u0105 naszej sp\u00f3\u0142ki jest udana relacja, kt\u00f3r\u0105 od lat utrzymujemy we wsp\u00f3\u0142pracy z Magyar K\u00f6z\u00fat Nonprofit Zrt \u2013 Op\u0142aty drogowe Dzia\u0142. Nasza wszechstronna wiedza i do\u015bwiadczenie wynikaj\u0105 przede wszystkim z tej wsp\u00f3\u0142pracy, co pozwoli\u0142o nam na wypracowanie sprawnie dzia\u0142aj\u0105cego modelu, kt\u00f3ry mo\u017ce by\u0107 skutecznie stosowany r\u00f3wnie\u017c w zakresie innych roszcze\u0144 zwi\u0105zanych z pojazdami.<\/p>\n<p>Je\u015bli jako wierzyciel posiadasz transgraniczne wierzytelno\u015bci o podobnym charakterze, wieloaspektowe dzia\u0142ania windykacyjne, kt\u00f3re chcia\u0142by\u015b powierzy\u0107 firmie zarz\u0105dzaj\u0105cej wierzytelno\u015bciami w efektywnym modelu, skontaktuj si\u0119 z nami. Przedstawiciel naszego dzia\u0142u handlowego skontaktuje si\u0119 z Tob\u0105 jak najszybciej, aby znale\u017a\u0107 odpowiednie i efektywne rozwi\u0105zanie dla organizacji, kt\u00f3r\u0105 reprezentujesz.<\/p>\n<\/div><\/div><div class=\"w-separator size_large\"><\/div><\/div><\/div><\/div><div class=\"vc_col-sm-4 wpb_column vc_column_container has_bg_color\"><div class=\"vc_column-inner us_custom_444ba80a\"><div class=\"wpb_wrapper\"><div class=\"w-separator size_medium\"><\/div><\/div><\/div><\/div><\/div><\/div><\/section><section class=\"l-section wpb_row height_medium width_full\" id=\"parking\"><div class=\"l-section-h i-cf\"><div class=\"g-cols vc_row via_flex valign_top type_default stacking_default\"><div class=\"vc_col-sm-4 wpb_column vc_column_container has_bg_color\"><div class=\"vc_column-inner us_custom_e4c29a07\"><div class=\"wpb_wrapper\"><\/div><\/div><\/div><div class=\"vc_col-sm-8 wpb_column vc_column_container bullet-list\"><div class=\"vc_column-inner us_custom_a3f4f4f4\"><div class=\"wpb_wrapper\"><div class=\"wpb_text_column us_custom_c9518362\"><div class=\"wpb_wrapper\"><h5 class=\"p1\"><strong>Dodatkowa op\u0142ata za parking<\/strong><\/h5>\n<p>Bazuj\u0105c na wieloletnim do\u015bwiadczeniu, z powodzeniem \u015bwiadczymy us\u0142ug\u0119 transgranicznego poboru dodatkowych op\u0142at parkingowych dla r\u00f3\u017cnych firm parkingowych w Unii Europejskiej.<br \/>\nNasza sie\u0107 firm, nasi partnerzy i nasi doradcy prawni, kt\u00f3rzy doskonale znaj\u0105 przepisy poszczeg\u00f3lnych pa\u0144stw cz\u0142onkowskich, umo\u017cliwiaj\u0105 nam dochodzenie roszcze\u0144 wynikaj\u0105cych z uchybie\u0144 parkingowych w kilku krajach UE, ale przede wszystkim w Niemczech, Austrii, Polsce i Rumunii. Ponadto, dzi\u0119ki naszej wcze\u015bniejszej dzia\u0142alno\u015bci, mo\u017cemy z powodzeniem zarz\u0105dza\u0107 wierzytelno\u015bciami w innych krajach.<\/p>\n<p>Je\u015bli jako wierzyciel posiadasz roszczenia transgraniczne o podobnym charakterze, kt\u00f3rych windykacj\u0119 chcia\u0142by\u015b powierzy\u0107 firmie zarz\u0105dzaj\u0105cej wierzytelno\u015bciami w efektywnym modelu, skontaktuj si\u0119 z nami. Przedstawiciel naszego dzia\u0142u handlowego skontaktuje si\u0119 z Tob\u0105 jak najszybciej, aby znale\u017a\u0107 odpowiednie i efektywne rozwi\u0105zanie dla organizacji, kt\u00f3r\u0105 reprezentujesz.<\/p>\n<\/div><\/div><\/div><\/div><\/div><\/div><\/div><\/section><section class=\"l-section wpb_row judicial-debt height_medium width_full\"><div class=\"l-section-h i-cf\"><div class=\"g-cols vc_row via_flex valign_top type_default stacking_default\"><div class=\"vc_col-sm-8 wpb_column vc_column_container\"><div class=\"vc_column-inner us_custom_71a8a418\"><div class=\"wpb_wrapper\"><div class=\"wpb_text_column us_custom_bed1decf judicial-debt-text\"><div class=\"wpb_wrapper\"><h5>Mandaty zwi\u0105zane z pojazdami<\/h5>\n<p>W zale\u017cno\u015bci od charakteru prawnego mandat\u00f3w, mo\u017cemy \u015bwiadczy\u0107 us\u0142ugi transgranicznej windykacji nale\u017cno\u015bci wynikaj\u0105cych z naruszenia przepis\u00f3w prawa o ruchu drogowym przez zagranicznych kierowc\u00f3w.<\/p>\n<p>Opr\u00f3cz samej windykacji mo\u017cemy zapewni\u0107 inne us\u0142ugi powi\u0105zane, takie jak t\u0142umaczenie na j\u0119zyk kraju, w kt\u00f3rym zarejestrowany jest samoch\u00f3d, krajowe us\u0142ugi pocztowe oraz lokalne konto bankowe, kt\u00f3re u\u0142atwiaj\u0105 zap\u0142at\u0119 mandat\u00f3w w walucie preferowanej przez d\u0142u\u017cnika.<\/p>\n<p>Mo\u017cemy r\u00f3wnie\u017c przej\u0105\u0107 sprawy, kt\u00f3re by\u0142y ju\u017c bezskutecznie prowadzone przez inne firmy windykacyjne.<\/p>\n<p>Outsourcing tej us\u0142ugi do UAI SOLUTIONS mo\u017ce mie\u0107 du\u017cy wp\u0142yw na sukces w \u015bci\u0105ganiu nale\u017cno\u015bci od zagranicznych u\u017cytkownik\u00f3w Pa\u0144stwa dr\u00f3g. Podej\u015bcie UAI SOLUTIONS zosta\u0142o z powodzeniem przetestowane dla W\u0142oskich W\u0142adz.<\/p>\n<p>Je\u015bli chcesz uzyska\u0107 wi\u0119cej informacji na temat naszych us\u0142ug, <a href=\"https:\/\/uai.group\/pl\/business-contact\/\">skontaktuj si\u0119<\/a> z nami.<\/p>\n<\/div><\/div><\/div><\/div><\/div><div class=\"vc_col-sm-4 wpb_column vc_column_container has_bg_color\"><div class=\"vc_column-inner us_custom_fcefa581\"><div class=\"wpb_wrapper\"><\/div><\/div><\/div><div class=\"vc_col-sm-12 wpb_column vc_column_container\"><div class=\"vc_column-inner\"><div class=\"wpb_wrapper\"><div class=\"w-separator size_medium\"><\/div><\/div><\/div><\/div><\/div><\/div><\/section>\n","protected":false},"excerpt":{"rendered":"Sektor publiczny UAI SOLUTIONS GmbH jest jednym z lider\u00f3w rynku w dziedzinie windykacji roszcze\u0144 transgranicznych zwi\u0105zanych z pojazdami. samochodowymi. Naszym g\u0142\u00f3wnym punktem odniesienia jest kilkuletnia udana strategiczna wsp\u00f3\u0142praca z Magyar K\u00f6z\u00fat Nonprofit Zrt \u2013 Op\u0142aty drogowe Dzia\u0142, a tak\u017ce efektywne relacje z innymi naszymi partnerami. Nasze kilkudziesi\u0119cioletnie do\u015bwiadczenie, mi\u0119dzynarodowa sie\u0107 korporacyjna, pracownicy wyspecjalizowani w rozwi\u0105zywaniu...","protected":false},"author":5,"featured_media":0,"parent":0,"menu_order":0,"comment_status":"closed","ping_status":"closed","template":"","meta":{"footnotes":""},"class_list":["post-4978","page","type-page","status-publish","hentry"],"_links":{"self":[{"href":"https:\/\/uai.group\/pl\/wp-json\/wp\/v2\/pages\/4978","targetHints":{"allow":["GET"]}}],"collection":[{"href":"https:\/\/uai.group\/pl\/wp-json\/wp\/v2\/pages"}],"about":[{"href":"https:\/\/uai.group\/pl\/wp-json\/wp\/v2\/types\/page"}],"author":[{"embeddable":true,"href":"https:\/\/uai.group\/pl\/wp-json\/wp\/v2\/users\/5"}],"replies":[{"embeddable":true,"href":"https:\/\/uai.group\/pl\/wp-json\/wp\/v2\/comments?post=4978"}],"version-history":[{"count":8,"href":"https:\/\/uai.group\/pl\/wp-json\/wp\/v2\/pages\/4978\/revisions"}],"predecessor-version":[{"id":19049,"href":"https:\/\/uai.group\/pl\/wp-json\/wp\/v2\/pages\/4978\/revisions\/19049"}],"wp:attachment":[{"href":"https:\/\/uai.group\/pl\/wp-json\/wp\/v2\/media?parent=4978"}],"curies":[{"name":"wp","href":"https:\/\/api.w.org\/{rel}","templated":true}]}}