{"id":4967,"date":"2020-06-12T12:48:12","date_gmt":"2020-06-12T12:48:12","guid":{"rendered":"https:\/\/uai.group\/imprint\/"},"modified":"2025-10-29T19:52:14","modified_gmt":"2025-10-29T18:52:14","slug":"imprint","status":"publish","type":"page","link":"https:\/\/uai.group\/pl\/imprint\/","title":{"rendered":"Odcisk"},"content":{"rendered":"<section class=\"l-section wpb_row height_large with_img\"><div class=\"l-section-img\" style=\"background-image: url(https:\/\/uai.group\/wp-content\/uploads\/2020\/05\/uai-home_02-scaled.jpg);background-position: top center;\" data-img-width=\"2560\" data-img-height=\"925\"><\/div><div class=\"l-section-overlay\" style=\"background:rgba(26,26,26,0.35)\"><\/div><div class=\"l-section-h i-cf\"><div class=\"g-cols vc_row via_flex valign_middle type_default stacking_default\"><div class=\"vc_col-sm-12 wpb_column vc_column_container\"><div class=\"vc_column-inner\"><div class=\"wpb_wrapper\"><div class=\"wpb_text_column us_custom_6df4bc3a has_text_color\"><div class=\"wpb_wrapper\"><h1>Odcisk<\/h1>\n<\/div><\/div><\/div><\/div><\/div><\/div><\/div><\/section><section class=\"l-section wpb_row height_medium\"><div class=\"l-section-h i-cf\"><div class=\"g-cols vc_row via_flex valign_top type_default stacking_default\"><div class=\"vc_col-sm-12 wpb_column vc_column_container\"><div class=\"vc_column-inner\"><div class=\"wpb_wrapper\"><div class=\"wpb_text_column\"><div class=\"wpb_wrapper\"><p><strong>Serwis prowadzony przez:<\/strong><\/p>\n<p>UAI SOLUTIONS GmbH<\/p>\n<p>Schellenbruckplatz 49, D-84307 Eggenfelden, Niemcy<br \/>\nTel.: +49 (0) 8721 506 97-0<br \/>\nEmail: cs.de@uai.group<\/p>\n<p>Administrator:<\/p>\n<p>Alois Faninger<\/p>\n<hr \/>\n<p><strong>Wykwalifikowana osoba:<\/strong><\/p>\n<p>Dr. Lobmayer Andrea \u00c9va<br \/>\nMarius G\u00fcnther<\/p>\n<hr \/>\n<p><strong>Rejestr handlowy:<\/strong><\/p>\n<p>Rejestr handlowy: Amtsgericht Landshut<br \/>\nNr. zarejestrowania: 8413<br \/>\nNumer Identyfikacji Podatkowej: DE275665079<\/p>\n<p>Zarejestrowana firma windykacyjna zgodnie z \u00a7 10 ust. 1 zdanie 1 nr 1 RDG<\/p>\n<p><u>Rejestr us\u0142ug prawnych<br \/>\n<\/u>Numer akt BfJ: 2024 0000 9143<br \/>\nW\u0142a\u015bciwy organ nadzorczy:<br \/>\nFederalny Urz\u0105d Sprawiedliwo\u015bci (Bundesamt f\u00fcr Justiz), Wydzia\u0142 VII 5 (RDG), Adenauerallee 99 &#8211; 103, 53113 Bonn<br \/>\n<a href=\"http:\/\/www.bundesjustizamt.de\/\">www.bundesjustizamt.de<\/a><br \/>\n<a href=\"mailto:rdg@bfj.bund.de\">rdg@bfj.bund.de<\/a><\/p>\n<p>Ubezpieczenie od odpowiedzialno\u015bci cywilnej: Continentale Versicherung<\/p>\n<hr \/>\n<p><strong>Odpowiedzialna za ochron\u0119 danych<\/strong><\/p>\n<p>medi-ip data protect GmbH<\/p>\n<p><a href=\"mailto:dataprivacy@uai.group\">dataprivacy@uai.group<\/a><\/p>\n<\/div><\/div><\/div><\/div><\/div><\/div><\/div><\/section>\n","protected":false},"excerpt":{"rendered":"Odcisk Serwis prowadzony przez: UAI SOLUTIONS GmbH Schellenbruckplatz 49, D-84307 Eggenfelden, Niemcy Tel.: +49 (0) 8721 506 97-0 Email: cs.de@uai.group Administrator: Alois Faninger Wykwalifikowana osoba: Dr. Lobmayer Andrea \u00c9va Marius G\u00fcnther Rejestr handlowy: Rejestr handlowy: Amtsgericht Landshut Nr. zarejestrowania: 8413 Numer Identyfikacji Podatkowej: DE275665079 Zarejestrowana firma windykacyjna zgodnie z \u00a7 10 ust. 1 zdanie 1...","protected":false},"author":5,"featured_media":0,"parent":0,"menu_order":0,"comment_status":"closed","ping_status":"closed","template":"","meta":{"footnotes":""},"class_list":["post-4967","page","type-page","status-publish","hentry"],"_links":{"self":[{"href":"https:\/\/uai.group\/pl\/wp-json\/wp\/v2\/pages\/4967","targetHints":{"allow":["GET"]}}],"collection":[{"href":"https:\/\/uai.group\/pl\/wp-json\/wp\/v2\/pages"}],"about":[{"href":"https:\/\/uai.group\/pl\/wp-json\/wp\/v2\/types\/page"}],"author":[{"embeddable":true,"href":"https:\/\/uai.group\/pl\/wp-json\/wp\/v2\/users\/5"}],"replies":[{"embeddable":true,"href":"https:\/\/uai.group\/pl\/wp-json\/wp\/v2\/comments?post=4967"}],"version-history":[{"count":6,"href":"https:\/\/uai.group\/pl\/wp-json\/wp\/v2\/pages\/4967\/revisions"}],"predecessor-version":[{"id":18309,"href":"https:\/\/uai.group\/pl\/wp-json\/wp\/v2\/pages\/4967\/revisions\/18309"}],"wp:attachment":[{"href":"https:\/\/uai.group\/pl\/wp-json\/wp\/v2\/media?parent=4967"}],"curies":[{"name":"wp","href":"https:\/\/api.w.org\/{rel}","templated":true}]}}