{"id":4870,"date":"2021-06-28T11:59:10","date_gmt":"2021-06-28T09:59:10","guid":{"rendered":"https:\/\/uai.group\/?page_id=4870"},"modified":"2026-02-23T11:52:24","modified_gmt":"2026-02-23T10:52:24","slug":"formularze","status":"publish","type":"page","link":"https:\/\/uai.group\/pl\/formularze\/","title":{"rendered":"Druki"},"content":{"rendered":"<section class=\"l-section wpb_row us_custom_124e6a3f height_medium\"><div class=\"l-section-overlay\" style=\"background:rgba(26,26,26,0.55)\"><\/div><div class=\"l-section-h i-cf\"><div class=\"g-cols vc_row via_flex valign_middle type_default stacking_default\"><div class=\"vc_col-sm-12 wpb_column vc_column_container\"><div class=\"vc_column-inner\"><div class=\"wpb_wrapper\"><div class=\"w-separator us_custom_a8116ab5 underline-orange size_medium\"><\/div><div class=\"wpb_text_column us_custom_1fe8fa8d has_text_color\"><div class=\"wpb_wrapper\"><h1><strong>Druki<\/strong><\/h1>\n<\/div><\/div><div class=\"w-separator us_custom_a8116ab5 underline-orange size_medium\"><\/div><\/div><\/div><\/div><\/div><\/div><\/section><section class=\"l-section wpb_row height_medium\"><div class=\"l-section-h i-cf\"><div class=\"g-cols vc_row via_flex valign_top type_default stacking_default\"><div class=\"vc_col-sm-7 wpb_column vc_column_container\"><div class=\"vc_column-inner\"><div class=\"wpb_wrapper\"><div class=\"wpb_text_column us_custom_1d684515\"><div class=\"wpb_wrapper\"><p>Poni\u017csze formularze pomog\u0105 Ci ubiega\u0107 si\u0119 o okre\u015blone procedury.<\/p>\n<\/div><\/div><\/div><\/div><\/div><div class=\"vc_col-sm-5 wpb_column vc_column_container\"><div class=\"vc_column-inner\"><div class=\"wpb_wrapper\"><\/div><\/div><\/div><\/div><\/div><\/section><section class=\"l-section wpb_row us_custom_c872228d height_medium\"><div class=\"l-section-h i-cf\"><div class=\"g-cols vc_row via_flex valign_top type_default stacking_default\"><div class=\"vc_col-sm-7 wpb_column vc_column_container\"><div class=\"vc_column-inner\"><div class=\"wpb_wrapper\"><div class=\"w-iconbox us_custom_60eb1309 hide_on_default hide_on_laptops hide_on_tablets hide_on_mobiles iconpos_left style_default color_primary align_left no_title\"><div class=\"w-iconbox-icon\" style=\"font-size:1.3rem;\"><i class=\"material-icons\">picture_as_pdf<\/i><\/div><div class=\"w-iconbox-meta\"><div class=\"w-iconbox-text\"><p><a href=\"https:\/\/uai.group\/wp-content\/uploads\/2020\/05\/Vignette_Copy_Request_Form_HUDEROENSRBTR.pdf\" target=\"_blank\" rel=\"noopener noreferrer\">Wniosek o kiop\u0119 winiety<\/a><\/p>\n<\/div><\/div><\/div><div class=\"w-iconbox us_custom_60eb1309 hide_on_default hide_on_laptops hide_on_tablets hide_on_mobiles iconpos_left style_default color_primary align_left no_title\"><div class=\"w-iconbox-icon\" style=\"font-size:1.3rem;\"><i class=\"material-icons\">picture_as_pdf<\/i><\/div><div class=\"w-iconbox-meta\"><div class=\"w-iconbox-text\"><p><a href=\"https:\/\/uai.group\/wp-content\/uploads\/2020\/10\/Vollmacht-3.pdf\" target=\"_blank\" rel=\"noopener noreferrer\">Pe\u0142nomocnictwo<\/a><\/p>\n<\/div><\/div><\/div><div class=\"w-iconbox us_custom_60eb1309 iconpos_left style_default color_primary align_left no_title\"><div class=\"w-iconbox-icon\" style=\"font-size:1.3rem;\"><i class=\"material-icons\">picture_as_pdf<\/i><\/div><div class=\"w-iconbox-meta\"><div class=\"w-iconbox-text\"><p><a href=\"https:\/\/uai.group\/wp-content\/uploads\/2026\/02\/UAI_Vollmacht_de-en.pdf\">Upowa\u017cnienie<\/a><\/p>\n<\/div><\/div><\/div><div class=\"w-iconbox us_custom_60eb1309 iconpos_left style_default color_primary align_left no_title\"><div class=\"w-iconbox-icon\" style=\"font-size:1.3rem;\"><i class=\"material-icons\">picture_as_pdf<\/i><\/div><div class=\"w-iconbox-meta\"><div class=\"w-iconbox-text\"><p><a href=\"https:\/\/uai.group\/wp-content\/uploads\/2023\/06\/Wniosek-o-amnestie.pdf\">Wniosek o amnesti\u0119<\/a><\/p>\n<\/div><\/div><\/div><div class=\"w-iconbox us_custom_60eb1309 iconpos_left style_default color_primary align_left no_title\"><div class=\"w-iconbox-icon\" style=\"font-size:1.3rem;\"><i class=\"material-icons\">picture_as_pdf<\/i><\/div><div class=\"w-iconbox-meta\"><div class=\"w-iconbox-text\"><p><a href=\"https:\/\/uai.group\/wp-content\/uploads\/2023\/06\/Wniosek-o-maksymalizacje.pdf\">Wniosek o maksymalizacj\u0119<\/a><\/p>\n<\/div><\/div><\/div><div class=\"w-iconbox us_custom_60eb1309 iconpos_left style_default color_primary align_left no_title\"><div class=\"w-iconbox-icon\" style=\"font-size:1.3rem;\"><i class=\"material-icons\">picture_as_pdf<\/i><\/div><div class=\"w-iconbox-meta\"><div class=\"w-iconbox-text\"><p><a href=\"https:\/\/uai.group\/wp-content\/uploads\/2023\/06\/Wniosek-o-przeslanie-kopii-winiety.pdf\">Wniosek o przes\u0142anie kopii winiety<\/a><\/p>\n<\/div><\/div><\/div><div class=\"w-iconbox us_custom_60eb1309 iconpos_left style_default color_primary align_left no_title\"><div class=\"w-iconbox-icon\" style=\"font-size:1.3rem;\"><i class=\"material-icons\">picture_as_pdf<\/i><\/div><div class=\"w-iconbox-meta\"><div class=\"w-iconbox-text\"><p><a href=\"https:\/\/uai.group\/wp-content\/uploads\/2023\/06\/Wniosek-o-wyrownanie-naleznosci-oplaty-poprzez-zakup-winiety-krajowej-rocznej.pdf\">Wniosek o wyr\u00f3wnanie nale\u017cno\u015bci op\u0142aty poprzez zakup winiety krajowej rocznej<\/a><\/p>\n<\/div><\/div><\/div><\/div><\/div><\/div><div class=\"vc_col-sm-5 wpb_column vc_column_container\"><div class=\"vc_column-inner\"><div class=\"wpb_wrapper\"><\/div><\/div><\/div><\/div><\/div><\/section>\n","protected":false},"excerpt":{"rendered":"Druki Poni\u017csze formularze pomog\u0105 Ci ubiega\u0107 si\u0119 o okre\u015blone procedury. picture_as_pdfWniosek o kiop\u0119 winiety picture_as_pdfPe\u0142nomocnictwo picture_as_pdfUpowa\u017cnienie picture_as_pdfWniosek o amnesti\u0119 picture_as_pdfWniosek o maksymalizacj\u0119 picture_as_pdfWniosek o przes\u0142anie kopii winiety picture_as_pdfWniosek o wyr\u00f3wnanie nale\u017cno\u015bci op\u0142aty poprzez zakup winiety krajowej rocznej","protected":false},"author":7,"featured_media":0,"parent":0,"menu_order":0,"comment_status":"closed","ping_status":"closed","template":"","meta":{"footnotes":""},"class_list":["post-4870","page","type-page","status-publish","hentry"],"_links":{"self":[{"href":"https:\/\/uai.group\/pl\/wp-json\/wp\/v2\/pages\/4870","targetHints":{"allow":["GET"]}}],"collection":[{"href":"https:\/\/uai.group\/pl\/wp-json\/wp\/v2\/pages"}],"about":[{"href":"https:\/\/uai.group\/pl\/wp-json\/wp\/v2\/types\/page"}],"author":[{"embeddable":true,"href":"https:\/\/uai.group\/pl\/wp-json\/wp\/v2\/users\/7"}],"replies":[{"embeddable":true,"href":"https:\/\/uai.group\/pl\/wp-json\/wp\/v2\/comments?post=4870"}],"version-history":[{"count":5,"href":"https:\/\/uai.group\/pl\/wp-json\/wp\/v2\/pages\/4870\/revisions"}],"predecessor-version":[{"id":18531,"href":"https:\/\/uai.group\/pl\/wp-json\/wp\/v2\/pages\/4870\/revisions\/18531"}],"wp:attachment":[{"href":"https:\/\/uai.group\/pl\/wp-json\/wp\/v2\/media?parent=4870"}],"curies":[{"name":"wp","href":"https:\/\/api.w.org\/{rel}","templated":true}]}}