{"id":4387,"date":"2021-04-26T16:33:58","date_gmt":"2021-04-26T14:33:58","guid":{"rendered":"https:\/\/uai.group\/?page_id=4387"},"modified":"2026-02-23T18:10:41","modified_gmt":"2026-02-23T17:10:41","slug":"certyfikaty","status":"publish","type":"page","link":"https:\/\/uai.group\/pl\/certyfikaty\/","title":{"rendered":"Certyfikaty"},"content":{"rendered":"<section class=\"l-section wpb_row height_huge with_img\" id=\"uai-company\"><div class=\"l-section-img\" style=\"background-image: url(https:\/\/uai.group\/wp-content\/uploads\/2020\/04\/img2-scaled.jpg);background-repeat: no-repeat;\" data-img-width=\"2560\" data-img-height=\"985\"><\/div><div class=\"l-section-overlay\" style=\"background:rgba(30,16,0,0.46)\"><\/div><div class=\"l-section-h i-cf\"><div class=\"g-cols vc_row via_flex valign_middle type_default stacking_default\"><div class=\"vc_col-sm-2 wpb_column vc_column_container white-text-on-img\"><div class=\"vc_column-inner\"><div class=\"wpb_wrapper\"><\/div><\/div><\/div><div class=\"vc_col-sm-8 wpb_column vc_column_container us_animate_fade\" style=\"animation-delay:1s\"><div class=\"vc_column-inner\"><div class=\"wpb_wrapper\"><div class=\"w-image align_center\"><div class=\"w-image-h\"><img loading=\"lazy\" decoding=\"async\" width=\"500\" height=\"300\" src=\"https:\/\/uai.group\/wp-content\/uploads\/2020\/09\/group_main_white_big-3.svg\" class=\"attachment-full size-full\" alt=\"\" \/><\/div><\/div><\/div><\/div><\/div><div class=\"vc_col-sm-2 wpb_column vc_column_container\"><div class=\"vc_column-inner\"><div class=\"wpb_wrapper\"><\/div><\/div><\/div><\/div><\/div><\/section><section class=\"l-section wpb_row us_custom_3883cbfa tabs height_medium width_full\"><div class=\"l-section-h i-cf\"><div class=\"g-cols vc_row via_flex valign_top type_default stacking_default\"><div class=\"vc_col-sm-12 wpb_column vc_column_container\"><div class=\"vc_column-inner\"><div class=\"wpb_wrapper\"><div class=\"w-tabs about-tabs layout_hor style_default switch_click has_scrolling\" style=\"--sections-title-size:16px\"><div class=\"w-tabs-list items_3 align_none\"><div class=\"w-tabs-list-h\"><button class=\"w-tabs-item\" aria-controls=\"content-1586766961022-bde99204-78c8544d-3cd0a03b-3ac2405c-262e\" aria-expanded=\"false\"><span class=\"w-tabs-item-title\">Historia i profil firmy UAI SOLUTIONS<\/span><\/button><button class=\"w-tabs-item\" aria-controls=\"content-nba1\" aria-expanded=\"false\"><span class=\"w-tabs-item-title\">Kariera<\/span><\/button><button class=\"w-tabs-item active defined-active\" aria-controls=\"content-1586767026673-66955195-73e7544d-3cd0a03b-3ac2405c-262e\" aria-expanded=\"true\"><span class=\"w-tabs-item-title\">Certyfikaty i cz\u0142onkostwo<\/span><\/button><\/div><\/div><div class=\"w-tabs-sections titles-align_none icon_chevron cpos_right\"><div class=\"w-tabs-section no_indents\" id=\"1586766961022-bde99204-78c8544d-3cd0a03b-3ac2405c-262e\"><button class=\"w-tabs-section-header\" aria-controls=\"content-1586766961022-bde99204-78c8544d-3cd0a03b-3ac2405c-262e\" aria-expanded=\"false\"><div class=\"w-tabs-section-title\">Historia i profil firmy UAI SOLUTIONS<\/div><div class=\"w-tabs-section-control\"><\/div><\/button><div  class=\"w-tabs-section-content\" id=\"content-1586766961022-bde99204-78c8544d-3cd0a03b-3ac2405c-262e\"><div class=\"w-tabs-section-content-h i-cf\"><div class=\"g-cols wpb_row via_flex valign_top type_default stacking_default\"><div class=\"vc_col-sm-2 wpb_column vc_column_container uai-history-side-menu\"><div class=\"vc_column-inner\"><div class=\"wpb_wrapper\"><\/div><\/div><\/div><div class=\"vc_col-sm-8 wpb_column vc_column_container middle-underline\"><div class=\"vc_column-inner\"><div class=\"wpb_wrapper\"><div class=\"w-separator not-displayed size_medium\"><\/div><div class=\"wpb_text_column us_custom_f7001c89\"><div class=\"wpb_wrapper\"><h1>Historia i profil firmy UAI SOLUTIONS<\/h1>\n<\/div><\/div><div class=\"w-separator us_custom_fa5afc28 underline-orange-left size_small with_line width_default thick_4 style_solid color_text align_center\"><div class=\"w-separator-h\"><\/div><\/div><\/div><\/div><\/div><div class=\"vc_col-sm-2 wpb_column vc_column_container\"><div class=\"vc_column-inner\"><div class=\"wpb_wrapper\"><div class=\"w-separator size_small\"><\/div><div class=\"w-separator size_small\"><\/div><div class=\"w-separator size_small\"><\/div><div class=\"w-separator size_small\"><\/div><\/div><\/div><\/div><div class=\"vc_col-sm-2 wpb_column vc_column_container\"><div class=\"vc_column-inner\"><div class=\"wpb_wrapper\"><\/div><\/div><\/div><div class=\"vc_col-sm-9 wpb_column vc_column_container us_animate_afl\"><div class=\"vc_column-inner us_custom_20f09883\"><div class=\"wpb_wrapper\"><div class=\"w-separator not-displayed size_medium\"><\/div><div class=\"wpb_text_column us_custom_d34daa4c\"><div class=\"wpb_wrapper\"><p>UAI SOLUTIONS sk\u0142ada si\u0119 z grupy firm windykacyjnych z kilku kraj\u00f3w Unii Europejskiej. Zosta\u0142a za\u0142o\u017cona w 2011 roku przez pana Ferenca Lobmayera z powodu zami\u0142owania do pojazd\u00f3w i podr\u00f3\u017cy po Europie, kt\u00f3re wskaza\u0142y potrzeb\u0119 innego podej\u015bcia w sposobie windykacji nale\u017cno\u015bci przez podmioty publiczne za granic\u0105 od podmiot\u00f3w zwi\u0105zanych z wykroczeniami drogowymi, poniewa\u017c sam r\u00f3wnie\u017c \u00a0do\u015bwiadczy\u0142 \u00a0kar i mandat\u00f3w.<\/p>\n<p>Zrozumia\u0142, zw\u0142aszcza w odniesieniu do Europy Zachodniej i Wschodniej, \u017ce pomimo wszelkich wysi\u0142k\u00f3w UE zmierzaj\u0105cych do harmonizacji krajowych standard\u00f3w i system\u00f3w prawnych pa\u0144stw cz\u0142onkowskich, nadal istniej\u0105 braki w wielu obszarach zwi\u0105zanych z transgraniczn\u0105 windykacj\u0105 nale\u017cno\u015bci.<\/p>\n<\/div><\/div><div class=\"w-separator size_small\"><\/div><\/div><\/div><\/div><div class=\"vc_col-sm-2 wpb_column vc_column_container\"><div class=\"vc_column-inner\"><div class=\"wpb_wrapper\"><\/div><\/div><\/div><div class=\"vc_col-sm-10 wpb_column vc_column_container has_bg_color us_animate_afr\"><div class=\"vc_column-inner us_custom_fed79d4a\"><div class=\"wpb_wrapper\"><div class=\"w-separator size_medium\"><\/div><div class=\"w-separator size_medium\"><\/div><\/div><\/div><\/div><div class=\"vc_col-sm-2 wpb_column vc_column_container\"><div class=\"vc_column-inner\"><div class=\"wpb_wrapper\"><\/div><\/div><\/div><div class=\"vc_col-sm-9 wpb_column vc_column_container\"><div class=\"vc_column-inner\"><div class=\"wpb_wrapper\"><div class=\"w-separator size_medium\"><\/div><div class=\"wpb_text_column us_custom_1d684515\"><div class=\"wpb_wrapper\"><p>Pocz\u0105tkowym celem by\u0142o okre\u015blenie \u015brodk\u00f3w prawnych, kt\u00f3re umo\u017cliwi\u0142yby transgraniczn\u0105 wsp\u00f3\u0142prac\u0119 instytucjonaln\u0105 oraz stworzenie mechanizmu mediacji, kt\u00f3ry poprawi\u0142by interakcj\u0119 mi\u0119dzy podmiotami publicznymi a d\u0142u\u017cnikami z zagranicy w oparciu o empatyczn\u0105 komunikacj\u0119, wieloj\u0119zyczn\u0105 obs\u0142ug\u0119 klienta i \u015brodki technologiczne w celu zmniejszenia poziomu biurokratycznych czasoch\u0142onnych procedur.<\/p>\n<p>Wz\u00f3r zosta\u0142 zdefiniowany i zastosowany z du\u017cym sukcesem w Niemczech \u00a0dla naszego pierwszego klienta, Magyar K\u00f6z\u00fat Nonprofit Zrt \u2013 Op\u0142aty drogowe Dzia\u0142. Nast\u0119pnie starali\u015bmy si\u0119 poszerzy\u0107 dzia\u0142alno\u015b\u0107 o innych klient\u00f3w w ca\u0142ej Europie. Teraz jeste\u015bmy dumni z naszych zespo\u0142\u00f3w UAI Group w Niemczech, na W\u0119grzech, w Rumunii, Polsce, Bu\u0142garii i Czechach, kt\u00f3re s\u0105 w stanie zapewni\u0107 profesjonaln\u0105 pomoc w wi\u0119kszo\u015bci j\u0119zyk\u00f3w europejskich wraz z sieci\u0105 sprawdzonych partner\u00f3w z W\u0142och, Szwajcarii, Austrii, S\u0142owacji, Chorwacji, Serbii, S\u0142owenii, Czarnog\u00f3ry, Republiki Mo\u0142dawii i kraj\u00f3w ba\u0142tyckich, oferuj\u0105c us\u0142ugi windykacyjne w zakresie nale\u017cno\u015bci dotycz\u0105cych wykrocze\u0144 drogowych, ale tak\u017ce w innych obszarach zainteresowania, takich jak opieka zdrowotna czy windykacja mi\u0119dzynarodowa.<\/p>\n<\/div><\/div><div class=\"w-separator size_small\"><\/div><\/div><\/div><\/div><\/div><div class=\"w-separator size_small\"><\/div><div class=\"g-cols wpb_row via_flex valign_top type_default stacking_default\" id=\"mission\"><div class=\"vc_col-sm-2 wpb_column vc_column_container uai-history-side-menu\"><div class=\"vc_column-inner\"><div class=\"wpb_wrapper\"><\/div><\/div><\/div><div class=\"vc_col-sm-9 wpb_column vc_column_container us_animate_afr\"><div class=\"vc_column-inner\"><div class=\"wpb_wrapper\"><div class=\"w-separator size_medium\"><\/div><div class=\"wpb_text_column us_custom_1d684515\"><div class=\"wpb_wrapper\"><h2>Nasza misja<\/h2>\n<p>Od pocz\u0105tku istnienia Grupy mieli\u015bmy jasn\u0105 misj\u0119, jak\u0105 jest zapewnienie powi\u0105zania mi\u0119dzy rynkami Europy Zachodniej i Wschodniej, zniwelowanie r\u00f3\u017cnic mentalno\u015bci, zwyczaj\u00f3w, system\u00f3w prawnych, j\u0119zyk\u00f3w oraz postawy w\u0142adz w stosunku do d\u0142u\u017cnik\u00f3w z zagranicy.<\/p>\n<p>Pragniemy, przyczyni\u0107 si\u0119 naszymi staraniami do podniesienia poziomu informacji dla u\u017cytkownik\u00f3w dr\u00f3g o przepisach reguluj\u0105cych korzystanie z dr\u00f3g publicznych, tak aby w przysz\u0142o\u015bci mogli unikn\u0105\u0107 nieprzyjemnych sytuacji, jakie stwarza naruszenie takich przepis\u00f3w.<\/p>\n<\/div><\/div><div class=\"w-separator size_small\"><\/div><\/div><\/div><\/div><div class=\"vc_col-sm-2 wpb_column vc_column_container\"><div class=\"vc_column-inner\"><div class=\"wpb_wrapper\"><\/div><\/div><\/div><div class=\"vc_col-sm-10 wpb_column vc_column_container has_bg_color us_animate_afr\" id=\"#mission-picture\"><div class=\"vc_column-inner us_custom_9737e72e\"><div class=\"wpb_wrapper\"><div class=\"w-separator size_medium\"><\/div><\/div><\/div><\/div><\/div><div class=\"w-separator size_small\"><\/div><div class=\"g-cols wpb_row vision via_flex valign_top type_default stacking_default\" id=\"vision\"><div class=\"vc_col-sm-2 wpb_column vc_column_container uai-history-side-menu\"><div class=\"vc_column-inner\"><div class=\"wpb_wrapper\"><\/div><\/div><\/div><div class=\"vc_col-sm-9 wpb_column vc_column_container us_animate_afc\"><div class=\"vc_column-inner\"><div class=\"wpb_wrapper\"><div class=\"w-separator size_medium\"><\/div><div class=\"wpb_text_column us_custom_1d684515\" id=\"vision\"><div class=\"wpb_wrapper\"><h2>Nasza wizja przysz\u0142o\u015bci<\/h2>\n<p>Chcemy nadal wywiera\u0107 pozytywny wp\u0142yw na Uni\u0119 Europejsk\u0105, przyczynia\u0107 si\u0119 do idea\u0142u zintegrowanej Europy, pomaga\u0107 we wdra\u017caniu nowoczesnego i zaawansowanego podej\u015bcia dla instytucji administracyjnych danego kraju, w celu administrowania i przekazywania transgranicznych us\u0142ug windykacyjnych.<\/p>\n<\/div><\/div><div class=\"w-separator size_medium\"><\/div><\/div><\/div><\/div><\/div><div class=\"g-cols wpb_row us_custom_93aa3f8f via_flex valign_top type_default stacking_default\" id=\"values\"><div class=\"vc_col-sm-2 wpb_column vc_column_container\"><div class=\"vc_column-inner\"><div class=\"wpb_wrapper\"><\/div><\/div><\/div><div class=\"vc_col-sm-9 wpb_column vc_column_container us_animate_afb\"><div class=\"vc_column-inner\"><div class=\"wpb_wrapper\"><div class=\"w-separator size_medium\"><\/div><div class=\"wpb_text_column us_custom_4cbb82ff\" id=\"values\"><div class=\"wpb_wrapper\"><h2>Warto\u015bci UAI<\/h2>\n<p>Nasze podstawowe warto\u015bci to Przejrzysto\u015b\u0107, Orientacja na potrzeby d\u0142u\u017cnika oraz Profesjonalizm.<\/p>\n<h6>Przejrzysto\u015b\u0107<\/h6>\n<p>Bior\u0105c pod uwag\u0119 publiczny profil naszych klient\u00f3w, transparentno\u015b\u0107 postrzegamy jako warto\u015b\u0107, bez kt\u00f3rej nie mogliby\u015bmy funkcjonowa\u0107 z tak wielkim sukcesem. Dzi\u0119ki naszej technologii jeste\u015bmy w stanie zapewni\u0107 naszym klientom kompleksowe raportowanie w formie elektronicznej. Zapewnia to ca\u0142kowit\u0105 przejrzysto\u015b\u0107 przep\u0142ywu \u015brodk\u00f3w pieni\u0119\u017cnych i innych informacji zwi\u0105zanych z konkretn\u0105 spraw\u0105, a tym samym zapewnia jasny status sposobu, w jaki sprawy s\u0105 obs\u0142ugiwane, oferuj\u0105c przejrzysty system kontroli i sald. W tym samym kontek\u015bcie uwa\u017camy, \u017ce d\u0142u\u017cnicy maj\u0105 prawo do przejrzystego dost\u0119pu do informacji dotycz\u0105cych ich spraw. Dlatego zawsze inwestujemy w innowacje technologiczne, kt\u00f3re u\u0142atwiaj\u0105 wymian\u0119 wszelkich proces\u00f3w informacyjnych, podnosz\u0105c poziom zaufania mi\u0119dzy stronami.<\/p>\n<h6>Orientacja na potrzeby konsumenta<\/h6>\n<p>Mimo \u017ce osoby podr\u00f3\u017cuj\u0105ce staraj\u0105 si\u0119 jak najlepiej pozna\u0107 przepisy i regulacje danego kraju, wci\u0105\u017c istnieje ryzyko, \u017ce \u200b\u200bzostan\u0105 ukarane grzywn\u0105 lub kar\u0105 za nieprzestrzeganie przepis\u00f3w prawa. W wi\u0119kszo\u015bci przypadk\u00f3w nie zdajesz sobie z tego sprawy, czasami z powodu nag\u0142ego wypadku lub z innego uzasadnionego powodu. Rozumiemy to i dlatego dok\u0142adamy wszelkich stara\u0144, aby wczu\u0107 si\u0119 w Twoj\u0105 sytuacj\u0119 i zapewni\u0107 wszelkie niezb\u0119dne \u015brodki, aby u\u0142atwi\u0107 rozwi\u0105zanie tej nieprzyjemnej sytuacji. Niekt\u00f3re z narz\u0119dzi, kt\u00f3re wprowadzamy w tej sprawie to:<\/p>\n<ul>\n<li>Profesjonalna pomoc \u015bwiadczona przez ponad 60 naszych wysoko wykwalifikowanych operator\u00f3w, w j\u0119zyku preferowanym przez podmiot podlegaj\u0105cy karze nawet poza normalnymi godzinami pracy, z uwzgl\u0119dnieniem wysokich standard\u00f3w etycznych w kontaktach z d\u0142u\u017cnikami.<\/li>\n<li>Dost\u0119p do informacji zwi\u0105zanych ze sprawami (wymiana dokument\u00f3w w formie elektronicznej, przydatne linki, dost\u0119p do regulamin\u00f3w itp.).<\/li>\n<li>Nowoczesne technologiczne narz\u0119dzia komunikacji (obs\u0142uga telefoniczna, e-mail, czat online, przypomnienia SMS).<\/li>\n<li>Po\u015brednictwo w wymianie dokument\u00f3w mi\u0119dzy instytucjami a d\u0142u\u017cnikami wymaganymi przez okre\u015blone procedury biurokratyczne, kt\u00f3re mog\u0105 przynie\u015b\u0107 d\u0142u\u017cnikowi korzystniejsze rozwi\u0105zanie (np. korekta, maksymalizacja, odwo\u0142anie, inne).<\/li>\n<li>W granicach prawnych mo\u017cliwo\u015bci oferujemy mo\u017cliwo\u015b\u0107 p\u0142atno\u015bci ratalnej bez doliczania odsetek i innych ukrytych koszt\u00f3w.<\/li>\n<li>Negocjowanie termin\u00f3w sp\u0142aty zgodnie z mo\u017cliwo\u015bciami d\u0142u\u017cnika tam, gdzie pozwala na to prawo.<\/li>\n<li>Rachunki bankowe w euro i we wszystkich walutach lokalnych, po kursach ustalonych przez ka\u017cd\u0105 krajow\u0105 instytucj\u0119 finansow\u0105, dzi\u0119ki kt\u00f3rym d\u0142u\u017cnik ma mo\u017cliwo\u015b\u0107 zap\u0142aty, a tym samym mo\u017ce unikn\u0105\u0107 wysokich op\u0142at bankowych generowanych przez transakcje mi\u0119dzynarodowe.<\/li>\n<\/ul>\n<h6>Wielokulturowy styl zarz\u0105dzania<\/h6>\n<p>Nasza wielokulturowa struktura wewn\u0119trzna jest udanym wzorem zaw\u0119\u017cania kulturowych r\u00f3\u017cnic w mentalno\u015bci. Nasi koledzy z r\u00f3\u017cnych kraj\u00f3w na co dzie\u0144 uczestnicz\u0105 zar\u00f3wno w procesie podejmowania decyzji, jak i w wykonywaniu codziennych zada\u0144, skutecznie przyczyniaj\u0105c si\u0119 do realizacji naszych wsp\u00f3lnych cel\u00f3w. Uwa\u017camy, \u017ce bez zrozumienia i internalizacji warto\u015bci, jak\u0105 daje wielokulturowo\u015b\u0107 i wynikaj\u0105cych z niej korzy\u015bci, nie mo\u017cemy tworzy\u0107 relacji mi\u0119dzy stronami z r\u00f3\u017cnych \u015brodowisk.<\/p>\n<\/div><\/div><div class=\"w-separator size_medium\"><\/div><\/div><\/div><\/div><\/div><\/div><\/div><\/div><div class=\"w-tabs-section\" id=\"1586766961033-cbcaf975-dd1a544d-3cd0a03b-3ac2405c-262e\"><button class=\"w-tabs-section-header\" aria-controls=\"content-1586766961033-cbcaf975-dd1a544d-3cd0a03b-3ac2405c-262e\" aria-expanded=\"false\"><div class=\"w-tabs-section-title\">Kariera<\/div><div class=\"w-tabs-section-control\"><\/div><\/button><div  class=\"w-tabs-section-content\" id=\"content-1586766961033-cbcaf975-dd1a544d-3cd0a03b-3ac2405c-262e\"><div class=\"w-tabs-section-content-h i-cf\"><div class=\"wpb_text_column us_custom_da099d2f\"><div class=\"wpb_wrapper\"><h1>Kariera<\/h1>\n<\/div><\/div><div class=\"w-separator us_custom_75480767 underline-orange size_small with_line width_default thick_4 style_solid color_text align_center\"><div class=\"w-separator-h\"><\/div><\/div><div class=\"g-cols wpb_row via_flex valign_top type_default stacking_default\"><div class=\"vc_col-sm-12 wpb_column vc_column_container\"><div class=\"vc_column-inner\"><div class=\"wpb_wrapper\"><div class=\"w-separator size_medium\"><\/div><div class=\"wpb_text_column us_custom_a0de6f90\"><div class=\"wpb_wrapper\"><p>W UAI SOLUTIONS stale powi\u0119kszamy nasz zesp\u00f3\u0142. Je\u015bli jeste\u015b osob\u0105 dynamiczn\u0105, zorientowan\u0105 na szukanie rozwi\u0105za\u0144 i osi\u0105ganie wynik\u00f3w, mo\u017cesz by\u0107 idealnym kandydatem na stanowisko w naszej organizacji. Sprawd\u017a nasze aktualnie otwarte pozycje poni\u017cej, aby sprawdzi\u0107, czy kt\u00f3ra\u015b z nich jest dla Ciebie odpowiednia. Czekamy na Ciebie!<\/p>\n<\/div><\/div><\/div><\/div><\/div><div class=\"vc_col-sm-12 wpb_column vc_column_container\"><div class=\"vc_column-inner\"><div class=\"wpb_wrapper\"><script\n                    defer\n                    type=\"text\/javascript\"\n                    src=\"https:\/\/join.com\/api\/widget\/bundle\/eyJhbGciOiJIUzI1NiIsInR5cCI6IkpXVCJ9.eyJzZXR0aW5ncyI6eyJzaG93Q2F0ZWdvcnlGaWx0ZXIiOnRydWUsInNob3dMb2NhdGlvbkZpbHRlciI6dHJ1ZSwic2hvd0VtcGxveW1lbnRUeXBlRmlsdGVyIjp0cnVlLCJsYW5ndWFnZSI6ImVuIiwiam9ic1BlclBhZ2UiOjI1fSwiam9icyI6eyJlbXBsb3ltZW50VHlwZUlkcyI6W119LCJkZXNpZ24iOnsic2hvd0xvZ28iOmZhbHNlLCJzaG93TG9jYXRpb24iOnRydWUsInNob3dFbXBsb3ltZW50VHlwZSI6dHJ1ZSwic2hvd0NhdGVnb3J5Ijp0cnVlLCJjb2xvcnMiOnsid2lkZ2V0Ijp7ImJhY2tncm91bmQiOiIjRkZGRkZGIiwiZmlsdGVyQm9yZGVyIjoiI0M3Q0REOCIsInBhZ2luYXRpb24iOiIjRjc5MzFEIn0sImpvYkNhcmQiOnsic2hhZG93IjoiI0M3Q0REOCIsImJhY2tncm91bmQiOiIjRkZGRkZGIiwicHJpbWFyeVRleHQiOiIjMzAzNDQ2Iiwic2Vjb25kYXJ5VGV4dCI6IiM4RjlDQjIifX19LCJ2ZXJzaW9uIjoyLCJjb21wYW55UHVibGljSWQiOiJjMTUyOGQzNjllMzNhMDI4YTQwYTMyYWNmYTgwZjkwOCIsImlhdCI6MTYwMDY3MTYwMSwianRpIjoiY2U4OGJkNGUtZWMzOC00NjQ2LWEwM2UtMGJjNTYzOGM4MjZhIn0.eGZL0-Py2y5w_yFzka0JtdHYtkonKQGmZrJwjH-DT0M\"\n                    ><\/script><div class=\"wpb_text_column\"><div class=\"wpb_wrapper\">\n<\/div><\/div><\/div><\/div><\/div><\/div><div class=\"w-separator size_large\"><\/div><div class=\"w-separator size_medium\"><\/div><\/div><\/div><\/div><div class=\"w-tabs-section active\" id=\"1586767026673-66955195-73e7544d-3cd0a03b-3ac2405c-262e\"><button class=\"w-tabs-section-header active\" aria-controls=\"content-1586767026673-66955195-73e7544d-3cd0a03b-3ac2405c-262e\" aria-expanded=\"true\"><div class=\"w-tabs-section-title\">Certyfikaty i cz\u0142onkostwo<\/div><div class=\"w-tabs-section-control\"><\/div><\/button><div  class=\"w-tabs-section-content\" id=\"content-1586767026673-66955195-73e7544d-3cd0a03b-3ac2405c-262e\"><div class=\"w-tabs-section-content-h i-cf\"><div class=\"wpb_text_column us_custom_8e6e5fa6\"><div class=\"wpb_wrapper\"><h1>Certyfikaty i cz\u0142onkostwo<\/h1>\n<\/div><\/div><div class=\"w-separator us_custom_75480767 underline-orange size_small with_line width_default thick_4 style_solid color_text align_center\"><div class=\"w-separator-h\"><\/div><\/div><div class=\"w-separator size_large\"><\/div><div class=\"g-cols wpb_row certifications via_flex valign_middle type_boxes stacking_default\"><div class=\"vc_col-sm-4 wpb_column vc_column_container\"><div class=\"vc_column-inner\"><div class=\"wpb_wrapper\"><div class=\"w-image align_center\"><div class=\"w-image-h\"><img loading=\"lazy\" decoding=\"async\" width=\"300\" height=\"159\" src=\"https:\/\/uai.group\/wp-content\/uploads\/2024\/02\/TK45803-Pruefzeichen-Ungarische-Autobahn-Inkasso-TUeV-gepruefte-Datensicherheit-2023-zw-300x159.jpg\" class=\"attachment-medium size-medium\" alt=\"\" srcset=\"https:\/\/uai.group\/wp-content\/uploads\/2024\/02\/TK45803-Pruefzeichen-Ungarische-Autobahn-Inkasso-TUeV-gepruefte-Datensicherheit-2023-zw-300x159.jpg 300w, https:\/\/uai.group\/wp-content\/uploads\/2024\/02\/TK45803-Pruefzeichen-Ungarische-Autobahn-Inkasso-TUeV-gepruefte-Datensicherheit-2023-zw-400x212.jpg 400w, https:\/\/uai.group\/wp-content\/uploads\/2024\/02\/TK45803-Pruefzeichen-Ungarische-Autobahn-Inkasso-TUeV-gepruefte-Datensicherheit-2023-zw.jpg 941w\" sizes=\"auto, (max-width: 300px) 100vw, 300px\" \/><\/div><\/div><\/div><\/div><\/div><div class=\"vc_col-sm-4 wpb_column vc_column_container\"><div class=\"vc_column-inner\"><div class=\"wpb_wrapper\"><div class=\"w-image align_center\"><div class=\"w-image-h\"><img loading=\"lazy\" decoding=\"async\" width=\"267\" height=\"300\" src=\"https:\/\/uai.group\/wp-content\/uploads\/2024\/02\/Creditlogo-267x300.jpg\" class=\"attachment-medium size-medium\" alt=\"\" srcset=\"https:\/\/uai.group\/wp-content\/uploads\/2024\/02\/Creditlogo-267x300.jpg 267w, https:\/\/uai.group\/wp-content\/uploads\/2024\/02\/Creditlogo.jpg 339w\" sizes=\"auto, (max-width: 267px) 100vw, 267px\" \/><\/div><\/div><\/div><\/div><\/div><div class=\"vc_col-sm-4 wpb_column vc_column_container\"><div class=\"vc_column-inner\"><div class=\"wpb_wrapper\"><div class=\"w-image align_center\"><div class=\"w-image-h\"><img loading=\"lazy\" decoding=\"async\" width=\"300\" height=\"300\" src=\"https:\/\/uai.group\/wp-content\/uploads\/2024\/02\/bfif_siegel_v1-300x300.jpg\" class=\"attachment-medium size-medium\" alt=\"\" srcset=\"https:\/\/uai.group\/wp-content\/uploads\/2024\/02\/bfif_siegel_v1-300x300.jpg 300w, https:\/\/uai.group\/wp-content\/uploads\/2024\/02\/bfif_siegel_v1-150x150.jpg 150w, https:\/\/uai.group\/wp-content\/uploads\/2024\/02\/bfif_siegel_v1-400x400.jpg 400w, https:\/\/uai.group\/wp-content\/uploads\/2024\/02\/bfif_siegel_v1.jpg 1000w\" sizes=\"auto, (max-width: 300px) 100vw, 300px\" \/><\/div><\/div><\/div><\/div><\/div><\/div><div class=\"g-cols wpb_row certifications via_flex valign_middle type_boxes stacking_default\"><div class=\"vc_col-sm-4 wpb_column vc_column_container\"><div class=\"vc_column-inner\"><div class=\"wpb_wrapper\"><div class=\"w-image align_center\"><div class=\"w-image-h\"><img loading=\"lazy\" decoding=\"async\" width=\"300\" height=\"77\" src=\"https:\/\/uai.group\/wp-content\/uploads\/2024\/02\/bfif_logo-300x77.jpg\" class=\"attachment-medium size-medium\" alt=\"\" srcset=\"https:\/\/uai.group\/wp-content\/uploads\/2024\/02\/bfif_logo-300x77.jpg 300w, https:\/\/uai.group\/wp-content\/uploads\/2024\/02\/bfif_logo-400x103.jpg 400w, https:\/\/uai.group\/wp-content\/uploads\/2024\/02\/bfif_logo.jpg 1000w\" sizes=\"auto, (max-width: 300px) 100vw, 300px\" \/><\/div><\/div><\/div><\/div><\/div><div class=\"vc_col-sm-4 wpb_column vc_column_container\"><div class=\"vc_column-inner\"><div class=\"wpb_wrapper\"><div class=\"w-image align_center\"><div class=\"w-image-h\"><img loading=\"lazy\" decoding=\"async\" width=\"300\" height=\"203\" src=\"https:\/\/uai.group\/wp-content\/uploads\/2024\/02\/logo-krrt-300x203.jpg\" class=\"attachment-medium size-medium\" alt=\"\" srcset=\"https:\/\/uai.group\/wp-content\/uploads\/2024\/02\/logo-krrt-300x203.jpg 300w, https:\/\/uai.group\/wp-content\/uploads\/2024\/02\/logo-krrt.jpg 346w\" sizes=\"auto, (max-width: 300px) 100vw, 300px\" \/><\/div><\/div><\/div><\/div><\/div><div class=\"vc_col-sm-4 wpb_column vc_column_container\"><div class=\"vc_column-inner\"><div class=\"wpb_wrapper\"><\/div><\/div><\/div><\/div><\/div><\/div><\/div><\/div><\/div><\/div><\/div><\/div><\/div><\/div><\/section>\n","protected":false},"excerpt":{"rendered":"Historia i profil firmy UAI SOLUTIONSKarieraCertyfikaty i cz\u0142onkostwoHistoria i profil firmy UAI SOLUTIONSHistoria i profil firmy UAI SOLUTIONS UAI SOLUTIONS sk\u0142ada si\u0119 z grupy firm windykacyjnych z kilku kraj\u00f3w Unii Europejskiej. Zosta\u0142a za\u0142o\u017cona w 2011 roku przez pana Ferenca Lobmayera z powodu zami\u0142owania do pojazd\u00f3w i podr\u00f3\u017cy po Europie, kt\u00f3re wskaza\u0142y potrzeb\u0119 innego podej\u015bcia w...","protected":false},"author":7,"featured_media":0,"parent":0,"menu_order":0,"comment_status":"closed","ping_status":"closed","template":"","meta":{"footnotes":""},"class_list":["post-4387","page","type-page","status-publish","hentry"],"_links":{"self":[{"href":"https:\/\/uai.group\/pl\/wp-json\/wp\/v2\/pages\/4387","targetHints":{"allow":["GET"]}}],"collection":[{"href":"https:\/\/uai.group\/pl\/wp-json\/wp\/v2\/pages"}],"about":[{"href":"https:\/\/uai.group\/pl\/wp-json\/wp\/v2\/types\/page"}],"author":[{"embeddable":true,"href":"https:\/\/uai.group\/pl\/wp-json\/wp\/v2\/users\/7"}],"replies":[{"embeddable":true,"href":"https:\/\/uai.group\/pl\/wp-json\/wp\/v2\/comments?post=4387"}],"version-history":[{"count":7,"href":"https:\/\/uai.group\/pl\/wp-json\/wp\/v2\/pages\/4387\/revisions"}],"predecessor-version":[{"id":18650,"href":"https:\/\/uai.group\/pl\/wp-json\/wp\/v2\/pages\/4387\/revisions\/18650"}],"wp:attachment":[{"href":"https:\/\/uai.group\/pl\/wp-json\/wp\/v2\/media?parent=4387"}],"curies":[{"name":"wp","href":"https:\/\/api.w.org\/{rel}","templated":true}]}}