{"id":4307,"date":"2020-04-03T10:50:33","date_gmt":"2020-04-03T10:50:33","guid":{"rendered":"https:\/\/uai.group\/receive-a-letter\/"},"modified":"2026-02-23T19:54:27","modified_gmt":"2026-02-23T18:54:27","slug":"otrzymales-list","status":"publish","type":"page","link":"https:\/\/uai.group\/pl\/otrzymales-list\/","title":{"rendered":"Otrzyma\u0142e\u015b list"},"content":{"rendered":"<section class=\"l-section wpb_row height_medium\"><div class=\"l-section-h i-cf\"><div class=\"g-cols vc_row via_flex valign_top type_default stacking_default\"><div class=\"vc_col-sm-6 wpb_column vc_column_container\"><div class=\"vc_column-inner\"><div class=\"wpb_wrapper\"><div class=\"wpb_text_column us_custom_1d684515\"><div class=\"wpb_wrapper\"><h1><strong>Wezwanie do zap\u0142aty<\/strong><\/h1>\n<p>W naszym wezwaniu do zap\u0142aty znajdziesz szczeg\u00f3\u0142owe informacje o zad\u0142u\u017ceniu i procedurach, kt\u00f3re mo\u017cna zastosowa\u0107 w r\u00f3\u017cnych przypadkach. Nasz dzia\u0142 obs\u0142ugi klienta jest dost\u0119pny w celu uzyskania dodatkowych informacji i odpowiedzi na wszelkie pytania telefonicznie, poczt\u0105 elektroniczn\u0105 lub poczt\u0105 w godzinach pracy dzia\u0142u obs\u0142ugi klienta. Prosimy o kontakt z nami pod dowolnym numerem kontaktowym w terminie p\u0142atno\u015bci, aby\u015bmy mogli znale\u017a\u0107 najodpowiedniejsze rozwi\u0105zanie w celu sp\u0142aty zad\u0142u\u017cenia.<\/p>\n<\/div><\/div><\/div><\/div><\/div><div class=\"vc_col-sm-6 wpb_column vc_column_container\"><div class=\"vc_column-inner\"><div class=\"wpb_wrapper\"><div class=\"w-btn-wrapper align_center\"><a class=\"w-btn us-btn-style_4 us_custom_ecf15da9 pay-now icon_atright\" title=\"Payment\" href=\"https:\/\/uai.group\/en\/payment\/\"><span class=\"w-btn-label\">Zap\u0142a\u0107 teraz<\/span><i class=\"fas fa-long-arrow-right\"><\/i><\/a><\/div><\/div><\/div><\/div><\/div><\/div><\/section><section class=\"l-section wpb_row us_custom_c872228d height_medium\"><div class=\"l-section-h i-cf\"><div class=\"g-cols vc_row via_flex valign_top type_default stacking_default\"><div class=\"vc_col-sm-6 wpb_column vc_column_container\"><div class=\"vc_column-inner\"><div class=\"wpb_wrapper\"><div class=\"wpb_text_column us_custom_1d684515\"><div class=\"wpb_wrapper\"><h1>Dlaczego otrzyma\u0142em wezwanie do zap\u0142aty?<\/h1>\n<p>Mog\u0105 Pa\u0144stwo otrzyma\u0107 od naszej firmy wezwanie do zap\u0142aty w nast\u0119puj\u0105cych przypadkach:<br \/>\n\u2022 korzysta\u0142e\u015b z odcinka drogi p\u0142atnej bez wa\u017cnego zezwolenia, lub<br \/>\n\u2022 naruszy\u0142e\u015b zasady p\u0142atnego parkowania.<\/p>\n<p>W zwi\u0105zku z tym s\u0105 Pa\u0144stwo zobowi\u0105zani do uiszczenia dodatkowych op\u0142at na podstawie obowi\u0105zuj\u0105cych przepis\u00f3w prawa lub postanowie\u0144 umownych.<\/p>\n<p>Na podstawie otrzymanego od posiadaczy wierzytelno\u015bci dop\u0142atowych pe\u0142nomocnictwa i upowa\u017cnienia nasza firma jest uprawniona do egzekwowania nale\u017cno\u015bci od w\u0142a\u015bcicieli i u\u017cytkownik\u00f3w pojazd\u00f3w mechanicznych zarejestrowanych w kilku krajach Unii Europejskiej oraz w innych krajach i w tych ramach do uzyskania danych pojazdu mechanicznego i jego u\u017cytkownika z urz\u0119dowej ewidencji pojazd\u00f3w. We wszystkich przypadkach dane osobowe przetwarzane s\u0105 z zachowaniem zasad ochrony danych, zgodnie z przepisami RODO.<\/p>\n<\/div><\/div><\/div><\/div><\/div><div class=\"vc_col-sm-6 wpb_column vc_column_container\"><div class=\"vc_column-inner\"><div class=\"wpb_wrapper\"><div class=\"w-btn-wrapper align_center\"><a class=\"w-btn us-btn-style_4 us_custom_1ba6c8ff read-privacy-policy icon_atright\" title=\"Privacy Policy\" href=\"https:\/\/uai.group\/pl\/poufnosc\/#privacy\"><span class=\"w-btn-label\">Przeczytaj polityk\u0119 prywatno\u015bci<\/span><i class=\"fas fa-long-arrow-right\"><\/i><\/a><\/div><div class=\"w-separator us_custom_6d18ecc4 size_custom\" style=\"height:90px\"><\/div><div class=\"wpb_text_column us_custom_1d684515\"><div class=\"wpb_wrapper\"><div>\n<p>Nasza polityka ochrony danych jest dost\u0119pna pod nast\u0119puj\u0105cym linkiem: <a href=\"https:\/\/uai.group\/pl\/poufnosc\/#privacy\">Polityka prywatno\u015bci<\/a>.<\/p>\n<p>Nale\u017cy pami\u0119ta\u0107, \u017ce informacje zawarte na naszej stronie internetowej maj\u0105 jedynie charakter informacyjny i niekoniecznie odnosz\u0105 si\u0119 konkretnie do Pa\u0144stwa sprawy. Podane tu og\u00f3lne informacje nie zast\u0119puj\u0105 profesjonalnej porady w Pa\u0144stwa sprawie. Aby uzyska\u0107 dok\u0142adne informacje na temat swojej sprawy, prosimy o dok\u0142adne przeczytanie naszego wezwania lub skontaktowanie si\u0119 z naszym Biurem Obs\u0142ugi Klienta przed up\u0142ywem terminu p\u0142atno\u015bci.<\/p>\n<\/div>\n<\/div><\/div><\/div><\/div><\/div><\/div><\/div><\/section><section class=\"l-section wpb_row us_custom_30080bca has_text_color height_medium\"><div class=\"l-section-h i-cf\"><div class=\"g-cols vc_row via_flex valign_top type_default stacking_default\"><div class=\"vc_col-sm-12 wpb_column vc_column_container letter-bottom-links\"><div class=\"vc_column-inner\"><div class=\"wpb_wrapper\"><div class=\"wpb_text_column us_custom_1d684515\"><div class=\"wpb_wrapper\"><h2><a href=\"https:\/\/uai.group\/en\/hungarian-invalid-vignette\/\">W\u0119gierska nieprawid\u0142owa e-winieta <i class=\"fas fa-arrow-right\"><\/i><\/a><\/h2>\n<\/div><\/div><div class=\"wpb_text_column us_custom_1d684515\"><div class=\"wpb_wrapper\"><h2><a href=\"https:\/\/uai.group\/en\/parking-surcharge\/\">Op\u0142ata za parking <i class=\"fas fa-arrow-right\"><\/i><\/a><\/h2>\n<\/div><\/div><div class=\"wpb_text_column us_custom_1d684515\"><div class=\"wpb_wrapper\"><\/div><\/div><\/div><\/div><\/div><\/div><\/div><\/section>\n","protected":false},"excerpt":{"rendered":"Wezwanie do zap\u0142aty W naszym wezwaniu do zap\u0142aty znajdziesz szczeg\u00f3\u0142owe informacje o zad\u0142u\u017ceniu i procedurach, kt\u00f3re mo\u017cna zastosowa\u0107 w r\u00f3\u017cnych przypadkach. Nasz dzia\u0142 obs\u0142ugi klienta jest dost\u0119pny w celu uzyskania dodatkowych informacji i odpowiedzi na wszelkie pytania telefonicznie, poczt\u0105 elektroniczn\u0105 lub poczt\u0105 w godzinach pracy dzia\u0142u obs\u0142ugi klienta. Prosimy o kontakt z nami pod dowolnym...","protected":false},"author":5,"featured_media":0,"parent":0,"menu_order":0,"comment_status":"closed","ping_status":"closed","template":"","meta":{"footnotes":""},"class_list":["post-4307","page","type-page","status-publish","hentry"],"_links":{"self":[{"href":"https:\/\/uai.group\/pl\/wp-json\/wp\/v2\/pages\/4307","targetHints":{"allow":["GET"]}}],"collection":[{"href":"https:\/\/uai.group\/pl\/wp-json\/wp\/v2\/pages"}],"about":[{"href":"https:\/\/uai.group\/pl\/wp-json\/wp\/v2\/types\/page"}],"author":[{"embeddable":true,"href":"https:\/\/uai.group\/pl\/wp-json\/wp\/v2\/users\/5"}],"replies":[{"embeddable":true,"href":"https:\/\/uai.group\/pl\/wp-json\/wp\/v2\/comments?post=4307"}],"version-history":[{"count":5,"href":"https:\/\/uai.group\/pl\/wp-json\/wp\/v2\/pages\/4307\/revisions"}],"predecessor-version":[{"id":18695,"href":"https:\/\/uai.group\/pl\/wp-json\/wp\/v2\/pages\/4307\/revisions\/18695"}],"wp:attachment":[{"href":"https:\/\/uai.group\/pl\/wp-json\/wp\/v2\/media?parent=4307"}],"curies":[{"name":"wp","href":"https:\/\/api.w.org\/{rel}","templated":true}]}}