{"id":3294,"date":"2020-10-14T16:14:28","date_gmt":"2020-10-14T14:14:28","guid":{"rendered":"https:\/\/uai.group\/forms\/"},"modified":"2026-02-23T11:45:43","modified_gmt":"2026-02-23T10:45:43","slug":"nyomtatvanyok","status":"publish","type":"page","link":"https:\/\/uai.group\/hu\/nyomtatvanyok\/","title":{"rendered":"Nyomtatv\u00e1nyok"},"content":{"rendered":"<section class=\"l-section wpb_row us_custom_174e2d5c height_medium\"><div class=\"l-section-overlay\" style=\"background:rgba(26,26,26,0.55)\"><\/div><div class=\"l-section-h i-cf\"><div class=\"g-cols vc_row via_flex valign_middle type_default stacking_default\"><div class=\"vc_col-sm-12 wpb_column vc_column_container\"><div class=\"vc_column-inner\"><div class=\"wpb_wrapper\"><div class=\"w-separator us_custom_a8116ab5 underline-orange size_medium\"><\/div><div class=\"wpb_text_column us_custom_e316a060 has_text_color\"><div class=\"wpb_wrapper\"><h1>Nyomtatv\u00e1nyok<\/h1>\n<\/div><\/div><div class=\"w-separator us_custom_a8116ab5 underline-orange size_medium\"><\/div><\/div><\/div><\/div><\/div><\/div><\/section><section class=\"l-section wpb_row height_medium\"><div class=\"l-section-h i-cf\"><div class=\"g-cols vc_row via_flex valign_top type_default stacking_default\"><div class=\"vc_col-sm-7 wpb_column vc_column_container\"><div class=\"vc_column-inner\"><div class=\"wpb_wrapper\"><div class=\"wpb_text_column us_custom_1d684515\"><div class=\"wpb_wrapper\"><p>Az al\u00e1bbi nyomtatv\u00e1nyok seg\u00edts\u00e9get ny\u00fajtanak \u00d6nnek egyes elj\u00e1r\u00e1sok k\u00e9rv\u00e9nyez\u00e9s\u00e9hez.<\/p>\n<\/div><\/div><\/div><\/div><\/div><div class=\"vc_col-sm-5 wpb_column vc_column_container\"><div class=\"vc_column-inner\"><div class=\"wpb_wrapper\"><\/div><\/div><\/div><\/div><\/div><\/section><section class=\"l-section wpb_row us_custom_c872228d height_medium\"><div class=\"l-section-h i-cf\"><div class=\"g-cols vc_row via_flex valign_top type_default stacking_default\"><div class=\"vc_col-sm-7 wpb_column vc_column_container\"><div class=\"vc_column-inner\"><div class=\"wpb_wrapper\"><div class=\"w-iconbox us_custom_60eb1309 iconpos_left style_default color_primary align_left no_title\"><div class=\"w-iconbox-icon\" style=\"font-size:1.3rem;\"><i class=\"material-icons\">picture_as_pdf<\/i><\/div><div class=\"w-iconbox-meta\"><div class=\"w-iconbox-text\"><p><a href=\"https:\/\/uai.group\/wp-content\/uploads\/2023\/06\/Kerelem-a-potdijak-maximalizalasara.pdf\">K\u00e9relem a p\u00f3td\u00edjak maximaliz\u00e1l\u00e1s\u00e1ra<\/a><\/p>\n<\/div><\/div><\/div><div class=\"w-iconbox us_custom_60eb1309 iconpos_left style_default color_primary align_left no_title\"><div class=\"w-iconbox-icon\" style=\"font-size:1.3rem;\"><i class=\"material-icons\">picture_as_pdf<\/i><\/div><div class=\"w-iconbox-meta\"><div class=\"w-iconbox-text\"><p><a href=\"https:\/\/uai.group\/wp-content\/uploads\/2023\/06\/Kerelem-az-eves-orszagos-matrica-visszameloleges-ervenyesitesere.pdf\">K\u00e9relem az \u00e9ves orsz\u00e1gos matrica visszamel\u0151leges \u00e9rv\u00e9nyes\u00edt\u00e9s\u00e9re<\/a><\/p>\n<\/div><\/div><\/div><div class=\"w-iconbox us_custom_60eb1309 iconpos_left style_default color_primary align_left no_title\"><div class=\"w-iconbox-icon\" style=\"font-size:1.3rem;\"><i class=\"material-icons\">picture_as_pdf<\/i><\/div><div class=\"w-iconbox-meta\"><div class=\"w-iconbox-text\"><p><a href=\"https:\/\/uai.group\/wp-content\/uploads\/2023\/06\/Kerelem-potdijmanesztiara.pdf\">K\u00e9relem p\u00f3td\u00edjmaneszti\u00e1ra<\/a><\/p>\n<\/div><\/div><\/div><div class=\"w-iconbox us_custom_60eb1309 iconpos_left style_default color_primary align_left no_title\"><div class=\"w-iconbox-icon\" style=\"font-size:1.3rem;\"><i class=\"material-icons\">picture_as_pdf<\/i><\/div><div class=\"w-iconbox-meta\"><div class=\"w-iconbox-text\"><p><a href=\"https:\/\/uai.group\/wp-content\/uploads\/2026\/02\/UAI_Vollmacht_de-en.pdf\" target=\"_blank\" rel=\"noopener noreferrer\">Meghatalmaz\u00e1s<\/a><\/p>\n<\/div><\/div><\/div><div class=\"w-iconbox us_custom_60eb1309 iconpos_left style_default color_primary align_left no_title\"><div class=\"w-iconbox-icon\" style=\"font-size:1.3rem;\"><i class=\"material-icons\">picture_as_pdf<\/i><\/div><div class=\"w-iconbox-meta\"><div class=\"w-iconbox-text\"><p><a href=\"https:\/\/uai.group\/wp-content\/uploads\/2020\/05\/Vignette_Copy_Request_Form_HUDEROENSRBTR.pdf\" target=\"_blank\" rel=\"noopener noreferrer\">Szabv\u00e1nyos formanyomtatv\u00e1ny a matrica m\u00e1solat\u00e1nak ig\u00e9nyl\u00e9s\u00e9hez<\/a><\/p>\n<\/div><\/div><\/div><\/div><\/div><\/div><div class=\"vc_col-sm-5 wpb_column vc_column_container\"><div class=\"vc_column-inner\"><div class=\"wpb_wrapper\"><\/div><\/div><\/div><\/div><\/div><\/section>\n","protected":false},"excerpt":{"rendered":"Nyomtatv\u00e1nyok Az al\u00e1bbi nyomtatv\u00e1nyok seg\u00edts\u00e9get ny\u00fajtanak \u00d6nnek egyes elj\u00e1r\u00e1sok k\u00e9rv\u00e9nyez\u00e9s\u00e9hez. picture_as_pdfK\u00e9relem a p\u00f3td\u00edjak maximaliz\u00e1l\u00e1s\u00e1ra picture_as_pdfK\u00e9relem az \u00e9ves orsz\u00e1gos matrica visszamel\u0151leges \u00e9rv\u00e9nyes\u00edt\u00e9s\u00e9re picture_as_pdfK\u00e9relem p\u00f3td\u00edjmaneszti\u00e1ra picture_as_pdfMeghatalmaz\u00e1s picture_as_pdfSzabv\u00e1nyos formanyomtatv\u00e1ny a matrica m\u00e1solat\u00e1nak ig\u00e9nyl\u00e9s\u00e9hez","protected":false},"author":5,"featured_media":0,"parent":0,"menu_order":0,"comment_status":"closed","ping_status":"closed","template":"","meta":{"footnotes":""},"class_list":["post-3294","page","type-page","status-publish","hentry"],"_links":{"self":[{"href":"https:\/\/uai.group\/hu\/wp-json\/wp\/v2\/pages\/3294","targetHints":{"allow":["GET"]}}],"collection":[{"href":"https:\/\/uai.group\/hu\/wp-json\/wp\/v2\/pages"}],"about":[{"href":"https:\/\/uai.group\/hu\/wp-json\/wp\/v2\/types\/page"}],"author":[{"embeddable":true,"href":"https:\/\/uai.group\/hu\/wp-json\/wp\/v2\/users\/5"}],"replies":[{"embeddable":true,"href":"https:\/\/uai.group\/hu\/wp-json\/wp\/v2\/comments?post=3294"}],"version-history":[{"count":4,"href":"https:\/\/uai.group\/hu\/wp-json\/wp\/v2\/pages\/3294\/revisions"}],"predecessor-version":[{"id":18529,"href":"https:\/\/uai.group\/hu\/wp-json\/wp\/v2\/pages\/3294\/revisions\/18529"}],"wp:attachment":[{"href":"https:\/\/uai.group\/hu\/wp-json\/wp\/v2\/media?parent=3294"}],"curies":[{"name":"wp","href":"https:\/\/api.w.org\/{rel}","templated":true}]}}