{"id":2055,"date":"2020-04-03T10:50:33","date_gmt":"2020-04-03T10:50:33","guid":{"rendered":"https:\/\/uai.artwork2sell.com\/receive-a-letter\/"},"modified":"2026-02-23T19:53:55","modified_gmt":"2026-02-23T18:53:55","slug":"levelet-kapott","status":"publish","type":"page","link":"https:\/\/uai.group\/hu\/levelet-kapott\/","title":{"rendered":"Levelet kapott"},"content":{"rendered":"<section class=\"l-section wpb_row height_medium\"><div class=\"l-section-h i-cf\"><div class=\"g-cols vc_row via_flex valign_top type_default stacking_default\"><div class=\"vc_col-sm-6 wpb_column vc_column_container\"><div class=\"vc_column-inner\"><div class=\"wpb_wrapper\"><div class=\"wpb_text_column us_custom_1d684515\"><div class=\"wpb_wrapper\"><h1>Fizet\u00e9si felsz\u00f3l\u00edt\u00e1st kapott?<\/h1>\n<p>Fizet\u00e9si felsz\u00f3l\u00edt\u00e1sunkban r\u00e9szletes t\u00e1j\u00e9koztat\u00e1st tal\u00e1l a tartoz\u00e1s, illetve a k\u00fcl\u00f6nb\u00f6z\u0151 esetekben ig\u00e9nybe vehet\u0151 elj\u00e1r\u00e1sok vonatkoz\u00e1s\u00e1ban. Tov\u00e1bbi inform\u00e1ci\u00f3kkal \u00e9s b\u00e1rmely k\u00e9rd\u00e9s\u00e9vel kapcsolatban \u00dcgyf\u00e9lszolg\u00e1latunk rendelkez\u00e9s\u00e9re \u00e1ll \u00fcgyf\u00e9lszolg\u00e1lati id\u0151n bel\u00fcl telefonon, elektronikus, vagy postai \u00faton is. K\u00e9rj\u00fck, hogy a fizet\u00e9si hat\u00e1rid\u0151n bel\u00fcl vegye fel vel\u00fcnk a kapcsolatot el\u00e9rhet\u0151s\u00e9geink b\u00e1rmelyik\u00e9n, annak \u00e9rdek\u00e9ben, hogy a tartoz\u00e1s rendez\u00e9s\u00e9re az \u00d6n sz\u00e1m\u00e1ra a legmegfelel\u0151bb megold\u00e1st tal\u00e1ljuk.<\/p>\n<\/div><\/div><\/div><\/div><\/div><div class=\"vc_col-sm-6 wpb_column vc_column_container\"><div class=\"vc_column-inner\"><div class=\"wpb_wrapper\"><div class=\"w-btn-wrapper align_center\"><a class=\"w-btn us-btn-style_4 us_custom_ecf15da9 pay-now icon_atright\" title=\"Payment\" href=\"https:\/\/uai.group\/hu\/fizetesi\/\"><span class=\"w-btn-label\">Fizet\u00e9s most<\/span><i class=\"fas fa-long-arrow-right\"><\/i><\/a><\/div><\/div><\/div><\/div><\/div><\/div><\/section><section class=\"l-section wpb_row us_custom_c872228d height_medium\"><div class=\"l-section-h i-cf\"><div class=\"g-cols vc_row via_flex valign_top type_default stacking_default\"><div class=\"vc_col-sm-6 wpb_column vc_column_container\"><div class=\"vc_column-inner\"><div class=\"wpb_wrapper\"><div class=\"wpb_text_column us_custom_1d684515\"><div class=\"wpb_wrapper\"><h1>Mi\u00e9rt kaptam fizet\u00e9si felsz\u00f3l\u00edt\u00e1st?<\/h1>\n<div>\n<p>Fizet\u00e9si felsz\u00f3l\u00edt\u00e1st az al\u00e1bbi esetekben kaphat t\u00e1rsas\u00e1gunkt\u00f3l:<\/p>\n<ul>\n<li>D\u00edjk\u00f6teles \u00fatszakaszt \u00e9rv\u00e9nyes jogosults\u00e1g n\u00e9lk\u00fcl haszn\u00e1lt, vagy<\/li>\n<li>megs\u00e9rtette a d\u00edjk\u00f6teles parkol\u00e1sra vonatkoz\u00f3 szab\u00e1lyokat.<\/li>\n<\/ul>\n<p>Ennek k\u00f6vetkezt\u00e9ben \u00d6nnek az ir\u00e1nyad\u00f3 jogszab\u00e1lyi, vagy szerz\u0151d\u00e9ses rendelkez\u00e9sek alapj\u00e1n p\u00f3td\u00edjfizet\u00e9si k\u00f6telezetts\u00e9ge keletkezett.<\/p>\n<p>T\u00e1rsas\u00e1gunk a p\u00f3td\u00edjk\u00f6vetel\u00e9sek jogosultjait\u00f3l kapott megb\u00edz\u00e1s \u00e9s meghatalmaz\u00e1s alapj\u00e1n jogosult az Eur\u00f3pai Uni\u00f3 t\u00f6bb orsz\u00e1g\u00e1ban \u00e9s tov\u00e1bbi orsz\u00e1gokban nyilv\u00e1ntart\u00e1sba vett g\u00e9pj\u00e1rm\u0171vek tulajdonosaival, \u00fczembentart\u00f3ival szemben a k\u00f6vetel\u00e9s \u00e9rv\u00e9nyes\u00edt\u00e9s\u00e9re, ennek keret\u00e9ben pedig a g\u00e9pj\u00e1rm\u0171, valamint annak \u00fczembentart\u00f3ja adatainak hivatalos g\u00e9pj\u00e1rm\u0171 nyilv\u00e1ntart\u00e1sb\u00f3l t\u00f6rt\u00e9n\u0151 lek\u00e9rdez\u00e9s\u00e9re. A szem\u00e9lyes adatok kezel\u00e9se minden esetben az adatv\u00e9delmi szab\u00e1lyok betart\u00e1s\u00e1val, a GDPR rendelkez\u00e9seinek megfelel\u0151en t\u00f6rt\u00e9nik.<\/p>\n<\/div>\n<\/div><\/div><\/div><\/div><\/div><div class=\"vc_col-sm-6 wpb_column vc_column_container\"><div class=\"vc_column-inner\"><div class=\"wpb_wrapper\"><div class=\"w-btn-wrapper align_center\"><a class=\"w-btn us-btn-style_4 us_custom_1ba6c8ff read-privacy-policy icon_atright\" title=\"Privacy Policy\" href=\"https:\/\/uai.group\/hu\/adatvedelem\/ #privacy\"><span class=\"w-btn-label\">Elolvasom az Adatv\u00e9delmi ir\u00e1nyelveket<\/span><i class=\"fas fa-long-arrow-right\"><\/i><\/a><\/div><div class=\"w-separator size_custom\" style=\"height:90px\"><\/div><div class=\"wpb_text_column us_custom_1d684515\"><div class=\"wpb_wrapper\"><div>\n<p>Adatv\u00e9delmi szab\u00e1lyzatunk a k\u00f6vetkez\u0151 linken \u00e9rhet\u0151 el: <a href=\"https:\/\/uai.group\/hu\/adatvedelem\/#privacy\">Adatv\u00e9delem<\/a><\/p>\n<p>Felh\u00edvjuk sz\u00edves figyelm\u00e9t, hogy a webhelyen felt\u00fcntetett inform\u00e1ci\u00f3k t\u00e1j\u00e9koztat\u00f3 jelleg\u0171ek, nem felt\u00e9tlen\u00fcl az \u00d6n konkr\u00e9t eset\u00e9re vonatkoznak. Az itt felt\u00fcntetett \u00e1ltal\u00e1nos inform\u00e1ci\u00f3k nem helyettes\u00edtik az \u00fcgy\u00e9vel kapcsolatos szakszer\u0171 tan\u00e1csad\u00e1st. Eset\u00e9vel kapcsolatos pontos inform\u00e1ci\u00f3k\u00e9rt k\u00e9rj\u00fck, hogy figyelmesen olvassa el felsz\u00f3l\u00edt\u00f3 level\u00fcnket, vagy vegye fel \u00dcgyf\u00e9lszolg\u00e1latunkkal a kapcsolatot \u00a0a fizet\u00e9si hat\u00e1rid\u0151 eltelte el\u0151tt.<\/p>\n<\/div>\n<\/div><\/div><\/div><\/div><\/div><\/div><\/div><\/section><section class=\"l-section wpb_row us_custom_30080bca has_text_color height_medium\"><div class=\"l-section-h i-cf\"><div class=\"g-cols vc_row via_flex valign_top type_default stacking_default\"><div class=\"vc_col-sm-12 wpb_column vc_column_container letter-bottom-links\"><div class=\"vc_column-inner\"><div class=\"wpb_wrapper\"><div class=\"wpb_text_column us_custom_1d684515\"><div class=\"wpb_wrapper\"><h2><a href=\"https:\/\/uai.group\/en\/hungarian-invalid-vignette\/\">Magyar \u00e9rv\u00e9nytelen e-matrica <i class=\"fas fa-arrow-right\"><\/i><\/a><\/h2>\n<\/div><\/div><div class=\"wpb_text_column us_custom_1d684515\"><div class=\"wpb_wrapper\"><h2><a href=\"https:\/\/uai.group\/en\/parking-surcharge\/\">Parkol\u00e1si p\u00f3td\u00edj <i class=\"fas fa-arrow-right\"><\/i><\/a><\/h2>\n<\/div><\/div><div class=\"wpb_text_column us_custom_1d684515\"><div class=\"wpb_wrapper\"><\/div><\/div><\/div><\/div><\/div><\/div><\/div><\/section>\n","protected":false},"excerpt":{"rendered":"Fizet\u00e9si felsz\u00f3l\u00edt\u00e1st kapott? Fizet\u00e9si felsz\u00f3l\u00edt\u00e1sunkban r\u00e9szletes t\u00e1j\u00e9koztat\u00e1st tal\u00e1l a tartoz\u00e1s, illetve a k\u00fcl\u00f6nb\u00f6z\u0151 esetekben ig\u00e9nybe vehet\u0151 elj\u00e1r\u00e1sok vonatkoz\u00e1s\u00e1ban. Tov\u00e1bbi inform\u00e1ci\u00f3kkal \u00e9s b\u00e1rmely k\u00e9rd\u00e9s\u00e9vel kapcsolatban \u00dcgyf\u00e9lszolg\u00e1latunk rendelkez\u00e9s\u00e9re \u00e1ll \u00fcgyf\u00e9lszolg\u00e1lati id\u0151n bel\u00fcl telefonon, elektronikus, vagy postai \u00faton is. K\u00e9rj\u00fck, hogy a fizet\u00e9si hat\u00e1rid\u0151n bel\u00fcl vegye fel vel\u00fcnk a kapcsolatot el\u00e9rhet\u0151s\u00e9geink b\u00e1rmelyik\u00e9n, annak \u00e9rdek\u00e9ben, hogy a tartoz\u00e1s rendez\u00e9s\u00e9re...","protected":false},"author":5,"featured_media":0,"parent":0,"menu_order":0,"comment_status":"closed","ping_status":"closed","template":"","meta":{"footnotes":""},"class_list":["post-2055","page","type-page","status-publish","hentry"],"_links":{"self":[{"href":"https:\/\/uai.group\/hu\/wp-json\/wp\/v2\/pages\/2055","targetHints":{"allow":["GET"]}}],"collection":[{"href":"https:\/\/uai.group\/hu\/wp-json\/wp\/v2\/pages"}],"about":[{"href":"https:\/\/uai.group\/hu\/wp-json\/wp\/v2\/types\/page"}],"author":[{"embeddable":true,"href":"https:\/\/uai.group\/hu\/wp-json\/wp\/v2\/users\/5"}],"replies":[{"embeddable":true,"href":"https:\/\/uai.group\/hu\/wp-json\/wp\/v2\/comments?post=2055"}],"version-history":[{"count":4,"href":"https:\/\/uai.group\/hu\/wp-json\/wp\/v2\/pages\/2055\/revisions"}],"predecessor-version":[{"id":18694,"href":"https:\/\/uai.group\/hu\/wp-json\/wp\/v2\/pages\/2055\/revisions\/18694"}],"wp:attachment":[{"href":"https:\/\/uai.group\/hu\/wp-json\/wp\/v2\/media?parent=2055"}],"curies":[{"name":"wp","href":"https:\/\/api.w.org\/{rel}","templated":true}]}}