{"id":2025,"date":"2020-04-03T10:54:52","date_gmt":"2020-04-03T10:54:52","guid":{"rendered":"https:\/\/uai.artwork2sell.com\/italian-vehicle-fines\/"},"modified":"2025-07-16T16:24:03","modified_gmt":"2025-07-16T14:24:03","slug":"jarmuvekkel-kapcsolatos-olaszorszagi-birsagok","status":"publish","type":"page","link":"https:\/\/uai.group\/hu\/jarmuvekkel-kapcsolatos-olaszorszagi-birsagok\/","title":{"rendered":"J\u00e1rm\u0171vekkel kapcsolatos olaszorsz\u00e1gi b\u00edrs\u00e1gok"},"content":{"rendered":"<section class=\"l-section wpb_row us_custom_c872228d height_medium\"><div class=\"l-section-h i-cf\"><div class=\"g-cols vc_row via_flex valign_top type_default stacking_default\"><div class=\"vc_col-sm-12 wpb_column vc_column_container\"><div class=\"vc_column-inner\"><div class=\"wpb_wrapper\"><div class=\"wpb_text_column us_custom_71370f9e\"><div class=\"wpb_wrapper\"><h1>G\u00e9pj\u00e1rm\u0171vekkel kapcsolatos olaszorsz\u00e1gi b\u00edrs\u00e1gok<\/h1>\n<\/div><\/div><div class=\"w-separator us_custom_a8116ab5 underline-orange size_small with_line width_default thick_4 style_solid color_text align_center\"><div class=\"w-separator-h\"><\/div><\/div><\/div><\/div><\/div><\/div><\/div><\/section><section class=\"l-section wpb_row height_medium\"><div class=\"l-section-h i-cf\"><div class=\"g-cols vc_row via_flex valign_top type_default stacking_default\"><div class=\"vc_col-sm-7 wpb_column vc_column_container\"><div class=\"vc_column-inner\"><div class=\"wpb_wrapper\"><div class=\"wpb_text_column us_custom_1d684515\"><div class=\"wpb_wrapper\"><p>A g\u00e9pj\u00e1rm\u0171vekkel kapcsolatos olaszorsz\u00e1gi b\u00edrs\u00e1gok az 1992. \u00e1prilis 30-i N.285 sz. K\u00f6z\u00fati k\u00f6zleked\u00e9sr\u0151l sz\u00f3l\u00f3 olasz t\u00f6rv\u00e9nyben megnevezett k\u00f6z\u00fati k\u00f6zleked\u00e9si rendelkez\u00e9sek megs\u00e9rt\u00e9s\u00e9nek k\u00f6vetkezm\u00e9nyeit jelentik. Az UAI SOLUTIONS arra szerz\u0151dtetett, hogy e k\u00f6vetel\u00e9seket b\u00e9k\u00e9s \u00faton szedje be, az olasz hat\u00f3s\u00e1gokt\u00f3l kor\u00e1bban kapott fizet\u00e9si \u00e9rtes\u00edt\u00e9sekben el\u0151\u00edrt jogi k\u00f6telezetts\u00e9gek be nem tart\u00e1sa miatt.<\/p>\n<\/div><\/div><\/div><\/div><\/div><div class=\"vc_col-sm-5 wpb_column vc_column_container\"><div class=\"vc_column-inner\"><div class=\"wpb_wrapper\"><\/div><\/div><\/div><\/div><\/div><\/section><section class=\"l-section wpb_row us_custom_c872228d height_medium\"><div class=\"l-section-h i-cf\"><div class=\"g-cols vc_row via_flex valign_top type_default stacking_default\"><div class=\"vc_col-sm-7 wpb_column vc_column_container\"><div class=\"vc_column-inner\"><div class=\"wpb_wrapper\"><div class=\"wpb_text_column us_custom_1d684515\"><div class=\"wpb_wrapper\"><h2>Hogyan fizethetem ki a b\u00edrs\u00e1got?<\/h2>\n<p>A p\u00f3td\u00edj fizet\u00e9s\u00e9vel kapcsolatos inform\u00e1ci\u00f3k\u00e9rt k\u00e9rj\u00fck, keresse fel a <a style=\"color: #f7931d;\" href=\"https:\/\/uai.group\/hu\/fizetesi-lehetosegek\/\">Fizet\u00e9si m\u00f3dok r\u00e9szt<\/a>.<\/p>\n<h6>Fizethetek r\u00e9szletekben?<\/h6>\n<p>Amennyiben nem k\u00edv\u00e1nja egyszerre kifizetni a teljes \u00f6sszeget, r\u00e9szletfizet\u00e9si lehet\u0151s\u00e9get biztos\u00edtunk \u00d6nnek. A r\u00e9szletek kamat,- \u00e9s k\u00f6lts\u00e9gmentesek.\u00a0Amennyiben ezt a fizet\u00e9si m\u00f3dot v\u00e1lasztja, k\u00e9rj\u00fck, k\u00fcldj\u00f6n nek\u00fcnk egy k\u00e9relmet a kapcsolat-felv\u00e9teli \u0171rlap seg\u00edts\u00e9g\u00e9vel, a lev\u00e9lben nevezett fizet\u00e9si hat\u00e1rid\u0151 lej\u00e1rta el\u0151tt. \u00dcgyf\u00e9lszolg\u00e1latunk egyik munkat\u00e1rsa a lehet\u0151 leghamarabb v\u00e1laszol a k\u00e9r\u00e9s\u00e9re.<\/p>\n<p>Felh\u00edvjuk a figyelm\u00e9t, hogy \u00fcgyfeleink fenntartott\u00e1k a jogot a r\u00e9szletfizet\u00e9s felt\u00e9teleinek t\u00f6rv\u00e9nyi el\u0151\u00edr\u00e1soknak megfelel\u0151 meghat\u00e1roz\u00e1s\u00e1ra.<\/p>\n<\/div><\/div><\/div><\/div><\/div><div class=\"vc_col-sm-5 wpb_column vc_column_container\"><div class=\"vc_column-inner\"><div class=\"wpb_wrapper\"><\/div><\/div><\/div><\/div><\/div><\/section><section class=\"l-section wpb_row height_medium\"><div class=\"l-section-h i-cf\"><div class=\"g-cols vc_row via_flex valign_top type_default stacking_default\"><div class=\"vc_col-sm-7 wpb_column vc_column_container\"><div class=\"vc_column-inner\"><div class=\"wpb_wrapper\"><div class=\"wpb_text_column us_custom_1d684515\"><div class=\"wpb_wrapper\"><h2>M\u00e1r kifizettem a b\u00edrs\u00e1got<\/h2>\n<p>El\u0151sz\u00f6r ellen\u0151riznie kell, hogy a kapott levelek nem kapcsol\u00f3dnak-e m\u00e1s esethez. A leveleket \u00f6ssze tudja hasonl\u00edtani, figyelembe v\u00e9ve az UAI SOLUTIONS hivatkoz\u00e1si sz\u00e1mokat, a f\u00e9nyk\u00e9peket, az ellen\u0151rz\u00e9s pillanat\u00e1t, a helysz\u00ednt, az \u00f6sszeget stb. Amennyiben k\u00fcl\u00f6nbs\u00e9get\/ket \u00e9szlel e dokumentumok k\u00f6z\u00f6tt, akkor val\u00f3sz\u00edn\u0171leg t\u00f6bb eset van a\u00a0 nyilv\u00e1ntart\u00e1sunkban. Ebben a helyzetben azt javasoljuk, hogy h\u00edvjon minket a lehet\u0151 leghamarabb, \u00e9s gy\u0151z\u0151dj\u00f6n meg arr\u00f3l, hogy a kifizet\u00e9st a hat\u00e1rid\u0151 el\u0151tt megteszi.<\/p>\n<p>Egy m\u00e1sik lehet\u0151s\u00e9g az, hogy fizet\u00e9st kezdem\u00e9nyezett, de a fizet\u00e9s r\u00e9szleteiben nem adott meg semmif\u00e9le k\u00f6zlem\u00e9nyt, teh\u00e1t nem tudjuk hozz\u00e1rendelni a fizet\u00e9st egy adott esethez. Ebben a helyzetben be kell ny\u00fajtania a fizet\u00e9si igazol\u00e1st. Ezt k\u00f6vet\u0151en a K\u00f6nyvel\u00e9si Oszt\u00e1ly megpr\u00f3b\u00e1lja azonos\u00edtani a befizet\u00e9st, \u00e9s lek\u00f6nyvelni az \u00d6n eset\u00e9re.<\/p>\n<h6>A b\u00edrs\u00e1got k\u00f6zvetlen\u00fcl azut\u00e1n kifizettem, hogy megkaptam a fizet\u00e9si \u00e9rtes\u00edt\u00e9st az olasz hat\u00f3s\u00e1gokt\u00f3l.<br \/>\nMi\u00e9rt kaptam levelet az UAI SOLUTIONS?<\/h6>\n<p>Lehets\u00e9ges, hogy az \u00e1tutal\u00e1s v\u00e9grehajt\u00e1sakor a k\u00f6zlem\u00e9nyben nem eml\u00edtette meg az \u00fcgy\u00e9vel kapcsolatos hivatkoz\u00e1si adatokat, \u00edgy az olasz hat\u00f3s\u00e1g nem tudta beazonos\u00edtani a fizet\u00e9st egy adott esetre. Ez\u00e1ltal a befizet\u00e9s st\u00e1tusza azonos\u00edtatlan maradt.<\/p>\n<p>Ebben az esetben k\u00e9rj\u00fck, k\u00fcldje el nek\u00fcnk a fizet\u00e9si igazol\u00e1st, \u00e9s tov\u00e1bbi vizsg\u00e1lat c\u00e9lj\u00e1b\u00f3l kapcsolatba l\u00e9p\u00fcnk az illet\u00e9kes hat\u00f3s\u00e1ggal.<\/p>\n<\/div><\/div><\/div><\/div><\/div><div class=\"vc_col-sm-5 wpb_column vc_column_container\"><div class=\"vc_column-inner\"><div class=\"wpb_wrapper\"><\/div><\/div><\/div><\/div><\/div><\/section><section class=\"l-section wpb_row us_custom_f86a26c2 purple-background has_text_color height_medium\"><div class=\"l-section-h i-cf\"><div class=\"g-cols vc_row via_flex valign_top type_default stacking_default\"><div class=\"vc_col-sm-12 wpb_column vc_column_container\"><div class=\"vc_column-inner\"><div class=\"wpb_wrapper\"><div class=\"wpb_text_column us_custom_1d684515\"><div class=\"wpb_wrapper\"><h1>Gyakran ism\u00e9telt k\u00e9rd\u00e9sek<\/h1>\n<\/div><\/div><div class=\"w-tabs style_default switch_click accordion has_scrolling\" style=\"--sections-title-size:inherit\"><div class=\"w-tabs-sections titles-align_none icon_plus cpos_right\"><div class=\"w-tabs-section\" id=\"1587026369628-70df5ef0-1173\"><button class=\"w-tabs-section-header\" aria-controls=\"content-1587026369628-70df5ef0-1173\" aria-expanded=\"false\"><div class=\"w-tabs-section-title\">Ellentmond\u00e1s. Hogyan vitathatom ezt a b\u00edrs\u00e1got?<\/div><div class=\"w-tabs-section-control\"><\/div><\/button><div  class=\"w-tabs-section-content\" id=\"content-1587026369628-70df5ef0-1173\"><div class=\"w-tabs-section-content-h i-cf\"><div class=\"wpb_text_column\"><div class=\"wpb_wrapper\"><p>Az ellentmond\u00e1shoz val\u00f3 jogot az olasz hat\u00f3s\u00e1gok \u00e1ltal elk\u00fcld\u00f6tt els\u0151 \u00e9rtes\u00edt\u00e9s k\u00e9zhezv\u00e9tel\u00e9t\u0151l sz\u00e1m\u00edtott 60 napon bel\u00fcl kell megtenni. Mivel \u00d6n a t\u00f6rv\u00e9nyes hat\u00e1rid\u0151n bel\u00fcl \u00e9s az eredeti lev\u00e9lben eml\u00edtett felt\u00e9telek mellett nem \u00e9lt ellentmond\u00e1ssal, minden tov\u00e1bbi panaszt elfogadhatatlannak nyilv\u00e1n\u00edtanak.<\/p>\n<\/div><\/div><\/div><\/div><\/div><div class=\"w-tabs-section\" id=\"1587026369648-76bc1c54-b406\"><button class=\"w-tabs-section-header\" aria-controls=\"content-1587026369648-76bc1c54-b406\" aria-expanded=\"false\"><div class=\"w-tabs-section-title\">Az ellen\u0151rz\u00e9s pillanat\u00e1ban nem \u00e9n vezettem\/haszn\u00e1ltam az g\u00e9pj\u00e1rm\u0171vet. Mi\u00e9rt az \u00e9n felel\u0151ss\u00e9gem a b\u00edrs\u00e1g megfizet\u00e9se?<\/div><div class=\"w-tabs-section-control\"><\/div><\/button><div  class=\"w-tabs-section-content\" id=\"content-1587026369648-76bc1c54-b406\"><div class=\"w-tabs-section-content-h i-cf\"><div class=\"wpb_text_column\"><div class=\"wpb_wrapper\"><p>Az olasz k\u00f6z\u00fati k\u00f6zleked\u00e9si t\u00f6rv\u00e9ny 196. cikkelye alapj\u00e1n p\u00e9nzb\u00fcntet\u00e9ssel b\u00fcntetend\u0151 jogs\u00e9rt\u00e9sek eset\u00e9n a j\u00e1rm\u0171 vagy p\u00f3tkocsi tulajdonosa, j\u00e1rm\u0171szerelv\u00e9ny (vontat\u00f3j\u00e1rm\u0171 p\u00f3tkocsival) eset\u00e9n, vagy helyette, a nem fizet\u0151 b\u00e9rl\u0151, a vev\u0151 vagy a l\u00edzingbevev\u0151 az elk\u00f6vet\u0151vel egyetemlegesen felel a b\u00edrs\u00e1g \u00f6sszeg\u00e9nek megfizet\u00e9s\u00e9\u00e9rt, kiv\u00e9ve, ha bizony\u00edtja, hogy a j\u00e1rm\u0171 akarata ellen\u00e9re ker\u00fclt ki birtok\u00e1b\u00f3l.<\/p>\n<p>Ezen fel\u00fcl lehet\u0151s\u00e9ge volt arra, hogy a t\u00e9nyleges j\u00e1rm\u0171vezet\u0151t a t\u00f6rv\u00e9nyes hat\u00e1rid\u0151n bel\u00fcl megjel\u00f6lje, miut\u00e1n megkapta az els\u0151, olasz hat\u00f3s\u00e1gok \u00e1ltal k\u00fcld\u00f6tt \u00e9rtes\u00edt\u00e9st.<\/p>\n<\/div><\/div><\/div><\/div><\/div><div class=\"w-tabs-section\" id=\"1603270390109-350f8df6-83d9\"><button class=\"w-tabs-section-header\" aria-controls=\"content-1603270390109-350f8df6-83d9\" aria-expanded=\"false\"><div class=\"w-tabs-section-title\">Az ellen\u0151rz\u00e9s pillanat\u00e9ban nem \u00e9n voltam az aut\u00f3 tulajdonosa, m\u00e9gis fizet\u00e9si felsz\u00f3l\u00edt\u00e1st kaptam az UAI SOLUTIONS-t\u00f3l. Milyen lehet\u0151s\u00e9geim vannak ebben az esetben?<\/div><div class=\"w-tabs-section-control\"><\/div><\/button><div  class=\"w-tabs-section-content\" id=\"content-1603270390109-350f8df6-83d9\"><div class=\"w-tabs-section-content-h i-cf\"><div class=\"wpb_text_column\"><div class=\"wpb_wrapper\"><p>A j\u00e1rm\u0171 tulajdonjog\u00e1val kapcsolatos hivatalos inform\u00e1ci\u00f3kat az ellen\u0151rz\u00e9s pillanat\u00e1ban a g\u00e9pj\u00e1rm\u0171-nyilv\u00e1ntart\u00f3 hat\u00f3s\u00e1g biztos\u00edtja, ahol a rendsz\u00e1mot az EUCARIS mechanizmus r\u00e9v\u00e9n szolg\u00e1ltatt\u00e1k. Amennyiben az ellen\u0151rz\u00e9s id\u0151pontj\u00e1ban m\u00e1r nem \u00d6n volt a j\u00e1rm\u0171 tulajdonosa, k\u00e9rj\u00fck, k\u00fcldje el a tulajdonosv\u00e1ltoz\u00e1st al\u00e1t\u00e1maszt\u00f3, hivatalos dokumentumok m\u00e1solat\u00e1t.<\/p>\n<\/div><\/div><\/div><\/div><\/div><div class=\"w-tabs-section\" id=\"1587026458100-bfe12673-816a\"><button class=\"w-tabs-section-header\" aria-controls=\"content-1587026458100-bfe12673-816a\" aria-expanded=\"false\"><div class=\"w-tabs-section-title\">Mi\u00e9rt kaptam meg az olasz hat\u00f3s\u00e1gokt\u00f3l k\u00fcld\u00f6tt \u00e9rtes\u00edt\u00e9st az ellen\u0151rz\u00e9s pillanat\u00e1t\u00f3l sz\u00e1m\u00edtott egy \u00e9v eltelt\u00e9vel?<\/div><div class=\"w-tabs-section-control\"><\/div><\/button><div  class=\"w-tabs-section-content\" id=\"content-1587026458100-bfe12673-816a\"><div class=\"w-tabs-section-content-h i-cf\"><div class=\"wpb_text_column\"><div class=\"wpb_wrapper\"><p>Az olasz k\u00f6z\u00fati k\u00f6zleked\u00e9si t\u00f6rv\u00e9ny szerint a rend\u0151rs\u00e9gnek a jogs\u00e9rt\u00e9s vagy a j\u00e1rm\u0171tulajdonos azonos\u00edt\u00e1s\u00e1nak id\u0151pontj\u00e1t\u00f3l sz\u00e1m\u00edtott 360 nap \u00e1ll rendelkez\u00e9s\u00e9re, hogy a k\u00fclf\u00f6ldi \u00e1llampolg\u00e1rokat a b\u00edrs\u00e1gr\u00f3l \u00e9rtes\u00edtse. B\u00e9relt j\u00e1rm\u0171vek eset\u00e9n a 360 nap az aut\u00f3k\u00f6lcs\u00f6nz\u0151 c\u00e9g \u00e1ltal megk\u00fcld\u00f6tt szem\u00e9lyes adatok k\u00e9zhezv\u00e9tel\u00e9nek napj\u00e1t\u00f3l kezd\u0151dik.<\/p>\n<\/div><\/div><\/div><\/div><\/div><div class=\"w-tabs-section\" id=\"1587026475676-c70d36d0-67d6\"><button class=\"w-tabs-section-header\" aria-controls=\"content-1587026475676-c70d36d0-67d6\" aria-expanded=\"false\"><div class=\"w-tabs-section-title\">Az aut\u00f3mat ellopt\u00e1k a szab\u00e1lys\u00e9rt\u00e9s pillanat\u00e1ban. Milyen lehet\u0151s\u00e9geim vannak ebben a helyzetben?<\/div><div class=\"w-tabs-section-control\"><\/div><\/button><div  class=\"w-tabs-section-content\" id=\"content-1587026475676-c70d36d0-67d6\"><div class=\"w-tabs-section-content-h i-cf\"><div class=\"wpb_text_column\"><div class=\"wpb_wrapper\"><p>Az eltulajdon\u00edt\u00e1s t\u00e9ny\u00e9t al\u00e1t\u00e1maszt\u00f3 rend\u0151rs\u00e9gi feljelent\u00e9s megk\u00fcld\u00e9se sz\u00fcks\u00e9ges. Ezt k\u00f6vet\u0151en tov\u00e1bbk\u00fcldj\u00fck a dokument\u00e1ci\u00f3t az illet\u00e9kes hat\u00f3s\u00e1gnak tov\u00e1bbi vizsg\u00e1lat c\u00e9lj\u00e1b\u00f3l.<\/p>\n<\/div><\/div><\/div><\/div><\/div><div class=\"w-tabs-section\" id=\"1587026499897-53a402c7-efd1\"><button class=\"w-tabs-section-header\" aria-controls=\"content-1587026499897-53a402c7-efd1\" aria-expanded=\"false\"><div class=\"w-tabs-section-title\">Soha nem volt olyan aut\u00f3m, mint a k\u00e9pen, m\u00e9gis \u00fagy t\u0171nik, hogy a rendsz\u00e1m az eny\u00e9m. \u00dagy gondolom, hogy valaki vissza\u00e9lt azzal. Mit tehetek ebben a helyzetben?<\/div><div class=\"w-tabs-section-control\"><\/div><\/button><div  class=\"w-tabs-section-content\" id=\"content-1587026499897-53a402c7-efd1\"><div class=\"w-tabs-section-content-h i-cf\"><div class=\"wpb_text_column\"><div class=\"wpb_wrapper\"><p>Ebben a helyzetben k\u00fcldje el nek\u00fcnk az aut\u00f3 regisztr\u00e1ci\u00f3s okm\u00e1nyainak \u00e9s az esem\u00e9nyr\u0151l tett rend\u0151rs\u00e9gi feljelent\u00e9s m\u00e1solat\u00e1t. Ezt k\u00f6vet\u0151en tov\u00e1bbk\u00fcldj\u00fck a dokument\u00e1ci\u00f3t az illet\u00e9kes hat\u00f3s\u00e1gnak tov\u00e1bbi vizsg\u00e1lat c\u00e9lj\u00e1b\u00f3l.<\/p>\n<\/div><\/div><\/div><\/div><\/div><div class=\"w-tabs-section\" id=\"1587026515448-0e3c00e8-0016\"><button class=\"w-tabs-section-header\" aria-controls=\"content-1587026515448-0e3c00e8-0016\" aria-expanded=\"false\"><div class=\"w-tabs-section-title\">Mi a b\u00edrs\u00e1g el\u00e9v\u00fcl\u00e9si ideje?<\/div><div class=\"w-tabs-section-control\"><\/div><\/button><div  class=\"w-tabs-section-content\" id=\"content-1587026515448-0e3c00e8-0016\"><div class=\"w-tabs-section-content-h i-cf\"><div class=\"wpb_text_column\"><div class=\"wpb_wrapper\"><p>Az el\u00e9v\u00fcl\u00e9si id\u0151 az ellen\u0151rz\u00e9s napj\u00e1t\u00f3l sz\u00e1m\u00edtott \u00f6t \u00e9v. Amennyiben \u00fagy gondolja, hogy a szab\u00e1lys\u00e9rt\u00e9s el\u00e9v\u00fclt, k\u00e9rj\u00fck, ossza meg vel\u00fcnk. Az el\u00e9v\u00fcl\u00e9s bizony\u00edtotts\u00e1g\u00e1t k\u00f6vet\u0151en, tov\u00e1bbk\u00fcldj\u00fck az \u00fcgyet az illet\u00e9kes hat\u00f3s\u00e1gnak annak lez\u00e1r\u00e1sa \u00e9rdek\u00e9ben.<\/p>\n<\/div><\/div><\/div><\/div><\/div><div class=\"w-tabs-section\" id=\"1587026560468-54fde0c3-5cff\"><button class=\"w-tabs-section-header\" aria-controls=\"content-1587026560468-54fde0c3-5cff\" aria-expanded=\"false\"><div class=\"w-tabs-section-title\">Ha nem fizetem ki a b\u00edrs\u00e1got, ind\u00edthat-e az UAI SOLUTIONS peres elj\u00e1r\u00e1st az ad\u00f3ss\u00e1g behajt\u00e1s\u00e1ra?<\/div><div class=\"w-tabs-section-control\"><\/div><\/button><div  class=\"w-tabs-section-content\" id=\"content-1587026560468-54fde0c3-5cff\"><div class=\"w-tabs-section-content-h i-cf\"><div class=\"wpb_text_column\"><div class=\"wpb_wrapper\"><p>Az UAI SOLUTIONS arra kapott felhatalmaz\u00e1st, hogy a k\u00f6vetel\u00e9s szigor\u00faan peren k\u00edv\u00fcli behajt\u00e1s\u00e1ra vonatkoz\u00f3 alaki k\u00f6vetelm\u00e9nyeket teljes\u00edtse. Ennek ellen\u00e9re, amennyiben \u00d6n nem teljes\u00edti fizet\u00e9si k\u00f6telezetts\u00e9g\u00e9t, \u00fcgyfel\u00fcnknek joga van k\u00f6vetel\u00e9s\u00e9t b\u00edr\u00f3s\u00e1gi \u00faton \u00e9rv\u00e9nyes\u00edteni, amely tov\u00e1bbi jogi k\u00f6lts\u00e9geket eredm\u00e9nyezhet.<\/p>\n<\/div><\/div><\/div><\/div><\/div><\/div><\/div><\/div><\/div><\/div><\/div><\/div><\/section>\n","protected":false},"excerpt":{"rendered":"G\u00e9pj\u00e1rm\u0171vekkel kapcsolatos olaszorsz\u00e1gi b\u00edrs\u00e1gok A g\u00e9pj\u00e1rm\u0171vekkel kapcsolatos olaszorsz\u00e1gi b\u00edrs\u00e1gok az 1992. \u00e1prilis 30-i N.285 sz. K\u00f6z\u00fati k\u00f6zleked\u00e9sr\u0151l sz\u00f3l\u00f3 olasz t\u00f6rv\u00e9nyben megnevezett k\u00f6z\u00fati k\u00f6zleked\u00e9si rendelkez\u00e9sek megs\u00e9rt\u00e9s\u00e9nek k\u00f6vetkezm\u00e9nyeit jelentik. Az UAI SOLUTIONS arra szerz\u0151dtetett, hogy e k\u00f6vetel\u00e9seket b\u00e9k\u00e9s \u00faton szedje be, az olasz hat\u00f3s\u00e1gokt\u00f3l kor\u00e1bban kapott fizet\u00e9si \u00e9rtes\u00edt\u00e9sekben el\u0151\u00edrt jogi k\u00f6telezetts\u00e9gek be nem tart\u00e1sa miatt. Hogyan fizethetem...","protected":false},"author":5,"featured_media":0,"parent":0,"menu_order":0,"comment_status":"closed","ping_status":"closed","template":"","meta":{"footnotes":""},"class_list":["post-2025","page","type-page","status-publish","hentry"],"_links":{"self":[{"href":"https:\/\/uai.group\/hu\/wp-json\/wp\/v2\/pages\/2025","targetHints":{"allow":["GET"]}}],"collection":[{"href":"https:\/\/uai.group\/hu\/wp-json\/wp\/v2\/pages"}],"about":[{"href":"https:\/\/uai.group\/hu\/wp-json\/wp\/v2\/types\/page"}],"author":[{"embeddable":true,"href":"https:\/\/uai.group\/hu\/wp-json\/wp\/v2\/users\/5"}],"replies":[{"embeddable":true,"href":"https:\/\/uai.group\/hu\/wp-json\/wp\/v2\/comments?post=2025"}],"version-history":[{"count":5,"href":"https:\/\/uai.group\/hu\/wp-json\/wp\/v2\/pages\/2025\/revisions"}],"predecessor-version":[{"id":18111,"href":"https:\/\/uai.group\/hu\/wp-json\/wp\/v2\/pages\/2025\/revisions\/18111"}],"wp:attachment":[{"href":"https:\/\/uai.group\/hu\/wp-json\/wp\/v2\/media?parent=2025"}],"curies":[{"name":"wp","href":"https:\/\/api.w.org\/{rel}","templated":true}]}}