{"id":2016,"date":"2020-04-23T06:44:24","date_gmt":"2020-04-23T06:44:24","guid":{"rendered":"https:\/\/uai.artwork2sell.com\/how-we-can-help\/"},"modified":"2025-07-16T19:04:43","modified_gmt":"2025-07-16T17:04:43","slug":"hogyan-tudunk-segiteni","status":"publish","type":"page","link":"https:\/\/uai.group\/hu\/hogyan-tudunk-segiteni\/","title":{"rendered":"Hogyan tudunk seg\u00edteni?"},"content":{"rendered":"<section class=\"l-section wpb_row height_huge with_img\"><div class=\"l-section-img\" style=\"background-image: url(https:\/\/uai.group\/wp-content\/uploads\/2020\/04\/img3-scaled.jpg);background-repeat: no-repeat;\" data-img-width=\"2560\" data-img-height=\"985\"><\/div><div class=\"l-section-overlay\" style=\"background:rgba(21,11,0,0.55)\"><\/div><div class=\"l-section-h i-cf\"><div class=\"g-cols vc_row via_flex valign_top type_default stacking_default\"><div class=\"vc_col-sm-6 wpb_column vc_column_container white-text-on-img\"><div class=\"vc_column-inner\"><div class=\"wpb_wrapper\"><div class=\"wpb_text_column us_custom_1d684515\"><div class=\"wpb_wrapper\"><h1>\u00dczleti megold\u00e1sok<\/h1>\n<p>N\u00e9metorsz\u00e1gban regisztr\u00e1lt k\u00f6vetel\u00e9skezel\u0151 t\u00e1rsas\u00e1gk\u00e9nt sz\u00e9lesk\u00f6r\u0171, hat\u00e1ron \u00e1tny\u00fal\u00f3 k\u00f6vetel\u00e9skezel\u00e9si tev\u00e9kenys\u00e9get k\u00edn\u00e1lunk mind \u00e1llami int\u00e9zm\u00e9nyek, mind v\u00e1llalatok sz\u00e1m\u00e1ra.<\/p>\n<\/div><\/div><\/div><\/div><\/div><div class=\"vc_col-sm-6 wpb_column vc_column_container\"><div class=\"vc_column-inner\"><div class=\"wpb_wrapper\"><\/div><\/div><\/div><\/div><\/div><\/section><section class=\"l-section wpb_row us_custom_76aafeb5 height_medium\"><div class=\"l-section-h i-cf\"><div class=\"g-cols vc_row via_flex valign_top type_default stacking_default\"><div class=\"vc_col-sm-6 wpb_column vc_column_container public-sector\"><div class=\"vc_column-inner us_custom_2139492d\"><div class=\"wpb_wrapper\"><div class=\"wpb_text_column us_custom_4a6ae91e\"><div class=\"wpb_wrapper\"><h1>\u00c1llami szektor<\/h1>\n<p>Az UAI SOLUTIONS GmbH az egyik piacvezet\u0151 t\u00e1rsas\u00e1g a g\u00e9pj\u00e1rm\u0171vekkel kapcsolatban felmer\u00fcl\u0151, hat\u00e1ron \u00e1tny\u00fal\u00f3 k\u00f6vetel\u00e9sek \u00e9rv\u00e9nyes\u00edt\u00e9se ter\u00fclet\u00e9n.<\/p>\n<\/div><\/div><div class=\"w-btn-wrapper align_none\"><a class=\"w-btn us-btn-style_6 us_custom_78f20075 find-more icon_atright\" title=\"Public sector\" href=\"https:\/\/uai.group\/hu\/allami-szektor\/\"><span class=\"w-btn-label\">Tudjon meg t\u00f6bbet<\/span><i class=\"fas fa-long-arrow-right\"><\/i><\/a><\/div><\/div><\/div><\/div><div class=\"vc_col-sm-6 wpb_column vc_column_container corporate-services has_bg_color stretched\"><div class=\"vc_column-inner us_custom_de7bb931\"><div class=\"wpb_wrapper\"><div class=\"wpb_text_column us_custom_61e65cda\"><div class=\"wpb_wrapper\"><h1><strong>V\u00e1llalati szolg\u00e1ltat\u00e1sok<\/strong><\/h1>\n<p>C\u00e9ge kiegyenl\u00edtetlen tartoz\u00e1sok jogosultja? K\u00e9rj\u00fck tekintse \u00e1t az al\u00e1bbi t\u00e1j\u00e9koztat\u00f3t.<\/p>\n<\/div><\/div><div class=\"w-btn-wrapper align_none\"><a class=\"w-btn us-btn-style_7 us_custom_1bdc476f find-more icon_atright\" title=\"Corporate services\" href=\"https:\/\/uai.group\/hu\/vallalati-szolgaltatasok\/\"><span class=\"w-btn-label\">Tudjon meg t\u00f6bbet<\/span><i class=\"fas fa-long-arrow-right\"><\/i><\/a><\/div><\/div><\/div><\/div><\/div><\/div><\/section><section class=\"l-section wpb_row our-location-business height_medium\"><div class=\"l-section-h i-cf\"><div class=\"g-cols vc_row via_flex valign_top type_default stacking_default\"><div class=\"vc_col-sm-12 wpb_column vc_column_container\"><div class=\"vc_column-inner\"><div class=\"wpb_wrapper\"><div class=\"wpb_text_column us_custom_2f781ae3\"><div class=\"wpb_wrapper\"><h1 style=\"text-align: center;\">Piaci lefedetts\u00e9g<\/h1>\n<\/div><\/div><div class=\"w-separator us_custom_c4578417 underline-orange size_small with_line width_default thick_4 style_solid color_text align_center\"><div class=\"w-separator-h\"><\/div><\/div><div class=\"w-separator size_small\"><\/div><\/div><\/div><\/div><\/div><\/div><\/section><section class=\"l-section wpb_row us_custom_5cd26a65 height_medium\"><div class=\"l-section-h i-cf\"><div class=\"g-cols vc_row via_flex valign_middle type_default stacking_default\"><div class=\"vc_col-sm-12 wpb_column vc_column_container\"><div class=\"vc_column-inner\"><div class=\"wpb_wrapper\"><div class=\"wpb_text_column us_custom_5f6a577b\"><div class=\"wpb_wrapper\"><div id=\"image-map-pro-8531\"><\/div>\n<\/div><\/div><div class=\"g-cols wpb_row map-countries via_flex valign_top type_default stacking_default\"><div class=\"vc_col-sm-4 wpb_column vc_column_container\"><div class=\"vc_column-inner\"><div class=\"wpb_wrapper\"><div class=\"w-iconbox iconpos_left style_default color_custom align_left no_text\"><div class=\"w-iconbox-icon\" style=\"font-size:2rem;color:#f79420;\"><i class=\"fas fa-square\"><\/i><\/div><div class=\"w-iconbox-meta\"><h4 class=\"w-iconbox-title\">Akt\u00edv orsz\u00e1gok<\/h4><\/div><\/div><\/div><\/div><\/div><div class=\"vc_col-sm-4 wpb_column vc_column_container\"><div class=\"vc_column-inner\"><div class=\"wpb_wrapper\"><div class=\"w-iconbox us_custom_785c7765 iconpos_left style_default color_custom align_left no_text\"><div class=\"w-iconbox-icon\" style=\"font-size:2rem;color:#f2b981;\"><i class=\"fas fa-square\"><\/i><\/div><div class=\"w-iconbox-meta\"><h4 class=\"w-iconbox-title\">Adatk\u00e9r\u00e9s \u2013 elj\u00e1r\u00e1s folyamatban<\/h4><\/div><\/div><\/div><\/div><\/div><div class=\"vc_col-sm-4 wpb_column vc_column_container\"><div class=\"vc_column-inner\"><div class=\"wpb_wrapper\"><div class=\"w-iconbox iconpos_left style_default color_custom align_left no_text\"><div class=\"w-iconbox-icon\" style=\"font-size:2rem;color:#fce586;\"><i class=\"fas fa-square\"><\/i><\/div><div class=\"w-iconbox-meta\"><h4 class=\"w-iconbox-title\">\u00c9rt\u00e9kel\u00e9s alatt<\/h4><\/div><\/div><\/div><\/div><\/div><\/div><\/div><\/div><\/div><\/div><\/div><\/section><section class=\"l-section wpb_row height_medium\"><div class=\"l-section-h i-cf\"><div class=\"g-cols vc_row via_flex valign_top type_default stacking_default\"><div class=\"vc_col-sm-12 wpb_column vc_column_container\"><div class=\"vc_column-inner\"><div class=\"wpb_wrapper\"><div class=\"wpb_text_column us_custom_71370f9e\"><div class=\"wpb_wrapper\"><h1>A vel\u00fcnk val\u00f3 egy\u00fcttm\u0171k\u00f6d\u00e9s el\u0151nyei<\/h1>\n<\/div><\/div><div class=\"w-separator us_custom_c4578417 underline-orange size_small with_line width_default thick_4 style_solid color_text align_center\"><div class=\"w-separator-h\"><\/div><\/div><div class=\"w-separator size_medium\"><\/div><div class=\"g-cols wpb_row advantages via_flex valign_top type_default stacking_default\"><div class=\"vc_col-sm-4 wpb_column vc_column_container\"><div class=\"vc_column-inner\"><div class=\"wpb_wrapper\"><div class=\"w-iconbox iconpos_top style_default color_custom align_center\"><div class=\"w-iconbox-icon\" style=\"font-size:2rem;color:#ffffff;\"><i class=\"material-icons\">show_chart<\/i><\/div><div class=\"w-iconbox-meta\"><h5 class=\"w-iconbox-title\">Magas sikerr\u00e1ta<\/h5><div class=\"w-iconbox-text\"><p>Tapasztalataink, a nemzetk\u00f6zi partnerh\u00e1l\u00f3zat \u00e9s a m\u00f3dszertan lehet\u0151v\u00e9 teszi sz\u00e1munkra, hogy magas szint\u0171 sikert \u00e9rj\u00fcnk el k\u00fclf\u00f6ldi k\u00f6vetel\u00e9sek beszed\u00e9s\u00e9ben.<\/p>\n<\/div><\/div><\/div><\/div><\/div><\/div><div class=\"vc_col-sm-4 wpb_column vc_column_container\"><div class=\"vc_column-inner\"><div class=\"wpb_wrapper\"><div class=\"w-separator size_medium\"><\/div><div class=\"w-iconbox iconpos_top style_default color_custom align_center\"><div class=\"w-iconbox-icon\" style=\"font-size:2rem;color:#ffffff;\"><i class=\"material-icons\">lock<\/i><\/div><div class=\"w-iconbox-meta\"><h5 class=\"w-iconbox-title\">Biztons\u00e1g<\/h5><div class=\"w-iconbox-text\"><p>Az UAI SOLUTIONS sz\u00e1m\u00e1ra a biztons\u00e1g azt jelenti, hogy tiszteletben tartjuk szervezete \u00e1ltal r\u00e1nk b\u00edzott szem\u00e9lyes adatok v\u00e9delm\u00e9re vonatkoz\u00f3 valamennyi nemzetk\u00f6zi \u00e9s nemzeti el\u0151\u00edr\u00e1st, valamint \u00e1tl\u00e1that\u00f3s\u00e1got biztos\u00edtunk a p\u00e9nzforgalomban.<\/p>\n<\/div><\/div><\/div><\/div><\/div><\/div><div class=\"vc_col-sm-4 wpb_column vc_column_container\"><div class=\"vc_column-inner\"><div class=\"wpb_wrapper\"><div class=\"w-iconbox iconpos_top style_default color_custom align_center\"><div class=\"w-iconbox-icon\" style=\"font-size:2rem;color:#ffffff;\"><i class=\"material-icons\">check_circle<\/i><\/div><div class=\"w-iconbox-meta\"><h5 class=\"w-iconbox-title\">Hat\u00e9konys\u00e1g<\/h5><div class=\"w-iconbox-text\"><p>Azzal, hogy az \u00fcgyeit r\u00e1nk b\u00edzza, szervezete hat\u00e9konyabban fogja behajtani a k\u00fclf\u00f6ldi k\u00f6vetel\u00e9seit. Ezzel nem lesz sz\u00fcks\u00e9ge \u00faj v\u00e1llalati r\u00e9szlegek l\u00e9trehoz\u00e1s\u00e1ra vagy szem\u00e9lyzet\u00e9nek n\u00f6vel\u00e9s\u00e9re \u00e9s specializ\u00e1l\u00f3d\u00e1s\u00e1ra. Hadd agg\u00f3djunk mi \u00e9rte!<\/p>\n<\/div><\/div><\/div><\/div><\/div><\/div><\/div><\/div><\/div><\/div><\/div><\/div><\/section><section class=\"l-section wpb_row us_custom_d6171ab4 height_medium\"><div class=\"l-section-h i-cf\"><div class=\"g-cols vc_row via_flex valign_top type_default stacking_default\"><div class=\"vc_col-sm-12 wpb_column vc_column_container\"><div class=\"vc_column-inner\"><div class=\"wpb_wrapper\"><div class=\"wpb_text_column us_custom_71370f9e\"><div class=\"wpb_wrapper\"><h1>Helysz\u00edneink<\/h1>\n<\/div><\/div><div class=\"w-separator us_custom_a8116ab5 underline-orange size_small with_line width_default thick_4 style_solid color_text align_center\"><div class=\"w-separator-h\"><\/div><\/div><div class=\"w-separator size_large\"><\/div><div class=\"g-cols wpb_row countries via_flex valign_top type_default stacking_default\"><div class=\"vc_col-sm-6 wpb_column vc_column_container\"><div class=\"vc_column-inner\"><div class=\"wpb_wrapper\"><div class=\"wpb_text_column\"><div class=\"wpb_wrapper\"><h1 style=\"text-align: center;\">N\u00e9metorsz\u00e1g<\/h1>\n<h1 style=\"text-align: center;\">Rom\u00e1nia<\/h1>\n<h1 style=\"text-align: center;\">Csehorsz\u00e1g<\/h1>\n<\/div><\/div><\/div><\/div><\/div><div class=\"vc_col-sm-6 wpb_column vc_column_container\"><div class=\"vc_column-inner\"><div class=\"wpb_wrapper\"><div class=\"wpb_text_column\"><div class=\"wpb_wrapper\"><h1 style=\"text-align: center;\">Magyarorsz\u00e1g<\/h1>\n<h1 style=\"text-align: center;\">Lengyelorsz\u00e1g<\/h1>\n<h1 style=\"text-align: center;\">Bulg\u00e1ria<\/h1>\n<\/div><\/div><\/div><\/div><\/div><\/div><\/div><\/div><\/div><\/div><\/div><\/section>\n","protected":false},"excerpt":{"rendered":"\u00dczleti megold\u00e1sok N\u00e9metorsz\u00e1gban regisztr\u00e1lt k\u00f6vetel\u00e9skezel\u0151 t\u00e1rsas\u00e1gk\u00e9nt sz\u00e9lesk\u00f6r\u0171, hat\u00e1ron \u00e1tny\u00fal\u00f3 k\u00f6vetel\u00e9skezel\u00e9si tev\u00e9kenys\u00e9get k\u00edn\u00e1lunk mind \u00e1llami int\u00e9zm\u00e9nyek, mind v\u00e1llalatok sz\u00e1m\u00e1ra. \u00c1llami szektor Az UAI SOLUTIONS GmbH az egyik piacvezet\u0151 t\u00e1rsas\u00e1g a g\u00e9pj\u00e1rm\u0171vekkel kapcsolatban felmer\u00fcl\u0151, hat\u00e1ron \u00e1tny\u00fal\u00f3 k\u00f6vetel\u00e9sek \u00e9rv\u00e9nyes\u00edt\u00e9se ter\u00fclet\u00e9n. Tudjon meg t\u00f6bbetV\u00e1llalati szolg\u00e1ltat\u00e1sok C\u00e9ge kiegyenl\u00edtetlen tartoz\u00e1sok jogosultja? K\u00e9rj\u00fck tekintse \u00e1t az al\u00e1bbi t\u00e1j\u00e9koztat\u00f3t. Tudjon meg t\u00f6bbetPiaci lefedetts\u00e9g...","protected":false},"author":5,"featured_media":0,"parent":0,"menu_order":0,"comment_status":"closed","ping_status":"closed","template":"","meta":{"footnotes":""},"class_list":["post-2016","page","type-page","status-publish","hentry"],"_links":{"self":[{"href":"https:\/\/uai.group\/hu\/wp-json\/wp\/v2\/pages\/2016","targetHints":{"allow":["GET"]}}],"collection":[{"href":"https:\/\/uai.group\/hu\/wp-json\/wp\/v2\/pages"}],"about":[{"href":"https:\/\/uai.group\/hu\/wp-json\/wp\/v2\/types\/page"}],"author":[{"embeddable":true,"href":"https:\/\/uai.group\/hu\/wp-json\/wp\/v2\/users\/5"}],"replies":[{"embeddable":true,"href":"https:\/\/uai.group\/hu\/wp-json\/wp\/v2\/comments?post=2016"}],"version-history":[{"count":4,"href":"https:\/\/uai.group\/hu\/wp-json\/wp\/v2\/pages\/2016\/revisions"}],"predecessor-version":[{"id":18050,"href":"https:\/\/uai.group\/hu\/wp-json\/wp\/v2\/pages\/2016\/revisions\/18050"}],"wp:attachment":[{"href":"https:\/\/uai.group\/hu\/wp-json\/wp\/v2\/media?parent=2016"}],"curies":[{"name":"wp","href":"https:\/\/api.w.org\/{rel}","templated":true}]}}