{"id":1997,"date":"2020-04-23T06:45:40","date_gmt":"2020-04-23T06:45:40","guid":{"rendered":"https:\/\/uai.artwork2sell.com\/corporate-services\/"},"modified":"2025-07-16T18:34:13","modified_gmt":"2025-07-16T16:34:13","slug":"vallalati-szolgaltatasok","status":"publish","type":"page","link":"https:\/\/uai.group\/hu\/vallalati-szolgaltatasok\/","title":{"rendered":"V\u00e1llalati szolg\u00e1ltat\u00e1sok"},"content":{"rendered":"<section class=\"l-section wpb_row height_medium with_img\" id=\"international\"><div class=\"l-section-img\" style=\"background-image: url(https:\/\/uai.group\/wp-content\/uploads\/2020\/04\/uia-international-dept-header.jpg);background-repeat: no-repeat;\" data-img-width=\"2400\" data-img-height=\"1000\"><\/div><div class=\"l-section-overlay\" style=\"background:rgba(21,11,0,0.55)\"><\/div><div class=\"l-section-h i-cf\"><div class=\"g-cols vc_row via_flex valign_middle type_default stacking_default\"><div class=\"vc_col-sm-11 vc_col-lg-offset-1 vc_col-lg-5 vc_col-md-offset-0 vc_col-md-6 vc_col-xs-12 wpb_column vc_column_container white-text-on-img\"><div class=\"vc_column-inner us_custom_770d8848\"><div class=\"wpb_wrapper\"><div class=\"wpb_text_column\"><div class=\"wpb_wrapper\"><h1>Nemzetk\u00f6zi k\u00f6vetel\u00e9skezel\u00e9s<\/h1>\n<p>C\u00e9ge kiegyenl\u00edtetlen tartoz\u00e1sok jogosultja? K\u00e9rj\u00fck tekintse \u00e1t az al\u00e1bbi t\u00e1j\u00e9koztat\u00f3t.<\/p>\n<\/div><\/div><\/div><\/div><\/div><\/div><\/div><\/section><section class=\"l-section wpb_row us_custom_c872228d height_medium\" id=\"international-text\"><div class=\"l-section-h i-cf\"><div class=\"g-cols vc_row via_flex valign_top type_default stacking_default\"><div class=\"vc_col-sm-7 vc_col-lg-offset-1 wpb_column vc_column_container\"><div class=\"vc_column-inner\"><div class=\"wpb_wrapper\"><div class=\"wpb_text_column\"><div class=\"wpb_wrapper\"><p>T\u00e1rsas\u00e1gunk hat\u00e9kony megold\u00e1st ny\u00fajt v\u00e1llalkoz\u00e1sa szolg\u00e1ltat\u00e1saib\u00f3l ered\u0151, hat\u00e1ron \u00e1tny\u00fal\u00f3 k\u00f6vetel\u00e9seinek \u00e9rv\u00e9nyes\u00edt\u00e9s\u00e9re.<\/p>\n<p>Milyen t\u00edpus\u00fa behajt\u00e1si tev\u00e9kenys\u00e9get tudunk ny\u00fajtani?<\/p>\n<\/div><\/div><\/div><\/div><\/div><div class=\"vc_col-sm-4 wpb_column vc_column_container\"><div class=\"vc_column-inner\"><div class=\"wpb_wrapper\"><\/div><\/div><\/div><\/div><\/div><\/section><section class=\"l-section wpb_row us_custom_20f09883 height_medium width_full\" id=\"judicial\"><div class=\"l-section-h i-cf\"><div class=\"g-cols vc_row via_flex valign_top type_default stacking_default\"><div class=\"vc_col-sm-4 wpb_column vc_column_container has_bg_color\"><div class=\"vc_column-inner us_custom_29c29dbd\"><div class=\"wpb_wrapper\"><div class=\"w-separator size_medium\"><\/div><\/div><\/div><\/div><div class=\"vc_col-sm-8 wpb_column vc_column_container bullet-list\"><div class=\"vc_column-inner us_custom_dd80885a\"><div class=\"wpb_wrapper\"><div class=\"wpb_text_column us_custom_1fd57248\"><div class=\"wpb_wrapper\"><h2>B\u00edr\u00f3s\u00e1gon k\u00edv\u00fcli, nem peres behajt\u00e1si tev\u00e9kenys\u00e9g<\/h2>\n<ul>\n<li>Tartoz\u00e1sok el\u0151zetes \u00e9rt\u00e9kel\u00e9se, ad\u00f3s fizet\u0151k\u00e9pess\u00e9g\u00e9nek vizsg\u00e1lata.<\/li>\n<li>A jogosult \u00e1ltal beny\u00fajtott dokumentumok elemz\u00e9se, int\u00e9zked\u00e9si terv \u00e9s jelent\u00e9s k\u00e9sz\u00edt\u00e9se.<\/li>\n<li>Nem peres behajt\u00e1si elj\u00e1r\u00e1s megind\u00edt\u00e1sa, ennek keret\u00e9ben felsz\u00f3l\u00edt\u00e1sok, fizet\u00e9si eml\u00e9keztet\u0151k k\u00e9sz\u00edt\u00e9se, ad\u00f3ssal t\u00f6rt\u00e9n\u0151 kapcsolatfelv\u00e9tel, felek k\u00f6z\u00f6tti egyeztet\u00e9s, illetve az ad\u00f3ssal t\u00f6rt\u00e9n\u0151 t\u00e1rgyal\u00e1s lefolytat\u00e1sa, fizet\u00e9sek nyomon k\u00f6vet\u00e9se.<\/li>\n<li>Jelent\u00e9s a k\u00f6vetel\u00e9s jogosultja r\u00e9sz\u00e9re.<\/li>\n<\/ul>\n<\/div><\/div><\/div><\/div><\/div><\/div><\/div><\/section><section class=\"l-section wpb_row us_custom_8535c5f4 judicial-debt height_medium width_full\"><div class=\"l-section-h i-cf\"><div class=\"g-cols vc_row via_flex valign_top type_default stacking_default\"><div class=\"vc_col-sm-8 wpb_column vc_column_container\"><div class=\"vc_column-inner us_custom_71a8a418\"><div class=\"wpb_wrapper\"><div class=\"wpb_text_column us_custom_28817faa judicial-debt-text\"><div class=\"wpb_wrapper\"><h2>B\u00edr\u00f3s\u00e1g el\u0151tti k\u00f6vetel\u00e9s\u00e9rv\u00e9nyes\u00edt\u00e9s (b\u00edr\u00f3s\u00e1gi peres elj\u00e1r\u00e1s)<\/h2>\n<p>Azon esetekben, ahol a peren k\u00edv\u00fcli tev\u00e9kenys\u00e9g\u00fcnk nem vezetett eredm\u00e9nyre, seg\u00edts\u00e9get ny\u00fajtunk a k\u00f6vetel\u00e9s b\u00edr\u00f3s\u00e1gi \u00faton t\u00f6rt\u00e9n\u0151 \u00e9rv\u00e9nyes\u00edt\u00e9s\u00e9ben. A k\u00fcl\u00f6nb\u00f6z\u0151 tag\u00e1llamok jog\u00e1ban j\u00e1rtas jogi tan\u00e1csad\u00f3 partnereink lehet\u0151v\u00e9 teszik sz\u00e1munkra a k\u00f6vetel\u00e9sek k\u00fcl\u00f6nb\u00f6z\u0151 tag\u00e1llamok b\u00edr\u00f3s\u00e1gai el\u0151tt t\u00f6rt\u00e9n\u0151 \u00e9rv\u00e9nyes\u00edt\u00e9s\u00e9t.<\/p>\n<p>Tov\u00e1bbi inform\u00e1ci\u00f3\u00e9rt k\u00e9rj\u00fck vegye fel vel\u00fcnk a kapcsolatot. \u00c9rt\u00e9kes\u00edt\u00e9si oszt\u00e1lyunk k\u00e9pvisel\u0151je a lehet\u0151 leghamarabb kapcsolatba l\u00e9p \u00d6nnel annak \u00e9rdek\u00e9ben, hogy az \u00d6n \u00e1ltal k\u00e9pviselt szervezet sz\u00e1m\u00e1ra megfelel\u0151 \u00e9s hat\u00e9kony megold\u00e1st tal\u00e1ljon.<\/p>\n<\/div><\/div><div class=\"w-separator size_large\"><\/div><\/div><\/div><\/div><div class=\"vc_col-sm-4 wpb_column vc_column_container has_bg_color\"><div class=\"vc_column-inner us_custom_15729625\"><div class=\"wpb_wrapper\"><\/div><\/div><\/div><\/div><\/div><\/section>\n","protected":false},"excerpt":{"rendered":"Nemzetk\u00f6zi k\u00f6vetel\u00e9skezel\u00e9s C\u00e9ge kiegyenl\u00edtetlen tartoz\u00e1sok jogosultja? K\u00e9rj\u00fck tekintse \u00e1t az al\u00e1bbi t\u00e1j\u00e9koztat\u00f3t. T\u00e1rsas\u00e1gunk hat\u00e9kony megold\u00e1st ny\u00fajt v\u00e1llalkoz\u00e1sa szolg\u00e1ltat\u00e1saib\u00f3l ered\u0151, hat\u00e1ron \u00e1tny\u00fal\u00f3 k\u00f6vetel\u00e9seinek \u00e9rv\u00e9nyes\u00edt\u00e9s\u00e9re. Milyen t\u00edpus\u00fa behajt\u00e1si tev\u00e9kenys\u00e9get tudunk ny\u00fajtani? B\u00edr\u00f3s\u00e1gon k\u00edv\u00fcli, nem peres behajt\u00e1si tev\u00e9kenys\u00e9g Tartoz\u00e1sok el\u0151zetes \u00e9rt\u00e9kel\u00e9se, ad\u00f3s fizet\u0151k\u00e9pess\u00e9g\u00e9nek vizsg\u00e1lata. A jogosult \u00e1ltal beny\u00fajtott dokumentumok elemz\u00e9se, int\u00e9zked\u00e9si terv \u00e9s jelent\u00e9s k\u00e9sz\u00edt\u00e9se. Nem peres behajt\u00e1si...","protected":false},"author":5,"featured_media":0,"parent":0,"menu_order":0,"comment_status":"closed","ping_status":"closed","template":"","meta":{"footnotes":""},"class_list":["post-1997","page","type-page","status-publish","hentry"],"_links":{"self":[{"href":"https:\/\/uai.group\/hu\/wp-json\/wp\/v2\/pages\/1997","targetHints":{"allow":["GET"]}}],"collection":[{"href":"https:\/\/uai.group\/hu\/wp-json\/wp\/v2\/pages"}],"about":[{"href":"https:\/\/uai.group\/hu\/wp-json\/wp\/v2\/types\/page"}],"author":[{"embeddable":true,"href":"https:\/\/uai.group\/hu\/wp-json\/wp\/v2\/users\/5"}],"replies":[{"embeddable":true,"href":"https:\/\/uai.group\/hu\/wp-json\/wp\/v2\/comments?post=1997"}],"version-history":[{"count":2,"href":"https:\/\/uai.group\/hu\/wp-json\/wp\/v2\/pages\/1997\/revisions"}],"predecessor-version":[{"id":14131,"href":"https:\/\/uai.group\/hu\/wp-json\/wp\/v2\/pages\/1997\/revisions\/14131"}],"wp:attachment":[{"href":"https:\/\/uai.group\/hu\/wp-json\/wp\/v2\/media?parent=1997"}],"curies":[{"name":"wp","href":"https:\/\/api.w.org\/{rel}","templated":true}]}}