{"id":1978,"date":"2020-04-03T11:13:03","date_gmt":"2020-04-03T11:13:03","guid":{"rendered":"https:\/\/uai.artwork2sell.com\/about-us\/"},"modified":"2026-02-23T17:20:19","modified_gmt":"2026-02-23T16:20:19","slug":"rolunk","status":"publish","type":"page","link":"https:\/\/uai.group\/hu\/rolunk\/","title":{"rendered":"R\u00f3lunk"},"content":{"rendered":"<section class=\"l-section wpb_row height_huge with_img\" id=\"uai-company\"><div class=\"l-section-img\" style=\"background-image: url(https:\/\/uai.group\/wp-content\/uploads\/2020\/04\/img2-scaled.jpg);background-repeat: no-repeat;\" data-img-width=\"2560\" data-img-height=\"985\"><\/div><div class=\"l-section-overlay\" style=\"background:rgba(30,16,0,0.46)\"><\/div><div class=\"l-section-h i-cf\"><div class=\"g-cols vc_row via_flex valign_middle type_default stacking_default\"><div class=\"vc_col-sm-2 wpb_column vc_column_container white-text-on-img\"><div class=\"vc_column-inner\"><div class=\"wpb_wrapper\"><\/div><\/div><\/div><div class=\"vc_col-sm-8 wpb_column vc_column_container us_animate_fade\" style=\"animation-delay:1s\"><div class=\"vc_column-inner\"><div class=\"wpb_wrapper\"><div class=\"w-image align_center\"><div class=\"w-image-h\"><img loading=\"lazy\" decoding=\"async\" width=\"500\" height=\"300\" src=\"https:\/\/uai.group\/wp-content\/uploads\/2020\/09\/group_main_white_big-3.svg\" class=\"attachment-full size-full\" alt=\"\" \/><\/div><\/div><\/div><\/div><\/div><div class=\"vc_col-sm-2 wpb_column vc_column_container\"><div class=\"vc_column-inner\"><div class=\"wpb_wrapper\"><\/div><\/div><\/div><\/div><\/div><\/section><section class=\"l-section wpb_row us_custom_3883cbfa tabs height_medium width_full\"><div class=\"l-section-h i-cf\"><div class=\"g-cols vc_row via_flex valign_top type_default stacking_default\"><div class=\"vc_col-sm-12 wpb_column vc_column_container\"><div class=\"vc_column-inner\"><div class=\"wpb_wrapper\"><div class=\"w-tabs about-tabs layout_hor style_default switch_click has_scrolling\" style=\"--sections-title-size:16px\"><div class=\"w-tabs-list items_3 align_none\"><div class=\"w-tabs-list-h\"><button class=\"w-tabs-item active defined-active\" aria-controls=\"content-1586766961022-bde99204-78c8544d-3cd0a03b-3ac2\" aria-expanded=\"true\"><span class=\"w-tabs-item-title\">UAI SOLUTIONS c\u00e9gt\u00f6rt\u00e9net \u00e9s Profil<\/span><\/button><button class=\"w-tabs-item\" aria-controls=\"content-f4ae\" aria-expanded=\"false\"><span class=\"w-tabs-item-title\">Karrier<\/span><\/button><button class=\"w-tabs-item\" aria-controls=\"content-q07d\" aria-expanded=\"false\"><span class=\"w-tabs-item-title\">Tan\u00fas\u00edtv\u00e1nyok<\/span><\/button><\/div><\/div><div class=\"w-tabs-sections titles-align_none icon_chevron cpos_right\"><div class=\"w-tabs-section no_indents active\" id=\"1586766961022-bde99204-78c8544d-3cd0a03b-3ac2\"><button class=\"w-tabs-section-header active\" aria-controls=\"content-1586766961022-bde99204-78c8544d-3cd0a03b-3ac2\" aria-expanded=\"true\"><div class=\"w-tabs-section-title\">UAI SOLUTIONS c\u00e9gt\u00f6rt\u00e9net \u00e9s Profil<\/div><div class=\"w-tabs-section-control\"><\/div><\/button><div  class=\"w-tabs-section-content\" id=\"content-1586766961022-bde99204-78c8544d-3cd0a03b-3ac2\"><div class=\"w-tabs-section-content-h i-cf\"><div class=\"g-cols wpb_row via_flex valign_top type_default stacking_default\"><div class=\"vc_col-sm-2 wpb_column vc_column_container uai-history-side-menu\"><div class=\"vc_column-inner\"><div class=\"wpb_wrapper\"><\/div><\/div><\/div><div class=\"vc_col-sm-8 wpb_column vc_column_container middle-underline\"><div class=\"vc_column-inner\"><div class=\"wpb_wrapper\"><div class=\"w-separator not-displayed size_medium\"><\/div><div class=\"wpb_text_column us_custom_f7001c89\"><div class=\"wpb_wrapper\"><h1>UAI SOLUTIONS c\u00e9gt\u00f6rt\u00e9net \u00e9s Profil<\/h1>\n<\/div><\/div><div class=\"w-separator us_custom_fa5afc28 underline-orange-left size_small with_line width_default thick_4 style_solid color_text align_center\"><div class=\"w-separator-h\"><\/div><\/div><\/div><\/div><\/div><div class=\"vc_col-sm-2 wpb_column vc_column_container\"><div class=\"vc_column-inner\"><div class=\"wpb_wrapper\"><div class=\"w-separator size_small\"><\/div><div class=\"w-separator size_small\"><\/div><div class=\"w-separator size_small\"><\/div><div class=\"w-separator size_small\"><\/div><\/div><\/div><\/div><div class=\"vc_col-sm-2 wpb_column vc_column_container\"><div class=\"vc_column-inner\"><div class=\"wpb_wrapper\"><\/div><\/div><\/div><div class=\"vc_col-sm-9 wpb_column vc_column_container us_animate_afl\"><div class=\"vc_column-inner us_custom_20f09883\"><div class=\"wpb_wrapper\"><div class=\"w-separator not-displayed size_medium\"><\/div><div class=\"wpb_text_column us_custom_d34daa4c\"><div class=\"wpb_wrapper\"><p>Az UAI SOLUTIONS GmbH a Lobmayer Group tagja, mely t\u00f6bb eur\u00f3pai uni\u00f3s tag\u00e1llam \u00e9s tov\u00e1bbi orsz\u00e1gok vonatkoz\u00e1s\u00e1ban v\u00e9gez k\u00f6vetel\u00e9sbehajt\u00e1si tev\u00e9kenys\u00e9get.<\/p>\n<p>T\u00e1rsas\u00e1gunkat 2011-ben alap\u00edtotta Lobmayer Ferenc, aki utaz\u00e1sai sor\u00e1n ismerte fel, hogy a jogosulatlan \u00fathaszn\u00e1latb\u00f3l ered\u0151 k\u00f6vetel\u00e9sek hat\u00e1ron \u00e1tny\u00fal\u00f3 \u00e9rv\u00e9nyes\u00edt\u00e9se a feladat komplexit\u00e1s\u00e1ra val\u00f3 tekintettel t\u00f6bb esetben neh\u00e9zs\u00e9gekbe \u00fctk\u00f6zik. Ennek kik\u00fcsz\u00f6b\u00f6l\u00e9se c\u00e9lj\u00e1b\u00f3l hozta l\u00e9tre a hat\u00e1ron \u00e1tny\u00fal\u00f3 k\u00f6vetel\u00e9sek \u00e9rv\u00e9nyes\u00edt\u00e9s\u00e9re specializ\u00e1l\u00f3dott t\u00e1rsas\u00e1got, melynek tev\u00e9kenys\u00e9gi k\u00f6r\u00e9t k\u00e9s\u0151bb parkol\u00e1ssal kapcsolatos k\u00f6vetel\u00e9sek \u00e9rv\u00e9nyes\u00edt\u00e9s\u00e9re is kiterjesztette.<\/p>\n<\/div><\/div><div class=\"w-separator size_small\"><\/div><\/div><\/div><\/div><div class=\"vc_col-sm-2 wpb_column vc_column_container\"><div class=\"vc_column-inner\"><div class=\"wpb_wrapper\"><\/div><\/div><\/div><div class=\"vc_col-sm-10 wpb_column vc_column_container has_bg_color us_animate_afr\"><div class=\"vc_column-inner us_custom_fed79d4a\"><div class=\"wpb_wrapper\"><div class=\"w-separator size_medium\"><\/div><div class=\"w-separator size_medium\"><\/div><\/div><\/div><\/div><div class=\"vc_col-sm-2 wpb_column vc_column_container\"><div class=\"vc_column-inner\"><div class=\"wpb_wrapper\"><\/div><\/div><\/div><div class=\"vc_col-sm-9 wpb_column vc_column_container\"><div class=\"vc_column-inner\"><div class=\"wpb_wrapper\"><div class=\"w-separator size_medium\"><\/div><div class=\"wpb_text_column us_custom_1d684515\"><div class=\"wpb_wrapper\"><p>A kezdeti c\u00e9l olyan rendszer kidolgoz\u00e1sa volt, mely el\u0151seg\u00edti a hat\u00e1rokon \u00e1tny\u00fal\u00f3 int\u00e9zm\u00e9nyi egy\u00fcttm\u0171k\u00f6d\u00e9st, emellett pedig jav\u00edtja az egyes int\u00e9zm\u00e9nyek \u00e9s a k\u00fclf\u00f6ldi \u00fcgyfelek k\u00f6z\u00f6tti interakci\u00f3t, t\u00f6bbnyelv\u0171 \u00fcgyf\u00e9lszolg\u00e1lat, kompetens, j\u00f3l k\u00e9pzett munkat\u00e1rsak \u00e9s felhaszn\u00e1l\u00f3bar\u00e1t megk\u00f6zel\u00edt\u00e9s seg\u00edts\u00e9g\u00e9vel.<\/p>\n<p>A modell sikerrel ker\u00fclt bevezet\u00e9sre c\u00e9g\u00fcnk els\u0151 \u00fcgyfele, a Magyar K\u00f6z\u00fat Nonprofit Zrt \u2013 \u00datd\u00edj \u00dczlet\u00e1g eset\u00e9ben, els\u0151 k\u00f6rben N\u00e9metorsz\u00e1gban, majd t\u00f6bb eur\u00f3pai orsz\u00e1gban \u00e9s m\u00e1s orsz\u00e1gokban is. Ezt k\u00f6vet\u0151en az \u00fczleti modellt tov\u00e1bbi \u00fcgyfelek eset\u00e9n is eredm\u00e9nyesen alkalmaztuk. B\u00fcszk\u00e9k vagyunk arra, hogy az UAI SOLUTIONS GmbH a Lobmayer Group tagjak\u00e9nt az Eur\u00f3pai Uni\u00f3 t\u00f6bb tag\u00e1llam\u00e1ban \u00e9s tov\u00e1bbi orsz\u00e1gokban is sikeres tev\u00e9kenys\u00e9get v\u00e9gez.<\/p>\n<\/div><\/div><div class=\"w-separator size_small\"><\/div><\/div><\/div><\/div><\/div><div class=\"w-separator size_small\"><\/div><div class=\"g-cols wpb_row via_flex valign_top type_default stacking_default\" id=\"mission\"><div class=\"vc_col-sm-2 wpb_column vc_column_container uai-history-side-menu\"><div class=\"vc_column-inner\"><div class=\"wpb_wrapper\"><\/div><\/div><\/div><div class=\"vc_col-sm-9 wpb_column vc_column_container us_animate_afr\"><div class=\"vc_column-inner\"><div class=\"wpb_wrapper\"><div class=\"w-separator size_medium\"><\/div><div class=\"wpb_text_column us_custom_1d684515\"><div class=\"wpb_wrapper\"><h2>K\u00fcldet\u00e9s\u00fcnk<\/h2>\n<p>T\u00e1rsas\u00e1gunk megalakul\u00e1sa \u00f3ta t\u00f6rekszik a nyugat- \u00e9s kelet- eur\u00f3pai piacok k\u00f6z\u00f6tti megfelel\u0151 kapcsolat biztos\u00edt\u00e1s\u00e1ra azzal, hogy kidolgozott m\u00f3dszereivel a jogrendszerek, szok\u00e1sok elt\u00e9r\u00e9sei \u00e9s a nyelvi \u00e9s kultur\u00e1lis k\u00fcl\u00f6nb\u00f6z\u0151s\u00e9gek \u00e1thidal\u00e1s\u00e1t c\u00e9lozza.<\/p>\n<p>C\u00e9lunk, hogy t\u00f6rekv\u00e9seinkkel, seg\u00edt\u0151k\u00e9sz \u00e9s felel\u0151ss\u00e9gteljes hozz\u00e1\u00e1ll\u00e1sunkkal hozz\u00e1j\u00e1ruljunk az \u00fathaszn\u00e1l\u00f3k t\u00e1j\u00e9kozotts\u00e1g\u00e1nak jav\u00edt\u00e1s\u00e1hoz annak \u00e9rdek\u00e9ben, hogy az \u00fathaszn\u00e1lat szab\u00e1lyair\u00f3l megfelel\u0151 ismeretekkel rendelkezzenek \u00e9s a j\u00f6v\u0151ben elker\u00fclhess\u00e9k a szab\u00e1lyok megs\u00e9rt\u00e9s\u00e9b\u0151l ered\u0151 kellemetlen k\u00f6vetkezm\u00e9nyeket.<\/p>\n<\/div><\/div><div class=\"w-separator size_small\"><\/div><\/div><\/div><\/div><div class=\"vc_col-sm-2 wpb_column vc_column_container\"><div class=\"vc_column-inner\"><div class=\"wpb_wrapper\"><\/div><\/div><\/div><div class=\"vc_col-sm-10 wpb_column vc_column_container has_bg_color us_animate_afr\" id=\"#mission-picture\"><div class=\"vc_column-inner us_custom_c800db25\"><div class=\"wpb_wrapper\"><div class=\"w-separator size_medium\"><\/div><\/div><\/div><\/div><\/div><div class=\"w-separator size_small\"><\/div><div class=\"g-cols wpb_row vision via_flex valign_top type_default stacking_default\" id=\"vision\"><div class=\"vc_col-sm-2 wpb_column vc_column_container uai-history-side-menu\"><div class=\"vc_column-inner\"><div class=\"wpb_wrapper\"><\/div><\/div><\/div><div class=\"vc_col-sm-9 wpb_column vc_column_container us_animate_afc\"><div class=\"vc_column-inner\"><div class=\"wpb_wrapper\"><div class=\"w-separator size_medium\"><\/div><div class=\"wpb_text_column us_custom_1d684515\" id=\"vision\"><div class=\"wpb_wrapper\"><h2>\u00c9rt\u00e9keink<\/h2>\n<p>Az\u00e1ltal, hogy c\u00e9g\u00fcnk az egyes orsz\u00e1gok jogrendszerbeli \u00e9s szok\u00e1sbeli k\u00fcl\u00f6nb\u00f6z\u0151s\u00e9geinek \u00e1thidal\u00e1s\u00e1ra megalkotott \u00fczleti modellt m\u0171k\u00f6dtet, \u00e9rt\u00e9ket teremt megb\u00edz\u00f3ink sz\u00e1m\u00e1ra. T\u00f6bb, mint 10 \u00e9ve azon kev\u00e9s c\u00e9g k\u00f6z\u00e9 tartozunk, mely a hat\u00e1ron \u00e1tny\u00fal\u00f3 k\u00f6vetel\u00e9sek kezel\u00e9se ter\u00e9n \u00fcgyf\u00e9lbar\u00e1t, j\u00f3l m\u0171k\u00f6d\u0151, eredm\u00e9nyes rendszert m\u0171k\u00f6dtet.<\/p>\n<p>Alapvet\u0151 \u00e9rt\u00e9krend\u00fcnk az innov\u00e1ci\u00f3, fenntarthat\u00f3s\u00e1g, partners\u00e9g, k\u00f6lcs\u00f6n\u00f6s tisztelet \u00e9s szak\u00e9rtelem elv\u00e9t k\u00e9pviseli, megb\u00edz\u00f3inkkal, \u00fcgyfeleinkkel \u00e9s munkat\u00e1rsainkkal val\u00f3 kapcsolatunk sor\u00e1n a jogszab\u00e1lyi rendelkez\u00e9sek betart\u00e1sa mellett ezen \u00e9rt\u00e9keket tartjuk szem el\u0151tt.<\/p>\n<p>Megb\u00edz\u00f3ink fel\u00e9 \u00e1tl\u00e1that\u00f3 kapcsolattart\u00e1sra t\u00f6reksz\u00fcnk. Folyamatos technikai fejleszt\u00e9seinknek k\u00f6sz\u00f6nhet\u0151en k\u00e9pesek vagyunk az inform\u00e1ci\u00f3k gyors \u00e9s biztons\u00e1gos \u00e1tad\u00e1s\u00e1ra, mely lehet\u0151v\u00e9 teszi a p\u00e9nzmozg\u00e1sok \u00e9s egy\u00e9b inform\u00e1ci\u00f3k teljes \u00e1ttekinthet\u0151s\u00e9g\u00e9t.<\/p>\n<p>Megb\u00edz\u00f3ink mellett fontos sz\u00e1munkra az \u00fcgyfeleinkkel val\u00f3 j\u00f3 kapcsolat kialak\u00edt\u00e1sa is. Szem el\u0151tt tartjuk, hogy az egyes orsz\u00e1gok szab\u00e1lyainak k\u00fcl\u00f6nb\u00f6z\u0151s\u00e9gei \u00fcgyfeleink r\u00e9sz\u00e9re is neh\u00e9zs\u00e9get okoznak, melynek k\u00f6vetkezt\u00e9ben ak\u00e1r akaratukon k\u00edv\u00fcl is jogh\u00e1tr\u00e1ny \u00e9rheti \u0151ket. Minden t\u0151l\u00fcnk telhet\u0151 er\u0151fesz\u00edt\u00e9st megtesz\u00fcnk annak \u00e9rdek\u00e9ben, hogy az \u00fcgyfeleink sz\u00e1m\u00e1ra a jog \u00e1ltal biztos\u00edtott valamennyi lehet\u0151s\u00e9get biztos\u00edtsuk \u00fcgy\u00e9nek megold\u00e1sa sor\u00e1n. \u00dcgyfeleinket magasan k\u00e9pzett oper\u00e1toraink seg\u00edtik az \u00e1ltaluk prefer\u00e1lt nyelven, modern kommunik\u00e1ci\u00f3s technol\u00f3giai eszk\u00f6z\u00f6k ig\u00e9nybe v\u00e9tel\u00e9vel. A hat\u00e9konyabb elj\u00e1r\u00e1s \u00e9rdek\u00e9ben biztos\u00edtjuk az elektronikus \u00fcgyint\u00e9z\u00e9si form\u00e1t, melyet formanyomtatv\u00e1nyok, jogszab\u00e1lyok, hasznos linkek \u00e9s egy\u00e9b inform\u00e1ci\u00f3k rendelkez\u00e9sre bocs\u00e1t\u00e1s\u00e1val tesz\u00fcnk eredm\u00e9nyesebb\u00e9.<\/p>\n<\/div><\/div><div class=\"w-separator size_medium\"><\/div><\/div><\/div><\/div><\/div><\/div><\/div><\/div><div class=\"w-tabs-section\" id=\"1586766961033-cbcaf975-dd1a544d-3cd0a03b-3ac2\"><button class=\"w-tabs-section-header\" aria-controls=\"content-1586766961033-cbcaf975-dd1a544d-3cd0a03b-3ac2\" aria-expanded=\"false\"><div class=\"w-tabs-section-title\">Karrier<\/div><div class=\"w-tabs-section-control\"><\/div><\/button><div  class=\"w-tabs-section-content\" id=\"content-1586766961033-cbcaf975-dd1a544d-3cd0a03b-3ac2\"><div class=\"w-tabs-section-content-h i-cf\"><div class=\"wpb_text_column us_custom_da099d2f\"><div class=\"wpb_wrapper\"><h1>Karrier<\/h1>\n<\/div><\/div><div class=\"w-separator us_custom_75480767 underline-orange size_small with_line width_default thick_4 style_solid color_text align_center\"><div class=\"w-separator-h\"><\/div><\/div><div class=\"g-cols wpb_row via_flex valign_top type_default stacking_default\"><div class=\"vc_col-sm-12 wpb_column vc_column_container\"><div class=\"vc_column-inner\"><div class=\"wpb_wrapper\"><div class=\"w-separator size_medium\"><\/div><div class=\"wpb_text_column us_custom_a0de6f90\"><div class=\"wpb_wrapper\"><p>Az UAI SOLUTIONS-n\u00e1l folyamatosan b\u0151v\u00edtj\u00fck csapatunkat. Amennyiben olyan dinamikus embernek tartod magad, aki a megold\u00e1skeres\u00e9sre \u00e9s c\u00e9lok el\u00e9r\u00e9s\u00e9re t\u00f6rekszik, akkor te vagy a t\u00f6k\u00e9letes jel\u00f6lt a szervezet\u00fcnk egyik poz\u00edci\u00f3j\u00e1ra. N\u00e9zz k\u00f6r\u00fcl az al\u00e1bbi \u00e1ll\u00e1saj\u00e1nlatok k\u00f6z\u00f6tt, hogy megtudd, melyik lenne alkalmas sz\u00e1modra. V\u00e1runk csapatunkba!<\/p>\n<\/div><\/div><\/div><\/div><\/div><div class=\"vc_col-sm-12 wpb_column vc_column_container\"><div class=\"vc_column-inner\"><div class=\"wpb_wrapper\"><script\n                    defer\n                    type=\"text\/javascript\"\n                    src=\"https:\/\/join.com\/api\/widget\/bundle\/eyJhbGciOiJIUzI1NiIsInR5cCI6IkpXVCJ9.eyJzZXR0aW5ncyI6eyJzaG93Q2F0ZWdvcnlGaWx0ZXIiOnRydWUsInNob3dMb2NhdGlvbkZpbHRlciI6dHJ1ZSwic2hvd0VtcGxveW1lbnRUeXBlRmlsdGVyIjp0cnVlLCJsYW5ndWFnZSI6ImVuIiwiam9ic1BlclBhZ2UiOjI1fSwiam9icyI6eyJlbXBsb3ltZW50VHlwZUlkcyI6W119LCJkZXNpZ24iOnsic2hvd0xvZ28iOmZhbHNlLCJzaG93TG9jYXRpb24iOnRydWUsInNob3dFbXBsb3ltZW50VHlwZSI6dHJ1ZSwic2hvd0NhdGVnb3J5Ijp0cnVlLCJjb2xvcnMiOnsid2lkZ2V0Ijp7ImJhY2tncm91bmQiOiIjRkZGRkZGIiwiZmlsdGVyQm9yZGVyIjoiI0M3Q0REOCIsInBhZ2luYXRpb24iOiIjRjc5MzFEIn0sImpvYkNhcmQiOnsic2hhZG93IjoiI0M3Q0REOCIsImJhY2tncm91bmQiOiIjRkZGRkZGIiwicHJpbWFyeVRleHQiOiIjMzAzNDQ2Iiwic2Vjb25kYXJ5VGV4dCI6IiM4RjlDQjIifX19LCJ2ZXJzaW9uIjoyLCJjb21wYW55UHVibGljSWQiOiJjMTUyOGQzNjllMzNhMDI4YTQwYTMyYWNmYTgwZjkwOCIsImlhdCI6MTYwMDY3MTYwMSwianRpIjoiY2U4OGJkNGUtZWMzOC00NjQ2LWEwM2UtMGJjNTYzOGM4MjZhIn0.eGZL0-Py2y5w_yFzka0JtdHYtkonKQGmZrJwjH-DT0M\"\n                    ><\/script><div class=\"wpb_text_column\"><div class=\"wpb_wrapper\">\n<\/div><\/div><\/div><\/div><\/div><\/div><div class=\"w-separator size_large\"><\/div><div class=\"w-separator size_medium\"><\/div><\/div><\/div><\/div><div class=\"w-tabs-section\" id=\"1586767026673-66955195-73e7544d-3cd0a03b-3ac2\"><button class=\"w-tabs-section-header\" aria-controls=\"content-1586767026673-66955195-73e7544d-3cd0a03b-3ac2\" aria-expanded=\"false\"><div class=\"w-tabs-section-title\">Tan\u00fas\u00edtv\u00e1nyok<\/div><div class=\"w-tabs-section-control\"><\/div><\/button><div  class=\"w-tabs-section-content\" id=\"content-1586767026673-66955195-73e7544d-3cd0a03b-3ac2\"><div class=\"w-tabs-section-content-h i-cf\"><div class=\"wpb_text_column us_custom_9892fb59\"><div class=\"wpb_wrapper\"><h1>Tan\u00fas\u00edtv\u00e1nyok<\/h1>\n<\/div><\/div><div class=\"w-separator us_custom_75480767 underline-orange size_small with_line width_default thick_4 style_solid color_text align_center\"><div class=\"w-separator-h\"><\/div><\/div><div class=\"w-separator size_large\"><\/div><div class=\"g-cols wpb_row certifications via_flex valign_top type_default stacking_default\"><div class=\"vc_col-sm-12 wpb_column vc_column_container\"><div class=\"vc_column-inner\"><div class=\"wpb_wrapper\"><div class=\"w-grid type_grid layout_348 cols_2\" id=\"us_grid_1\" data-filterable=\"true\"><style>#us_grid_1 .w-grid-item{padding:1.5rem}#us_grid_1 .w-grid-list{margin:-1.5rem}.w-grid + #us_grid_1 .w-grid-list,.w-grid-none + #us_grid_1 .w-grid-list{margin-top:1.5rem}@media (max-width:599px){#us_grid_1 .w-grid-list{margin:0}#us_grid_1 .w-grid-item{width:100%;padding:0;margin-bottom:1.5rem}}.layout_348 .w-grid-item-h{border-radius:1rem}.layout_348 .usg_post_image_1{max-width:150px!important;position:static!important;margin:0px auto 20px auto!important}.layout_348 .usg_post_content_1{text-align:center!important;margin-top:10!important;margin-right:10!important;position:static!important}.layout_348 .usg_post_title_1{padding-top:10!important;padding-bottom:10!important;position:static!important}<\/style><div class=\"w-grid-list\">\t<article class=\"w-grid-item size_1x1 post-3407 certification type-certification status-publish has-post-thumbnail hentry\" data-id=\"3407\">\r\n\t\t<div class=\"w-grid-item-h\">\r\n\t\t\t\t\t\t<div class=\"w-post-elm post_image usg_post_image_1 stretched\"><img loading=\"lazy\" decoding=\"async\" width=\"941\" height=\"498\" src=\"https:\/\/uai.group\/wp-content\/uploads\/2024\/02\/TK45803-Pruefzeichen-Ungarische-Autobahn-Inkasso-TUeV-gepruefte-Datensicherheit-2023-zw.jpg\" class=\"attachment-full size-full wp-post-image\" alt=\"\" srcset=\"https:\/\/uai.group\/wp-content\/uploads\/2024\/02\/TK45803-Pruefzeichen-Ungarische-Autobahn-Inkasso-TUeV-gepruefte-Datensicherheit-2023-zw.jpg 941w, https:\/\/uai.group\/wp-content\/uploads\/2024\/02\/TK45803-Pruefzeichen-Ungarische-Autobahn-Inkasso-TUeV-gepruefte-Datensicherheit-2023-zw-300x159.jpg 300w, https:\/\/uai.group\/wp-content\/uploads\/2024\/02\/TK45803-Pruefzeichen-Ungarische-Autobahn-Inkasso-TUeV-gepruefte-Datensicherheit-2023-zw-400x212.jpg 400w\" sizes=\"auto, (max-width: 941px) 100vw, 941px\" \/><\/div><h5 class=\"w-post-elm post_title usg_post_title_1 align_center entry-title\">Ellen\u0151rz\u00f6tt Inkasso \u2013 T\u00dcV<\/h5><div class=\"w-post-elm post_content usg_post_content_1\"><p>Az Ungarische Autobahn Inkasso GmbH egym\u00e1s ut\u00e1n negyedik alkalommal kapta meg a T\u00fcv-Saarland \u201ej\u00f3v\u00e1hagyott Inkasso\u201d tan\u00fas\u00edtv\u00e1ny\u00e1t.<\/p>\n<\/div>\t\t<\/div>\r\n\t<\/article>\r\n\t<article class=\"w-grid-item size_1x1 post-3527 certification type-certification status-publish has-post-thumbnail hentry\" data-id=\"3527\">\r\n\t\t<div class=\"w-grid-item-h\">\r\n\t\t\t\t\t\t<div class=\"w-post-elm post_image usg_post_image_1 stretched\"><img loading=\"lazy\" decoding=\"async\" width=\"206\" height=\"59\" src=\"https:\/\/uai.group\/wp-content\/uploads\/2020\/04\/BFI.jpg\" class=\"attachment-full size-full wp-post-image\" alt=\"\" \/><\/div><h5 class=\"w-post-elm post_title usg_post_title_1 align_center entry-title\">Megb\u00edzhat\u00f3 k\u00f6vetel\u00e9skezel\u0151<\/h5><div class=\"w-post-elm post_content usg_post_content_1\"><p>T\u00e1rsas\u00e1gunk a \u201eBundesverband f\u00fcr Inkasso und Forderungsmanagement e.V.\u201d tagja<\/p>\n<\/div>\t\t<\/div>\r\n\t<\/article>\r\n\t<article class=\"w-grid-item size_1x1 post-3146 certification type-certification status-publish has-post-thumbnail hentry\" data-id=\"3146\">\r\n\t\t<div class=\"w-grid-item-h\">\r\n\t\t\t\t\t\t<div class=\"w-post-elm post_image usg_post_image_1 stretched\"><img loading=\"lazy\" decoding=\"async\" width=\"530\" height=\"530\" src=\"https:\/\/uai.group\/wp-content\/uploads\/2020\/04\/VGIS.png\" class=\"attachment-full size-full wp-post-image\" alt=\"\" srcset=\"https:\/\/uai.group\/wp-content\/uploads\/2020\/04\/VGIS.png 530w, https:\/\/uai.group\/wp-content\/uploads\/2020\/04\/VGIS-300x300.png 300w, https:\/\/uai.group\/wp-content\/uploads\/2020\/04\/VGIS-150x150.png 150w\" sizes=\"auto, (max-width: 530px) 100vw, 530px\" \/><\/div><h5 class=\"w-post-elm post_title usg_post_title_1 align_center entry-title\">Kiv\u00e1l\u00f3 ad\u00f3ss\u00e1gbehajt\u00e1s<\/h5><div class=\"w-post-elm post_content usg_post_content_1\">\r\n<p>Az Ungarische Autobahn Inkasso GmbH a sv\u00e1jci Min\u0151s\u00edtett Gy\u0171jt\u0151c\u00e9gek \u201eVGIS\u201d Sz\u00f6vets\u00e9g\u00e9nek tagja.<\/p>\r\n<\/div>\t\t<\/div>\r\n\t<\/article>\r\n\t<article class=\"w-grid-item size_1x1 post-3149 certification type-certification status-publish has-post-thumbnail hentry\" data-id=\"3149\">\r\n\t\t<div class=\"w-grid-item-h\">\r\n\t\t\t\t\t\t<div class=\"w-post-elm post_image usg_post_image_1 stretched\"><img loading=\"lazy\" decoding=\"async\" width=\"800\" height=\"631\" src=\"https:\/\/uai.group\/wp-content\/uploads\/2020\/04\/gdd.jpeg\" class=\"attachment-full size-full wp-post-image\" alt=\"\" srcset=\"https:\/\/uai.group\/wp-content\/uploads\/2020\/04\/gdd.jpeg 800w, https:\/\/uai.group\/wp-content\/uploads\/2020\/04\/gdd-300x237.jpeg 300w\" sizes=\"auto, (max-width: 800px) 100vw, 800px\" \/><\/div><h5 class=\"w-post-elm post_title usg_post_title_1 align_center entry-title\">Adatbiztons\u00e1g<\/h5><div class=\"w-post-elm post_content usg_post_content_1\">\r\n<p>Az Ungarische Autobahn Inkasso GmbH az Adatv\u00e9delmi T\u00e1rsas\u00e1g tagja.<\/p>\r\n<\/div>\t\t<\/div>\r\n\t<\/article>\r\n\t<article class=\"w-grid-item size_1x1 post-3154 certification type-certification status-publish has-post-thumbnail hentry\" data-id=\"3154\">\r\n\t\t<div class=\"w-grid-item-h\">\r\n\t\t\t\t\t\t<div class=\"w-post-elm post_image usg_post_image_1 stretched\"><img loading=\"lazy\" decoding=\"async\" width=\"687\" height=\"346\" src=\"https:\/\/uai.group\/wp-content\/uploads\/2024\/02\/schufalogo.jpg\" class=\"attachment-full size-full wp-post-image\" alt=\"\" srcset=\"https:\/\/uai.group\/wp-content\/uploads\/2024\/02\/schufalogo.jpg 687w, https:\/\/uai.group\/wp-content\/uploads\/2024\/02\/schufalogo-300x151.jpg 300w, https:\/\/uai.group\/wp-content\/uploads\/2024\/02\/schufalogo-400x201.jpg 400w\" sizes=\"auto, (max-width: 687px) 100vw, 687px\" \/><\/div><h5 class=\"w-post-elm post_title usg_post_title_1 align_center entry-title\">Schufa<\/h5>\t\t<\/div>\r\n\t<\/article>\r\n<\/div><div class=\"w-grid-preloader\"><div class=\"g-preloader type_1\">\r\n\t<div><\/div>\r\n<\/div>\r\n<\/div>\t<div class=\"w-grid-json hidden\" onclick='return {&quot;action&quot;:&quot;us_ajax_grid&quot;,&quot;ajax_url&quot;:&quot;https:\\\/\\\/uai.group\\\/wp-admin\\\/admin-ajax.php&quot;,&quot;infinite_scroll&quot;:0,&quot;max_num_pages&quot;:1,&quot;pagination&quot;:&quot;none&quot;,&quot;permalink_url&quot;:&quot;https:\\\/\\\/uai.group\\\/hu\\\/wp-json\\\/wp\\\/v2\\\/pages\\\/1978\\\/&quot;,&quot;template_vars&quot;:{&quot;columns&quot;:&quot;2&quot;,&quot;exclude_items&quot;:&quot;none&quot;,&quot;img_size&quot;:&quot;default&quot;,&quot;ignore_items_size&quot;:0,&quot;items_layout&quot;:&quot;348&quot;,&quot;items_offset&quot;:&quot;1&quot;,&quot;load_animation&quot;:&quot;none&quot;,&quot;overriding_link&quot;:&quot;none&quot;,&quot;post_id&quot;:1978,&quot;query_args&quot;:{&quot;post_type&quot;:[&quot;certification&quot;],&quot;post_status&quot;:[&quot;publish&quot;],&quot;posts_per_page&quot;:&quot;6&quot;},&quot;orderby_query_args&quot;:{&quot;orderby&quot;:{&quot;date&quot;:&quot;ASC&quot;}},&quot;type&quot;:&quot;grid&quot;,&quot;us_grid_ajax_index&quot;:1,&quot;us_grid_filter_params&quot;:null,&quot;us_grid_index&quot;:1,&quot;_us_grid_post_type&quot;:&quot;certification&quot;,&quot;lang&quot;:&quot;hu&quot;}}'><\/div>\r\n\t<\/div><\/div><\/div><\/div><\/div><\/div><\/div><\/div><\/div><\/div><\/div><\/div><\/div><\/div><\/div><\/section>\n","protected":false},"excerpt":{"rendered":"","protected":false},"author":5,"featured_media":0,"parent":0,"menu_order":0,"comment_status":"closed","ping_status":"closed","template":"","meta":{"footnotes":""},"class_list":["post-1978","page","type-page","status-publish","hentry"],"_links":{"self":[{"href":"https:\/\/uai.group\/hu\/wp-json\/wp\/v2\/pages\/1978","targetHints":{"allow":["GET"]}}],"collection":[{"href":"https:\/\/uai.group\/hu\/wp-json\/wp\/v2\/pages"}],"about":[{"href":"https:\/\/uai.group\/hu\/wp-json\/wp\/v2\/types\/page"}],"author":[{"embeddable":true,"href":"https:\/\/uai.group\/hu\/wp-json\/wp\/v2\/users\/5"}],"replies":[{"embeddable":true,"href":"https:\/\/uai.group\/hu\/wp-json\/wp\/v2\/comments?post=1978"}],"version-history":[{"count":6,"href":"https:\/\/uai.group\/hu\/wp-json\/wp\/v2\/pages\/1978\/revisions"}],"predecessor-version":[{"id":18624,"href":"https:\/\/uai.group\/hu\/wp-json\/wp\/v2\/pages\/1978\/revisions\/18624"}],"wp:attachment":[{"href":"https:\/\/uai.group\/hu\/wp-json\/wp\/v2\/media?parent=1978"}],"curies":[{"name":"wp","href":"https:\/\/api.w.org\/{rel}","templated":true}]}}