{"id":2054,"date":"2020-04-03T10:50:33","date_gmt":"2020-04-03T10:50:33","guid":{"rendered":"https:\/\/uai.artwork2sell.com\/receive-a-letter\/"},"modified":"2026-02-23T19:52:42","modified_gmt":"2026-02-23T18:52:42","slug":"einen-brief-erhalten","status":"publish","type":"page","link":"https:\/\/uai.group\/de\/einen-brief-erhalten\/","title":{"rendered":"Einen Brief erhalten"},"content":{"rendered":"<section class=\"l-section wpb_row height_medium\"><div class=\"l-section-h i-cf\"><div class=\"g-cols vc_row via_flex valign_top type_default stacking_default\"><div class=\"vc_col-sm-6 wpb_column vc_column_container\"><div class=\"vc_column-inner\"><div class=\"wpb_wrapper\"><div class=\"wpb_text_column us_custom_1d684515\"><div class=\"wpb_wrapper\"><h1>Zahlungsaufforderung<\/h1>\n<p>In unserer Zahlungsaufforderung finden Sie detaillierte Informationen zur Forderung und zu den Verfahren, die in verschiedenen F\u00e4llen angewendet werden k\u00f6nnen. Unser Kundendienst steht Ihnen f\u00fcr weitere Informationen und zur Beantwortung Ihrer Fragen per Telefon, E-Mail oder Post w\u00e4hrend der Kundendienstzeiten zur Verf\u00fcgung. Bitte kontaktieren Sie uns innerhalb der Zahlungsfrist unter einer unserer Telefonnummern, damit wir die am besten geeignete L\u00f6sung zur Tilgung Ihrer Schulden finden k\u00f6nnen.<\/p>\n<\/div><\/div><\/div><\/div><\/div><div class=\"vc_col-sm-6 wpb_column vc_column_container\"><div class=\"vc_column-inner\"><div class=\"wpb_wrapper\"><div class=\"w-btn-wrapper align_center\"><a class=\"w-btn us-btn-style_4 us_custom_ecf15da9 pay-now icon_atright\" title=\"Payment\" href=\"https:\/\/uai.group\/de\/zahlungsarten\/\"><span class=\"w-btn-label\">Zahlen Sie jetzt<\/span><i class=\"fas fa-long-arrow-right\"><\/i><\/a><\/div><\/div><\/div><\/div><\/div><\/div><\/section><section class=\"l-section wpb_row us_custom_c872228d height_medium\"><div class=\"l-section-h i-cf\"><div class=\"g-cols vc_row via_flex valign_top type_default stacking_default\"><div class=\"vc_col-sm-6 wpb_column vc_column_container\"><div class=\"vc_column-inner\"><div class=\"wpb_wrapper\"><div class=\"wpb_text_column us_custom_1d684515\"><div class=\"wpb_wrapper\"><h1>Warum habe ich eine Zahlungsaufforderung erhalten?<\/h1>\n<div>\n<p>In folgenden F\u00e4llen k\u00f6nnen Sie eine Zahlungsaufforderung von unserem Unternehmen erhalten:<br \/>\n\u2022 Sie haben einen mautpflichtigen Stra\u00dfenabschnitt ohne g\u00fcltige Genehmigung benutzt oder<br \/>\n\u2022 Sie haben gegen die Regeln f\u00fcr geb\u00fchrenpflichtiges Parken versto\u00dfen.<\/p>\n<p>Infolgedessen sind Sie verpflichtet aufgrund geltender gesetzlicher oder vertraglicher Bestimmungen zus\u00e4tzliche Geb\u00fchren zahlen.<\/p>\n<p>Aufgrund der von den Inhabern von Zuschlagsforderungen erhaltenen Mandate und Befugnisse ist unser Unternehmen berechtigt, die Forderung gegen\u00fcber Haltern und Betreibern von Kraftfahrzeugen, die in mehreren L\u00e4ndern der Europ\u00e4ischen Union und in anderen L\u00e4ndern zugelassen sind, geltend zu machen und in diesem Rahmen die Daten des Kraftfahrzeugs und des Benutzers des Fahrzeugs aus dem amtlichen Kraftfahrzeugregister einzuholen. In allen F\u00e4llen werden personenbezogene Daten datenschutzkonform gem\u00e4\u00df den Bestimmungen der DSGVO verarbeitet.<\/p>\n<\/div>\n<\/div><\/div><\/div><\/div><\/div><div class=\"vc_col-sm-6 wpb_column vc_column_container\"><div class=\"vc_column-inner\"><div class=\"wpb_wrapper\"><div class=\"w-btn-wrapper align_center\"><a class=\"w-btn us-btn-style_4 us_custom_7bfa7db4 read-privacy-policy icon_atright\" title=\"Privacy Policy\" href=\"https:\/\/uai.group\/privacy-policy\/#privacy\"><span class=\"w-btn-label\">Lesen Sie die Datenschutzbestimmungen<\/span><i class=\"fas fa-long-arrow-right\"><\/i><\/a><\/div><div class=\"w-separator us_custom_6d18ecc4 size_custom\" style=\"height:90px\"><\/div><div class=\"wpb_text_column us_custom_1d684515\"><div class=\"wpb_wrapper\"><div>\n<p>Unsere Datenschutzerkl\u00e4rung ist unter folgender Link abrufbar: <a href=\"https:\/\/uai.group\/de\/datenschutzerklaerung\/\" target=\"_top\" rel=\"noopener\">Datenschutzerkl\u00e4rung <\/a><\/p>\n<p>Bitte beachten Sie, dass die Informationen auf unserer Webseite zu Informationszwecken dienen und nicht unbedingt speziell auf Ihren Fall zutreffen. Die hier bereitgestellten allgemeinen Informationen ersetzen keine professionelle Beratung in Bezug auf Ihren Fall. Um genaue Informationen zu Ihrem Fall zu erhalten, lesen Sie bitte sorgf\u00e4ltig unsere Zahlungsaufforderung oder wenden Sie sich vor Ablauf der Zahlungsfrist an unseren Kundendienst.<\/p>\n<\/div>\n<\/div><\/div><\/div><\/div><\/div><\/div><\/div><\/section><section class=\"l-section wpb_row us_custom_30080bca has_text_color height_medium\"><div class=\"l-section-h i-cf\"><div class=\"g-cols vc_row via_flex valign_top type_default stacking_default\"><div class=\"vc_col-sm-12 wpb_column vc_column_container letter-bottom-links\"><div class=\"vc_column-inner\"><div class=\"wpb_wrapper\"><div class=\"wpb_text_column us_custom_1d684515\"><div class=\"wpb_wrapper\"><h2><a href=\"https:\/\/uai.group\/de\/ungultige-e-vignette-fur-ungarn\/\">Ung\u00fcltige E-Vignette f\u00fcr Ungarn <i class=\"fas fa-arrow-right\"><\/i><\/a><\/h2>\n<\/div><\/div><div class=\"wpb_text_column us_custom_1d684515\"><div class=\"wpb_wrapper\"><h2><a href=\"https:\/\/uai.group\/de\/ersatzparkgebuehr\/\">Ersatzparkgeb\u00fchr <i class=\"fas fa-arrow-right\"><\/i><\/a><\/h2>\n<\/div><\/div><div class=\"wpb_text_column us_custom_1d684515\"><div class=\"wpb_wrapper\"><\/div><\/div><\/div><\/div><\/div><\/div><\/div><\/section>\n","protected":false},"excerpt":{"rendered":"Zahlungsaufforderung In unserer Zahlungsaufforderung finden Sie detaillierte Informationen zur Forderung und zu den Verfahren, die in verschiedenen F\u00e4llen angewendet werden k\u00f6nnen. Unser Kundendienst steht Ihnen f\u00fcr weitere Informationen und zur Beantwortung Ihrer Fragen per Telefon, E-Mail oder Post w\u00e4hrend der Kundendienstzeiten zur Verf\u00fcgung. Bitte kontaktieren Sie uns innerhalb der Zahlungsfrist unter einer unserer Telefonnummern, damit...","protected":false},"author":5,"featured_media":0,"parent":0,"menu_order":0,"comment_status":"closed","ping_status":"closed","template":"","meta":{"footnotes":""},"class_list":["post-2054","page","type-page","status-publish","hentry"],"_links":{"self":[{"href":"https:\/\/uai.group\/de\/wp-json\/wp\/v2\/pages\/2054","targetHints":{"allow":["GET"]}}],"collection":[{"href":"https:\/\/uai.group\/de\/wp-json\/wp\/v2\/pages"}],"about":[{"href":"https:\/\/uai.group\/de\/wp-json\/wp\/v2\/types\/page"}],"author":[{"embeddable":true,"href":"https:\/\/uai.group\/de\/wp-json\/wp\/v2\/users\/5"}],"replies":[{"embeddable":true,"href":"https:\/\/uai.group\/de\/wp-json\/wp\/v2\/comments?post=2054"}],"version-history":[{"count":5,"href":"https:\/\/uai.group\/de\/wp-json\/wp\/v2\/pages\/2054\/revisions"}],"predecessor-version":[{"id":18692,"href":"https:\/\/uai.group\/de\/wp-json\/wp\/v2\/pages\/2054\/revisions\/18692"}],"wp:attachment":[{"href":"https:\/\/uai.group\/de\/wp-json\/wp\/v2\/media?parent=2054"}],"curies":[{"name":"wp","href":"https:\/\/api.w.org\/{rel}","templated":true}]}}