{"id":2039,"date":"2020-04-03T10:54:08","date_gmt":"2020-04-03T10:54:08","guid":{"rendered":"https:\/\/uai.artwork2sell.com\/parking-surcharge\/"},"modified":"2026-02-23T14:49:05","modified_gmt":"2026-02-23T13:49:05","slug":"ersatzparkgebuehr","status":"publish","type":"page","link":"https:\/\/uai.group\/de\/ersatzparkgebuehr\/","title":{"rendered":"Zahlungsaufforderung &#8211; Parkplatzzuschlag"},"content":{"rendered":"<section class=\"l-section wpb_row us_custom_2a144b3c height_medium\"><div class=\"l-section-h i-cf\"><div class=\"g-cols vc_row via_flex valign_top type_default stacking_default\"><div class=\"vc_col-sm-12 wpb_column vc_column_container\"><div class=\"vc_column-inner\"><div class=\"wpb_wrapper\"><div class=\"wpb_text_column us_custom_fbf010cb has_text_color\"><div class=\"wpb_wrapper\"><h1>Zahlungsaufforderung &#8211; Parkplatzzuschlag<\/h1>\n<\/div><\/div><div class=\"w-separator us_custom_a8116ab5 underline-orange size_small\"><\/div><\/div><\/div><\/div><\/div><\/div><\/section><section class=\"l-section wpb_row height_medium\"><div class=\"l-section-h i-cf\"><div class=\"g-cols vc_row via_flex valign_top type_default stacking_default\"><div class=\"vc_col-sm-7 wpb_column vc_column_container\"><div class=\"vc_column-inner\"><div class=\"wpb_wrapper\"><div class=\"wpb_text_column us_custom_1d684515\"><div class=\"wpb_wrapper\"><p>Ein Parkplatzzuschlag f\u00e4llt an, wenn Sie keinen Parkschein auf einem kostenpflichtigen Parkplatz gekauft haben, der Parkschein abgelaufen ist oder Sie ihn falsch hinter die Windschutzscheibe Ihres Fahrzeugs gelegt haben.<\/p>\n<\/div><\/div><\/div><\/div><\/div><div class=\"vc_col-sm-5 wpb_column vc_column_container\"><div class=\"vc_column-inner\"><div class=\"wpb_wrapper\"><\/div><\/div><\/div><\/div><\/div><\/section><section class=\"l-section wpb_row us_custom_c872228d height_medium\"><div class=\"l-section-h i-cf\"><div class=\"g-cols vc_row via_flex valign_top type_default stacking_default\"><div class=\"vc_col-sm-7 wpb_column vc_column_container\"><div class=\"vc_column-inner\"><div class=\"wpb_wrapper\"><div class=\"wpb_text_column us_custom_1d684515\"><div class=\"wpb_wrapper\"><h2>Zahlungsinformationen<\/h2>\n<p>Informationen zur Tilgung Ihrer Schulden finden Sie im Abschnitt <a href=\"https:\/\/uai.group\/de\/zahlungsarten\/\">Zahlungsm\u00f6glichkeiten<\/a>.<\/p>\n<\/div><\/div><\/div><\/div><\/div><div class=\"vc_col-sm-5 wpb_column vc_column_container\"><div class=\"vc_column-inner\"><div class=\"wpb_wrapper\"><\/div><\/div><\/div><\/div><\/div><\/section><section class=\"l-section wpb_row height_medium\"><div class=\"l-section-h i-cf\"><div class=\"g-cols vc_row via_flex valign_top type_default stacking_default\"><div class=\"vc_col-sm-7 wpb_column vc_column_container\"><div class=\"vc_column-inner\"><div class=\"wpb_wrapper\"><div class=\"wpb_text_column us_custom_1d684515\"><div class=\"wpb_wrapper\"><h2>Ich habe den Parkplatzzuschlag bereits bezahlt<\/h2>\n<h6>Ich habe den Parkplatzzuschlag bereits nach Erhalt der ersten Zahlungsaufforderung bezahlt. Warum erhalte ich neue Aufforderungen von UAI SOLUTIONS?<\/h6>\n<p>Wenn Sie ohne g\u00fcltigen Parkschein mehr als einmal auf einem kostenpflichtigen Parkplatz geparkt haben, wird Ihnen die zus\u00e4tzliche Parkgeb\u00fchr mehrfach in Rechnung gestellt. Bitte \u00fcberpr\u00fcfen Sie den Inhalt der Zahlungsaufforderungen, insbesondere das Pr\u00fcfdatum, den Ort und die Belegnummern. Unter verschiedenen Belegnummern registrierte F\u00e4lle geh\u00f6ren zu unterschiedlichen Pr\u00fcfungsdaten.<\/p>\n<p>Bitte \u00fcberpr\u00fcfen Sie auch die Einzelheiten Ihrer Zahlung, die Richtigkeit der Kontonummer des Empf\u00e4ngers und ob die korrekte Belegnummer und Kfz-Kennzeichen in der Aufforderungsspalte angegeben sind. Senden Sie die Bankbest\u00e4tigung, welche die Zahlung best\u00e4tigt, zur \u00dcberpr\u00fcfung an unseren Kundendienst.<\/p>\n<\/div><\/div><\/div><\/div><\/div><div class=\"vc_col-sm-5 wpb_column vc_column_container\"><div class=\"vc_column-inner\"><div class=\"wpb_wrapper\"><\/div><\/div><\/div><\/div><\/div><\/section><section class=\"l-section wpb_row us_custom_f86a26c2 purple-background has_text_color height_medium\"><div class=\"l-section-h i-cf\"><div class=\"g-cols vc_row via_flex valign_top type_default stacking_default\"><div class=\"vc_col-sm-12 wpb_column vc_column_container\"><div class=\"vc_column-inner\"><div class=\"wpb_wrapper\"><div class=\"wpb_text_column us_custom_1d684515\"><div class=\"wpb_wrapper\"><h1>H\u00e4ufige Fragen<\/h1>\n<\/div><\/div><div class=\"w-tabs purple-background style_default switch_click accordion has_scrolling\" style=\"--sections-title-size:inherit\"><div class=\"w-tabs-sections titles-align_none icon_plus cpos_right\"><div class=\"w-tabs-section\" id=\"1586442649303-c85b34fe-5347\"><button class=\"w-tabs-section-header\" aria-controls=\"content-1586442649303-c85b34fe-5347\" aria-expanded=\"false\"><div class=\"w-tabs-section-title\">An der Windschutzscheibe meines Fahrzeugs wurde keine Aufforderung angebracht, warum erhalte ich jetzt eine Aufforderung?<\/div><div class=\"w-tabs-section-control\"><\/div><\/button><div  class=\"w-tabs-section-content\" id=\"content-1586442649303-c85b34fe-5347\"><div class=\"w-tabs-section-content-h i-cf\"><div class=\"wpb_text_column\"><div class=\"wpb_wrapper\"><p>Allen unseren Aufforderungen liegt das Foto bei, das belegt, dass die vom Pr\u00fcfer ausgestellte Zahlungsaufforderung des Zuschlags an der Windschutzscheibe des Fahrzeugs angebracht wurde.<\/p>\n<\/div><\/div><\/div><\/div><\/div><div class=\"w-tabs-section\" id=\"1586442649337-80aaa8e7-46d7\"><button class=\"w-tabs-section-header\" aria-controls=\"content-1586442649337-80aaa8e7-46d7\" aria-expanded=\"false\"><div class=\"w-tabs-section-title\">Ich habe das Fahrzeug zum Zeitpunkt der Kontrolle nicht gefahren. Muss ich die Fahrzeugnutzerdaten markieren?<\/div><div class=\"w-tabs-section-control\"><\/div><\/button><div  class=\"w-tabs-section-content\" id=\"content-1586442649337-80aaa8e7-46d7\"><div class=\"w-tabs-section-content-h i-cf\"><div class=\"wpb_text_column\"><div class=\"wpb_wrapper\"><p>Durch die Nutzung des kostenpflichtigen Parkens entsteht ein zivilrechtliches Rechtsverh\u00e4ltnis. Der durch Nichtzahlung der Geb\u00fchr erhobene Zuschlag ist eine zivilrechtliche Forderung. Aufgrund der geltenden Gesetzgebung ist der Fahrzeugnutzer verpflichtet, den Zuschlag zu zahlen, f\u00fcr den der Name des Fahrzeugnutzers nicht erforderlich ist.<\/p>\n<\/div><\/div><\/div><\/div><\/div><div class=\"w-tabs-section\" id=\"1586443075452-36b3b1b4-6e29\"><button class=\"w-tabs-section-header\" aria-controls=\"content-1586443075452-36b3b1b4-6e29\" aria-expanded=\"false\"><div class=\"w-tabs-section-title\">Ich war zum Zeitpunkt der Kontrolle nicht Eigent\u00fcmer des Fahrzeugs, erhielt aber eine Zahlungsaufforderung. Was kann ich tun?<\/div><div class=\"w-tabs-section-control\"><\/div><\/button><div  class=\"w-tabs-section-content\" id=\"content-1586443075452-36b3b1b4-6e29\"><div class=\"w-tabs-section-content-h i-cf\"><div class=\"wpb_text_column\"><div class=\"wpb_wrapper\"><p>Zum Zeitpunkt der Pr\u00fcfung erhalten wir offizielle Fahrzeugnutzerdaten von der Kfz-Zulassungsbeh\u00f6rde, bei der das Fahrzeug zugelassen wurde. Falls Sie zum Zeitpunkt der \u00dcberpr\u00fcfung nicht mehr Nutzer des Fahrzeugs waren, senden Sie uns bitte eine Kopie der offiziellen Dokumente, die den Eigent\u00fcmerwechsel belegen (z. B. Kaufvertrag, Zulassungsformular des Fahrzeugs) zur \u00dcberpr\u00fcfung.<\/p>\n<\/div><\/div><\/div><\/div><\/div><div class=\"w-tabs-section\" id=\"1586443107014-23a37432-8e86\"><button class=\"w-tabs-section-header\" aria-controls=\"content-1586443107014-23a37432-8e86\" aria-expanded=\"false\"><div class=\"w-tabs-section-title\">Ich habe den geschuldeten Betrag direkt an die ausstellende Stelle gezahlt. Warum erhalte ich einen weiteren Mahnbrief?<\/div><div class=\"w-tabs-section-control\"><\/div><\/button><div  class=\"w-tabs-section-content\" id=\"content-1586443107014-23a37432-8e86\"><div class=\"w-tabs-section-content-h i-cf\"><div class=\"wpb_text_column\"><div class=\"wpb_wrapper\"><p>Wenn Sie den Zuschlagsbetrag direkt an die ausstellende Stelle gezahlt haben, bevor Sie unser Schreiben erhalten haben, senden Sie uns bitte einen Zahlungsnachweis, um den Fall zu pr\u00fcfen.<\/p>\n<p>Wenn Sie den Zuschlag nach Erhalt unserer Zahlungsaufforderung direkt an die ausstellende Stelle gezahlt haben, m\u00fcssen Sie die Verwaltungsgeb\u00fchr bezahlen, entsprechend der Zuschlagsvalidierung welche die Kosten f\u00fcr die Fahrzeugnutzeridentifikation, Datenverarbeitung und Porto umfasst.<\/p>\n<\/div><\/div><\/div><\/div><\/div><div class=\"w-tabs-section\" id=\"zea0\"><button class=\"w-tabs-section-header\" aria-controls=\"content-zea0\" aria-expanded=\"false\"><div class=\"w-tabs-section-title\">Mein Auto oder Nummernschild wurde gestohlen. Was kann ich tun?<\/div><div class=\"w-tabs-section-control\"><\/div><\/button><div  class=\"w-tabs-section-content\" id=\"content-zea0\"><div class=\"w-tabs-section-content-h i-cf\"><div class=\"wpb_text_column\"><div class=\"wpb_wrapper\"><p>Bitte senden Sie uns zur \u00dcberpr\u00fcfung des Falles die Polizeianzeige zu, welche den Diebstahl nachweist, um den Fall zu \u00fcberpr\u00fcfen.<\/p>\n<\/div><\/div><\/div><\/div><\/div><\/div><\/div><\/div><\/div><\/div><\/div><\/div><\/section><section class=\"l-section wpb_row height_medium\"><div class=\"l-section-h i-cf\"><div class=\"g-cols vc_row via_flex valign_top type_default stacking_default\"><div class=\"vc_col-sm-12 wpb_column vc_column_container\"><div class=\"vc_column-inner\"><div class=\"wpb_wrapper\"><div class=\"wpb_text_column us_custom_1d684515\"><div class=\"wpb_wrapper\"><h2>Ausstellende Stellen<\/h2>\n<\/div><\/div><div class=\"w-separator size_small\"><\/div><div class=\"w-map provider_google issuing-bodies-map\" id=\"us_map_1\"><div class=\"w-map-json\" onclick='return {&quot;address&quot;:&quot;1011 Budapest, Iskola utca 33&quot;,&quot;zoom&quot;:11,&quot;hideControls&quot;:0,&quot;disableZoom&quot;:0,&quot;disableDragging&quot;:0,&quot;markers&quot;:[{&quot;address&quot;:&quot;1011 Budapest, Iskola utca 33&quot;,&quot;html&quot;:&quot;&lt;p&gt;&lt;img src=\\&quot;https:\\\/\\\/uai.artwork2sell.com\\\/wp-content\\\/uploads\\\/2020\\\/04\\\/city.svg\\&quot;&gt;City: &lt;b&gt;Budapest, District I&lt;\\\/b&gt;&lt;\\\/p&gt;\\n&lt;p&gt;&lt;img src=\\&quot;https:\\\/\\\/uai.artwork2sell.com\\\/wp-content\\\/uploads\\\/2020\\\/04\\\/parking.svg\\&quot;&gt;Parking administrator: &lt;b&gt;Budav\\u00e1ri Kapu&lt;\\\/b&gt;&lt;\\\/p&gt;\\n&lt;p&gt;&lt;img src=\\&quot;https:\\\/\\\/uai.artwork2sell.com\\\/wp-content\\\/uploads\\\/2020\\\/04\\\/point-2.svg\\&quot;&gt;&lt;b&gt;Address: 1011 Budapest, Iskola utca 33&lt;\\\/b&gt;&lt;\\\/p&gt;\\n&lt;p&gt;&lt;img src=\\&quot;https:\\\/\\\/uai.artwork2sell.com\\\/wp-content\\\/uploads\\\/2020\\\/04\\\/envelope.svg\\&quot;&gt;Email: &lt;b&gt;ugyfelszolgalat@budavarikapu.hu&lt;\\\/b&gt;&lt;\\\/p&gt;\\n&lt;p&gt;&lt;img src=\\&quot;https:\\\/\\\/uai.artwork2sell.com\\\/wp-content\\\/uploads\\\/2020\\\/04\\\/phone.svg\\&quot;&gt;Telephone: &lt;b&gt;0036 1 303-3220&lt;\\\/b&gt;&lt;\\\/p&gt;\\n&lt;p&gt;&lt;img src=\\&quot;https:\\\/\\\/uai.artwork2sell.com\\\/wp-content\\\/uploads\\\/2020\\\/04\\\/www.svg\\&quot;&gt;Website: &lt;b&gt;&lt;a href=\\&quot;http:\\\/\\\/www.budavarikapu.hu\\\/\\&quot;&gt;http:\\\/\\\/www.budavarikapu.hu\\\/&lt;\\\/a&gt;&lt;\\\/b&gt;&lt;\\\/p&gt;&quot;,&quot;infowindow&quot;:0},{&quot;address&quot;:&quot;1054 Budapest, Podmaniczky Frigyes t\\u00e9r 6&quot;,&quot;html&quot;:&quot;&lt;p&gt;&lt;img src=\\&quot;https:\\\/\\\/uai.group\\\/wp-content\\\/uploads\\\/2020\\\/04\\\/city.svg\\&quot;&gt;City: &lt;b&gt;Budapest, District V&lt;\\\/b&gt;&lt;\\\/p&gt;\\n&lt;p&gt;&lt;img src=\\&quot;https:\\\/\\\/uai.group\\\/wp-content\\\/uploads\\\/2020\\\/04\\\/parking.svg\\&quot;&gt;Parking administrator: &lt;b&gt;Belv\\u00e1ros-Lip\\u00f3tv\\u00e1ros&lt;\\\/b&gt;&lt;\\\/p&gt;\\n&lt;p&gt;&lt;img src=\\&quot;https:\\\/\\\/uai.group\\\/wp-content\\\/uploads\\\/2020\\\/04\\\/point-2.svg\\&quot;&gt;&lt;b&gt;1054 Budapest, Podmaniczky Frigyes t\\u00e9r 6&lt;\\\/b&gt;&lt;\\\/p&gt;\\n&lt;p&gt;&lt;img src=\\&quot;https:\\\/\\\/uai.group\\\/wp-content\\\/uploads\\\/2020\\\/04\\\/envelope.svg\\&quot;&gt;Email: &lt;b&gt;parkolasellenorzes@belvaros-lipotvaros.hu&lt;\\\/b&gt;&lt;\\\/p&gt;\\n&lt;p&gt;&lt;img src=\\&quot;https:\\\/\\\/uai.group\\\/wp-content\\\/uploads\\\/2020\\\/04\\\/phone.svg\\&quot;&gt;Telephone: &lt;b&gt;0036 1 872-7593&lt;\\\/b&gt;&lt;\\\/p&gt;\\n&lt;p&gt;&lt;img src=\\&quot;https:\\\/\\\/uai.group\\\/wp-content\\\/uploads\\\/2020\\\/04\\\/www.svg\\&quot;&gt;Website: &lt;b&gt;&lt;a href=\\&quot;http:\\\/\\\/www.blkf.hu\\\/\\&quot;&gt;http:\\\/\\\/www.blkf.hu\\\/&lt;\\\/a&gt;&lt;\\\/b&gt;&lt;\\\/p&gt;&quot;,&quot;marker_img&quot;:[&quot;https:\\\/\\\/uai.group\\\/wp-content\\\/uploads\\\/2020\\\/04\\\/point-1.svg&quot;,22,22,false],&quot;marker_size&quot;:[&quot;40&quot;,&quot;40&quot;]},{&quot;address&quot;:&quot;1071 Budapest, Peterdy utca 6&quot;,&quot;html&quot;:&quot;&lt;p&gt;&lt;img src=\\&quot;https:\\\/\\\/uai.group\\\/wp-content\\\/uploads\\\/2020\\\/04\\\/city.svg\\&quot;&gt;City: &lt;b&gt;Budapest, District VII&lt;\\\/b&gt;&lt;\\\/p&gt;\\n&lt;p&gt;&lt;img src=\\&quot;https:\\\/\\\/uai.group\\\/wp-content\\\/uploads\\\/2020\\\/04\\\/parking.svg\\&quot;&gt;Parking administrator: &lt;b&gt;Er-Park Kft.&lt;\\\/b&gt;&lt;\\\/p&gt;\\n&lt;p&gt;&lt;img src=\\&quot;https:\\\/\\\/uai.group\\\/wp-content\\\/uploads\\\/2020\\\/04\\\/point-2.svg\\&quot;&gt;&lt;b&gt;1071 Budapest, Peterdy utca 6.&lt;\\\/b&gt;&lt;\\\/p&gt;\\n&lt;p&gt;&lt;img src=\\&quot;https:\\\/\\\/uai.group\\\/wp-content\\\/uploads\\\/2020\\\/04\\\/envelope.svg\\&quot;&gt;Email: &lt;b&gt;ugyfelszolgalat@erpark.hu&lt;\\\/b&gt;&lt;\\\/p&gt;\\n&lt;p&gt;&lt;img src=\\&quot;https:\\\/\\\/uai.group\\\/wp-content\\\/uploads\\\/2020\\\/04\\\/phone.svg\\&quot;&gt;Telephone: &lt;b&gt;0036 1413 49 36&lt;\\\/b&gt;&lt;\\\/p&gt;\\n&lt;p&gt;&lt;img src=\\&quot;https:\\\/\\\/uai.group\\\/wp-content\\\/uploads\\\/2020\\\/04\\\/www.svg\\&quot;&gt;Website: &lt;b&gt;&lt;a href=\\&quot;http:\\\/\\\/www.erpark.hu\\\/\\&quot;&gt;http:\\\/\\\/www.erpark.hu\\\/&lt;\\\/a&gt;&lt;\\\/b&gt;&lt;\\\/p&gt;&quot;,&quot;marker_img&quot;:[&quot;https:\\\/\\\/uai.group\\\/wp-content\\\/uploads\\\/2020\\\/04\\\/point-1.svg&quot;,22,22,false],&quot;marker_size&quot;:[&quot;40&quot;,&quot;40&quot;]},{&quot;address&quot;:&quot;1093 Budapest, L\\u00f3nyay utca 13\\\/a&quot;,&quot;html&quot;:&quot;&lt;p&gt;&lt;img src=\\&quot;https:\\\/\\\/uai.group\\\/wp-content\\\/uploads\\\/2020\\\/04\\\/city.svg\\&quot;&gt;City: &lt;b&gt;Budapest, District IX&lt;\\\/b&gt;&lt;\\\/p&gt;\\n&lt;p&gt;&lt;img src=\\&quot;https:\\\/\\\/uai.group\\\/wp-content\\\/uploads\\\/2020\\\/04\\\/parking.svg\\&quot;&gt;Parking administrator: &lt;b&gt;Ferencv\\u00e1rosi Vagyonkezel\\u0151 \\u00e9s V\\u00e1rosfejleszt\\u00f3 Zrt.&lt;\\\/b&gt;&lt;\\\/p&gt;\\n&lt;p&gt;&lt;img src=\\&quot;https:\\\/\\\/uai.group\\\/wp-content\\\/uploads\\\/2020\\\/04\\\/point-2.svg\\&quot;&gt;&lt;b&gt;1093 Budapest, L\\u00f3nyay utca 13\\\/a.&lt;\\\/b&gt;&lt;\\\/p&gt;\\n&lt;p&gt;&lt;img src=\\&quot;https:\\\/\\\/uai.group\\\/wp-content\\\/uploads\\\/2020\\\/04\\\/envelope.svg\\&quot;&gt;Email: &lt;b&gt;ugyfelszolgalat@ferencvarosiparkolas.hu&lt;\\\/b&gt;&lt;\\\/p&gt;\\n&lt;p&gt;&lt;img src=\\&quot;https:\\\/\\\/uai.group\\\/wp-content\\\/uploads\\\/2020\\\/04\\\/phone.svg\\&quot;&gt;Telephone: &lt;b&gt;0036 16 777 295&lt;\\\/b&gt;&lt;\\\/p&gt;\\n&lt;p&gt;&lt;img src=\\&quot;https:\\\/\\\/uai.group\\\/wp-content\\\/uploads\\\/2020\\\/04\\\/www.svg\\&quot;&gt;Website: &lt;b&gt;&lt;a href=\\&quot;http:\\\/\\\/www.ferencvarosiparkolas.hu\\\/\\&quot;&gt;http:\\\/\\\/www.ferencvarosiparkolas.hu\\\/&lt;\\\/a&gt;&lt;\\\/b&gt;&lt;\\\/p&gt;&quot;,&quot;marker_img&quot;:[&quot;https:\\\/\\\/uai.group\\\/wp-content\\\/uploads\\\/2020\\\/04\\\/point-1.svg&quot;,22,22,false],&quot;marker_size&quot;:[&quot;40&quot;,&quot;40&quot;]},{&quot;address&quot;:&quot;Budapest XII., B\\u00f6sz\\u00f6rm\\u00e9nyi \\u00fat 23-25&quot;,&quot;html&quot;:&quot;&lt;p&gt;&lt;img src=\\&quot;https:\\\/\\\/uai.group\\\/wp-content\\\/uploads\\\/2020\\\/04\\\/city.svg\\&quot;&gt;City: &lt;b&gt;Budapest, District XII&lt;\\\/b&gt;&lt;\\\/p&gt;\\n&lt;p&gt;&lt;img src=\\&quot;https:\\\/\\\/uai.group\\\/wp-content\\\/uploads\\\/2020\\\/04\\\/parking.svg\\&quot;&gt;Parking administrator: &lt;b&gt;Hegyvid\\u00e9ki \\u00d6nkorm\\u00e1nyzat&lt;\\\/b&gt;&lt;\\\/p&gt;\\n&lt;p&gt;&lt;img src=\\&quot;https:\\\/\\\/uai.group\\\/wp-content\\\/uploads\\\/2020\\\/04\\\/point-2.svg\\&quot;&gt;&lt;b&gt;Budapest XII., B\\u00f6sz\\u00f6rm\\u00e9nyi \\u00fat 23-25.&lt;\\\/b&gt;&lt;\\\/p&gt;\\n&lt;p&gt;&lt;img src=\\&quot;https:\\\/\\\/uai.group\\\/wp-content\\\/uploads\\\/2020\\\/04\\\/envelope.svg\\&quot;&gt;Email: &lt;b&gt;onkormanyzat@hegyvidek.hu&lt;\\\/b&gt;&lt;\\\/p&gt;\\n&lt;p&gt;&lt;img src=\\&quot;https:\\\/\\\/uai.group\\\/wp-content\\\/uploads\\\/2020\\\/04\\\/phone.svg\\&quot;&gt;Telephone: &lt;b&gt;0036 1 224 5900&lt;\\\/b&gt;&lt;\\\/p&gt;\\n&lt;p&gt;&lt;img src=\\&quot;https:\\\/\\\/uai.group\\\/wp-content\\\/uploads\\\/2020\\\/04\\\/www.svg\\&quot;&gt;Website: &lt;b&gt;&lt;a href=\\&quot;https:\\\/\\\/www.hegyvidek.hu\\&quot;&gt;https:\\\/\\\/www.hegyvidek.hu&lt;\\\/a&gt;&lt;\\\/b&gt;&lt;\\\/p&gt;&quot;,&quot;marker_img&quot;:[&quot;https:\\\/\\\/uai.group\\\/wp-content\\\/uploads\\\/2020\\\/04\\\/point-1.svg&quot;,22,22,false],&quot;marker_size&quot;:[&quot;40&quot;,&quot;40&quot;]},{&quot;address&quot;:&quot;1131 Budapest, Hajd\\u00fa u. 29&quot;,&quot;html&quot;:&quot;&lt;p&gt;&lt;img src=\\&quot;https:\\\/\\\/uai.group\\\/wp-content\\\/uploads\\\/2020\\\/04\\\/city.svg\\&quot;&gt;City: &lt;b&gt;Budapest, District XIII&lt;\\\/b&gt;&lt;\\\/p&gt;\\n&lt;p&gt;&lt;img src=\\&quot;https:\\\/\\\/uai.group\\\/wp-content\\\/uploads\\\/2020\\\/04\\\/parking.svg\\&quot;&gt;Parking administrator: &lt;b&gt;Ker\\u00fcleti K\\u00f6zszolg\\u00e1ltat\\u00f3 Zrt.&lt;\\\/b&gt;&lt;\\\/p&gt;\\n&lt;p&gt;&lt;img src=\\&quot;https:\\\/\\\/uai.group\\\/wp-content\\\/uploads\\\/2020\\\/04\\\/point-2.svg\\&quot;&gt;&lt;b&gt;1131 Budapest, Hajd\\u00fa u. 29.&lt;\\\/b&gt;&lt;\\\/p&gt;\\n&lt;p&gt;&lt;img src=\\&quot;https:\\\/\\\/uai.group\\\/wp-content\\\/uploads\\\/2020\\\/04\\\/envelope.svg\\&quot;&gt;Email: &lt;b&gt;parkolas@kozszolgaltato.bp13.hu &lt;\\\/b&gt;&lt;\\\/p&gt;\\n&lt;p&gt;&lt;img src=\\&quot;https:\\\/\\\/uai.group\\\/wp-content\\\/uploads\\\/2020\\\/04\\\/phone.svg\\&quot;&gt;Telephone: &lt;b&gt;0036 1 478 5050; 0036 1 478 5000&lt;\\\/b&gt;&lt;\\\/p&gt;\\n&lt;p&gt;&lt;img src=\\&quot;https:\\\/\\\/uai.group\\\/wp-content\\\/uploads\\\/2020\\\/04\\\/www.svg\\&quot;&gt;Website: &lt;b&gt;&lt;a href=\\&quot; https:\\\/\\\/www.kozszolgaltato.bp13.hu\\&quot;&gt; https:\\\/\\\/www.kozszolgaltato.bp13.hu&lt;\\\/a&gt;&lt;\\\/b&gt;&lt;\\\/p&gt;&quot;,&quot;marker_img&quot;:[&quot;https:\\\/\\\/uai.group\\\/wp-content\\\/uploads\\\/2020\\\/04\\\/point-1.svg&quot;,22,22,false],&quot;marker_size&quot;:[&quot;40&quot;,&quot;40&quot;]},{&quot;address&quot;:&quot;Budapest XIV. ker\\u00fclet, Nagy Lajos kir\\u00e1ly \\u00fatja 73.-77&quot;,&quot;html&quot;:&quot;&lt;p&gt;&lt;img src=\\&quot;https:\\\/\\\/uai.group\\\/wp-content\\\/uploads\\\/2020\\\/04\\\/city.svg\\&quot;&gt;City: &lt;b&gt;Budapest, District XIV&lt;\\\/b&gt;&lt;\\\/p&gt;\\n&lt;p&gt;&lt;img src=\\&quot;https:\\\/\\\/uai.group\\\/wp-content\\\/uploads\\\/2020\\\/04\\\/parking.svg\\&quot;&gt;Parking administrator: &lt;b&gt;Zugl\\u00f3i K\\u00f6zbiztons\\u00e1gi Non-Profit Kft&lt;\\\/b&gt;&lt;\\\/p&gt;\\n&lt;p&gt;&lt;img src=\\&quot;https:\\\/\\\/uai.group\\\/wp-content\\\/uploads\\\/2020\\\/04\\\/point-2.svg\\&quot;&gt;&lt;b&gt;Budapest XIV. ker\\u00fclet, Nagy Lajos kir\\u00e1ly \\u00fatja 73.-77&lt;\\\/b&gt;&lt;\\\/p&gt;\\n&lt;p&gt;&lt;img src=\\&quot;https:\\\/\\\/uai.group\\\/wp-content\\\/uploads\\\/2020\\\/04\\\/envelope.svg\\&quot;&gt;Email: &lt;b&gt;parkolas@zugloiparkolas.hu&lt;\\\/b&gt;&lt;\\\/p&gt;\\n&lt;p&gt;&lt;img src=\\&quot;https:\\\/\\\/uai.group\\\/wp-content\\\/uploads\\\/2020\\\/04\\\/phone.svg\\&quot;&gt;Telephone: &lt;b&gt;0036 1 999 5090&lt;\\\/b&gt;&lt;\\\/p&gt;\\n&lt;p&gt;&lt;img src=\\&quot;https:\\\/\\\/uai.group\\\/wp-content\\\/uploads\\\/2020\\\/04\\\/www.svg\\&quot;&gt;Website: &lt;b&gt;&lt;a href=\\&quot;https:\\\/\\\/www.zugloiparkolas.hu\\\/\\&quot;&gt;https:\\\/\\\/www.zugloiparkolas.hu\\\/&lt;\\\/a&gt;&lt;\\\/b&gt;&lt;\\\/p&gt;&quot;,&quot;marker_img&quot;:[&quot;https:\\\/\\\/uai.group\\\/wp-content\\\/uploads\\\/2020\\\/04\\\/point-1.svg&quot;,22,22,false],&quot;marker_size&quot;:[&quot;40&quot;,&quot;40&quot;]},{&quot;address&quot;:&quot;9700 Szombathely, K\\u0151szegi utca 11-17.&quot;,&quot;html&quot;:&quot;&lt;p&gt;&lt;img src=\\&quot;https:\\\/\\\/uai.group\\\/wp-content\\\/uploads\\\/2020\\\/04\\\/city.svg\\&quot;&gt;City: &lt;b&gt;Szombathely&lt;\\\/b&gt;&lt;\\\/p&gt;\\n&lt;p&gt;&lt;img src=\\&quot;https:\\\/\\\/uai.group\\\/wp-content\\\/uploads\\\/2020\\\/04\\\/parking.svg\\&quot;&gt;Parking administrator: &lt;b&gt;SZOVA Szombathelyi Vagyonhasznos\\u00edt\\u00f3 \\u00e9s V\\u00e1rosgazd\\u00e1lkod\\u00e1si Zrt.&lt;\\\/b&gt;&lt;\\\/p&gt;\\n&lt;p&gt;&lt;img src=\\&quot;https:\\\/\\\/uai.group\\\/wp-content\\\/uploads\\\/2020\\\/04\\\/point-2.svg\\&quot;&gt;&lt;b&gt;9700 Szombathely, K\\u0151szegi utca 11-17.&lt;\\\/b&gt;&lt;\\\/p&gt;\\n&lt;p&gt;&lt;img src=\\&quot;https:\\\/\\\/uai.group\\\/wp-content\\\/uploads\\\/2020\\\/04\\\/envelope.svg\\&quot;&gt;Email: &lt;b&gt;titkarsag@szova.hu&lt;\\\/b&gt;&lt;\\\/p&gt;\\n&lt;p&gt;&lt;img src=\\&quot;https:\\\/\\\/uai.group\\\/wp-content\\\/uploads\\\/2020\\\/04\\\/phone.svg\\&quot;&gt;Telephone: &lt;b&gt;0036 94 339 889&lt;\\\/b&gt;&lt;\\\/p&gt;\\n&lt;p&gt;&lt;img src=\\&quot;https:\\\/\\\/uai.group\\\/wp-content\\\/uploads\\\/2020\\\/04\\\/www.svg\\&quot;&gt;Website: &lt;b&gt;&lt;a href=\\&quot;http:\\\/\\\/szova.hu\\\/\\&quot;&gt;http:\\\/\\\/szova.hu\\\/&lt;\\\/a&gt;&lt;\\\/b&gt;&lt;\\\/p&gt;&quot;,&quot;marker_img&quot;:[&quot;https:\\\/\\\/uai.group\\\/wp-content\\\/uploads\\\/2020\\\/04\\\/point-1.svg&quot;,22,22,false],&quot;marker_size&quot;:[&quot;40&quot;,&quot;40&quot;]},{&quot;address&quot;:&quot;9970 Szentgotth\\u00e1rd, Sz\\u00e9ll K. t\\u00e9r 11.&quot;,&quot;html&quot;:&quot;&lt;p&gt;&lt;img src=\\&quot;https:\\\/\\\/uai.group\\\/wp-content\\\/uploads\\\/2020\\\/04\\\/city.svg\\&quot;&gt;City: &lt;b&gt;Szentgotth\\u00e1rd&lt;\\\/b&gt;&lt;\\\/p&gt;\\n&lt;p&gt;&lt;img src=\\&quot;https:\\\/\\\/uai.group\\\/wp-content\\\/uploads\\\/2020\\\/04\\\/parking.svg\\&quot;&gt;Parking administrator: &lt;b&gt;Szentgotth\\u00e1rdni Eszk\\u00f6zkezel\\u0151 \\u00e9s Telep\\u00fcl\\u00e9sfejleszt\\u0151 Kft.&lt;\\\/b&gt;&lt;\\\/p&gt;\\n&lt;p&gt;&lt;img src=\\&quot;https:\\\/\\\/uai.group\\\/wp-content\\\/uploads\\\/2020\\\/04\\\/point-2.svg\\&quot;&gt;&lt;b&gt;9970 Szentgotth\\u00e1rd, Sz\\u00e9ll K. t\\u00e9r 11.&lt;\\\/b&gt;&lt;\\\/p&gt;\\n&lt;p&gt;&lt;img src=\\&quot;https:\\\/\\\/uai.group\\\/wp-content\\\/uploads\\\/2020\\\/04\\\/envelope.svg\\&quot;&gt;Email: &lt;b&gt;info@szetszentgotthard.hu&lt;\\\/b&gt;&lt;\\\/p&gt;\\n&lt;p&gt;&lt;img src=\\&quot;https:\\\/\\\/uai.group\\\/wp-content\\\/uploads\\\/2020\\\/04\\\/phone.svg\\&quot;&gt;Telephone: &lt;b&gt;0036 94 553 023&lt;\\\/b&gt;&lt;\\\/p&gt;\\n&lt;p&gt;&lt;img src=\\&quot;https:\\\/\\\/uai.group\\\/wp-content\\\/uploads\\\/2020\\\/04\\\/www.svg\\&quot;&gt;Website: &lt;b&gt;&lt;a href=\\&quot;http:\\\/\\\/www.szet-kft.hu\\&quot;&gt;http:\\\/\\\/www.szet-kft.hu&lt;\\\/a&gt;&lt;\\\/b&gt;&lt;\\\/p&gt;&quot;,&quot;marker_img&quot;:[&quot;https:\\\/\\\/uai.group\\\/wp-content\\\/uploads\\\/2020\\\/04\\\/point-1.svg&quot;,22,22,false],&quot;marker_size&quot;:[&quot;40&quot;,&quot;40&quot;]}],&quot;icon&quot;:{&quot;url&quot;:&quot;https:\\\/\\\/uai.group\\\/wp-content\\\/uploads\\\/2020\\\/04\\\/point-1.svg&quot;,&quot;size&quot;:[50,50]},&quot;maptype&quot;:&quot;ROADMAP&quot;}'><\/div><\/div><\/div><\/div><\/div><\/div><\/div><\/section>\n","protected":false},"excerpt":{"rendered":"Zahlungsaufforderung &#8211; Parkplatzzuschlag Ein Parkplatzzuschlag f\u00e4llt an, wenn Sie keinen Parkschein auf einem kostenpflichtigen Parkplatz gekauft haben, der Parkschein abgelaufen ist oder Sie ihn falsch hinter die Windschutzscheibe Ihres Fahrzeugs gelegt haben. Zahlungsinformationen Informationen zur Tilgung Ihrer Schulden finden Sie im Abschnitt Zahlungsm\u00f6glichkeiten. Ich habe den Parkplatzzuschlag bereits bezahlt Ich habe den Parkplatzzuschlag bereits nach...","protected":false},"author":5,"featured_media":0,"parent":0,"menu_order":0,"comment_status":"closed","ping_status":"closed","template":"","meta":{"footnotes":""},"class_list":["post-2039","page","type-page","status-publish","hentry"],"_links":{"self":[{"href":"https:\/\/uai.group\/de\/wp-json\/wp\/v2\/pages\/2039","targetHints":{"allow":["GET"]}}],"collection":[{"href":"https:\/\/uai.group\/de\/wp-json\/wp\/v2\/pages"}],"about":[{"href":"https:\/\/uai.group\/de\/wp-json\/wp\/v2\/types\/page"}],"author":[{"embeddable":true,"href":"https:\/\/uai.group\/de\/wp-json\/wp\/v2\/users\/5"}],"replies":[{"embeddable":true,"href":"https:\/\/uai.group\/de\/wp-json\/wp\/v2\/comments?post=2039"}],"version-history":[{"count":5,"href":"https:\/\/uai.group\/de\/wp-json\/wp\/v2\/pages\/2039\/revisions"}],"predecessor-version":[{"id":18571,"href":"https:\/\/uai.group\/de\/wp-json\/wp\/v2\/pages\/2039\/revisions\/18571"}],"wp:attachment":[{"href":"https:\/\/uai.group\/de\/wp-json\/wp\/v2\/media?parent=2039"}],"curies":[{"name":"wp","href":"https:\/\/api.w.org\/{rel}","templated":true}]}}