{"id":2027,"date":"2020-04-03T11:03:50","date_gmt":"2020-04-03T11:03:50","guid":{"rendered":"https:\/\/uai.artwork2sell.com\/letter-from-uai\/"},"modified":"2026-02-23T20:17:48","modified_gmt":"2026-02-23T19:17:48","slug":"letter-from-uai","status":"publish","type":"page","link":"https:\/\/uai.group\/de\/","title":{"rendered":"Haben Sie einen Brief erhalten?"},"content":{"rendered":"<section class=\"l-section wpb_row us_custom_3883cbfa height_large\"><div class=\"l-section-h i-cf\"><div class=\"g-cols vc_row via_flex valign_top type_default stacking_default\"><div class=\"vc_col-sm-12 wpb_column vc_column_container\"><div class=\"vc_column-inner\"><div class=\"wpb_wrapper\">\n\t\t\t<!-- START General Slider REVOLUTION SLIDER 6.5.4 --><p class=\"rs-p-wp-fix\"><\/p>\n\t\t\t<rs-module-wrap id=\"rev_slider_2_1_wrapper\" data-source=\"gallery\" style=\"visibility:hidden;background:transparent;padding:0;margin:0px auto;margin-top:0;margin-bottom:0;\">\n\t\t\t\t<rs-module id=\"rev_slider_2_1\" style=\"\" data-version=\"6.5.4\">\n\t\t\t\t\t<rs-slides>\n\t\t\t\t\t\t<rs-slide data-key=\"rs-16\" data-title=\"Payment Notification\" data-thumb=\"\/\/uai.group\/wp-content\/uploads\/2020\/04\/img1-scaled.jpg\" data-anim=\"ms:300;\" data-in=\"o:0;\" data-out=\"a:false;\">\n\t\t\t\t\t\t\t<img loading=\"lazy\" decoding=\"async\" src=\"\/\/uai.group\/wp-content\/plugins\/revslider\/public\/assets\/assets\/dummy.png\" title=\"img1\" width=\"2560\" height=\"985\" class=\"rev-slidebg tp-rs-img rs-lazyload\" data-lazyload=\"\/\/uai.group\/wp-content\/uploads\/2020\/04\/img1-scaled.jpg\" data-no-retina>\n<!--\n\t\t\t\t\t\t\t--><a\n\t\t\t\t\t\t\t\tid=\"slider-2-slide-16-layer-7\" \n\t\t\t\t\t\t\t\tclass=\"rs-layer rev-btn\"\n\t\t\t\t\t\t\t\thref=\"https:\/\/uai.group\/de\/einen-brief-erhalten\/\" target=\"_self\" rel=\"nofollow\"\n\t\t\t\t\t\t\t\tdata-type=\"button\"\n\t\t\t\t\t\t\t\tdata-bsh=\"c:rgba(0,0,0,0.25);v:10px,8px,6px,3px;b:20px,16px,12px,7px;\"\n\t\t\t\t\t\t\t\tdata-rsp_ch=\"on\"\n\t\t\t\t\t\t\t\tdata-xy=\"xo:0,0,30px,30px;yo:375px,400px,600px,455px;\"\n\t\t\t\t\t\t\t\tdata-text=\"w:normal;s:20,16,18,20;l:50,40,40,48;ls:0.02px,0px,0px,0px;fw:600;\"\n\t\t\t\t\t\t\t\tdata-dim=\"minh:0px,none,none,none;\"\n\t\t\t\t\t\t\t\tdata-padding=\"r:40,32,24,15;l:40,32,24,15;\"\n\t\t\t\t\t\t\t\tdata-border=\"bor:5px,5px,5px,5px;\"\n\t\t\t\t\t\t\t\tdata-frame_0=\"sX:0.9;sY:0.9;\"\n\t\t\t\t\t\t\t\tdata-frame_1=\"e:power2.inOut;st:640;sp:1000;sR:640;\"\n\t\t\t\t\t\t\t\tdata-frame_999=\"o:0;e:none;st:w;sR:2360;\"\n\t\t\t\t\t\t\t\tdata-frame_hover=\"c:#f7931d;bgc:#fff;boc:#f7931d;bor:5px,5px,5px,5px;bos:solid;bow:1px,1px,1px,1px;e:power1.inOut;bri:0%;\"\n\t\t\t\t\t\t\t\tstyle=\"z-index:10;background-color:#f7931d;font-family:Nunito Sans;\"\n\t\t\t\t\t\t\t><rs-bg-elem style=\"position:absolute; top:0px;left:0px;\"><\/rs-bg-elem>\nWeitere Informationen \n\t\t\t\t\t\t\t<\/a><!--\n\n\t\t\t\t\t\t\t--><rs-layer\n\t\t\t\t\t\t\t\tid=\"slider-2-slide-16-layer-9\" \n\t\t\t\t\t\t\t\tdata-type=\"text\"\n\t\t\t\t\t\t\t\tdata-rsp_ch=\"on\"\n\t\t\t\t\t\t\t\tdata-xy=\"xo:4px,3px,30px,30px;yo:230px,230px,400px,250px;\"\n\t\t\t\t\t\t\t\tdata-text=\"w:normal;l:30,28,28,28;\"\n\t\t\t\t\t\t\t\tdata-dim=\"w:684px,634px,536px,416px;h:108px,auto,auto,auto;\"\n\t\t\t\t\t\t\t\tdata-frame_0=\"x:175%;o:1;\"\n\t\t\t\t\t\t\t\tdata-frame_0_mask=\"u:t;x:-100%;\"\n\t\t\t\t\t\t\t\tdata-frame_1=\"e:power3.out;st:250;sp:1000;sR:250;\"\n\t\t\t\t\t\t\t\tdata-frame_1_mask=\"u:t;\"\n\t\t\t\t\t\t\t\tdata-frame_999=\"o:0;st:w;sR:2750;\"\n\t\t\t\t\t\t\t\tstyle=\"z-index:8;font-family:Nunito Sans;\"\n\t\t\t\t\t\t\t><rs-bg-elem style=\"position:absolute; top:0px;left:0px;\"><\/rs-bg-elem>\nFalls Sie eine Zahlungsaufforderung von uns erhalten haben, kontaktieren Sie uns bitte unter einer unserer Kontaktdaten, damit wir Ihnen die bestm\u00f6gliche L\u00f6sung anbieten k\u00f6nnen um die Schulden zu begleichen. \n\t\t\t\t\t\t\t<\/rs-layer><!--\n\n\t\t\t\t\t\t\t--><rs-layer\n\t\t\t\t\t\t\t\tid=\"slider-2-slide-16-layer-10\" \n\t\t\t\t\t\t\t\tdata-type=\"text\"\n\t\t\t\t\t\t\t\tdata-rsp_ch=\"on\"\n\t\t\t\t\t\t\t\tdata-xy=\"xo:4px,3px,30px,30px;yo:65px,65px,180px,50px;\"\n\t\t\t\t\t\t\t\tdata-text=\"w:normal;s:52,40,40,39;l:55,50,48,52;ls:1px,0px,0px,0px;fw:800;\"\n\t\t\t\t\t\t\t\tdata-dim=\"w:836px,668px,544px,417px;h:120px,96px,auto,auto;\"\n\t\t\t\t\t\t\t\tdata-frame_0=\"x:-50,-40,-30,-18;\"\n\t\t\t\t\t\t\t\tdata-frame_1=\"st:50;sp:1000;sR:50;\"\n\t\t\t\t\t\t\t\tdata-frame_999=\"o:0;st:w;sR:2950;\"\n\t\t\t\t\t\t\t\tstyle=\"z-index:9;font-family:Nunito Sans;\"\n\t\t\t\t\t\t\t><rs-bg-elem style=\"position:absolute; top:0px;left:0px;\"><\/rs-bg-elem>\nHaben Sie eine Zahlungsaufforderung erhalten? \n\t\t\t\t\t\t\t<\/rs-layer><!--\n-->\t\t\t\t\t\t<\/rs-slide>\n\t\t\t\t\t\t<rs-slide data-key=\"rs-17\" data-title=\"Did you know\" data-thumb=\"\/\/uai.group\/wp-content\/uploads\/2020\/05\/60-min-scaled.jpg\" data-anim=\"ms:300;\" data-in=\"o:0;\" data-out=\"a:false;\">\n\t\t\t\t\t\t\t<img loading=\"lazy\" decoding=\"async\" src=\"\/\/uai.group\/wp-content\/plugins\/revslider\/public\/assets\/assets\/dummy.png\" title=\"60-min\" width=\"2560\" height=\"914\" class=\"rev-slidebg tp-rs-img rs-lazyload\" data-lazyload=\"\/\/uai.group\/wp-content\/uploads\/2020\/05\/60-min-scaled.jpg\" data-bg=\"p:0% 30%;\" data-no-retina>\n<!--\n\t\t\t\t\t\t\t--><rs-layer\n\t\t\t\t\t\t\t\tid=\"slider-2-slide-17-layer-14\" \n\t\t\t\t\t\t\t\tdata-type=\"text\"\n\t\t\t\t\t\t\t\tdata-rsp_ch=\"on\"\n\t\t\t\t\t\t\t\tdata-xy=\"xo:0,30px,30px,30px;yo:77px,110px,300px,38px;\"\n\t\t\t\t\t\t\t\tdata-text=\"w:normal;s:52,40,40,40;l:55,44,48,54;ls:1px,0px,0px,0px;fw:800;\"\n\t\t\t\t\t\t\t\tdata-dim=\"w:510px,408px,421px,377px;h:66px,52px,59px,auto;\"\n\t\t\t\t\t\t\t\tdata-border=\"boc:#0c0c0c;bow:2px,2px,2px,2px;\"\n\t\t\t\t\t\t\t\tdata-frame_0=\"x:-50,-40,-30,-18;\"\n\t\t\t\t\t\t\t\tdata-frame_1=\"st:110;sp:1000;sR:110;\"\n\t\t\t\t\t\t\t\tdata-frame_999=\"o:0;st:w;sp:350;sR:2890;\"\n\t\t\t\t\t\t\t\tstyle=\"z-index:9;font-family:Nunito Sans;\"\n\t\t\t\t\t\t\t><rs-bg-elem style=\"position:absolute; top:0px;left:0px;\"><\/rs-bg-elem>\nWussten Sie schon? \n\t\t\t\t\t\t\t<\/rs-layer><!--\n\n\t\t\t\t\t\t\t--><a\n\t\t\t\t\t\t\t\tid=\"slider-2-slide-17-layer-15\" \n\t\t\t\t\t\t\t\tclass=\"rs-layer rev-btn\"\n\t\t\t\t\t\t\t\thref=\"https:\/\/uai.group\/de\/nachrichten\/ungarische-e-vignette\/\" target=\"_self\" rel=\"nofollow\"\n\t\t\t\t\t\t\t\tdata-type=\"button\"\n\t\t\t\t\t\t\t\tdata-bsh=\"c:rgba(0,0,0,0.25);v:10px,8px,6px,3px;b:20px,16px,12px,7px;\"\n\t\t\t\t\t\t\t\tdata-rsp_ch=\"on\"\n\t\t\t\t\t\t\t\tdata-xy=\"xo:0,30px,30px,30px;yo:420px,371px,550px,502px;\"\n\t\t\t\t\t\t\t\tdata-text=\"w:normal;s:20,16,18,20;l:50,40,40,50;ls:0.02px,0px,0px,0px;fw:600;\"\n\t\t\t\t\t\t\t\tdata-dim=\"minh:0px,none,none,none;\"\n\t\t\t\t\t\t\t\tdata-padding=\"r:40,32,24,15;l:40,32,24,15;\"\n\t\t\t\t\t\t\t\tdata-border=\"bor:5px,5px,5px,5px;\"\n\t\t\t\t\t\t\t\tdata-frame_0=\"sX:0.9;sY:0.9;\"\n\t\t\t\t\t\t\t\tdata-frame_1=\"st:630;sp:1000;sR:630;\"\n\t\t\t\t\t\t\t\tdata-frame_999=\"o:0;e:none;st:w;sp:350;sR:2370;\"\n\t\t\t\t\t\t\t\tdata-frame_hover=\"c:#f7931d;bgc:#fff;boc:#f7931d;bor:5px,5px,5px,5px;bos:solid;bow:1px,1px,1px,1px;e:power1.inOut;bri:0%;\"\n\t\t\t\t\t\t\t\tstyle=\"z-index:10;background-color:#f7931d;font-family:Nunito Sans;\"\n\t\t\t\t\t\t\t><rs-bg-elem style=\"position:absolute; top:0px;left:0px;\"><\/rs-bg-elem>\nWeitere Informationen \n\t\t\t\t\t\t\t<\/a><!--\n\n\t\t\t\t\t\t\t--><rs-layer\n\t\t\t\t\t\t\t\tid=\"slider-2-slide-17-layer-16\" \n\t\t\t\t\t\t\t\tdata-type=\"text\"\n\t\t\t\t\t\t\t\tdata-rsp_ch=\"on\"\n\t\t\t\t\t\t\t\tdata-xy=\"xo:0,30px,30px,30px;yo:174px,240px,400px,122px;\"\n\t\t\t\t\t\t\t\tdata-text=\"w:normal;l:30,24,28,30;ls:0.02px,0px,0px,0px;\"\n\t\t\t\t\t\t\t\tdata-dim=\"w:950px,475px,429px,424px;\"\n\t\t\t\t\t\t\t\tdata-frame_0=\"x:175%;o:1;\"\n\t\t\t\t\t\t\t\tdata-frame_0_mask=\"u:t;x:-100%;\"\n\t\t\t\t\t\t\t\tdata-frame_1=\"e:power3.out;st:390;sp:1000;sR:390;\"\n\t\t\t\t\t\t\t\tdata-frame_1_mask=\"u:t;\"\n\t\t\t\t\t\t\t\tdata-frame_999=\"o:0;st:w;sp:350;sR:2610;\"\n\t\t\t\t\t\t\t\tstyle=\"z-index:8;font-family:Nunito Sans;\"\n\t\t\t\t\t\t\t><rs-bg-elem style=\"position:absolute; top:0px;left:0px;\"><\/rs-bg-elem>\n- Geb\u00fchrenpflichtigen Stra\u00dfen d\u00fcrfen in Ungarn nur mit einer g\u00fcltigen Berechtigung benutzt werden.<br \/>\n- F\u00fcr die G\u00fcltigkeit der Berechtigung m\u00fcssen das Kennzeichen, L\u00e4nderkennzeichen des Fahrzeuges und die Kategorie ordnungsgem\u00e4\u00df eingetragen werden. <br \/>\n- Die Berechtigung kann innerhalb der G\u00fcltigkeitsdauer genutzt werden und muss sp\u00e4testens 60 Minuten nach Beginn der Nutzung des mautpflichtigen Stra\u00dfenabschnitts eingel\u00f6st werden<br \/>\n \n\t\t\t\t\t\t\t<\/rs-layer><!--\n-->\t\t\t\t\t\t<\/rs-slide>\n\t\t\t\t\t\t<rs-slide data-key=\"rs-18\" data-title=\"Join us\" data-thumb=\"\/\/uai.group\/wp-content\/uploads\/2020\/05\/join-uai-team-scaled.jpg\" data-anim=\"ms:300;r:0;\" data-in=\"o:0;\" data-out=\"a:false;\">\n\t\t\t\t\t\t\t<img loading=\"lazy\" decoding=\"async\" src=\"\/\/uai.group\/wp-content\/plugins\/revslider\/public\/assets\/assets\/dummy.png\" title=\"join-uai-team\" width=\"2560\" height=\"919\" class=\"rev-slidebg tp-rs-img rs-lazyload\" data-lazyload=\"\/\/uai.group\/wp-content\/uploads\/2020\/05\/join-uai-team-scaled.jpg\" data-bg=\"p:center top;\" data-no-retina>\n<!--\n\t\t\t\t\t\t\t--><rs-layer\n\t\t\t\t\t\t\t\tid=\"slider-2-slide-18-layer-6\" \n\t\t\t\t\t\t\t\tdata-type=\"text\"\n\t\t\t\t\t\t\t\tdata-rsp_ch=\"on\"\n\t\t\t\t\t\t\t\tdata-xy=\"xo:0,30px,30px,30px;yo:100px,70px,200px,60px;\"\n\t\t\t\t\t\t\t\tdata-text=\"w:normal;s:56,44,40,40;l:55,48,48,48;fw:800;\"\n\t\t\t\t\t\t\t\tdata-dim=\"w:840px,672px,510px,431px;\"\n\t\t\t\t\t\t\t\tdata-frame_0=\"x:-50,-40,-30,-18;\"\n\t\t\t\t\t\t\t\tdata-frame_1=\"st:70;sp:1000;sR:70;\"\n\t\t\t\t\t\t\t\tdata-frame_999=\"o:0;st:w;sR:2930;\"\n\t\t\t\t\t\t\t\tstyle=\"z-index:9;font-family:Nunito Sans;\"\n\t\t\t\t\t\t\t><rs-bg-elem style=\"position:absolute; top:0px;left:0px;\"><\/rs-bg-elem>\nWerden Sie Teil unseres Teams! \n\t\t\t\t\t\t\t<\/rs-layer><!--\n\n\t\t\t\t\t\t\t--><rs-layer\n\t\t\t\t\t\t\t\tid=\"slider-2-slide-18-layer-8\" \n\t\t\t\t\t\t\t\tdata-type=\"text\"\n\t\t\t\t\t\t\t\tdata-rsp_ch=\"on\"\n\t\t\t\t\t\t\t\tdata-xy=\"xo:1px,30px,30px,30px;yo:210px,220px,350px,220px;\"\n\t\t\t\t\t\t\t\tdata-text=\"w:normal;l:30,28,28,28;\"\n\t\t\t\t\t\t\t\tdata-dim=\"w:572px,575px,577px,417px;\"\n\t\t\t\t\t\t\t\tdata-frame_0=\"x:175%;o:1;\"\n\t\t\t\t\t\t\t\tdata-frame_0_mask=\"u:t;x:-100%;\"\n\t\t\t\t\t\t\t\tdata-frame_1=\"e:power3.out;st:180;sp:1000;sR:180;\"\n\t\t\t\t\t\t\t\tdata-frame_1_mask=\"u:t;\"\n\t\t\t\t\t\t\t\tdata-frame_999=\"o:0;st:w;sR:2820;\"\n\t\t\t\t\t\t\t\tstyle=\"z-index:8;font-family:Nunito Sans;\"\n\t\t\t\t\t\t\t><rs-bg-elem style=\"position:absolute; top:0px;left:0px;\"><\/rs-bg-elem>\nBei der UAI sind wir st\u00e4ndig bestrebt, <br>unser Team zu erweitern.<br \/>\nWerfen Sie einen Blick in unseren Karrierebereich, um herauszufinden, welche Stelle f\u00fcr Sie geeignet w\u00e4re.<br \/>\n \n\t\t\t\t\t\t\t<\/rs-layer><!--\n\n\t\t\t\t\t\t\t--><a\n\t\t\t\t\t\t\t\tid=\"slider-2-slide-18-layer-11\" \n\t\t\t\t\t\t\t\tclass=\"rs-layer rev-btn\"\n\t\t\t\t\t\t\t\thref=\"https:\/\/uai.group\/de\/karriere\/\" target=\"_self\" rel=\"nofollow\"\n\t\t\t\t\t\t\t\tdata-type=\"button\"\n\t\t\t\t\t\t\t\tdata-bsh=\"c:rgba(0,0,0,0.25);v:10px,8px,6px,3px;b:20px,16px,12px,7px;\"\n\t\t\t\t\t\t\t\tdata-rsp_ch=\"on\"\n\t\t\t\t\t\t\t\tdata-xy=\"xo:0,30px,30px,30px;yo:380px,370px,500px,427px;\"\n\t\t\t\t\t\t\t\tdata-text=\"w:normal;s:20,16,18,20;l:50,40,36,50;ls:0.02px,0px,0px,0px;fw:600;\"\n\t\t\t\t\t\t\t\tdata-dim=\"minh:0px,none,none,none;\"\n\t\t\t\t\t\t\t\tdata-padding=\"r:40,32,24,15;l:40,32,24,15;\"\n\t\t\t\t\t\t\t\tdata-border=\"bor:5px,5px,5px,5px;\"\n\t\t\t\t\t\t\t\tdata-frame_0=\"sX:0.9;sY:0.9;\"\n\t\t\t\t\t\t\t\tdata-frame_1=\"st:560;sp:1000;sR:560;\"\n\t\t\t\t\t\t\t\tdata-frame_999=\"o:0;e:none;st:w;sR:2440;\"\n\t\t\t\t\t\t\t\tdata-frame_hover=\"c:#f7931d;bgc:#fff;boc:#f7931d;bor:5px,5px,5px,5px;bos:solid;bow:1px,1px,1px,1px;e:power1.inOut;bri:0%;\"\n\t\t\t\t\t\t\t\tstyle=\"z-index:10;background-color:#f7931d;font-family:Nunito Sans;\"\n\t\t\t\t\t\t\t><rs-bg-elem style=\"position:absolute; top:0px;left:0px;\"><\/rs-bg-elem>\nErfahren Sie mehr \n\t\t\t\t\t\t\t<\/a><!--\n-->\t\t\t\t\t\t<\/rs-slide>\n\t\t\t\t\t<\/rs-slides>\n\t\t\t\t\t<rs-static-layers><!--\n\t\t\t\t\t--><\/rs-static-layers>\n\t\t\t\t<\/rs-module>\n\t\t\t\t<script type=\"text\/javascript\">\n\t\t\t\t\tsetREVStartSize({c: 'rev_slider_2_1',rl:[1240,1024,778,480],el:[500,500,960,560],gw:[1280,1024,778,480],gh:[500,500,960,560],type:'standard',justify:'',layout:'fullwidth',mh:\"0\"});\n\t\t\t\t<\/script>\n\t\t\t<\/rs-module-wrap>\n\t\t\t<!-- END REVOLUTION SLIDER -->\n<\/div><\/div><\/div><\/div><\/div><\/section><section class=\"l-section wpb_row height_medium\"><div class=\"l-section-h i-cf\"><div class=\"g-cols vc_row via_flex valign_top type_default stacking_default\"><div class=\"vc_col-sm-8 wpb_column vc_column_container more-info\"><div class=\"vc_column-inner us_custom_3aba2206 us_animate_this\"><div class=\"wpb_wrapper\"><div class=\"wpb_text_column us_custom_15cb509c\"><div class=\"wpb_wrapper\"><h1><strong>Haben Sie eine Zahlungsaufforderung erhalten?<\/strong><\/h1>\n<p>Sie k\u00f6nnen von unserem Unternehmen eine Zahlungsaufforderung erhalten, wenn Sie eine geb\u00fchrenpflichtige Stra\u00dfe in Ungarn ohne g\u00fcltige Berechtigung benutzt haben oder wenn Sie gegen die Vorschriften einer Parkverordnung versto\u00dfen haben und infolgedessen ein Ersatzgeb\u00fchrpflicht entstanden ist.<\/p>\n<\/div><\/div><div class=\"w-btn-wrapper align_none\"><a class=\"w-btn us-btn-style_4 us_custom_be950ed4 more-info icon_atright\" title=\"Receive a letter\" href=\"https:\/\/uai.group\/de\/einen-brief-erhalten\/\"><span class=\"w-btn-label\">Erfahren Sie mehr<\/span><i class=\"far fa-long-arrow-right\"><\/i><\/a><\/div><\/div><\/div><\/div><div class=\"vc_col-sm-4 wpb_column vc_column_container\"><div class=\"vc_column-inner\"><div class=\"wpb_wrapper\"><\/div><\/div><\/div><\/div><\/div><\/section><section class=\"l-section wpb_row us_custom_2bf83c06 height_medium\"><div class=\"l-section-h i-cf\"><div class=\"g-cols vc_row via_flex valign_top type_default stacking_default\"><div class=\"vc_col-sm-5 wpb_column vc_column_container  has_bg_color stretched\"><div class=\"vc_column-inner us_custom_32e6fa8f us_animate_this\"><div class=\"wpb_wrapper\"><\/div><\/div><\/div><div class=\"vc_col-sm-7 wpb_column vc_column_container more-info\"><div class=\"vc_column-inner us_custom_98fbb87f us_animate_this\"><div class=\"wpb_wrapper\"><div class=\"wpb_text_column us_custom_e6b531a0\"><div class=\"wpb_wrapper\"><h1><strong>Zahlungsm\u00f6glichkeiten<\/strong><\/h1>\n<p>Wir bieten Ihnen verschiedene Zahlungsmethoden an. Es gibt auch die M\u00f6glichkeit, den ausstehenden Betrag unter bestimmten rechtlichen Voraussetzungen in Raten zu bezahlen. Eine Ratenzahlung ist nicht mit Zinsen oder anderen Geb\u00fchren verbunden.<\/p>\n<\/div><\/div><div class=\"w-btn-wrapper align_none\"><a class=\"w-btn us-btn-style_4 us_custom_be950ed4 more-info icon_atright\" title=\"Payment\" href=\"https:\/\/uai.group\/de\/zahlungsarten\/\"><span class=\"w-btn-label\">Erfahren Sie mehr<\/span><i class=\"far fa-long-arrow-right\"><\/i><\/a><\/div><\/div><\/div><\/div><\/div><\/div><\/section><section class=\"l-section wpb_row us_custom_3883cbfa height_medium\"><div class=\"l-section-h i-cf\"><div class=\"g-cols vc_row via_flex valign_top type_default stacking_default\"><div class=\"vc_col-sm-7 wpb_column vc_column_container more-info\"><div class=\"vc_column-inner us_custom_2e895541\"><div class=\"wpb_wrapper\"><div class=\"w-separator size_small\"><\/div><div class=\"wpb_text_column us_custom_15cb509c\"><div class=\"wpb_wrapper\"><h1>Unsere Business-L\u00f6sungen<\/h1>\n<p>Als in Deutschland registriertes Inkassounternehmen bieten wir effiziente grenz\u00fcberschreitende Inkassot\u00e4tigkeit f\u00fcr \u00f6ffentliche Einrichtungen und Unternehmen an.<\/p>\n<\/div><\/div><div class=\"w-btn-wrapper align_none\"><a class=\"w-btn us-btn-style_5 us_custom_be950ed4 green-button icon_atright\" title=\"How we can help\" href=\"https:\/\/uai.group\/de\/how-we-can-help\/\"><span class=\"w-btn-label\">Erfahren Sie mehr<\/span><i class=\"far fa-long-arrow-right\"><\/i><\/a><\/div><\/div><\/div><\/div><div class=\"vc_col-sm-5 wpb_column vc_column_container  has_bg_color stretched\"><div class=\"vc_column-inner us_custom_2d96db61 us_animate_this\"><div class=\"wpb_wrapper\"><\/div><\/div><\/div><\/div><\/div><\/section><section class=\"l-section wpb_row height_medium color_primary\"><div class=\"l-section-h i-cf\"><div class=\"g-cols vc_row via_flex valign_top type_default stacking_default\"><div class=\"vc_col-sm-7 wpb_column vc_column_container\"><div class=\"vc_column-inner\"><div class=\"wpb_wrapper\"><div class=\"wpb_text_column us_custom_52f6e311 has_text_color\"><div class=\"wpb_wrapper\"><h1>Ihre Privatsph\u00e4re hat f\u00fcr uns oberste Priorit\u00e4t<\/h1>\n<p>Bei unserer T\u00e4tigkeit legen wir besonderen Wert auf den Schutz Ihrer pers\u00f6nlichen Daten. Wir verwenden modernste Technologie, um den h\u00f6chsten Datenschutzstandard zu gew\u00e4hrleisten.<\/p>\n<\/div><\/div><\/div><\/div><\/div><div class=\"vc_col-sm-5 wpb_column vc_column_container information-confidentilaity\"><div class=\"vc_column-inner us_custom_e28183d5\"><div class=\"wpb_wrapper\"><div class=\"w-separator size_medium\"><\/div><div class=\"w-btn-wrapper align_none\"><a class=\"w-btn us-btn-style_9 us_custom_1779fcbf read-privacy-policy icon_atright\" title=\"Confidentiality\" href=\"https:\/\/uai.group\/de\/privacy-policy\/#privacy\"><span class=\"w-btn-label\">Informationen zur Vertraulichkeitspolitik und zur Einhaltung des Datenschutzes<\/span><i class=\"fas fa-long-arrow-right\"><\/i><\/a><\/div><\/div><\/div><\/div><\/div><\/div><\/section><section class=\"l-section wpb_row height_medium\"><div class=\"l-section-h i-cf\"><div class=\"g-cols vc_row via_flex valign_top type_default stacking_default\"><div class=\"vc_col-sm-12 wpb_column vc_column_container\"><div class=\"vc_column-inner\"><div class=\"wpb_wrapper\"><div class=\"wpb_text_column us_custom_ae99f6aa has_text_color\"><div class=\"wpb_wrapper\"><h2 style=\"text-align: center;\"><a href=\"https:\/\/uai.group\/de\/kontakt\/\"><span style=\"color: #1a1a1a;\">Ben\u00f6tigen Sie weitere Informationen? Kontaktieren Sie uns<\/span> <i class=\"far fa-long-arrow-right arrow-orange-back\"><\/i><\/a><\/h2>\n<\/div><\/div><\/div><\/div><\/div><\/div><\/div><\/section>\n","protected":false},"excerpt":{"rendered":"Weitere Informationen Falls Sie eine Zahlungsaufforderung von uns erhalten haben, kontaktieren Sie uns bitte unter einer unserer Kontaktdaten, damit wir Ihnen die bestm\u00f6gliche L\u00f6sung anbieten k\u00f6nnen um die Schulden zu begleichen. Haben Sie eine Zahlungsaufforderung erhalten? Wussten Sie schon? Weitere Informationen - Geb\u00fchrenpflichtigen Stra\u00dfen d\u00fcrfen in Ungarn nur mit einer g\u00fcltigen Berechtigung benutzt werden. -...","protected":false},"author":5,"featured_media":0,"parent":0,"menu_order":0,"comment_status":"closed","ping_status":"closed","template":"","meta":{"footnotes":""},"class_list":["post-2027","page","type-page","status-publish","hentry"],"_links":{"self":[{"href":"https:\/\/uai.group\/de\/wp-json\/wp\/v2\/pages\/2027","targetHints":{"allow":["GET"]}}],"collection":[{"href":"https:\/\/uai.group\/de\/wp-json\/wp\/v2\/pages"}],"about":[{"href":"https:\/\/uai.group\/de\/wp-json\/wp\/v2\/types\/page"}],"author":[{"embeddable":true,"href":"https:\/\/uai.group\/de\/wp-json\/wp\/v2\/users\/5"}],"replies":[{"embeddable":true,"href":"https:\/\/uai.group\/de\/wp-json\/wp\/v2\/comments?post=2027"}],"version-history":[{"count":6,"href":"https:\/\/uai.group\/de\/wp-json\/wp\/v2\/pages\/2027\/revisions"}],"predecessor-version":[{"id":18697,"href":"https:\/\/uai.group\/de\/wp-json\/wp\/v2\/pages\/2027\/revisions\/18697"}],"wp:attachment":[{"href":"https:\/\/uai.group\/de\/wp-json\/wp\/v2\/media?parent=2027"}],"curies":[{"name":"wp","href":"https:\/\/api.w.org\/{rel}","templated":true}]}}