{"id":2024,"date":"2020-04-03T10:54:52","date_gmt":"2020-04-03T10:54:52","guid":{"rendered":"https:\/\/uai.artwork2sell.com\/italian-vehicle-fines\/"},"modified":"2026-02-23T14:52:58","modified_gmt":"2026-02-23T13:52:58","slug":"italienische-fahrzeugbezogene-geldstrafen","status":"publish","type":"page","link":"https:\/\/uai.group\/de\/italienische-fahrzeugbezogene-geldstrafen\/","title":{"rendered":"Italienische fahrzeugbezogene Geldstrafen"},"content":{"rendered":"<section class=\"l-section wpb_row us_custom_c872228d height_medium\"><div class=\"l-section-h i-cf\"><div class=\"g-cols vc_row via_flex valign_top type_default stacking_default\"><div class=\"vc_col-sm-12 wpb_column vc_column_container\"><div class=\"vc_column-inner\"><div class=\"wpb_wrapper\"><div class=\"wpb_text_column us_custom_71370f9e\"><div class=\"wpb_wrapper\"><h1>Italienische fahrzeugbezogene Geldstrafen<\/h1>\n<\/div><\/div><div class=\"w-separator us_custom_a8116ab5 underline-orange size_small with_line width_default thick_4 style_solid color_text align_center\"><div class=\"w-separator-h\"><\/div><\/div><\/div><\/div><\/div><\/div><\/div><\/section><section class=\"l-section wpb_row height_medium\"><div class=\"l-section-h i-cf\"><div class=\"g-cols vc_row via_flex valign_top type_default stacking_default\"><div class=\"vc_col-sm-7 wpb_column vc_column_container\"><div class=\"vc_column-inner\"><div class=\"wpb_wrapper\"><div class=\"wpb_text_column us_custom_1d684515\"><div class=\"wpb_wrapper\"><p>Die italienischen fahrzeugbezogenen Geldstrafen sind die Folge der Verletzung der verkehrsrechtlichen Bestimmungen, die durch das italienische Gesetzesdekret N.285 vom 30.04.1992 (Neue Stra\u00dfenverkehrsordnung) festgelegt wurden. Die UAI SOLUTIONS wurde mit der g\u00fctlichen Eintreibung dieser Schulden infolge der Nichteinhaltung der rechtlichen Verpflichtungen, die in den zuvor von den italienischen Beh\u00f6rden erhaltenen Zahlungsmitteilungen auferlegt wurden, beauftragt.<\/p>\n<\/div><\/div><\/div><\/div><\/div><div class=\"vc_col-sm-5 wpb_column vc_column_container\"><div class=\"vc_column-inner\"><div class=\"wpb_wrapper\"><\/div><\/div><\/div><\/div><\/div><\/section><section class=\"l-section wpb_row us_custom_c872228d height_medium\"><div class=\"l-section-h i-cf\"><div class=\"g-cols vc_row via_flex valign_top type_default stacking_default\"><div class=\"vc_col-sm-7 wpb_column vc_column_container\"><div class=\"vc_column-inner\"><div class=\"wpb_wrapper\"><div class=\"wpb_text_column us_custom_1d684515\"><div class=\"wpb_wrapper\"><h2>Wie bezahle ich die Strafe?<\/h2>\n<p>Informationen zur Zahlung der Geldstrafe finden Sie im <a style=\"color: #f7931d;\" href=\"https:\/\/uai.group\/de\/zahlungsarten\/\">Abschnitt Zahlungsmethoden<\/a>.<\/p>\n<h6>Kann ich in Raten bezahlen?<\/h6>\n<p>Falls Sie nicht in der Lage sind, den gesamten Betrag auf einmal zu bezahlen, haben Sie die M\u00f6glichkeit, den ausstehenden Betrag in Raten zu begleichen. Die Raten sind nicht mit Zinsen oder anderen Geb\u00fchren verbunden. Wenn Sie an dieser Zahlungsmethode interessiert sind, senden Sie uns bitte vor der in unserem Brief genannten Zahlungsfrist eine Anfrage \u00fcber das untenstehende Kontaktformular. Einer unserer Mitarbeiter wird Ihren Antrag so schnell wie m\u00f6glich beantworten.<\/p>\n<p>Wir m\u00f6chten Sie darauf aufmerksam machen, dass sich unsere Auftraggeber das Recht vorbehalten, die Bedingungen f\u00fcr die Zahlung in Raten gem\u00e4\u00df dem Gesetz festzulegen.<\/p>\n<\/div><\/div><\/div><\/div><\/div><div class=\"vc_col-sm-5 wpb_column vc_column_container\"><div class=\"vc_column-inner\"><div class=\"wpb_wrapper\"><\/div><\/div><\/div><\/div><\/div><\/section><section class=\"l-section wpb_row height_medium\"><div class=\"l-section-h i-cf\"><div class=\"g-cols vc_row via_flex valign_top type_default stacking_default\"><div class=\"vc_col-sm-7 wpb_column vc_column_container\"><div class=\"vc_column-inner\"><div class=\"wpb_wrapper\"><div class=\"wpb_text_column us_custom_1d684515\"><div class=\"wpb_wrapper\"><h2>Ich habe die Geldbu\u00dfe bereits bezahlt<\/h2>\n<p>Zun\u00e4chst sollten Sie sich vergewissern, dass die Briefe, die Sie erhalten, sich nicht auf einen weiteren Vorgang beziehen. Sie k\u00f6nnen die Briefe unter Ber\u00fccksichtigung von Aktenzeichen, Magyar K\u00f6z\u00fat Nonprofit Zrt \u2013 Mautbereich-ID-Nr., Fotos, Zeitpunkt der Kontrolle, Ort, Betrag usw. vergleichen. Wenn Sie Unterschiede zwischen diesen Dokumenten feststellen, bestehen h\u00f6chstwahrscheinlich mehre Vorg\u00e4nge in unserem System. In dieser Situation empfehlen wir Ihnen, uns so schnell wie m\u00f6glich anzurufen und sicherzustellen, dass Sie die Zahlung vor Ablauf der Frist vornehmen.<\/p>\n<p>Eine weitere M\u00f6glichkeit ist, dass Sie die Zahlung get\u00e4tigt haben, aber keinen Verwendungszweck bei der \u00dcberweisung angegeben haben, so dass die Zahlung nicht einem bestimmten Fall zugeordnet werden konnte. In diesem Falle sollten Sie uns den Zahlungsnachweis vorlegen. Danach wird unsere Buchhaltung versuchen, die Zahlung zu identifizieren und auf Ihren Vorgang einzubuchen.<\/p>\n<h6>Ich habe die Geldstrafe gleich nach Erhalt der Zahlungsaufforderung von den italienischen Beh\u00f6rden bezahlt.<br \/>\nWarum habe ich einen Brief von UAI SOLUTIONS erhalten?<\/h6>\n<p>Es besteht die geringe M\u00f6glichkeit, dass Sie zum Zeitpunkt der \u00dcberweisung bei den Zahlungsdetails die mit Ihrem Fall verbundenen Informationen nicht erw\u00e4hnt haben, so dass die italienischen Beh\u00f6rden die Zahlung nicht einem bestimmten Fall zuordnen konnten. Dadurch konnte der Status der Zahlung nicht festgestellt werden.<\/p>\n<p>Wenn dies der Fall ist, senden Sie uns bitte den Zahlungsnachweis, und wir werden uns zur Pr\u00fcfung mit der zust\u00e4ndigen Beh\u00f6rde in Verbindung setzen.<\/p>\n<\/div><\/div><\/div><\/div><\/div><div class=\"vc_col-sm-5 wpb_column vc_column_container\"><div class=\"vc_column-inner\"><div class=\"wpb_wrapper\"><\/div><\/div><\/div><\/div><\/div><\/section><section class=\"l-section wpb_row us_custom_f86a26c2 purple-background has_text_color height_medium\"><div class=\"l-section-h i-cf\"><div class=\"g-cols vc_row via_flex valign_top type_default stacking_default\"><div class=\"vc_col-sm-12 wpb_column vc_column_container\"><div class=\"vc_column-inner\"><div class=\"wpb_wrapper\"><div class=\"wpb_text_column us_custom_1d684515\"><div class=\"wpb_wrapper\"><h1>H\u00e4ufige Fragen<\/h1>\n<\/div><\/div><div class=\"w-tabs style_default switch_click accordion has_scrolling\" style=\"--sections-title-size:inherit\"><div class=\"w-tabs-sections titles-align_none icon_plus cpos_right\"><div class=\"w-tabs-section\" id=\"1587026369628-70df5ef0-1173\"><button class=\"w-tabs-section-header\" aria-controls=\"content-1587026369628-70df5ef0-1173\" aria-expanded=\"false\"><div class=\"w-tabs-section-title\">Einreichen eines Einspruchs. Wie kann ich diese Geldstrafe anfechten?<\/div><div class=\"w-tabs-section-control\"><\/div><\/button><div  class=\"w-tabs-section-content\" id=\"content-1587026369628-70df5ef0-1173\"><div class=\"w-tabs-section-content-h i-cf\"><div class=\"wpb_text_column\"><div class=\"wpb_wrapper\"><p>Das Recht auf Einspruch muss innerhalb von 60 Tagen nach Erhalt der ersten von den italienischen Beh\u00f6rden versandten Mitteilung angezeigt werden. Da Sie von Ihrem Recht, innerhalb der gesetzlichen Frist und unter den im ersten Schreiben genannten Bedingungen Berufung einzulegen, keinen Gebrauch gemacht haben, werden alle weiteren Beschwerden f\u00fcr unzul\u00e4ssig erkl\u00e4rt.<\/p>\n<\/div><\/div><\/div><\/div><\/div><div class=\"w-tabs-section\" id=\"1587026369648-76bc1c54-b406\"><button class=\"w-tabs-section-header\" aria-controls=\"content-1587026369648-76bc1c54-b406\" aria-expanded=\"false\"><div class=\"w-tabs-section-title\">Zum Zeitpunkt der Kontrolle war ich nicht der Fahrer\/Nutzer des Fahrzeugs. Weshalb liegt es in meiner Verantwortung, die Strafe zu bezahlen?<\/div><div class=\"w-tabs-section-control\"><\/div><\/button><div  class=\"w-tabs-section-content\" id=\"content-1587026369648-76bc1c54-b406\"><div class=\"w-tabs-section-content-h i-cf\"><div class=\"wpb_text_column\"><div class=\"wpb_wrapper\"><p>Gem\u00e4\u00df Art. 196 der italienischen Stra\u00dfenverkehrsordnung f\u00fcr Verst\u00f6\u00dfe, die mit einer Verwaltungsstrafe geahndet werden, ist der Eigent\u00fcmer des Fahrzeugs oder Anh\u00e4ngers, im Falle einer Fahrzeugkombination (Zugfahrzeug mit Anh\u00e4nger) oder an seiner Stelle ein nicht zahlender Mieter, der K\u00e4ufer oder der Nutzer des Finanzierungsleasings gesamtschuldnerisch mit dem Zuwiderhandelnden zur Zahlung des ihm geschuldeten Betrags verpflichtet, es sei denn, er weist nach, dass das Fahrzeug gegen seinen Willen entwendet wurde. Dar\u00fcber hinaus hatten Sie die M\u00f6glichkeit, den Fahrer innerhalb der gesetzlichen Frist zu benennen, nachdem Sie die 1. von den italienischen Beh\u00f6rden versandte Mitteilung erhalten hatten.<\/p>\n<\/div><\/div><\/div><\/div><\/div><div class=\"w-tabs-section\" id=\"1587026433870-19e6fcd4-6149\"><button class=\"w-tabs-section-header\" aria-controls=\"content-1587026433870-19e6fcd4-6149\" aria-expanded=\"false\"><div class=\"w-tabs-section-title\">Zum Zeitpunkt der Kontrolle war ich nicht der Eigent\u00fcmer des Fahrzeugs, dennoch erhielt ich eine Zahlungsbenachrichtigung von der UAI SOLUTIONS. Welche M\u00f6glichkeiten habe ich in dieser Situation?<\/div><div class=\"w-tabs-section-control\"><\/div><\/button><div  class=\"w-tabs-section-content\" id=\"content-1587026433870-19e6fcd4-6149\"><div class=\"w-tabs-section-content-h i-cf\"><div class=\"wpb_text_column\"><div class=\"wpb_wrapper\"><p>Wir erhalten die offiziellen Informationen \u00fcber den Eigent\u00fcmer des Fahrzeugs zum Zeitpunkt der Kontrolle von der Kfz-Zulassungsbeh\u00f6rde, bei der das Kennzeichen registriert wurde. Da Sie zum Zeitpunkt der Kontrolle nicht mehr Eigent\u00fcmer des Fahrzeugs waren, senden Sie uns bitte die Kopien der offiziellen Dokumente, die den Eigent\u00fcmerwechsel belegen (z.B. Kaufvertrag, Abmeldebest\u00e4tigung).<\/p>\n<\/div><\/div><\/div><\/div><\/div><div class=\"w-tabs-section\" id=\"1587026458100-bfe12673-816a\"><button class=\"w-tabs-section-header\" aria-controls=\"content-1587026458100-bfe12673-816a\" aria-expanded=\"false\"><div class=\"w-tabs-section-title\">Warum habe ich die von den italienischen Beh\u00f6rden ausgestellte Meldung nach fast einem Jahr nach dem Kontrollzeitpunkt erhalten?<\/div><div class=\"w-tabs-section-control\"><\/div><\/button><div  class=\"w-tabs-section-content\" id=\"content-1587026458100-bfe12673-816a\"><div class=\"w-tabs-section-content-h i-cf\"><div class=\"wpb_text_column\"><div class=\"wpb_wrapper\"><p>Gem\u00e4\u00df der italienischen Stra\u00dfenverkehrsordnung hat die Polizei nach dem Datum des Versto\u00dfes oder der Identifizierung des Fahrzeughalters 360 Tage Zeit, um Ausl\u00e4ndern Geldstrafen zu melden. Bei gemieteten Fahrzeugen beginnen die 360 Tage ab dem Datum des Eingangs der vom Autovermieter \u00fcbermittelten pers\u00f6nlichen Daten.<\/p>\n<\/div><\/div><\/div><\/div><\/div><div class=\"w-tabs-section\" id=\"1587026475676-c70d36d0-67d6\"><button class=\"w-tabs-section-header\" aria-controls=\"content-1587026475676-c70d36d0-67d6\" aria-expanded=\"false\"><div class=\"w-tabs-section-title\">Mein Auto wurde zu dem Zeitpunkt gestohlen, als die Straftat begangen wurde. Welche M\u00f6glichkeiten habe ich in dieser Situation?<\/div><div class=\"w-tabs-section-control\"><\/div><\/button><div  class=\"w-tabs-section-content\" id=\"content-1587026475676-c70d36d0-67d6\"><div class=\"w-tabs-section-content-h i-cf\"><div class=\"wpb_text_column\"><div class=\"wpb_wrapper\"><p>Sie sollten uns eine Kopie des Polizeiberichts \u00fcber den Vorfall vorlegen. Danach werden wir die Dokumente zur Pr\u00fcfung an die zust\u00e4ndige Beh\u00f6rde weiterleiten.<\/p>\n<\/div><\/div><\/div><\/div><\/div><div class=\"w-tabs-section\" id=\"1587026499897-53a402c7-efd1\"><button class=\"w-tabs-section-header\" aria-controls=\"content-1587026499897-53a402c7-efd1\" aria-expanded=\"false\"><div class=\"w-tabs-section-title\">Ich hatte nie ein solches Auto wie das auf dem Foto, trotzdem scheint das Kennzeichen meines zu sein. Ich glaube, jemand hat es missbraucht. Was kann ich in dieser Situation tun?<\/div><div class=\"w-tabs-section-control\"><\/div><\/button><div  class=\"w-tabs-section-content\" id=\"content-1587026499897-53a402c7-efd1\"><div class=\"w-tabs-section-content-h i-cf\"><div class=\"wpb_text_column\"><div class=\"wpb_wrapper\"><p>In dieser Situation sollten Sie uns eine Kopie der Zulassungsbescheinigung Teil I (Kfz-Schein) und des offiziellen Polizeiberichts \u00fcber den Vorfall zusenden. Danach werden wir die Dokumente zur weiteren Untersuchung an die zust\u00e4ndige Beh\u00f6rde weiterleiten.<\/p>\n<\/div><\/div><\/div><\/div><\/div><div class=\"w-tabs-section\" id=\"1587026515448-0e3c00e8-0016\"><button class=\"w-tabs-section-header\" aria-controls=\"content-1587026515448-0e3c00e8-0016\" aria-expanded=\"false\"><div class=\"w-tabs-section-title\">Wie lange ist die Verj\u00e4hrungsfrist f\u00fcr die Geldbu\u00dfe?<\/div><div class=\"w-tabs-section-control\"><\/div><\/button><div  class=\"w-tabs-section-content\" id=\"content-1587026515448-0e3c00e8-0016\"><div class=\"w-tabs-section-content-h i-cf\"><div class=\"wpb_text_column\"><div class=\"wpb_wrapper\"><p>Die Verj\u00e4hrungsfrist betr\u00e4gt f\u00fcnf Jahre, gerechnet ab dem Zeitpunkt, an dem die Straftat begangen wurde. Wenn Sie die Verj\u00e4hrung der Straftat bemerken\/feststellen, teilen Sie uns dies bitte mit. Wenn wir die Verj\u00e4hrung best\u00e4tigen, werden wir den Vorgang an die zust\u00e4ndige Beh\u00f6rde weiterleiten, damit er abgeschlossen werden kann.<\/p>\n<\/div><\/div><\/div><\/div><\/div><div class=\"w-tabs-section\" id=\"1587026560468-54fde0c3-5cff\"><button class=\"w-tabs-section-header\" aria-controls=\"content-1587026560468-54fde0c3-5cff\" aria-expanded=\"false\"><div class=\"w-tabs-section-title\">Kann die UAI SOLUTIONS f\u00fcr den Fall, dass ich die Geldstrafe nicht bezahle, ein gerichtliches Verfahren zur Eintreibung der Forderung einleiten?<\/div><div class=\"w-tabs-section-control\"><\/div><\/button><div  class=\"w-tabs-section-content\" id=\"content-1587026560468-54fde0c3-5cff\"><div class=\"w-tabs-section-content-h i-cf\"><div class=\"wpb_text_column\"><div class=\"wpb_wrapper\"><p>Die UAI SOLUTIONS wurde unter Vertrag genommen, um die Formalit\u00e4ten f\u00fcr die au\u00dfergerichtliche Eintreibung der Forderungen strikt zu einzuhalten. Wenn die Zahlungsanforderungen nicht erf\u00fcllt werden, hat unser Kunde die rechtliche Befugnis, gerichtliche Verfahren einzuleiten, was weitere Verfahrenskosten verursachen k\u00f6nnte.<\/p>\n<\/div><\/div><\/div><\/div><\/div><\/div><\/div><\/div><\/div><\/div><\/div><\/div><\/section>\n","protected":false},"excerpt":{"rendered":"Italienische fahrzeugbezogene Geldstrafen Die italienischen fahrzeugbezogenen Geldstrafen sind die Folge der Verletzung der verkehrsrechtlichen Bestimmungen, die durch das italienische Gesetzesdekret N.285 vom 30.04.1992 (Neue Stra\u00dfenverkehrsordnung) festgelegt wurden. Die UAI SOLUTIONS wurde mit der g\u00fctlichen Eintreibung dieser Schulden infolge der Nichteinhaltung der rechtlichen Verpflichtungen, die in den zuvor von den italienischen Beh\u00f6rden erhaltenen Zahlungsmitteilungen auferlegt wurden,...","protected":false},"author":5,"featured_media":0,"parent":0,"menu_order":0,"comment_status":"closed","ping_status":"closed","template":"","meta":{"footnotes":""},"class_list":["post-2024","page","type-page","status-publish","hentry"],"_links":{"self":[{"href":"https:\/\/uai.group\/de\/wp-json\/wp\/v2\/pages\/2024","targetHints":{"allow":["GET"]}}],"collection":[{"href":"https:\/\/uai.group\/de\/wp-json\/wp\/v2\/pages"}],"about":[{"href":"https:\/\/uai.group\/de\/wp-json\/wp\/v2\/types\/page"}],"author":[{"embeddable":true,"href":"https:\/\/uai.group\/de\/wp-json\/wp\/v2\/users\/5"}],"replies":[{"embeddable":true,"href":"https:\/\/uai.group\/de\/wp-json\/wp\/v2\/comments?post=2024"}],"version-history":[{"count":5,"href":"https:\/\/uai.group\/de\/wp-json\/wp\/v2\/pages\/2024\/revisions"}],"predecessor-version":[{"id":18572,"href":"https:\/\/uai.group\/de\/wp-json\/wp\/v2\/pages\/2024\/revisions\/18572"}],"wp:attachment":[{"href":"https:\/\/uai.group\/de\/wp-json\/wp\/v2\/media?parent=2024"}],"curies":[{"name":"wp","href":"https:\/\/api.w.org\/{rel}","templated":true}]}}