{"id":2021,"date":"2020-06-12T12:48:12","date_gmt":"2020-06-12T12:48:12","guid":{"rendered":"https:\/\/uai.artwork2sell.com\/imprint\/"},"modified":"2025-10-29T18:22:14","modified_gmt":"2025-10-29T17:22:14","slug":"impressum","status":"publish","type":"page","link":"https:\/\/uai.group\/de\/impressum\/","title":{"rendered":"Impressum"},"content":{"rendered":"<section class=\"l-section wpb_row height_large with_img\"><div class=\"l-section-img\" style=\"background-image: url(https:\/\/uai.group\/wp-content\/uploads\/2020\/05\/uai-home_02-scaled.jpg);background-position: top center;\" data-img-width=\"2560\" data-img-height=\"925\"><\/div><div class=\"l-section-overlay\" style=\"background:rgba(26,26,26,0.35)\"><\/div><div class=\"l-section-h i-cf\"><div class=\"g-cols vc_row via_flex valign_middle type_default stacking_default\"><div class=\"vc_col-sm-12 wpb_column vc_column_container\"><div class=\"vc_column-inner\"><div class=\"wpb_wrapper\"><div class=\"wpb_text_column us_custom_6df4bc3a has_text_color\"><div class=\"wpb_wrapper\"><h1>Impressum<\/h1>\n<\/div><\/div><\/div><\/div><\/div><\/div><\/div><\/section><section class=\"l-section wpb_row height_medium\"><div class=\"l-section-h i-cf\"><div class=\"g-cols vc_row via_flex valign_top type_default stacking_default\"><div class=\"vc_col-sm-12 wpb_column vc_column_container\"><div class=\"vc_column-inner\"><div class=\"wpb_wrapper\"><div class=\"wpb_text_column\"><div class=\"wpb_wrapper\"><p><strong>Website gepflegt von:<\/strong><\/p>\n<p>UAI SOLUTIONS GmbH<\/p>\n<p>Schellenbruckplatz 49, D-84307 Eggenfelden, Deutschland<br \/>\nTelefon: +49 (0) 8721 506 97-0<br \/>\nEmail: cs.de@uai.group<\/p>\n<p>Gesch\u00e4ftsf\u00fchrer:<br \/>\nAlois Faninger<\/p>\n<hr \/>\n<p><strong>Qualifizierte Person:<\/strong><\/p>\n<p>Dr. Lobmayer Andrea Eva<br \/>\nMarius G\u00fcnther<\/p>\n<hr \/>\n<p><strong>Handelsregister:<\/strong><\/p>\n<p>Handelsregister: Amtsgericht Landshut<br \/>\nRegistrierungsnr.: 8413<br \/>\nUst. Id. Nr.: DE275665079<\/p>\n<p>Registriertes Inkassounternehmen gem. \u00a7 10 Abs. 1 Satz 1 Nr. 1 RDG<br \/>\nRechtsdienstleistungsregister<br \/>\nAktenzeichen BfJ: 2024 0000 9143<br \/>\nZust\u00e4ndige Aufsichtsbeh\u00f6rde:<br \/>\nBundesamt f\u00fcr Justiz, Referat VII 5 (RDG), Adenauerallee 99 \u2013 103, 53113 Bonn<br \/>\n<a href=\"http:\/\/www.bundesjustizamt.de\">www.bundesjustizamt.de<\/a><br \/>\n<a href=\"mailto:rdg@bfj.bund.de\">rdg@bfj.bund.de<\/a><\/p>\n<p>Haftpflichtversicherung: Continentale Versicherung<\/p>\n<hr \/>\n<p><strong>Datenschutzbeauftragter<\/strong><\/p>\n<p>medi-ip data protect GmbH<\/p>\n<p><a href=\"mailto:dataprivacy@uai.group\">dataprivacy@uai.group<\/a><\/p>\n<\/div><\/div><\/div><\/div><\/div><\/div><\/div><\/section>\n","protected":false},"excerpt":{"rendered":"Impressum Website gepflegt von: UAI SOLUTIONS GmbH Schellenbruckplatz 49, D-84307 Eggenfelden, Deutschland Telefon: +49 (0) 8721 506 97-0 Email: cs.de@uai.group Gesch\u00e4ftsf\u00fchrer: Alois Faninger Qualifizierte Person: Dr. Lobmayer Andrea Eva Marius G\u00fcnther Handelsregister: Handelsregister: Amtsgericht Landshut Registrierungsnr.: 8413 Ust. Id. Nr.: DE275665079 Registriertes Inkassounternehmen gem. \u00a7 10 Abs. 1 Satz 1 Nr. 1 RDG Rechtsdienstleistungsregister Aktenzeichen...","protected":false},"author":5,"featured_media":0,"parent":0,"menu_order":0,"comment_status":"closed","ping_status":"closed","template":"","meta":{"footnotes":""},"class_list":["post-2021","page","type-page","status-publish","hentry"],"_links":{"self":[{"href":"https:\/\/uai.group\/de\/wp-json\/wp\/v2\/pages\/2021","targetHints":{"allow":["GET"]}}],"collection":[{"href":"https:\/\/uai.group\/de\/wp-json\/wp\/v2\/pages"}],"about":[{"href":"https:\/\/uai.group\/de\/wp-json\/wp\/v2\/types\/page"}],"author":[{"embeddable":true,"href":"https:\/\/uai.group\/de\/wp-json\/wp\/v2\/users\/5"}],"replies":[{"embeddable":true,"href":"https:\/\/uai.group\/de\/wp-json\/wp\/v2\/comments?post=2021"}],"version-history":[{"count":7,"href":"https:\/\/uai.group\/de\/wp-json\/wp\/v2\/pages\/2021\/revisions"}],"predecessor-version":[{"id":18303,"href":"https:\/\/uai.group\/de\/wp-json\/wp\/v2\/pages\/2021\/revisions\/18303"}],"wp:attachment":[{"href":"https:\/\/uai.group\/de\/wp-json\/wp\/v2\/media?parent=2021"}],"curies":[{"name":"wp","href":"https:\/\/api.w.org\/{rel}","templated":true}]}}