{"id":1979,"date":"2020-04-23T06:46:22","date_gmt":"2020-04-23T06:46:22","guid":{"rendered":"https:\/\/uai.artwork2sell.com\/business-contact\/"},"modified":"2025-07-16T14:12:43","modified_gmt":"2025-07-16T12:12:43","slug":"unternehmen-kontakt","status":"publish","type":"page","link":"https:\/\/uai.group\/de\/unternehmen-kontakt\/","title":{"rendered":"Business Kontakt"},"content":{"rendered":"<section class=\"l-section wpb_row height_medium\"><div class=\"l-section-h i-cf\"><div class=\"g-cols vc_row via_flex valign_top type_default stacking_default\"><div class=\"vc_col-sm-6 wpb_column vc_column_container\"><div class=\"vc_column-inner\"><div class=\"wpb_wrapper\"><\/div><\/div><\/div><div class=\"vc_col-sm-6 wpb_column vc_column_container\"><div class=\"vc_column-inner\"><div class=\"wpb_wrapper\"><div class=\"wpb_text_column us_custom_1d684515\"><div class=\"wpb_wrapper\"><h1 style=\"text-align: left;\">Kontakt<\/h1>\n<\/div><\/div><\/div><\/div><\/div><\/div><\/div><\/section><section class=\"l-section wpb_row height_medium\"><div class=\"l-section-h i-cf\"><div class=\"g-cols vc_row via_flex valign_top type_default stacking_default\"><div class=\"vc_col-sm-6 wpb_column vc_column_container\"><div class=\"vc_column-inner\"><div class=\"wpb_wrapper\"><div class=\"wpb_text_column us_custom_1d684515 write-email-description\"><div class=\"wpb_wrapper\"><p>Wenn Sie Interesse an einer unserer Dienstleistungen haben, senden Sie uns bitte Ihre Anfrage \u00fcber das Kontaktformular unter Angabe Ihrer Kontaktdaten und unser zust\u00e4ndiger Kollege wird sich schnellstm\u00f6glich mit Ihnen in Verbindung setzen.<\/p>\n<\/div><\/div><div class=\"w-map provider_google\" id=\"us_map_1\"><div class=\"w-map-json\" onclick='return {&quot;address&quot;:&quot;Schellenbruckplatz 49, Eggenfelden, GERMANY&quot;,&quot;zoom&quot;:17,&quot;hideControls&quot;:0,&quot;disableZoom&quot;:0,&quot;disableDragging&quot;:0,&quot;markers&quot;:[{&quot;address&quot;:&quot;Schellenbruckplatz 49, Eggenfelden, GERMANY&quot;,&quot;html&quot;:&quot;&lt;h6&gt;Hey, we are here!&lt;\\\/h6&gt;&lt;p&gt;We will be glad to see you in our office.&lt;\\\/p&gt;&quot;,&quot;infowindow&quot;:0}],&quot;icon&quot;:{&quot;url&quot;:&quot;https:\\\/\\\/uai.group\\\/wp-content\\\/uploads\\\/2020\\\/04\\\/point-1.svg&quot;,&quot;size&quot;:[60,60]},&quot;maptype&quot;:&quot;ROADMAP&quot;}'><\/div><\/div><div class=\"w-separator size_small\"><\/div><div class=\"wpb_text_column us_custom_c4fb4172\"><div class=\"wpb_wrapper\"><h6>UAI SOLUTIONS GmbH<\/h6>\n<p>Adresse:<br \/>\nSchellenbruckplatz 49,<br \/>\nD-84307 Eggenfelden,<br \/>\nGERMANY<\/p>\n<p>\u00d6ffnungszeiten:<br \/>\nMontag &#8211; Freitag: 08:00 \u2013 16:00<\/p>\n<\/div><\/div><\/div><\/div><\/div><div class=\"vc_col-sm-6 wpb_column vc_column_container contact-form\"><div class=\"vc_column-inner\"><div class=\"wpb_wrapper\"><div class=\"wpb_text_column\"><div class=\"wpb_wrapper\"><p>Beh\u00f6rde email: <a href=\"mailto:sales@uai.group\">sales@uai.group<\/a><\/p>\n<p>Unternehmen email: <a href=\"mailto:corporate@uai.group\">corporate@uai.group<\/a><\/p>\n<\/div><\/div><\/div><\/div><\/div><\/div><\/div><\/section>\n","protected":false},"excerpt":{"rendered":"Kontakt Wenn Sie Interesse an einer unserer Dienstleistungen haben, senden Sie uns bitte Ihre Anfrage \u00fcber das Kontaktformular unter Angabe Ihrer Kontaktdaten und unser zust\u00e4ndiger Kollege wird sich schnellstm\u00f6glich mit Ihnen in Verbindung setzen. UAI SOLUTIONS GmbH Adresse: Schellenbruckplatz 49, D-84307 Eggenfelden, GERMANY \u00d6ffnungszeiten: Montag &#8211; Freitag: 08:00 \u2013 16:00 Beh\u00f6rde email: sales@uai.group Unternehmen email:...","protected":false},"author":5,"featured_media":0,"parent":0,"menu_order":0,"comment_status":"closed","ping_status":"closed","template":"","meta":{"footnotes":""},"class_list":["post-1979","page","type-page","status-publish","hentry"],"_links":{"self":[{"href":"https:\/\/uai.group\/de\/wp-json\/wp\/v2\/pages\/1979","targetHints":{"allow":["GET"]}}],"collection":[{"href":"https:\/\/uai.group\/de\/wp-json\/wp\/v2\/pages"}],"about":[{"href":"https:\/\/uai.group\/de\/wp-json\/wp\/v2\/types\/page"}],"author":[{"embeddable":true,"href":"https:\/\/uai.group\/de\/wp-json\/wp\/v2\/users\/5"}],"replies":[{"embeddable":true,"href":"https:\/\/uai.group\/de\/wp-json\/wp\/v2\/comments?post=1979"}],"version-history":[{"count":5,"href":"https:\/\/uai.group\/de\/wp-json\/wp\/v2\/pages\/1979\/revisions"}],"predecessor-version":[{"id":18086,"href":"https:\/\/uai.group\/de\/wp-json\/wp\/v2\/pages\/1979\/revisions\/18086"}],"wp:attachment":[{"href":"https:\/\/uai.group\/de\/wp-json\/wp\/v2\/media?parent=1979"}],"curies":[{"name":"wp","href":"https:\/\/api.w.org\/{rel}","templated":true}]}}