{"id":18964,"date":"2026-03-31T11:24:37","date_gmt":"2026-03-31T09:24:37","guid":{"rendered":"https:\/\/uai.group\/?page_id=18964"},"modified":"2026-04-15T19:04:11","modified_gmt":"2026-04-15T17:04:11","slug":"uebersicht-der-administrationsgebuehren","status":"publish","type":"page","link":"https:\/\/uai.group\/de\/ungultige-e-vignette-fur-ungarn\/uebersicht-der-administrationsgebuehren\/","title":{"rendered":"\u00dcbersicht der Administrationsgeb\u00fchren"},"content":{"rendered":"<h1>\u00dcbersicht der Administrationsgeb\u00fchren f\u00fcr Deutschland und \u00d6sterreich<\/h1>\n<p>Die Magyar K\u00f6z\u00fat Nonprofit Zrt. \u2013 Mautbereich \u2013 bedient sich zur Durchf\u00fchrung administrativer Ma\u00dfnahmen im Zusammenhang mit unbezahlten internationalen Mautforderungen der UAI SOLUTIONS GmbH, welche innerhalb von 60 Tagen nach Zustellung des Informationsschreibens erfolgen.<\/p>\n<p>Gem\u00e4\u00df der 520\/2019 EU Richtlinie werden die Halterdaten \u00fcber die ungarische nationale Kontaktstelle aus dem EUCARIS-System abgerufen.<\/p>\n<p><strong>Die UAI SOLUTIONS GmbH berechnet dem Halter zus\u00e4tzlich zur Zusatzgeb\u00fchr folgende Kosten:<\/strong><br \/>\n<strong>Verwaltungsgeb\u00fchr pro Fall:<\/strong><br \/>\nAufwendungen f\u00fcr Datenverarbeitung und -validierung: 21,50 Euro<br \/>\nAdministrationskosten: 59,84 Euro<br \/>\nPortokosten: 4,80 Euro<br \/>\nGesamtkosten (auf den Schuldner umgelegt): 86,14 Euro<\/p>\n<h3><strong>Sonderf\u00e4lle:<\/strong><\/h3>\n<ul>\n<li>Kennzeichenkorrektur<br \/>\nIst der Halter von mehreren F\u00e4llen im Zusammenhang mit einer Kennzeichenkorrektur betroffen, werden die Verwaltungskosten nur einmalig berechnet.<br \/>\nAufschl\u00fcsselung:<br \/>\nAdministrationskosten: 30,85 Euro<br \/>\nPortokosten: 4,90 Euro<br \/>\nGesamtkosten (auf den Schuldner umgelegt): 1 \u00d7 39,75 Euro (einmalig)<br \/>\nZus\u00e4tzlich ist eine Bearbeitungsgeb\u00fchr der Magyar K\u00f6z\u00fat Nonprofit Zrt. in H\u00f6he von 1.470 HUF zu entrichten.<\/li>\n<li>Maximierung<br \/>\nIm Falle einer Maximierung zahlt der Halter die Verwaltungsgeb\u00fchr f\u00fcr zwei F\u00e4lle:<br \/>\n2 \u00d7 86,14 Euro<\/li>\n<li>Amnestie<br \/>\nIm Falle einer Amnestie zahlt der Halter die Verwaltungsgeb\u00fchr ebenfalls f\u00fcr zwei F\u00e4lle: 2 \u00d7 86,14 Euro.<\/li>\n<li>Nachtr\u00e4glicher Erwerb einer Jahresberechtigung<br \/>\nH\u00f6he der vom Halter zu entrichtenden Verwaltungsgeb\u00fchr: bei einem betroffenen Fall: 1 \u00d7 86,14 Euro<br \/>\nbei zwei oder mehr betroffenen F\u00e4llen: 2 \u00d7 86,14 Euro<\/li>\n<\/ul>\n<p><strong>Erfolgt innerhalb von 60 Tagen nach Zustellung des Informationsschreibens keine Zahlung, wird die Forderung im Rahmen der gesetzlichen Bestimmungen weiterverfolgt und im Anschluss einem Inkassoverfahren zugef\u00fchrt.<\/strong><\/p>\n","protected":false},"excerpt":{"rendered":"<p>\u00dcbersicht der Administrationsgeb\u00fchren f\u00fcr Deutschland und \u00d6sterreich Die Magyar K\u00f6z\u00fat Nonprofit Zrt. \u2013 Mautbereich \u2013 bedient sich zur Durchf\u00fchrung administrativer Ma\u00dfnahmen im Zusammenhang mit unbezahlten internationalen Mautforderungen der UAI SOLUTIONS GmbH, welche innerhalb von 60 Tagen nach Zustellung des Informationsschreibens erfolgen. Gem\u00e4\u00df der 520\/2019 EU Richtlinie werden die Halterdaten \u00fcber die ungarische nationale Kontaktstelle aus&#8230;<\/p>\n","protected":false},"author":14,"featured_media":0,"parent":2018,"menu_order":0,"comment_status":"closed","ping_status":"closed","template":"","meta":{"footnotes":""},"class_list":["post-18964","page","type-page","status-publish","hentry"],"_links":{"self":[{"href":"https:\/\/uai.group\/de\/wp-json\/wp\/v2\/pages\/18964","targetHints":{"allow":["GET"]}}],"collection":[{"href":"https:\/\/uai.group\/de\/wp-json\/wp\/v2\/pages"}],"about":[{"href":"https:\/\/uai.group\/de\/wp-json\/wp\/v2\/types\/page"}],"author":[{"embeddable":true,"href":"https:\/\/uai.group\/de\/wp-json\/wp\/v2\/users\/14"}],"replies":[{"embeddable":true,"href":"https:\/\/uai.group\/de\/wp-json\/wp\/v2\/comments?post=18964"}],"version-history":[{"count":3,"href":"https:\/\/uai.group\/de\/wp-json\/wp\/v2\/pages\/18964\/revisions"}],"predecessor-version":[{"id":19015,"href":"https:\/\/uai.group\/de\/wp-json\/wp\/v2\/pages\/18964\/revisions\/19015"}],"up":[{"embeddable":true,"href":"https:\/\/uai.group\/de\/wp-json\/wp\/v2\/pages\/2018"}],"wp:attachment":[{"href":"https:\/\/uai.group\/de\/wp-json\/wp\/v2\/media?parent=18964"}],"curies":[{"name":"wp","href":"https:\/\/api.w.org\/{rel}","templated":true}]}}